{"id":5799,"date":"2021-01-23T21:26:07","date_gmt":"2021-01-23T20:26:07","guid":{"rendered":"https:\/\/agora.xtec.cat\/institutescolamossencinto\/?page_id=5799"},"modified":"2026-02-06T18:37:10","modified_gmt":"2026-02-06T17:37:10","slug":"pressupost-alumnes-22-23","status":"publish","type":"page","link":"https:\/\/agora.xtec.cat\/institutescolamossencinto\/lescola\/pressupost-alumnes-22-23\/","title":{"rendered":"Pressupost"},"content":{"rendered":"<p>Quotes material, sortides, llic\u00e8ncies, col\u00f2nies, viatges educatius, viatges ling\u00fc\u00edstics,. CURS 25-26<\/p>\n<p>En el <a href=\"https:\/\/drive.google.com\/drive\/folders\/1KzuXxKuPrW4uy4_Y3fd1psUW2tk-ALAm?usp=sharing\">seg\u00fcent enlla\u00e7<\/a> trobareu desglossat les quotes del curs 25-26 de cada curs. <strong>Recordeu que la 2a quota de sortides i de col\u00f2nies\/viatges, fins a final de curs no les podem tenir exactes i\/o actualitzades.<\/strong><\/p>\n<p><span style=\"font-weight: 400;\">La <strong><em>quota de material<\/em><\/strong> escolar general de centre \u00e9s de 71,42\u20ac. Aquesta quota es cobra en dos pagaments de 35,71\u20ac, un al mes de setembre i l&#8217;altre al mes de febrer. Amb la incorporaci\u00f3 de la cessi\u00f3 dels vals escolars, el pagament de la 2a quota varia en funci\u00f3 d&#8217;aquesta cessi\u00f3 (cessi\u00f3 1 val = 41,42 \u20ac o cessi\u00f3 2 vals = 11,42 \u20ac).\u00a0<\/span><\/p>\n<p><span style=\"font-weight: 400;\">La quota de material inclou els conceptes que s\u2019especifiquen a continuaci\u00f3:<\/span><\/p>\n<table style=\"width: 100%; height: 506px;\">\n<tbody>\n<tr style=\"height: 50px;\">\n<td style=\"width: 79.3651%; height: 50px;\"><em><b>Concepte<\/b><\/em><\/td>\n<td style=\"width: 20.4586%; height: 50px;\"><em><b>Despesa per alumne\/a<\/b><\/em><\/td>\n<\/tr>\n<tr style=\"height: 163px;\">\n<td style=\"width: 79.3651%; height: 163px;\"><em><span style=\"font-weight: 400;\">Material escolar (material fungible, materials projectes, materials laboratori i taller, material visual i pl\u00e0stica, material rob\u00f2tica-impressores 3D i talladora l\u00e0ser, material de tecnologia, material optatives, material fem comunitat, material educaci\u00f3 f\u00edsica, material m\u00fasica, fulls blancs, fotoc\u00f2pies activitats i tasques,&#8230;)<\/span><\/em><\/td>\n<td style=\"width: 20.4586%; height: 163px;\"><em><span style=\"font-weight: 400;\">50,00 \u20ac<\/span><\/em><\/td>\n<\/tr>\n<tr style=\"height: 52px;\">\n<td style=\"width: 79.3651%; height: 52px;\"><em><span style=\"font-weight: 400;\">Tallers al centre, activitats, visites d\u2019experts<\/span><\/em><\/td>\n<td style=\"width: 20.4586%; height: 52px;\"><em><span style=\"font-weight: 400;\">5,00 \u20ac<\/span><\/em><\/td>\n<\/tr>\n<tr style=\"height: 70px;\">\n<td style=\"width: 79.3651%; height: 70px;\"><em><span style=\"font-weight: 400;\">Activitats culturals (Santa Cec\u00edlia, Castanyada, Nadal, Carnestoltes, Sant Jordi, Setmana Verdaguer, Final de curs)<\/span><\/em><\/td>\n<td style=\"width: 20.4586%; height: 70px;\"><em><span style=\"font-weight: 400;\">15,00 \u20ac<\/span><\/em><\/td>\n<\/tr>\n<tr style=\"height: 45px;\">\n<td style=\"width: 79.3651%; height: 45px;\"><em><span style=\"font-weight: 400;\">Gesti\u00f3 plataformes digitals<\/span><\/em><\/td>\n<td style=\"width: 20.4586%; height: 45px;\"><em><span style=\"font-weight: 400;\">1,42 \u20ac<\/span><\/em><\/td>\n<\/tr>\n<tr style=\"height: 47px;\">\n<td style=\"width: 79.3651%; height: 47px;\"><em><b>TOTAL<\/b><\/em><\/td>\n<td style=\"width: 20.4586%; height: 47px;\"><em><b>71,42 \u20ac<\/b><\/em><\/td>\n<\/tr>\n<tr style=\"height: 79px;\">\n<td style=\"width: 99.8236%; height: 79px;\" colspan=\"2\"><span style=\"font-weight: 400;\">*Per l\u2019alumnat de 3r i 4t d\u2019ESO aquesta quota tamb\u00e9 inclou l\u2019import de 1,12\u20ac corresponent a l\u2019<\/span><b>asseguran\u00e7a escolar obligat\u00f2ria<\/b><span style=\"font-weight: 400;\">.<\/span><\/td>\n<\/tr>\n<\/tbody>\n<\/table>\n<p>La <strong><em>q<\/em><em><strong>u<\/strong>ota de dossiers, llibres i llic\u00e8ncies<\/em><\/strong> \u00e9s variable en cada curs depenent dels projectes, quadernets i innovamat. Aquesta quota \u00e9s d&#8217;un \u00fanic pagament al mes d&#8217;agost.<\/p>\n<p>Pel qu\u00e8 fa a la <em><strong>quota de sortides<\/strong><\/em>, es realitzen 2 pagaments. El 1r pagament, al novembre o gener (en funci\u00f3 de les col\u00f2nies) i el 2n pagament al mar\u00e7. Les dues quotes poden ser diferents entre elles degut a increments o variacions en els preus pressupostats en el transport i en els tallers i\/o activitats. Aquestes sortides es programen tenint en compte els diferents projectes o treballs que es porten a terme en cada curs.<\/p>\n<p>I les quotes de <strong><em>les col\u00f2nies<\/em><\/strong> queden distribu\u00efdes en un primer pagament igual per tots de 51 \u20ac (novembre) i un segon pagament amb la totalitat del cost menys la paga-i-senyal de 51 euros (3r trimestre).\u00a0 I les quotes de l&#8217;estada ling\u00fc\u00edstica, viatge de final de curs de 4rt d&#8217;ESO i\u00a0 el viatge de la optativa de franc\u00e8s, es generen els pagaments en funci\u00f3 del cost de les ag\u00e8ncies de viatges organitzadores.<\/p>\n<p><span style=\"font-family: inherit; font-size: 1em;\">\u00a0<\/span><\/p>\n<p>&nbsp;<\/p>\n<p>&nbsp;<\/p>\n","protected":false},"excerpt":{"rendered":"<p>Quotes material, sortides, llic\u00e8ncies, col\u00f2nies, viatges educatius, viatges ling\u00fc\u00edstics,. CURS 25-26 En el seg\u00fcent enlla\u00e7 trobareu desglossat les quotes del curs 25-26 de cada curs. Recordeu que la 2a quota de sortides i de col\u00f2nies\/viatges, fins a final de curs no les podem tenir exactes i\/o actualitzades. La quota de material escolar general de centre [&hellip;]<\/p>\n","protected":false},"author":1,"featured_media":0,"parent":22,"menu_order":62,"comment_status":"closed","ping_status":"closed","template":"","meta":{"_bbp_topic_count":0,"_bbp_reply_count":0,"_bbp_total_topic_count":0,"_bbp_total_reply_count":0,"_bbp_voice_count":0,"_bbp_anonymous_reply_count":0,"_bbp_topic_count_hidden":0,"_bbp_reply_count_hidden":0,"_bbp_forum_subforum_count":0,"site-sidebar-layout":"default","site-content-layout":"","ast-site-content-layout":"default","site-content-style":"default","site-sidebar-style":"default","ast-global-header-display":"","ast-banner-title-visibility":"","ast-main-header-display":"","ast-hfb-above-header-display":"","ast-hfb-below-header-display":"","ast-hfb-mobile-header-display":"","site-post-title":"","ast-breadcrumbs-content":"","ast-featured-img":"","footer-sml-layout":"","theme-transparent-header-meta":"default","adv-header-id-meta":"","stick-header-meta":"","header-above-stick-meta":"","header-main-stick-meta":"","header-below-stick-meta":"","astra-migrate-meta-layouts":"set","ast-page-background-enabled":"default","ast-page-background-meta":{"desktop":{"background-color":"var(--ast-global-color-4)","background-image":"","background-repeat":"repeat","background-position":"center center","background-size":"auto","background-attachment":"scroll","background-type":"","background-media":"","overlay-type":"","overlay-color":"","overlay-opacity":"","overlay-gradient":""},"tablet":{"background-color":"","background-image":"","background-repeat":"repeat","background-position":"center center","background-size":"auto","background-attachment":"scroll","background-type":"","background-media":"","overlay-type":"","overlay-color":"","overlay-opacity":"","overlay-gradient":""},"mobile":{"background-color":"","background-image":"","background-repeat":"repeat","background-position":"center center","background-size":"auto","background-attachment":"scroll","background-type":"","background-media":"","overlay-type":"","overlay-color":"","overlay-opacity":"","overlay-gradient":""}},"ast-content-background-meta":{"desktop":{"background-color":"var(--ast-global-color-5)","background-image":"","background-repeat":"repeat","background-position":"center center","background-size":"auto","background-attachment":"scroll","background-type":"","background-media":"","overlay-type":"","overlay-color":"","overlay-opacity":"","overlay-gradient":""},"tablet":{"background-color":"var(--ast-global-color-5)","background-image":"","background-repeat":"repeat","background-position":"center center","background-size":"auto","background-attachment":"scroll","background-type":"","background-media":"","overlay-type":"","overlay-color":"","overlay-opacity":"","overlay-gradient":""},"mobile":{"background-color":"var(--ast-global-color-5)","background-image":"","background-repeat":"repeat","background-position":"center center","background-size":"auto","background-attachment":"scroll","background-type":"","background-media":"","overlay-type":"","overlay-color":"","overlay-opacity":"","overlay-gradient":""}},"footnotes":""},"class_list":["post-5799","page","type-page","status-publish","hentry"],"post_mailing_queue_ids":[],"_links":{"self":[{"href":"https:\/\/agora.xtec.cat\/institutescolamossencinto\/wp-json\/wp\/v2\/pages\/5799","targetHints":{"allow":["GET"]}}],"collection":[{"href":"https:\/\/agora.xtec.cat\/institutescolamossencinto\/wp-json\/wp\/v2\/pages"}],"about":[{"href":"https:\/\/agora.xtec.cat\/institutescolamossencinto\/wp-json\/wp\/v2\/types\/page"}],"author":[{"embeddable":true,"href":"https:\/\/agora.xtec.cat\/institutescolamossencinto\/wp-json\/wp\/v2\/users\/1"}],"replies":[{"embeddable":true,"href":"https:\/\/agora.xtec.cat\/institutescolamossencinto\/wp-json\/wp\/v2\/comments?post=5799"}],"version-history":[{"count":6,"href":"https:\/\/agora.xtec.cat\/institutescolamossencinto\/wp-json\/wp\/v2\/pages\/5799\/revisions"}],"predecessor-version":[{"id":11530,"href":"https:\/\/agora.xtec.cat\/institutescolamossencinto\/wp-json\/wp\/v2\/pages\/5799\/revisions\/11530"}],"up":[{"embeddable":true,"href":"https:\/\/agora.xtec.cat\/institutescolamossencinto\/wp-json\/wp\/v2\/pages\/22"}],"wp:attachment":[{"href":"https:\/\/agora.xtec.cat\/institutescolamossencinto\/wp-json\/wp\/v2\/media?parent=5799"}],"curies":[{"name":"wp","href":"https:\/\/api.w.org\/{rel}","templated":true}]}}