{"id":542,"date":"2017-01-02T15:54:41","date_gmt":"2017-01-02T14:54:41","guid":{"rendered":"http:\/\/agora.xtec.cat\/institutescolamossencinto\/?page_id=542"},"modified":"2023-05-09T11:26:52","modified_gmt":"2023-05-09T09:26:52","slug":"xarxa-cb","status":"publish","type":"page","link":"https:\/\/agora.xtec.cat\/institutescolamossencinto\/programes-dinnovacio\/xarxa-cb\/","title":{"rendered":"Xarxa CB"},"content":{"rendered":"<p><a href=\"http:\/\/xtec.gencat.cat\/ca\/curriculum\/xarxacb\" target=\"_blank\" rel=\"noopener\"><img loading=\"lazy\" decoding=\"async\" class=\"wp-image-543 size-full alignnone\" src=\"http:\/\/agora.xtec.cat\/institutescolamossencinto\/wp-content\/uploads\/usu1440\/2017\/01\/Logo-xCB-petit.jpg\" alt=\"logo-xcb-petit\" width=\"169\" height=\"62\" \/><\/a><\/p>\n<h2 style=\"text-align: left;\">Blocs dels projectes de la xarxa Cb<\/h2>\n<h2 style=\"text-align: left;\">curs 2017-18<\/h2>\n<ul>\n<li>\n<p class=\"entry-title\"><a href=\"http:\/\/blocs.xtec.cat\/xcbprojecte276\/category\/centres-docents\/escola-mossen-cinto\/page\/2\/\">QU\u00c8, QUI, COM\u2026PROJECTES?<\/a><\/p>\n<\/li>\n<\/ul>\n<h2 style=\"text-align: left;\">curs 2016-17<\/h2>\n<ul>\n<li><a href=\"https:\/\/blocs.xtec.cat\/xcbprojecte144\/\">Com ajudarem a uns turistes a con\u00e8ixer Osona ?\u00a04t<\/a><\/li>\n<li><a href=\"http:\/\/blocs.xtec.cat\/xcbprojecte142\/\">Escola d&#8217;abans i d&#8217;ara .1r<\/a><\/li>\n<li><a href=\"http:\/\/blocs.xtec.cat\/xcbprojecte143\/\">Qu\u00e8 ens passa quan ens movem? 3r<\/a><\/li>\n<li><a href=\"http:\/\/blocs.xtec.cat\/xcbprojecte146\/\">Sant Pere de Casserres. 6\u00e8<\/a><\/li>\n<\/ul>\n<h2 style=\"text-align: left;\">curs 2015-16<\/h2>\n<div class=\"widget-content\">\n<ul style=\"text-align: left;\">\n<li><a href=\"http:\/\/blocs.xtec.cat\/xcbprojecte112\/\">El cam\u00ed de l&#8217;aigua<\/a><\/li>\n<li><a href=\"http:\/\/blocs.xtec.cat\/xcbprojecte113\/\">Com era l&#8217;ofici de picapedrer<\/a><\/li>\n<li><a href=\"http:\/\/blocs.xtec.cat\/xcbprojecte111\/\">La barretina<\/a><\/li>\n<\/ul>\n<h2 style=\"text-align: left;\"><\/h2>\n<\/div>\n","protected":false},"excerpt":{"rendered":"<p>Blocs dels projectes de la xarxa Cb curs 2017-18 QU\u00c8, QUI, COM\u2026PROJECTES? curs 2016-17 Com ajudarem a uns turistes a con\u00e8ixer Osona ?\u00a04t Escola d&#8217;abans i d&#8217;ara .1r Qu\u00e8 ens passa quan ens movem? 3r Sant Pere de Casserres. 6\u00e8 curs 2015-16 El cam\u00ed de l&#8217;aigua Com era l&#8217;ofici de picapedrer La barretina<\/p>\n","protected":false},"author":1,"featured_media":0,"parent":9160,"menu_order":0,"comment_status":"closed","ping_status":"closed","template":"page-templates\/side-menu.php","meta":{"_bbp_topic_count":0,"_bbp_reply_count":0,"_bbp_total_topic_count":0,"_bbp_total_reply_count":0,"_bbp_voice_count":0,"_bbp_anonymous_reply_count":0,"_bbp_topic_count_hidden":0,"_bbp_reply_count_hidden":0,"_bbp_forum_subforum_count":0,"site-sidebar-layout":"default","site-content-layout":"","ast-site-content-layout":"","site-content-style":"default","site-sidebar-style":"default","ast-global-header-display":"","ast-banner-title-visibility":"","ast-main-header-display":"","ast-hfb-above-header-display":"","ast-hfb-below-header-display":"","ast-hfb-mobile-header-display":"","site-post-title":"","ast-breadcrumbs-content":"","ast-featured-img":"","footer-sml-layout":"","theme-transparent-header-meta":"","adv-header-id-meta":"","stick-header-meta":"","header-above-stick-meta":"","header-main-stick-meta":"","header-below-stick-meta":"","astra-migrate-meta-layouts":"default","ast-page-background-enabled":"default","ast-page-background-meta":{"desktop":{"background-color":"var(--ast-global-color-4)","background-image":"","background-repeat":"repeat","background-position":"center center","background-size":"auto","background-attachment":"scroll","background-type":"","background-media":"","overlay-type":"","overlay-color":"","overlay-opacity":"","overlay-gradient":""},"tablet":{"background-color":"","background-image":"","background-repeat":"repeat","background-position":"center center","background-size":"auto","background-attachment":"scroll","background-type":"","background-media":"","overlay-type":"","overlay-color":"","overlay-opacity":"","overlay-gradient":""},"mobile":{"background-color":"","background-image":"","background-repeat":"repeat","background-position":"center center","background-size":"auto","background-attachment":"scroll","background-type":"","background-media":"","overlay-type":"","overlay-color":"","overlay-opacity":"","overlay-gradient":""}},"ast-content-background-meta":{"desktop":{"background-color":"var(--ast-global-color-5)","background-image":"","background-repeat":"repeat","background-position":"center center","background-size":"auto","background-attachment":"scroll","background-type":"","background-media":"","overlay-type":"","overlay-color":"","overlay-opacity":"","overlay-gradient":""},"tablet":{"background-color":"var(--ast-global-color-5)","background-image":"","background-repeat":"repeat","background-position":"center center","background-size":"auto","background-attachment":"scroll","background-type":"","background-media":"","overlay-type":"","overlay-color":"","overlay-opacity":"","overlay-gradient":""},"mobile":{"background-color":"var(--ast-global-color-5)","background-image":"","background-repeat":"repeat","background-position":"center center","background-size":"auto","background-attachment":"scroll","background-type":"","background-media":"","overlay-type":"","overlay-color":"","overlay-opacity":"","overlay-gradient":""}},"footnotes":""},"class_list":["post-542","page","type-page","status-publish","hentry"],"post_mailing_queue_ids":[],"_links":{"self":[{"href":"https:\/\/agora.xtec.cat\/institutescolamossencinto\/wp-json\/wp\/v2\/pages\/542","targetHints":{"allow":["GET"]}}],"collection":[{"href":"https:\/\/agora.xtec.cat\/institutescolamossencinto\/wp-json\/wp\/v2\/pages"}],"about":[{"href":"https:\/\/agora.xtec.cat\/institutescolamossencinto\/wp-json\/wp\/v2\/types\/page"}],"author":[{"embeddable":true,"href":"https:\/\/agora.xtec.cat\/institutescolamossencinto\/wp-json\/wp\/v2\/users\/1"}],"replies":[{"embeddable":true,"href":"https:\/\/agora.xtec.cat\/institutescolamossencinto\/wp-json\/wp\/v2\/comments?post=542"}],"version-history":[{"count":3,"href":"https:\/\/agora.xtec.cat\/institutescolamossencinto\/wp-json\/wp\/v2\/pages\/542\/revisions"}],"predecessor-version":[{"id":2729,"href":"https:\/\/agora.xtec.cat\/institutescolamossencinto\/wp-json\/wp\/v2\/pages\/542\/revisions\/2729"}],"up":[{"embeddable":true,"href":"https:\/\/agora.xtec.cat\/institutescolamossencinto\/wp-json\/wp\/v2\/pages\/9160"}],"wp:attachment":[{"href":"https:\/\/agora.xtec.cat\/institutescolamossencinto\/wp-json\/wp\/v2\/media?parent=542"}],"curies":[{"name":"wp","href":"https:\/\/api.w.org\/{rel}","templated":true}]}}