{"id":34,"date":"2014-09-18T12:32:18","date_gmt":"2014-09-18T10:32:18","guid":{"rendered":"http:\/\/agora.xtec.cat\/institutescolamossencinto\/?page_id=34"},"modified":"2023-02-15T10:44:19","modified_gmt":"2023-02-15T09:44:19","slug":"oferta-educativa","status":"publish","type":"page","link":"https:\/\/agora.xtec.cat\/institutescolamossencinto\/lescola\/oferta-educativa\/","title":{"rendered":"Oferta educativa"},"content":{"rendered":"<p>A l&#8217;Institut Escola Moss\u00e8n Cinto oferim:<\/p>\n<ul>\n<li>Educaci\u00f3 Infantil: I3, I4 i I5<\/li>\n<li>Educaci\u00f3 Prim\u00e0ria: Cicle Inicial (1r i 2n), Cicle Mitj\u00e0 (3r i 4t) i Cicle Superior (5\u00e8 i 6\u00e8)<\/li>\n<li>Educaci\u00f3 Secund\u00e0ria: 1r d&#8217;ESO, 2n d&#8217;ESO, 3r d&#8217;ESO i 4t d&#8217;ESO<\/li>\n<\/ul>\n<p>Som un total de 318 alumnes i un claustre de 37 professionals, entre docents i personal PAS. La r\u00e0tio aproximada a les aules \u00e9s de 17 alumnes.<\/p>\n","protected":false},"excerpt":{"rendered":"<p>A l&#8217;Institut Escola Moss\u00e8n Cinto oferim: Educaci\u00f3 Infantil: I3, I4 i I5 Educaci\u00f3 Prim\u00e0ria: Cicle Inicial (1r i 2n), Cicle Mitj\u00e0 (3r i 4t) i Cicle Superior (5\u00e8 i 6\u00e8) Educaci\u00f3 Secund\u00e0ria: 1r d&#8217;ESO, 2n d&#8217;ESO, 3r d&#8217;ESO i 4t d&#8217;ESO Som un total de 318 alumnes i un claustre de 37 professionals, entre docents [&hellip;]<\/p>\n","protected":false},"author":1,"featured_media":0,"parent":22,"menu_order":30,"comment_status":"closed","ping_status":"closed","template":"page-templates\/side-menu.php","meta":{"_bbp_topic_count":0,"_bbp_reply_count":0,"_bbp_total_topic_count":0,"_bbp_total_reply_count":0,"_bbp_voice_count":0,"_bbp_anonymous_reply_count":0,"_bbp_topic_count_hidden":0,"_bbp_reply_count_hidden":0,"_bbp_forum_subforum_count":0,"site-sidebar-layout":"default","site-content-layout":"","ast-site-content-layout":"","site-content-style":"default","site-sidebar-style":"default","ast-global-header-display":"","ast-banner-title-visibility":"","ast-main-header-display":"","ast-hfb-above-header-display":"","ast-hfb-below-header-display":"","ast-hfb-mobile-header-display":"","site-post-title":"","ast-breadcrumbs-content":"","ast-featured-img":"","footer-sml-layout":"","theme-transparent-header-meta":"","adv-header-id-meta":"","stick-header-meta":"","header-above-stick-meta":"","header-main-stick-meta":"","header-below-stick-meta":"","astra-migrate-meta-layouts":"default","ast-page-background-enabled":"default","ast-page-background-meta":{"desktop":{"background-color":"var(--ast-global-color-4)","background-image":"","background-repeat":"repeat","background-position":"center center","background-size":"auto","background-attachment":"scroll","background-type":"","background-media":"","overlay-type":"","overlay-color":"","overlay-opacity":"","overlay-gradient":""},"tablet":{"background-color":"","background-image":"","background-repeat":"repeat","background-position":"center center","background-size":"auto","background-attachment":"scroll","background-type":"","background-media":"","overlay-type":"","overlay-color":"","overlay-opacity":"","overlay-gradient":""},"mobile":{"background-color":"","background-image":"","background-repeat":"repeat","background-position":"center center","background-size":"auto","background-attachment":"scroll","background-type":"","background-media":"","overlay-type":"","overlay-color":"","overlay-opacity":"","overlay-gradient":""}},"ast-content-background-meta":{"desktop":{"background-color":"var(--ast-global-color-5)","background-image":"","background-repeat":"repeat","background-position":"center center","background-size":"auto","background-attachment":"scroll","background-type":"","background-media":"","overlay-type":"","overlay-color":"","overlay-opacity":"","overlay-gradient":""},"tablet":{"background-color":"var(--ast-global-color-5)","background-image":"","background-repeat":"repeat","background-position":"center center","background-size":"auto","background-attachment":"scroll","background-type":"","background-media":"","overlay-type":"","overlay-color":"","overlay-opacity":"","overlay-gradient":""},"mobile":{"background-color":"var(--ast-global-color-5)","background-image":"","background-repeat":"repeat","background-position":"center center","background-size":"auto","background-attachment":"scroll","background-type":"","background-media":"","overlay-type":"","overlay-color":"","overlay-opacity":"","overlay-gradient":""}},"footnotes":""},"class_list":["post-34","page","type-page","status-publish","hentry"],"post_mailing_queue_ids":[],"_links":{"self":[{"href":"https:\/\/agora.xtec.cat\/institutescolamossencinto\/wp-json\/wp\/v2\/pages\/34","targetHints":{"allow":["GET"]}}],"collection":[{"href":"https:\/\/agora.xtec.cat\/institutescolamossencinto\/wp-json\/wp\/v2\/pages"}],"about":[{"href":"https:\/\/agora.xtec.cat\/institutescolamossencinto\/wp-json\/wp\/v2\/types\/page"}],"author":[{"embeddable":true,"href":"https:\/\/agora.xtec.cat\/institutescolamossencinto\/wp-json\/wp\/v2\/users\/1"}],"replies":[{"embeddable":true,"href":"https:\/\/agora.xtec.cat\/institutescolamossencinto\/wp-json\/wp\/v2\/comments?post=34"}],"version-history":[{"count":3,"href":"https:\/\/agora.xtec.cat\/institutescolamossencinto\/wp-json\/wp\/v2\/pages\/34\/revisions"}],"predecessor-version":[{"id":8761,"href":"https:\/\/agora.xtec.cat\/institutescolamossencinto\/wp-json\/wp\/v2\/pages\/34\/revisions\/8761"}],"up":[{"embeddable":true,"href":"https:\/\/agora.xtec.cat\/institutescolamossencinto\/wp-json\/wp\/v2\/pages\/22"}],"wp:attachment":[{"href":"https:\/\/agora.xtec.cat\/institutescolamossencinto\/wp-json\/wp\/v2\/media?parent=34"}],"curies":[{"name":"wp","href":"https:\/\/api.w.org\/{rel}","templated":true}]}}