{"id":3123,"date":"2019-01-25T13:11:45","date_gmt":"2019-01-25T12:11:45","guid":{"rendered":"http:\/\/agora.xtec.cat\/institutescolamossencinto\/?page_id=3123"},"modified":"2024-11-14T13:53:29","modified_gmt":"2024-11-14T12:53:29","slug":"pga","status":"publish","type":"page","link":"https:\/\/agora.xtec.cat\/institutescolamossencinto\/projecte-educatiu\/pga\/","title":{"rendered":"PGA"},"content":{"rendered":"<p>La Programaci\u00f3 General Anual de Centre \u00e9s el document basat en el PEC on es concreten i prioritzen els objectius del Projecte de Direcci\u00f3 (2022-2026)<strong>, <\/strong>recull l&#8217;estructura organitzativa <strong>i <\/strong>el pla de funcionament general del centre.<\/p>\n<p>Cada cicle i comissi\u00f3 programa uns objectius anuals on s\u2019especifiquen les estrat\u00e8gies i les actuacions encaminades a l&#8217;acompliment dels objectius assenyalats. S&#8217;han incl\u00f2s els indicadors per poder fer el seguiment i l&#8217;avaluaci\u00f3 interna.<\/p>\n<p>Aquesta PGA s&#8217;ha elaborat a partir de les aportacions <strong>i \u00a0<\/strong>propostes del claustre tenint present la Mem\u00f2ria del curs passat i incorporant les propostes de millora que aquesta proposava, parteix de les indicacions del Departament d&#8217;Ensenyament sobre els objectius generals a assolir <strong>i <\/strong>introdueix les novetats que cada curs es van produint.<\/p>\n<p>Si voleu consultar tota la\u00a0<a href=\"https:\/\/drive.google.com\/file\/d\/1jORte9b7uo9CvZJuEiubXcBdLQ9bPfrX\/view?usp=drive_link\">PGA<\/a> 24-25 cliqueu el link.<\/p>\n","protected":false},"excerpt":{"rendered":"<p>La Programaci\u00f3 General Anual de Centre \u00e9s el document basat en el PEC on es concreten i prioritzen els objectius del Projecte de Direcci\u00f3 (2022-2026), recull l&#8217;estructura organitzativa i el pla de funcionament general del centre. Cada cicle i comissi\u00f3 programa uns objectius anuals on s\u2019especifiquen les estrat\u00e8gies i les actuacions encaminades a l&#8217;acompliment dels [&hellip;]<\/p>\n","protected":false},"author":1,"featured_media":0,"parent":64,"menu_order":0,"comment_status":"closed","ping_status":"closed","template":"page-templates\/side-menu.php","meta":{"_bbp_topic_count":0,"_bbp_reply_count":0,"_bbp_total_topic_count":0,"_bbp_total_reply_count":0,"_bbp_voice_count":0,"_bbp_anonymous_reply_count":0,"_bbp_topic_count_hidden":0,"_bbp_reply_count_hidden":0,"_bbp_forum_subforum_count":0,"site-sidebar-layout":"default","site-content-layout":"","ast-site-content-layout":"","site-content-style":"default","site-sidebar-style":"default","ast-global-header-display":"","ast-banner-title-visibility":"","ast-main-header-display":"","ast-hfb-above-header-display":"","ast-hfb-below-header-display":"","ast-hfb-mobile-header-display":"","site-post-title":"","ast-breadcrumbs-content":"","ast-featured-img":"","footer-sml-layout":"","theme-transparent-header-meta":"","adv-header-id-meta":"","stick-header-meta":"","header-above-stick-meta":"","header-main-stick-meta":"","header-below-stick-meta":"","astra-migrate-meta-layouts":"default","ast-page-background-enabled":"default","ast-page-background-meta":{"desktop":{"background-color":"var(--ast-global-color-4)","background-image":"","background-repeat":"repeat","background-position":"center center","background-size":"auto","background-attachment":"scroll","background-type":"","background-media":"","overlay-type":"","overlay-color":"","overlay-opacity":"","overlay-gradient":""},"tablet":{"background-color":"","background-image":"","background-repeat":"repeat","background-position":"center center","background-size":"auto","background-attachment":"scroll","background-type":"","background-media":"","overlay-type":"","overlay-color":"","overlay-opacity":"","overlay-gradient":""},"mobile":{"background-color":"","background-image":"","background-repeat":"repeat","background-position":"center center","background-size":"auto","background-attachment":"scroll","background-type":"","background-media":"","overlay-type":"","overlay-color":"","overlay-opacity":"","overlay-gradient":""}},"ast-content-background-meta":{"desktop":{"background-color":"var(--ast-global-color-5)","background-image":"","background-repeat":"repeat","background-position":"center center","background-size":"auto","background-attachment":"scroll","background-type":"","background-media":"","overlay-type":"","overlay-color":"","overlay-opacity":"","overlay-gradient":""},"tablet":{"background-color":"var(--ast-global-color-5)","background-image":"","background-repeat":"repeat","background-position":"center center","background-size":"auto","background-attachment":"scroll","background-type":"","background-media":"","overlay-type":"","overlay-color":"","overlay-opacity":"","overlay-gradient":""},"mobile":{"background-color":"var(--ast-global-color-5)","background-image":"","background-repeat":"repeat","background-position":"center center","background-size":"auto","background-attachment":"scroll","background-type":"","background-media":"","overlay-type":"","overlay-color":"","overlay-opacity":"","overlay-gradient":""}},"footnotes":""},"class_list":["post-3123","page","type-page","status-publish","hentry"],"post_mailing_queue_ids":[],"_links":{"self":[{"href":"https:\/\/agora.xtec.cat\/institutescolamossencinto\/wp-json\/wp\/v2\/pages\/3123","targetHints":{"allow":["GET"]}}],"collection":[{"href":"https:\/\/agora.xtec.cat\/institutescolamossencinto\/wp-json\/wp\/v2\/pages"}],"about":[{"href":"https:\/\/agora.xtec.cat\/institutescolamossencinto\/wp-json\/wp\/v2\/types\/page"}],"author":[{"embeddable":true,"href":"https:\/\/agora.xtec.cat\/institutescolamossencinto\/wp-json\/wp\/v2\/users\/1"}],"replies":[{"embeddable":true,"href":"https:\/\/agora.xtec.cat\/institutescolamossencinto\/wp-json\/wp\/v2\/comments?post=3123"}],"version-history":[{"count":5,"href":"https:\/\/agora.xtec.cat\/institutescolamossencinto\/wp-json\/wp\/v2\/pages\/3123\/revisions"}],"predecessor-version":[{"id":10570,"href":"https:\/\/agora.xtec.cat\/institutescolamossencinto\/wp-json\/wp\/v2\/pages\/3123\/revisions\/10570"}],"up":[{"embeddable":true,"href":"https:\/\/agora.xtec.cat\/institutescolamossencinto\/wp-json\/wp\/v2\/pages\/64"}],"wp:attachment":[{"href":"https:\/\/agora.xtec.cat\/institutescolamossencinto\/wp-json\/wp\/v2\/media?parent=3123"}],"curies":[{"name":"wp","href":"https:\/\/api.w.org\/{rel}","templated":true}]}}