{"id":3115,"date":"2019-01-25T09:55:00","date_gmt":"2019-01-25T08:55:00","guid":{"rendered":"http:\/\/agora.xtec.cat\/institutescolamossencinto\/?page_id=3115"},"modified":"2019-01-25T13:18:40","modified_gmt":"2019-01-25T12:18:40","slug":"plc","status":"publish","type":"page","link":"https:\/\/agora.xtec.cat\/institutescolamossencinto\/projecte-educatiu\/plc\/","title":{"rendered":"PLC"},"content":{"rendered":"<p>El projecte ling\u00fc\u00edstic ser\u00e0 l\u2019element del Projecte Educatiu que recollir\u00e0 els<br \/>\naspects relatius a l\u2019ensenyament i l\u2019\u00fas de les lleng\u00fces al centre.<\/p>\n<p>Per assegurar aquests aspectes s\u2019ha de preveure:<\/p>\n<p>\u2013 Utilitzar la llengua catalana com a llengua pr\u00f2pia de Catalunya,<br \/>\nnormalment com a llengua vehicular i d\u2019aprenentatge en totes les<br \/>\nactivitats internes i externes de la comunitat educativa: les activitats orals<br \/>\ni escrites, les exposicions del professorat, el material did\u00e0ctic, els llibres<br \/>\nde text i les activitats d\u2019aprenentatge i d\u2019avaluaci\u00f3 han de ser en llengua<br \/>\ncatalana. Aix\u00ed mateix, les reunions, els informes, les comunicacions<br \/>\n\u2026han de ser tamb\u00e9 en llengua catalana.<\/p>\n<p>\u2013 Establir pautes d\u2019\u00fas ling\u00fc\u00edstic favorables a la llengua catalana per a<br \/>\ntots els membres de la comunitat educativa i garantir que totes les<br \/>\nactivitats administratives i les comunicacions entre el centre i l\u2019entorn<br \/>\nsiguin en llengua catalana, sens perjudici que s\u2019arbitrin mesures de<br \/>\ntraducci\u00f3 en el per\u00edode d\u2019acollida de les fam\u00edlies de l\u2019alumnat nouvingut.<\/p>\n<p>\u2013\u00a0 \u00a0Tenir com a objectiu fonamental que tot l\u2019alumnat assoleixi una s\u00f2lida<br \/>\ncompet\u00e8ncia comunicativa i que en acabar l\u2019educaci\u00f3 obligat\u00f2ria pugui<br \/>\nutilitzar normalment i correcta les dues lleng\u00fces oficials i comprendre i<br \/>\nproduir missatges orals i escrits en llengua anglesa que \u00e9s la que el<br \/>\ncentre ha determinat en el seu projecte ling\u00fc\u00edstic.<\/p>\n<p>\u2013\u00a0 Assegurar que els infants d\u2019educaci\u00f3 infantil i de cicle inicial<br \/>\nd\u2019educaci\u00f3 prim\u00e0ria els pares, mares o tutors dels quals sol\u00b7licitin que els<br \/>\nseus fills o filles rebin l\u2019ensenyament en llengua castellana siguin<br \/>\nescolaritzats en aquesta llengua mitjan\u00e7ant atenci\u00f3 i suport material<br \/>\nindividualitzats.<\/p>\n<p>Si voleu consultar tot el\u00a0<a href=\"https:\/\/agora.xtec.cat\/institutescolamossencinto\/docs\/plc-projecte-linguistic-de-centre\/\">PLC<\/a>\u00a0cliqueu el link<\/p>\n","protected":false},"excerpt":{"rendered":"<p>El projecte ling\u00fc\u00edstic ser\u00e0 l\u2019element del Projecte Educatiu que recollir\u00e0 els aspects relatius a l\u2019ensenyament i l\u2019\u00fas de les lleng\u00fces al centre. Per assegurar aquests aspectes s\u2019ha de preveure: \u2013 Utilitzar la llengua catalana com a llengua pr\u00f2pia de Catalunya, normalment com a llengua vehicular i d\u2019aprenentatge en totes les activitats internes i externes de [&hellip;]<\/p>\n","protected":false},"author":1,"featured_media":0,"parent":64,"menu_order":0,"comment_status":"closed","ping_status":"closed","template":"page-templates\/side-menu.php","meta":{"_bbp_topic_count":0,"_bbp_reply_count":0,"_bbp_total_topic_count":0,"_bbp_total_reply_count":0,"_bbp_voice_count":0,"_bbp_anonymous_reply_count":0,"_bbp_topic_count_hidden":0,"_bbp_reply_count_hidden":0,"_bbp_forum_subforum_count":0,"site-sidebar-layout":"default","site-content-layout":"","ast-site-content-layout":"","site-content-style":"default","site-sidebar-style":"default","ast-global-header-display":"","ast-banner-title-visibility":"","ast-main-header-display":"","ast-hfb-above-header-display":"","ast-hfb-below-header-display":"","ast-hfb-mobile-header-display":"","site-post-title":"","ast-breadcrumbs-content":"","ast-featured-img":"","footer-sml-layout":"","theme-transparent-header-meta":"","adv-header-id-meta":"","stick-header-meta":"","header-above-stick-meta":"","header-main-stick-meta":"","header-below-stick-meta":"","astra-migrate-meta-layouts":"default","ast-page-background-enabled":"default","ast-page-background-meta":{"desktop":{"background-color":"var(--ast-global-color-4)","background-image":"","background-repeat":"repeat","background-position":"center center","background-size":"auto","background-attachment":"scroll","background-type":"","background-media":"","overlay-type":"","overlay-color":"","overlay-opacity":"","overlay-gradient":""},"tablet":{"background-color":"","background-image":"","background-repeat":"repeat","background-position":"center center","background-size":"auto","background-attachment":"scroll","background-type":"","background-media":"","overlay-type":"","overlay-color":"","overlay-opacity":"","overlay-gradient":""},"mobile":{"background-color":"","background-image":"","background-repeat":"repeat","background-position":"center center","background-size":"auto","background-attachment":"scroll","background-type":"","background-media":"","overlay-type":"","overlay-color":"","overlay-opacity":"","overlay-gradient":""}},"ast-content-background-meta":{"desktop":{"background-color":"var(--ast-global-color-5)","background-image":"","background-repeat":"repeat","background-position":"center center","background-size":"auto","background-attachment":"scroll","background-type":"","background-media":"","overlay-type":"","overlay-color":"","overlay-opacity":"","overlay-gradient":""},"tablet":{"background-color":"var(--ast-global-color-5)","background-image":"","background-repeat":"repeat","background-position":"center center","background-size":"auto","background-attachment":"scroll","background-type":"","background-media":"","overlay-type":"","overlay-color":"","overlay-opacity":"","overlay-gradient":""},"mobile":{"background-color":"var(--ast-global-color-5)","background-image":"","background-repeat":"repeat","background-position":"center center","background-size":"auto","background-attachment":"scroll","background-type":"","background-media":"","overlay-type":"","overlay-color":"","overlay-opacity":"","overlay-gradient":""}},"footnotes":""},"class_list":["post-3115","page","type-page","status-publish","hentry"],"post_mailing_queue_ids":[],"_links":{"self":[{"href":"https:\/\/agora.xtec.cat\/institutescolamossencinto\/wp-json\/wp\/v2\/pages\/3115","targetHints":{"allow":["GET"]}}],"collection":[{"href":"https:\/\/agora.xtec.cat\/institutescolamossencinto\/wp-json\/wp\/v2\/pages"}],"about":[{"href":"https:\/\/agora.xtec.cat\/institutescolamossencinto\/wp-json\/wp\/v2\/types\/page"}],"author":[{"embeddable":true,"href":"https:\/\/agora.xtec.cat\/institutescolamossencinto\/wp-json\/wp\/v2\/users\/1"}],"replies":[{"embeddable":true,"href":"https:\/\/agora.xtec.cat\/institutescolamossencinto\/wp-json\/wp\/v2\/comments?post=3115"}],"version-history":[{"count":3,"href":"https:\/\/agora.xtec.cat\/institutescolamossencinto\/wp-json\/wp\/v2\/pages\/3115\/revisions"}],"predecessor-version":[{"id":3129,"href":"https:\/\/agora.xtec.cat\/institutescolamossencinto\/wp-json\/wp\/v2\/pages\/3115\/revisions\/3129"}],"up":[{"embeddable":true,"href":"https:\/\/agora.xtec.cat\/institutescolamossencinto\/wp-json\/wp\/v2\/pages\/64"}],"wp:attachment":[{"href":"https:\/\/agora.xtec.cat\/institutescolamossencinto\/wp-json\/wp\/v2\/media?parent=3115"}],"curies":[{"name":"wp","href":"https:\/\/api.w.org\/{rel}","templated":true}]}}