{"id":30,"date":"2014-09-18T12:30:23","date_gmt":"2014-09-18T10:30:23","guid":{"rendered":"http:\/\/agora.xtec.cat\/institutescolamossencinto\/?page_id=30"},"modified":"2023-02-23T14:16:49","modified_gmt":"2023-02-23T13:16:49","slug":"instal%c2%b7lacions","status":"publish","type":"page","link":"https:\/\/agora.xtec.cat\/institutescolamossencinto\/lescola\/instal%c2%b7lacions\/","title":{"rendered":"Instal\u00b7lacions"},"content":{"rendered":"<table style=\"border-collapse: collapse; width: 100%;\">\n<tbody>\n<tr>\n<td style=\"width: 50%;\"><a href=\"https:\/\/agora.xtec.cat\/institutescolamossencinto\/wp-content\/uploads\/usu1440\/2023\/02\/Aula-ESO.jpg\"><img loading=\"lazy\" decoding=\"async\" class=\"aligncenter size-large wp-image-8852\" src=\"https:\/\/agora.xtec.cat\/institutescolamossencinto\/wp-content\/uploads\/usu1440\/2023\/02\/Aula-ESO-1024x768.jpg\" alt=\"\" width=\"1024\" height=\"768\" srcset=\"https:\/\/agora.xtec.cat\/institutescolamossencinto\/wp-content\/uploads\/usu1440\/2023\/02\/Aula-ESO-1024x768.jpg 1024w, https:\/\/agora.xtec.cat\/institutescolamossencinto\/wp-content\/uploads\/usu1440\/2023\/02\/Aula-ESO-300x225.jpg 300w, https:\/\/agora.xtec.cat\/institutescolamossencinto\/wp-content\/uploads\/usu1440\/2023\/02\/Aula-ESO-768x576.jpg 768w, https:\/\/agora.xtec.cat\/institutescolamossencinto\/wp-content\/uploads\/usu1440\/2023\/02\/Aula-ESO-1536x1152.jpg 1536w, https:\/\/agora.xtec.cat\/institutescolamossencinto\/wp-content\/uploads\/usu1440\/2023\/02\/Aula-ESO-2048x1536.jpg 2048w, https:\/\/agora.xtec.cat\/institutescolamossencinto\/wp-content\/uploads\/usu1440\/2023\/02\/Aula-ESO-200x150.jpg 200w\" sizes=\"auto, (max-width: 1024px) 100vw, 1024px\" \/><\/a><\/td>\n<td style=\"width: 50%;\"><a href=\"https:\/\/agora.xtec.cat\/institutescolamossencinto\/wp-content\/uploads\/usu1440\/2023\/02\/Musica.jpg\"><img loading=\"lazy\" decoding=\"async\" class=\"aligncenter size-large wp-image-8850\" src=\"https:\/\/agora.xtec.cat\/institutescolamossencinto\/wp-content\/uploads\/usu1440\/2023\/02\/Musica-1024x768.jpg\" alt=\"\" width=\"1024\" height=\"768\" srcset=\"https:\/\/agora.xtec.cat\/institutescolamossencinto\/wp-content\/uploads\/usu1440\/2023\/02\/Musica-1024x768.jpg 1024w, https:\/\/agora.xtec.cat\/institutescolamossencinto\/wp-content\/uploads\/usu1440\/2023\/02\/Musica-300x225.jpg 300w, https:\/\/agora.xtec.cat\/institutescolamossencinto\/wp-content\/uploads\/usu1440\/2023\/02\/Musica-768x576.jpg 768w, https:\/\/agora.xtec.cat\/institutescolamossencinto\/wp-content\/uploads\/usu1440\/2023\/02\/Musica-1536x1152.jpg 1536w, https:\/\/agora.xtec.cat\/institutescolamossencinto\/wp-content\/uploads\/usu1440\/2023\/02\/Musica-2048x1536.jpg 2048w, https:\/\/agora.xtec.cat\/institutescolamossencinto\/wp-content\/uploads\/usu1440\/2023\/02\/Musica-200x150.jpg 200w\" sizes=\"auto, (max-width: 1024px) 100vw, 1024px\" \/><\/a><\/td>\n<\/tr>\n<tr>\n<td style=\"width: 50%;\"><a href=\"https:\/\/agora.xtec.cat\/institutescolamossencinto\/wp-content\/uploads\/usu1440\/2023\/02\/Passadis-Infantil.jpg\"><img loading=\"lazy\" decoding=\"async\" class=\"aligncenter size-large wp-image-8851\" src=\"https:\/\/agora.xtec.cat\/institutescolamossencinto\/wp-content\/uploads\/usu1440\/2023\/02\/Passadis-Infantil-1024x768.jpg\" alt=\"\" width=\"1024\" height=\"768\" srcset=\"https:\/\/agora.xtec.cat\/institutescolamossencinto\/wp-content\/uploads\/usu1440\/2023\/02\/Passadis-Infantil-1024x768.jpg 1024w, https:\/\/agora.xtec.cat\/institutescolamossencinto\/wp-content\/uploads\/usu1440\/2023\/02\/Passadis-Infantil-300x225.jpg 300w, https:\/\/agora.xtec.cat\/institutescolamossencinto\/wp-content\/uploads\/usu1440\/2023\/02\/Passadis-Infantil-768x576.jpg 768w, https:\/\/agora.xtec.cat\/institutescolamossencinto\/wp-content\/uploads\/usu1440\/2023\/02\/Passadis-Infantil-1536x1152.jpg 1536w, https:\/\/agora.xtec.cat\/institutescolamossencinto\/wp-content\/uploads\/usu1440\/2023\/02\/Passadis-Infantil-2048x1536.jpg 2048w, https:\/\/agora.xtec.cat\/institutescolamossencinto\/wp-content\/uploads\/usu1440\/2023\/02\/Passadis-Infantil-200x150.jpg 200w\" sizes=\"auto, (max-width: 1024px) 100vw, 1024px\" \/><\/a><\/td>\n<td style=\"width: 50%;\"><a href=\"https:\/\/agora.xtec.cat\/institutescolamossencinto\/wp-content\/uploads\/usu1440\/2023\/02\/Gimnas.jpg\"><img loading=\"lazy\" decoding=\"async\" class=\"aligncenter size-large wp-image-8859\" src=\"https:\/\/agora.xtec.cat\/institutescolamossencinto\/wp-content\/uploads\/usu1440\/2023\/02\/Gimnas-1024x768.jpg\" alt=\"\" width=\"1024\" height=\"768\" srcset=\"https:\/\/agora.xtec.cat\/institutescolamossencinto\/wp-content\/uploads\/usu1440\/2023\/02\/Gimnas-1024x768.jpg 1024w, https:\/\/agora.xtec.cat\/institutescolamossencinto\/wp-content\/uploads\/usu1440\/2023\/02\/Gimnas-300x225.jpg 300w, https:\/\/agora.xtec.cat\/institutescolamossencinto\/wp-content\/uploads\/usu1440\/2023\/02\/Gimnas-768x576.jpg 768w, https:\/\/agora.xtec.cat\/institutescolamossencinto\/wp-content\/uploads\/usu1440\/2023\/02\/Gimnas-1536x1152.jpg 1536w, https:\/\/agora.xtec.cat\/institutescolamossencinto\/wp-content\/uploads\/usu1440\/2023\/02\/Gimnas-2048x1536.jpg 2048w, https:\/\/agora.xtec.cat\/institutescolamossencinto\/wp-content\/uploads\/usu1440\/2023\/02\/Gimnas-200x150.jpg 200w\" sizes=\"auto, (max-width: 1024px) 100vw, 1024px\" \/><\/a><\/td>\n<\/tr>\n<tr>\n<td style=\"width: 50%;\"><a href=\"https:\/\/agora.xtec.cat\/institutescolamossencinto\/wp-content\/uploads\/usu1440\/2023\/02\/Hall.jpg\"><img loading=\"lazy\" decoding=\"async\" class=\"aligncenter size-large wp-image-8858\" src=\"https:\/\/agora.xtec.cat\/institutescolamossencinto\/wp-content\/uploads\/usu1440\/2023\/02\/Hall-1024x768.jpg\" alt=\"\" width=\"1024\" height=\"768\" srcset=\"https:\/\/agora.xtec.cat\/institutescolamossencinto\/wp-content\/uploads\/usu1440\/2023\/02\/Hall-1024x768.jpg 1024w, https:\/\/agora.xtec.cat\/institutescolamossencinto\/wp-content\/uploads\/usu1440\/2023\/02\/Hall-300x225.jpg 300w, https:\/\/agora.xtec.cat\/institutescolamossencinto\/wp-content\/uploads\/usu1440\/2023\/02\/Hall-768x576.jpg 768w, https:\/\/agora.xtec.cat\/institutescolamossencinto\/wp-content\/uploads\/usu1440\/2023\/02\/Hall-1536x1152.jpg 1536w, https:\/\/agora.xtec.cat\/institutescolamossencinto\/wp-content\/uploads\/usu1440\/2023\/02\/Hall-2048x1536.jpg 2048w, https:\/\/agora.xtec.cat\/institutescolamossencinto\/wp-content\/uploads\/usu1440\/2023\/02\/Hall-200x150.jpg 200w\" sizes=\"auto, (max-width: 1024px) 100vw, 1024px\" \/><\/a><\/td>\n<td style=\"width: 50%;\"><a href=\"https:\/\/agora.xtec.cat\/institutescolamossencinto\/wp-content\/uploads\/usu1440\/2023\/02\/VIP.jpg\"><img loading=\"lazy\" decoding=\"async\" class=\"aligncenter size-large wp-image-8857\" src=\"https:\/\/agora.xtec.cat\/institutescolamossencinto\/wp-content\/uploads\/usu1440\/2023\/02\/VIP-1024x768.jpg\" alt=\"\" width=\"1024\" height=\"768\" srcset=\"https:\/\/agora.xtec.cat\/institutescolamossencinto\/wp-content\/uploads\/usu1440\/2023\/02\/VIP-1024x768.jpg 1024w, https:\/\/agora.xtec.cat\/institutescolamossencinto\/wp-content\/uploads\/usu1440\/2023\/02\/VIP-300x225.jpg 300w, https:\/\/agora.xtec.cat\/institutescolamossencinto\/wp-content\/uploads\/usu1440\/2023\/02\/VIP-768x576.jpg 768w, https:\/\/agora.xtec.cat\/institutescolamossencinto\/wp-content\/uploads\/usu1440\/2023\/02\/VIP-1536x1152.jpg 1536w, https:\/\/agora.xtec.cat\/institutescolamossencinto\/wp-content\/uploads\/usu1440\/2023\/02\/VIP-2048x1536.jpg 2048w, https:\/\/agora.xtec.cat\/institutescolamossencinto\/wp-content\/uploads\/usu1440\/2023\/02\/VIP-200x150.jpg 200w\" sizes=\"auto, (max-width: 1024px) 100vw, 1024px\" \/><\/a><\/td>\n<\/tr>\n<tr>\n<td style=\"width: 50%;\"><a href=\"https:\/\/agora.xtec.cat\/institutescolamossencinto\/wp-content\/uploads\/usu1440\/2023\/02\/Secretaria.jpg\"><img loading=\"lazy\" decoding=\"async\" class=\"aligncenter size-large wp-image-8856\" src=\"https:\/\/agora.xtec.cat\/institutescolamossencinto\/wp-content\/uploads\/usu1440\/2023\/02\/Secretaria-1024x768.jpg\" alt=\"\" width=\"1024\" height=\"768\" srcset=\"https:\/\/agora.xtec.cat\/institutescolamossencinto\/wp-content\/uploads\/usu1440\/2023\/02\/Secretaria-1024x768.jpg 1024w, https:\/\/agora.xtec.cat\/institutescolamossencinto\/wp-content\/uploads\/usu1440\/2023\/02\/Secretaria-300x225.jpg 300w, https:\/\/agora.xtec.cat\/institutescolamossencinto\/wp-content\/uploads\/usu1440\/2023\/02\/Secretaria-768x576.jpg 768w, https:\/\/agora.xtec.cat\/institutescolamossencinto\/wp-content\/uploads\/usu1440\/2023\/02\/Secretaria-1536x1152.jpg 1536w, https:\/\/agora.xtec.cat\/institutescolamossencinto\/wp-content\/uploads\/usu1440\/2023\/02\/Secretaria-2048x1536.jpg 2048w, https:\/\/agora.xtec.cat\/institutescolamossencinto\/wp-content\/uploads\/usu1440\/2023\/02\/Secretaria-200x150.jpg 200w\" sizes=\"auto, (max-width: 1024px) 100vw, 1024px\" \/><\/a><\/td>\n<td style=\"width: 50%;\"><a href=\"https:\/\/agora.xtec.cat\/institutescolamossencinto\/wp-content\/uploads\/usu1440\/2023\/02\/Zona-de-lectura.jpg\"><img loading=\"lazy\" decoding=\"async\" class=\"aligncenter size-large wp-image-8855\" src=\"https:\/\/agora.xtec.cat\/institutescolamossencinto\/wp-content\/uploads\/usu1440\/2023\/02\/Zona-de-lectura-1024x768.jpg\" alt=\"\" width=\"1024\" height=\"768\" srcset=\"https:\/\/agora.xtec.cat\/institutescolamossencinto\/wp-content\/uploads\/usu1440\/2023\/02\/Zona-de-lectura-1024x768.jpg 1024w, https:\/\/agora.xtec.cat\/institutescolamossencinto\/wp-content\/uploads\/usu1440\/2023\/02\/Zona-de-lectura-300x225.jpg 300w, https:\/\/agora.xtec.cat\/institutescolamossencinto\/wp-content\/uploads\/usu1440\/2023\/02\/Zona-de-lectura-768x576.jpg 768w, https:\/\/agora.xtec.cat\/institutescolamossencinto\/wp-content\/uploads\/usu1440\/2023\/02\/Zona-de-lectura-1536x1152.jpg 1536w, https:\/\/agora.xtec.cat\/institutescolamossencinto\/wp-content\/uploads\/usu1440\/2023\/02\/Zona-de-lectura-2048x1536.jpg 2048w, https:\/\/agora.xtec.cat\/institutescolamossencinto\/wp-content\/uploads\/usu1440\/2023\/02\/Zona-de-lectura-200x150.jpg 200w\" sizes=\"auto, (max-width: 1024px) 100vw, 1024px\" \/><\/a><\/td>\n<\/tr>\n<tr>\n<td style=\"width: 50%;\"><a href=\"https:\/\/agora.xtec.cat\/institutescolamossencinto\/wp-content\/uploads\/usu1440\/2023\/02\/Pati-infantil.jpg\"><img loading=\"lazy\" decoding=\"async\" class=\"aligncenter size-large wp-image-8854\" src=\"https:\/\/agora.xtec.cat\/institutescolamossencinto\/wp-content\/uploads\/usu1440\/2023\/02\/Pati-infantil-1024x768.jpg\" alt=\"\" width=\"1024\" height=\"768\" srcset=\"https:\/\/agora.xtec.cat\/institutescolamossencinto\/wp-content\/uploads\/usu1440\/2023\/02\/Pati-infantil-1024x768.jpg 1024w, https:\/\/agora.xtec.cat\/institutescolamossencinto\/wp-content\/uploads\/usu1440\/2023\/02\/Pati-infantil-300x225.jpg 300w, https:\/\/agora.xtec.cat\/institutescolamossencinto\/wp-content\/uploads\/usu1440\/2023\/02\/Pati-infantil-768x576.jpg 768w, https:\/\/agora.xtec.cat\/institutescolamossencinto\/wp-content\/uploads\/usu1440\/2023\/02\/Pati-infantil-1536x1152.jpg 1536w, https:\/\/agora.xtec.cat\/institutescolamossencinto\/wp-content\/uploads\/usu1440\/2023\/02\/Pati-infantil-2048x1536.jpg 2048w, https:\/\/agora.xtec.cat\/institutescolamossencinto\/wp-content\/uploads\/usu1440\/2023\/02\/Pati-infantil-200x150.jpg 200w\" sizes=\"auto, (max-width: 1024px) 100vw, 1024px\" \/><\/a><\/td>\n<td style=\"width: 50%;\"><a href=\"https:\/\/agora.xtec.cat\/institutescolamossencinto\/wp-content\/uploads\/usu1440\/2023\/02\/Biblioteca.jpg\"><img loading=\"lazy\" decoding=\"async\" class=\"aligncenter size-large wp-image-8853\" src=\"https:\/\/agora.xtec.cat\/institutescolamossencinto\/wp-content\/uploads\/usu1440\/2023\/02\/Biblioteca-1024x768.jpg\" alt=\"\" width=\"1024\" height=\"768\" srcset=\"https:\/\/agora.xtec.cat\/institutescolamossencinto\/wp-content\/uploads\/usu1440\/2023\/02\/Biblioteca-1024x768.jpg 1024w, https:\/\/agora.xtec.cat\/institutescolamossencinto\/wp-content\/uploads\/usu1440\/2023\/02\/Biblioteca-300x225.jpg 300w, https:\/\/agora.xtec.cat\/institutescolamossencinto\/wp-content\/uploads\/usu1440\/2023\/02\/Biblioteca-768x576.jpg 768w, https:\/\/agora.xtec.cat\/institutescolamossencinto\/wp-content\/uploads\/usu1440\/2023\/02\/Biblioteca-1536x1152.jpg 1536w, https:\/\/agora.xtec.cat\/institutescolamossencinto\/wp-content\/uploads\/usu1440\/2023\/02\/Biblioteca-2048x1536.jpg 2048w, https:\/\/agora.xtec.cat\/institutescolamossencinto\/wp-content\/uploads\/usu1440\/2023\/02\/Biblioteca-200x150.jpg 200w\" sizes=\"auto, (max-width: 1024px) 100vw, 1024px\" \/><\/a><\/td>\n<\/tr>\n<\/tbody>\n<\/table>\n<p>L\u2019edifici actual consta de tres cossos que corresponen\u00a0 a les diferents ampliacions.<\/p>\n<p>Al cos frontal que t\u00e9 l\u2019entrada per la Pla\u00e7a Roviretes i correspon a l\u2019antiga escola.<\/p>\n<p>A l\u2019entrada principal a la dreta, hi ha la zona d\u2019administraci\u00f3 i consergeria, els despatxos de direcci\u00f3, la sala de professors, l\u2019aula d\u2019angl\u00e8s, serveis (WC) i la biblioteca. A l\u2019esquerra el menjador i la cuina.<\/p>\n<p>Al cos central, t\u00e9 dues plantes, a la planta baixa hi ha les aules d\u2019educaci\u00f3 infantil i cicle inicial, aula de psicomotricitat, petita aula d&#8217;inform\u00e0tica, l\u2019aula taller, l\u2019aula de m\u00fasica, aules de petit grup, tutories i serveis (WC).<\/p>\n<p>A la primera planta hi ha les aules de cicle mitj\u00e0 i superior, aules de secund\u00e0ria, petit grup, laboratori,\u00a0 tamb\u00e9 tutories i serveis (WC).<\/p>\n<p>Les dues plantes estan comunicades per\u00a0 dues escales una a cada punta del passad\u00eds i tamb\u00e9 hi ha un ascensor. Al final del passad\u00eds de la primera planta hi ha\u00a0 una escala d\u2019emerg\u00e8ncia que dona al pati.<\/p>\n<p>A la\u00a0 planta baixa hi ha el gimn\u00e0s, vestuaris, serveis (WC).<\/p>\n<p>En un bloc separat d\u2019aquest cos hi ha l\u2019espai dedicat a la caldera de la calefacci\u00f3, la sala de reunions de l\u2019AMPA i dos lavabos.<\/p>\n<p>Els patis s\u00f3n molt amplis i estan diferenciats el d\u2019infantil i el de prim\u00e0ria-secund\u00e0ria. Al pati de prim\u00e0ria hi ha una pista esportiva i\u00a0 dues portes d\u2019acc\u00e9s, la del carrer Vilanova i la del carrer del Fossar vell.<\/p>\n","protected":false},"excerpt":{"rendered":"<p>L\u2019edifici actual consta de tres cossos que corresponen\u00a0 a les diferents ampliacions. Al cos frontal que t\u00e9 l\u2019entrada per la Pla\u00e7a Roviretes i correspon a l\u2019antiga escola. A l\u2019entrada principal a la dreta, hi ha la zona d\u2019administraci\u00f3 i consergeria, els despatxos de direcci\u00f3, la sala de professors, l\u2019aula d\u2019angl\u00e8s, serveis (WC) i la biblioteca. [&hellip;]<\/p>\n","protected":false},"author":1,"featured_media":0,"parent":22,"menu_order":40,"comment_status":"closed","ping_status":"closed","template":"page-templates\/side-menu.php","meta":{"_bbp_topic_count":0,"_bbp_reply_count":0,"_bbp_total_topic_count":0,"_bbp_total_reply_count":0,"_bbp_voice_count":0,"_bbp_anonymous_reply_count":0,"_bbp_topic_count_hidden":0,"_bbp_reply_count_hidden":0,"_bbp_forum_subforum_count":0,"site-sidebar-layout":"default","site-content-layout":"","ast-site-content-layout":"","site-content-style":"default","site-sidebar-style":"default","ast-global-header-display":"","ast-banner-title-visibility":"","ast-main-header-display":"","ast-hfb-above-header-display":"","ast-hfb-below-header-display":"","ast-hfb-mobile-header-display":"","site-post-title":"","ast-breadcrumbs-content":"","ast-featured-img":"","footer-sml-layout":"","theme-transparent-header-meta":"","adv-header-id-meta":"","stick-header-meta":"","header-above-stick-meta":"","header-main-stick-meta":"","header-below-stick-meta":"","astra-migrate-meta-layouts":"default","ast-page-background-enabled":"default","ast-page-background-meta":{"desktop":{"background-color":"var(--ast-global-color-4)","background-image":"","background-repeat":"repeat","background-position":"center center","background-size":"auto","background-attachment":"scroll","background-type":"","background-media":"","overlay-type":"","overlay-color":"","overlay-opacity":"","overlay-gradient":""},"tablet":{"background-color":"","background-image":"","background-repeat":"repeat","background-position":"center center","background-size":"auto","background-attachment":"scroll","background-type":"","background-media":"","overlay-type":"","overlay-color":"","overlay-opacity":"","overlay-gradient":""},"mobile":{"background-color":"","background-image":"","background-repeat":"repeat","background-position":"center center","background-size":"auto","background-attachment":"scroll","background-type":"","background-media":"","overlay-type":"","overlay-color":"","overlay-opacity":"","overlay-gradient":""}},"ast-content-background-meta":{"desktop":{"background-color":"var(--ast-global-color-5)","background-image":"","background-repeat":"repeat","background-position":"center center","background-size":"auto","background-attachment":"scroll","background-type":"","background-media":"","overlay-type":"","overlay-color":"","overlay-opacity":"","overlay-gradient":""},"tablet":{"background-color":"var(--ast-global-color-5)","background-image":"","background-repeat":"repeat","background-position":"center center","background-size":"auto","background-attachment":"scroll","background-type":"","background-media":"","overlay-type":"","overlay-color":"","overlay-opacity":"","overlay-gradient":""},"mobile":{"background-color":"var(--ast-global-color-5)","background-image":"","background-repeat":"repeat","background-position":"center center","background-size":"auto","background-attachment":"scroll","background-type":"","background-media":"","overlay-type":"","overlay-color":"","overlay-opacity":"","overlay-gradient":""}},"footnotes":""},"class_list":["post-30","page","type-page","status-publish","hentry"],"post_mailing_queue_ids":[],"_links":{"self":[{"href":"https:\/\/agora.xtec.cat\/institutescolamossencinto\/wp-json\/wp\/v2\/pages\/30","targetHints":{"allow":["GET"]}}],"collection":[{"href":"https:\/\/agora.xtec.cat\/institutescolamossencinto\/wp-json\/wp\/v2\/pages"}],"about":[{"href":"https:\/\/agora.xtec.cat\/institutescolamossencinto\/wp-json\/wp\/v2\/types\/page"}],"author":[{"embeddable":true,"href":"https:\/\/agora.xtec.cat\/institutescolamossencinto\/wp-json\/wp\/v2\/users\/1"}],"replies":[{"embeddable":true,"href":"https:\/\/agora.xtec.cat\/institutescolamossencinto\/wp-json\/wp\/v2\/comments?post=30"}],"version-history":[{"count":3,"href":"https:\/\/agora.xtec.cat\/institutescolamossencinto\/wp-json\/wp\/v2\/pages\/30\/revisions"}],"predecessor-version":[{"id":8860,"href":"https:\/\/agora.xtec.cat\/institutescolamossencinto\/wp-json\/wp\/v2\/pages\/30\/revisions\/8860"}],"up":[{"embeddable":true,"href":"https:\/\/agora.xtec.cat\/institutescolamossencinto\/wp-json\/wp\/v2\/pages\/22"}],"wp:attachment":[{"href":"https:\/\/agora.xtec.cat\/institutescolamossencinto\/wp-json\/wp\/v2\/media?parent=30"}],"curies":[{"name":"wp","href":"https:\/\/api.w.org\/{rel}","templated":true}]}}