{"id":26,"date":"2014-09-18T12:24:32","date_gmt":"2014-09-18T11:24:32","guid":{"rendered":"http:\/\/agora.xtec.cat\/institutescolamossencinto\/?page_id=26"},"modified":"2023-02-15T10:21:43","modified_gmt":"2023-02-15T09:21:43","slug":"historia","status":"publish","type":"page","link":"https:\/\/agora.xtec.cat\/institutescolamossencinto\/lescola\/historia\/","title":{"rendered":"Hist\u00f2ria"},"content":{"rendered":"<p>Des del segle XVIII Folgueroles \u00e9s una poblaci\u00f3 amb escola o si m\u00e9s no amb espais on es podia aprendre. Sembla que al segle XVIII, que es va fer l\u2019ampliaci\u00f3 de l\u2019esgl\u00e8sia es va instal\u00b7lar una aula a les golfes. Anys m\u00e9s tard el 1842 l\u2019ajuntament de Folgueroles conjuntament amb el de Tav\u00e8rnoles i Savassona acord\u00e0 d\u2019habilitar una aula a Can Roure, una casa avui desapareguda de la Pla\u00e7a Verdaguer. Per aquella \u00e8poca el mestre vivia al carrer de la Font a la casa, fins fa poc, coneguda per Cal Mestre.<\/p>\n<p>M\u00e9s tard l\u2019escola es va traslladar a una casa dels amos del Pou, a la mateixa pla\u00e7a. El 1906 l\u2019escola estava ubicada a la mateixa pla\u00e7a als baixos del forn de pa. Al primer pis del mateix edifici hi havia les \u201chermanes\u201d que feien classe a les nenes. Vers l\u2019any 1923 l\u2019escola p\u00fablica es va traslladar al carrer Nou; primer a Cal Pastor i despr\u00e9s a Ca la Manela. L\u2019any 1925 es va inaugurar l\u2019Escola situada just a sota l\u2019antic Ajuntament, en la qual es va educar durant 68 anys a la majoria de folguerolencs.<\/p>\n<p>L\u2019any 1964 es va aconseguir l\u2019ampliaci\u00f3 d\u2019aquesta escola que segu\u00ed oberta fins a l\u2019octubre de 1993 que es va inaugurar el nou i actual edifici a la Pla\u00e7a Roviretes, la qual el curs 2003-2004 va ser ampliada i reformada ja que cada vegada han arribat nou alumnat i tamb\u00e9 docents nous a l\u2019escola.<\/p>\n<p>El curs 2020-2021 es va ampliar l&#8217;oferta educativa del centre, iniciant el projecte de l&#8217;educaci\u00f3 secund\u00e0ria. Passant aix\u00ed a ser institut escola. D&#8217;aquesta manera el curs 2023-2024 es completa tota l&#8217;etapa educativa de I3 a 4t d&#8217;ESO.<\/p>\n<p>No podem oblidar que l\u2019escola de Folgueroles va ensenyar a escriure les primeres ratlles a l\u2019il\u00b7lustre poeta Jacint Verdaguer, de qui porta el nom l\u2019escola actual.<\/p>\n<p>Ell amb les seves paraules diu:<\/p>\n<blockquote><p>\u201cJo tenia cinc anys, anava a estudi<br \/>\nen mon humil poblet de Folgueroles;<br \/>\nde mos pobres esplets digne preludi,<br \/>\nportava a sota el bra\u00e7 les beceroles.<\/p>\n<p>Lo mestre era vellet, sa barretina<br \/>\nm\u00e9s llarga era bon tros que sa ci\u00e8ncia,<br \/>\nm\u00e9s, quina Font tant pura sa doctrina!<br \/>\nquin mirall tan herm\u00f3s sa consciencia.\u201d<\/p><\/blockquote>\n<p><a href=\"http:\/\/agora.xtec.cat\/institutescolamossencinto\/wp-content\/uploads\/usu1440\/2014\/09\/vergaguer.jpg\"><img loading=\"lazy\" decoding=\"async\" class=\"size-full wp-image-477 aligncenter\" src=\"http:\/\/agora.xtec.cat\/institutescolamossencinto\/wp-content\/uploads\/usu1440\/2014\/09\/vergaguer.jpg\" alt=\"Verdaguer\" width=\"144\" height=\"193\" \/><\/a><\/p>\n<p>&nbsp;<\/p>\n","protected":false},"excerpt":{"rendered":"<p>Des del segle XVIII Folgueroles \u00e9s una poblaci\u00f3 amb escola o si m\u00e9s no amb espais on es podia aprendre. Sembla que al segle XVIII, que es va fer l\u2019ampliaci\u00f3 de l\u2019esgl\u00e8sia es va instal\u00b7lar una aula a les golfes. Anys m\u00e9s tard el 1842 l\u2019ajuntament de Folgueroles conjuntament amb el de Tav\u00e8rnoles i Savassona [&hellip;]<\/p>\n","protected":false},"author":1,"featured_media":0,"parent":22,"menu_order":10,"comment_status":"closed","ping_status":"closed","template":"page-templates\/side-menu.php","meta":{"_bbp_topic_count":0,"_bbp_reply_count":0,"_bbp_total_topic_count":0,"_bbp_total_reply_count":0,"_bbp_voice_count":0,"_bbp_anonymous_reply_count":0,"_bbp_topic_count_hidden":0,"_bbp_reply_count_hidden":0,"_bbp_forum_subforum_count":0,"site-sidebar-layout":"default","site-content-layout":"","ast-site-content-layout":"","site-content-style":"default","site-sidebar-style":"default","ast-global-header-display":"","ast-banner-title-visibility":"","ast-main-header-display":"","ast-hfb-above-header-display":"","ast-hfb-below-header-display":"","ast-hfb-mobile-header-display":"","site-post-title":"","ast-breadcrumbs-content":"","ast-featured-img":"","footer-sml-layout":"","theme-transparent-header-meta":"","adv-header-id-meta":"","stick-header-meta":"","header-above-stick-meta":"","header-main-stick-meta":"","header-below-stick-meta":"","astra-migrate-meta-layouts":"default","ast-page-background-enabled":"default","ast-page-background-meta":{"desktop":{"background-color":"var(--ast-global-color-4)","background-image":"","background-repeat":"repeat","background-position":"center center","background-size":"auto","background-attachment":"scroll","background-type":"","background-media":"","overlay-type":"","overlay-color":"","overlay-opacity":"","overlay-gradient":""},"tablet":{"background-color":"","background-image":"","background-repeat":"repeat","background-position":"center center","background-size":"auto","background-attachment":"scroll","background-type":"","background-media":"","overlay-type":"","overlay-color":"","overlay-opacity":"","overlay-gradient":""},"mobile":{"background-color":"","background-image":"","background-repeat":"repeat","background-position":"center center","background-size":"auto","background-attachment":"scroll","background-type":"","background-media":"","overlay-type":"","overlay-color":"","overlay-opacity":"","overlay-gradient":""}},"ast-content-background-meta":{"desktop":{"background-color":"var(--ast-global-color-5)","background-image":"","background-repeat":"repeat","background-position":"center center","background-size":"auto","background-attachment":"scroll","background-type":"","background-media":"","overlay-type":"","overlay-color":"","overlay-opacity":"","overlay-gradient":""},"tablet":{"background-color":"var(--ast-global-color-5)","background-image":"","background-repeat":"repeat","background-position":"center center","background-size":"auto","background-attachment":"scroll","background-type":"","background-media":"","overlay-type":"","overlay-color":"","overlay-opacity":"","overlay-gradient":""},"mobile":{"background-color":"var(--ast-global-color-5)","background-image":"","background-repeat":"repeat","background-position":"center center","background-size":"auto","background-attachment":"scroll","background-type":"","background-media":"","overlay-type":"","overlay-color":"","overlay-opacity":"","overlay-gradient":""}},"footnotes":""},"class_list":["post-26","page","type-page","status-publish","hentry"],"post_mailing_queue_ids":[],"_links":{"self":[{"href":"https:\/\/agora.xtec.cat\/institutescolamossencinto\/wp-json\/wp\/v2\/pages\/26","targetHints":{"allow":["GET"]}}],"collection":[{"href":"https:\/\/agora.xtec.cat\/institutescolamossencinto\/wp-json\/wp\/v2\/pages"}],"about":[{"href":"https:\/\/agora.xtec.cat\/institutescolamossencinto\/wp-json\/wp\/v2\/types\/page"}],"author":[{"embeddable":true,"href":"https:\/\/agora.xtec.cat\/institutescolamossencinto\/wp-json\/wp\/v2\/users\/1"}],"replies":[{"embeddable":true,"href":"https:\/\/agora.xtec.cat\/institutescolamossencinto\/wp-json\/wp\/v2\/comments?post=26"}],"version-history":[{"count":3,"href":"https:\/\/agora.xtec.cat\/institutescolamossencinto\/wp-json\/wp\/v2\/pages\/26\/revisions"}],"predecessor-version":[{"id":8754,"href":"https:\/\/agora.xtec.cat\/institutescolamossencinto\/wp-json\/wp\/v2\/pages\/26\/revisions\/8754"}],"up":[{"embeddable":true,"href":"https:\/\/agora.xtec.cat\/institutescolamossencinto\/wp-json\/wp\/v2\/pages\/22"}],"wp:attachment":[{"href":"https:\/\/agora.xtec.cat\/institutescolamossencinto\/wp-json\/wp\/v2\/media?parent=26"}],"curies":[{"name":"wp","href":"https:\/\/api.w.org\/{rel}","templated":true}]}}