{"id":1612,"date":"2017-10-31T09:56:04","date_gmt":"2017-10-31T08:56:04","guid":{"rendered":"http:\/\/agora.xtec.cat\/institutescolamossencinto\/?page_id=1612"},"modified":"2023-02-23T13:41:12","modified_gmt":"2023-02-23T12:41:12","slug":"linia-educativa","status":"publish","type":"page","link":"https:\/\/agora.xtec.cat\/institutescolamossencinto\/linia-educativa\/","title":{"rendered":"L\u00cdNIA EDUCATIVA"},"content":{"rendered":"<p><a href=\"https:\/\/agora.xtec.cat\/institutescolamossencinto\/wp-content\/uploads\/usu1440\/2023\/02\/Vectors_IE_ampliat.png\"><img loading=\"lazy\" decoding=\"async\" class=\"aligncenter wp-image-8821 size-large\" src=\"https:\/\/agora.xtec.cat\/institutescolamossencinto\/wp-content\/uploads\/usu1440\/2023\/02\/Vectors_IE_ampliat-e1677063070797-1024x504.png\" alt=\"\" width=\"1024\" height=\"504\" srcset=\"https:\/\/agora.xtec.cat\/institutescolamossencinto\/wp-content\/uploads\/usu1440\/2023\/02\/Vectors_IE_ampliat-e1677063070797-1024x504.png 1024w, https:\/\/agora.xtec.cat\/institutescolamossencinto\/wp-content\/uploads\/usu1440\/2023\/02\/Vectors_IE_ampliat-e1677063070797-300x148.png 300w, https:\/\/agora.xtec.cat\/institutescolamossencinto\/wp-content\/uploads\/usu1440\/2023\/02\/Vectors_IE_ampliat-e1677063070797-768x378.png 768w, https:\/\/agora.xtec.cat\/institutescolamossencinto\/wp-content\/uploads\/usu1440\/2023\/02\/Vectors_IE_ampliat-e1677063070797-1536x756.png 1536w, https:\/\/agora.xtec.cat\/institutescolamossencinto\/wp-content\/uploads\/usu1440\/2023\/02\/Vectors_IE_ampliat-e1677063070797.png 2000w\" sizes=\"auto, (max-width: 1024px) 100vw, 1024px\" \/><\/a><\/p>\n<p><span style=\"font-weight: 400;\">Som un centre innovador, inclusiu, que fomenta l\u2019autonomia, la participaci\u00f3 i la responsabilitat compartida entre totes i tots per tal de consolidar els aprenentatges de manera competencial.\u00a0<\/span><\/p>\n<p><span style=\"font-weight: 400;\">Hem marcat una<strong> l\u00ednia pedag\u00f2gica 3-16<\/strong> on donem molta import\u00e0ncia als valors comunitaris,\u00a0 l&#8217;aprenentatge de les\u00a0 lleng\u00fces, de les ci\u00e8ncies, les matem\u00e0tiques i l\u2019\u00fas de les tecnologies, acompanyant el desenvolupament emocional de tot l\u2019alumnat.<\/span><\/p>\n<p><span style=\"font-weight: 400;\">La nostra singularitat s\u00f3n els<strong> projectes que treballem aprofitant l\u2019entorn<\/strong> privilegiat que tenim, el patrimoni cultural i les tradicions del poble. A m\u00e9s, som el poble on va n\u00e9ixer Verdaguer i li dediquem una setmana cada curs per treballar la seva obra.<\/span><\/p>\n<p><span style=\"font-weight: 400;\">Els <strong>punts forts del centre<\/strong> s\u00f3n:<\/span><\/p>\n<ul>\n<li style=\"font-weight: 400;\" aria-level=\"1\"><span style=\"font-weight: 400;\">La <strong>metodologia globalitzada<\/strong> basada en les compet\u00e8ncies del curr\u00edculum i centrada en l\u2019alumnat, utilitzant materials d&#8217;elaboraci\u00f3 pr\u00f2pia.<\/span><\/li>\n<li style=\"font-weight: 400;\" aria-level=\"1\"><span style=\"font-weight: 400;\">L\u2019<strong>avaluaci\u00f3, <\/strong>utilitzant de diferents instruments d\u2019avaluaci\u00f3 formadora i posant en pr\u00e0ctica una valuaci\u00f3 compartida amb alumnes i fam\u00edlies a partir de Cicle Superior.<\/span><\/li>\n<li style=\"font-weight: 400;\" aria-level=\"1\"><span style=\"font-weight: 400;\">Els<strong> lla\u00e7os intergeneracionals<\/strong> entre els diversos cicles, d&#8217;infantil a secund\u00e0ria.<\/span><\/li>\n<li style=\"font-weight: 400;\" aria-level=\"1\">L\u2019<strong>aprenentatge cooperatiu<\/strong>, amb l&#8217;\u00fas d&#8217;estrat\u00e8gies i din\u00e0miques cooperatives al llarg de tots els nivells de l&#8217;etapa educativa.<\/li>\n<li style=\"font-weight: 400;\" aria-level=\"1\"><span style=\"font-weight: 400;\">L\u2019<strong>acci\u00f3 tutorial<\/strong>, mitjan\u00e7ant tutories col\u00b7lectives i individuals, per tal d&#8217;assegurar el bon acompanyament d&#8217;alumnat i fam\u00edlies.<\/span><\/li>\n<li style=\"font-weight: 400;\" aria-level=\"1\"><span style=\"font-weight: 400;\">La import\u00e0ncia de la <strong>codoc\u00e8ncia<\/strong>, recurs present a tots els cursos, que ens permet assegurar la inclusi\u00f3 a les aules i l&#8217;atenci\u00f3 personalitzada de tot l&#8217;alumnat.<\/span><\/li>\n<li style=\"font-weight: 400;\" aria-level=\"1\"><span style=\"font-weight: 400;\">L\u2019<strong>arrelament a l\u2019entorn<\/strong> a partir de la col\u00b7laboraci\u00f3 i participaci\u00f3 amb entitats i institucions del poble.<\/span><\/li>\n<li style=\"font-weight: 400;\" aria-level=\"1\"><span style=\"font-weight: 400;\">La participaci\u00f3 i <strong>implicaci\u00f3 de les fam\u00edlies<\/strong>.<\/span><\/li>\n<li style=\"font-weight: 400;\" aria-level=\"1\">L&#8217;<strong>horari saludable<\/strong>, respectant els temps d\u2019esmorzar i dinar.<\/li>\n<li style=\"font-weight: 400;\" aria-level=\"1\">El foment de l\u2019<strong>h\u00e0bit lector<\/strong>, a partir del Pla Lector i del foment del gust per la lectura.<\/li>\n<li style=\"font-weight: 400;\" aria-level=\"1\">La promoci\u00f3 de les ci\u00e8ncies i les matem\u00e0tiques de forma motivadora i manipulativa.<\/li>\n<\/ul>\n<p style=\"padding-left: 120px;\"><a href=\"https:\/\/agora.xtec.cat\/institutescolamossencinto\/linia-educativa\/com-treballem-a-infantil\/\">Com treballem a Educaci\u00f3 Infantil?<\/a><\/p>\n<p style=\"padding-left: 120px;\"><a href=\"https:\/\/agora.xtec.cat\/institutescolamossencinto\/linia-educativa\/com-treballem-a-primaria\/\">Com treballem a Educaci\u00f3 Prim\u00e0ria?<\/a><\/p>\n<p style=\"padding-left: 120px;\"><a href=\"https:\/\/agora.xtec.cat\/institutescolamossencinto\/linia-educativa\/com-treballem-a-eso\/\">Com treballem a Educaci\u00f3 Secund\u00e0ria?<\/a><\/p>\n","protected":false},"excerpt":{"rendered":"<p>Som un centre innovador, inclusiu, que fomenta l\u2019autonomia, la participaci\u00f3 i la responsabilitat compartida entre totes i tots per tal de consolidar els aprenentatges de manera competencial.\u00a0 Hem marcat una l\u00ednia pedag\u00f2gica 3-16 on donem molta import\u00e0ncia als valors comunitaris,\u00a0 l&#8217;aprenentatge de les\u00a0 lleng\u00fces, de les ci\u00e8ncies, les matem\u00e0tiques i l\u2019\u00fas de les tecnologies, acompanyant [&hellip;]<\/p>\n","protected":false},"author":1,"featured_media":0,"parent":0,"menu_order":0,"comment_status":"closed","ping_status":"closed","template":"page-templates\/side-menu.php","meta":{"_bbp_topic_count":0,"_bbp_reply_count":0,"_bbp_total_topic_count":0,"_bbp_total_reply_count":0,"_bbp_voice_count":0,"_bbp_anonymous_reply_count":0,"_bbp_topic_count_hidden":0,"_bbp_reply_count_hidden":0,"_bbp_forum_subforum_count":0,"site-sidebar-layout":"default","site-content-layout":"","ast-site-content-layout":"","site-content-style":"default","site-sidebar-style":"default","ast-global-header-display":"","ast-banner-title-visibility":"","ast-main-header-display":"","ast-hfb-above-header-display":"","ast-hfb-below-header-display":"","ast-hfb-mobile-header-display":"","site-post-title":"","ast-breadcrumbs-content":"","ast-featured-img":"","footer-sml-layout":"","theme-transparent-header-meta":"","adv-header-id-meta":"","stick-header-meta":"","header-above-stick-meta":"","header-main-stick-meta":"","header-below-stick-meta":"","astra-migrate-meta-layouts":"default","ast-page-background-enabled":"default","ast-page-background-meta":{"desktop":{"background-color":"var(--ast-global-color-4)","background-image":"","background-repeat":"repeat","background-position":"center center","background-size":"auto","background-attachment":"scroll","background-type":"","background-media":"","overlay-type":"","overlay-color":"","overlay-opacity":"","overlay-gradient":""},"tablet":{"background-color":"","background-image":"","background-repeat":"repeat","background-position":"center center","background-size":"auto","background-attachment":"scroll","background-type":"","background-media":"","overlay-type":"","overlay-color":"","overlay-opacity":"","overlay-gradient":""},"mobile":{"background-color":"","background-image":"","background-repeat":"repeat","background-position":"center center","background-size":"auto","background-attachment":"scroll","background-type":"","background-media":"","overlay-type":"","overlay-color":"","overlay-opacity":"","overlay-gradient":""}},"ast-content-background-meta":{"desktop":{"background-color":"var(--ast-global-color-5)","background-image":"","background-repeat":"repeat","background-position":"center center","background-size":"auto","background-attachment":"scroll","background-type":"","background-media":"","overlay-type":"","overlay-color":"","overlay-opacity":"","overlay-gradient":""},"tablet":{"background-color":"var(--ast-global-color-5)","background-image":"","background-repeat":"repeat","background-position":"center center","background-size":"auto","background-attachment":"scroll","background-type":"","background-media":"","overlay-type":"","overlay-color":"","overlay-opacity":"","overlay-gradient":""},"mobile":{"background-color":"var(--ast-global-color-5)","background-image":"","background-repeat":"repeat","background-position":"center center","background-size":"auto","background-attachment":"scroll","background-type":"","background-media":"","overlay-type":"","overlay-color":"","overlay-opacity":"","overlay-gradient":""}},"footnotes":""},"class_list":["post-1612","page","type-page","status-publish","hentry"],"post_mailing_queue_ids":[],"_links":{"self":[{"href":"https:\/\/agora.xtec.cat\/institutescolamossencinto\/wp-json\/wp\/v2\/pages\/1612","targetHints":{"allow":["GET"]}}],"collection":[{"href":"https:\/\/agora.xtec.cat\/institutescolamossencinto\/wp-json\/wp\/v2\/pages"}],"about":[{"href":"https:\/\/agora.xtec.cat\/institutescolamossencinto\/wp-json\/wp\/v2\/types\/page"}],"author":[{"embeddable":true,"href":"https:\/\/agora.xtec.cat\/institutescolamossencinto\/wp-json\/wp\/v2\/users\/1"}],"replies":[{"embeddable":true,"href":"https:\/\/agora.xtec.cat\/institutescolamossencinto\/wp-json\/wp\/v2\/comments?post=1612"}],"version-history":[{"count":4,"href":"https:\/\/agora.xtec.cat\/institutescolamossencinto\/wp-json\/wp\/v2\/pages\/1612\/revisions"}],"predecessor-version":[{"id":8845,"href":"https:\/\/agora.xtec.cat\/institutescolamossencinto\/wp-json\/wp\/v2\/pages\/1612\/revisions\/8845"}],"wp:attachment":[{"href":"https:\/\/agora.xtec.cat\/institutescolamossencinto\/wp-json\/wp\/v2\/media?parent=1612"}],"curies":[{"name":"wp","href":"https:\/\/api.w.org\/{rel}","templated":true}]}}