{"id":1609,"date":"2017-10-31T09:51:51","date_gmt":"2017-10-31T08:51:51","guid":{"rendered":"http:\/\/agora.xtec.cat\/institutescolamossencinto\/?page_id=1609"},"modified":"2020-09-15T13:44:18","modified_gmt":"2020-09-15T11:44:18","slug":"protocol-nevades","status":"publish","type":"page","link":"https:\/\/agora.xtec.cat\/institutescolamossencinto\/lescola\/protocol-nevades\/","title":{"rendered":"Protocol nevades"},"content":{"rendered":"<p>Benvolgudes fam\u00edlies:<\/p>\n<p><strong>Quines seran les nostres actuacions en cas de nevada ( Pla d\u2019emerg\u00e8ncia de l\u2019escola)<\/strong><\/p>\n<p><strong>a.-<\/strong> <strong>Si ha nevat a la nit o b\u00e9 est\u00e0 nevant al mat\u00ed<\/strong>: l\u2019escola conjuntament amb l\u2019Ajuntament, segons el Pla Neu Cat de la Generalitat i les informacions dels mitjans de comunicaci\u00f3, decidir\u00e0 \u00a0si es possible fer les classes amb normalitat o no.<\/p>\n<p><strong>\u00a0<\/strong><strong>b.- Si comen\u00e7a a nevar de manera important un cop comen\u00e7ades les classes<\/strong> i es preveu que es poden col\u00b7lapsar els accessos, cal que totes les fam\u00edlies, que ho tinguin b\u00e9, vinguin a recollir els seus fills\/es\u00a0 i que estiguin al cas del grup de classe de whatsapp.<\/p>\n<p><strong>c.- Si deixa de nevar i l\u2019acc\u00e9s no presenta perill:<\/strong> s\u2019obrir\u00e0 l\u2019escola, per\u00f2 hem de tenir en compte que, tot i estar oberta, segurament no funcionar\u00e0 amb normalitat; no podrem assegurar que els serveis de menjador, extraescolars i vigil\u00e0ncies funcionin correctament i probablement no hi haur\u00e0 ni tots els mestres ni tots els alumnes.<\/p>\n<p>Per tal d\u2019evitar el col\u00b7lapse de les l\u00ednies telef\u00f2niques de l\u2019escola haureu d\u2019estar al cas del grup de whatsapp de la classe, des d\u2019on la vostra delegada, tal i com es va informar a la reuni\u00f3 d\u2019inici de curs, informar\u00e0 de la presa de decisions sobre el funcionament de l\u2019escola.<\/p>\n<p>Moltes gr\u00e0cies<\/p>\n<p>Equip Directiu i coordinador de riscos laborals<\/p>\n","protected":false},"excerpt":{"rendered":"<p>Benvolgudes fam\u00edlies: Quines seran les nostres actuacions en cas de nevada ( Pla d\u2019emerg\u00e8ncia de l\u2019escola) a.- Si ha nevat a la nit o b\u00e9 est\u00e0 nevant al mat\u00ed: l\u2019escola conjuntament amb l\u2019Ajuntament, segons el Pla Neu Cat de la Generalitat i les informacions dels mitjans de comunicaci\u00f3, decidir\u00e0 \u00a0si es possible fer les classes [&hellip;]<\/p>\n","protected":false},"author":1,"featured_media":0,"parent":22,"menu_order":100,"comment_status":"closed","ping_status":"closed","template":"page-templates\/side-menu.php","meta":{"_bbp_topic_count":0,"_bbp_reply_count":0,"_bbp_total_topic_count":0,"_bbp_total_reply_count":0,"_bbp_voice_count":0,"_bbp_anonymous_reply_count":0,"_bbp_topic_count_hidden":0,"_bbp_reply_count_hidden":0,"_bbp_forum_subforum_count":0,"site-sidebar-layout":"default","site-content-layout":"","ast-site-content-layout":"","site-content-style":"default","site-sidebar-style":"default","ast-global-header-display":"","ast-banner-title-visibility":"","ast-main-header-display":"","ast-hfb-above-header-display":"","ast-hfb-below-header-display":"","ast-hfb-mobile-header-display":"","site-post-title":"","ast-breadcrumbs-content":"","ast-featured-img":"","footer-sml-layout":"","theme-transparent-header-meta":"","adv-header-id-meta":"","stick-header-meta":"","header-above-stick-meta":"","header-main-stick-meta":"","header-below-stick-meta":"","astra-migrate-meta-layouts":"default","ast-page-background-enabled":"default","ast-page-background-meta":{"desktop":{"background-color":"var(--ast-global-color-4)","background-image":"","background-repeat":"repeat","background-position":"center center","background-size":"auto","background-attachment":"scroll","background-type":"","background-media":"","overlay-type":"","overlay-color":"","overlay-opacity":"","overlay-gradient":""},"tablet":{"background-color":"","background-image":"","background-repeat":"repeat","background-position":"center center","background-size":"auto","background-attachment":"scroll","background-type":"","background-media":"","overlay-type":"","overlay-color":"","overlay-opacity":"","overlay-gradient":""},"mobile":{"background-color":"","background-image":"","background-repeat":"repeat","background-position":"center center","background-size":"auto","background-attachment":"scroll","background-type":"","background-media":"","overlay-type":"","overlay-color":"","overlay-opacity":"","overlay-gradient":""}},"ast-content-background-meta":{"desktop":{"background-color":"var(--ast-global-color-5)","background-image":"","background-repeat":"repeat","background-position":"center center","background-size":"auto","background-attachment":"scroll","background-type":"","background-media":"","overlay-type":"","overlay-color":"","overlay-opacity":"","overlay-gradient":""},"tablet":{"background-color":"var(--ast-global-color-5)","background-image":"","background-repeat":"repeat","background-position":"center center","background-size":"auto","background-attachment":"scroll","background-type":"","background-media":"","overlay-type":"","overlay-color":"","overlay-opacity":"","overlay-gradient":""},"mobile":{"background-color":"var(--ast-global-color-5)","background-image":"","background-repeat":"repeat","background-position":"center center","background-size":"auto","background-attachment":"scroll","background-type":"","background-media":"","overlay-type":"","overlay-color":"","overlay-opacity":"","overlay-gradient":""}},"footnotes":""},"class_list":["post-1609","page","type-page","status-publish","hentry"],"post_mailing_queue_ids":[],"_links":{"self":[{"href":"https:\/\/agora.xtec.cat\/institutescolamossencinto\/wp-json\/wp\/v2\/pages\/1609","targetHints":{"allow":["GET"]}}],"collection":[{"href":"https:\/\/agora.xtec.cat\/institutescolamossencinto\/wp-json\/wp\/v2\/pages"}],"about":[{"href":"https:\/\/agora.xtec.cat\/institutescolamossencinto\/wp-json\/wp\/v2\/types\/page"}],"author":[{"embeddable":true,"href":"https:\/\/agora.xtec.cat\/institutescolamossencinto\/wp-json\/wp\/v2\/users\/1"}],"replies":[{"embeddable":true,"href":"https:\/\/agora.xtec.cat\/institutescolamossencinto\/wp-json\/wp\/v2\/comments?post=1609"}],"version-history":[{"count":3,"href":"https:\/\/agora.xtec.cat\/institutescolamossencinto\/wp-json\/wp\/v2\/pages\/1609\/revisions"}],"predecessor-version":[{"id":4265,"href":"https:\/\/agora.xtec.cat\/institutescolamossencinto\/wp-json\/wp\/v2\/pages\/1609\/revisions\/4265"}],"up":[{"embeddable":true,"href":"https:\/\/agora.xtec.cat\/institutescolamossencinto\/wp-json\/wp\/v2\/pages\/22"}],"wp:attachment":[{"href":"https:\/\/agora.xtec.cat\/institutescolamossencinto\/wp-json\/wp\/v2\/media?parent=1609"}],"curies":[{"name":"wp","href":"https:\/\/api.w.org\/{rel}","templated":true}]}}