{"id":10514,"date":"2024-10-21T14:49:09","date_gmt":"2024-10-21T12:49:09","guid":{"rendered":"https:\/\/agora.xtec.cat\/institutescolamossencinto\/?page_id=10514"},"modified":"2025-10-09T12:24:24","modified_gmt":"2025-10-09T10:24:24","slug":"plamib","status":"publish","type":"page","link":"https:\/\/agora.xtec.cat\/institutescolamossencinto\/projecte-educatiu\/plamib\/","title":{"rendered":"PLA DE MILLORA DE LA BIBLIOTECA (PLAMIB)"},"content":{"rendered":"<p>El nostre centre ha estat seleccionat per participar del PLAMIB, establert al Pla nacional del llibre i la lectura de Catalunya 2023-2030, com a eina que ha de permetre millorar i reactivar les biblioteques escolars, s\u2019aprova l\u2019ACORD GOV\/213\/2023, de 24 d&#8217;octubre, pel qual es crea el programa temporal del Pla de millora de les biblioteques escolars de Catalunya (PLAMIB), del Departament d&#8217;Educaci\u00f3. Aix\u00f2 ens permetr\u00e0 poder millorar l&#8217;espai i dinamitzaci\u00f3 de la biblioteca escolar per tal que doni resposta al projecte educatiu de centre. Es basa en l&#8217;impuls de xarxes territorials, fent visibles bones pr\u00e0ctiques, dotant les biblioteques de recursos, i posant \u00e8mfasi en la formaci\u00f3 dels docents en la gesti\u00f3 i l\u2019\u00fas de les biblioteques escolars.<\/p>\n<p>En aquest proc\u00e9s de millora, rebem l&#8217;assessorament i acompanyament de la bibliotecaria adscrita als serveis educatius i que tamb\u00e9 dinamitza el treball en xarxa. A nivell de centre, hem creat un equip impulsor que juntament amb la coordinadora del projecte porten a teme les noves millores. La majoria del claustre participa a una formaci\u00f3 interna sobre la biblioteca per poder ser part\u00edcep del projecte i fer-lo arribar a l&#8217;alumnat.<\/p>\n<p>Si vols veure els articles de la nostra biblioteca fes clic <a href=\"https:\/\/agora.xtec.cat\/institutescolamossencinto\/categoria\/biblioteca\/\">aqu\u00ed<\/a>.<\/p>\n","protected":false},"excerpt":{"rendered":"<p>El nostre centre ha estat seleccionat per participar del PLAMIB, establert al Pla nacional del llibre i la lectura de Catalunya 2023-2030, com a eina que ha de permetre millorar i reactivar les biblioteques escolars, s\u2019aprova l\u2019ACORD GOV\/213\/2023, de 24 d&#8217;octubre, pel qual es crea el programa temporal del Pla de millora de les biblioteques [&hellip;]<\/p>\n","protected":false},"author":1,"featured_media":0,"parent":64,"menu_order":18,"comment_status":"closed","ping_status":"closed","template":"","meta":{"_bbp_topic_count":0,"_bbp_reply_count":0,"_bbp_total_topic_count":0,"_bbp_total_reply_count":0,"_bbp_voice_count":0,"_bbp_anonymous_reply_count":0,"_bbp_topic_count_hidden":0,"_bbp_reply_count_hidden":0,"_bbp_forum_subforum_count":0,"site-sidebar-layout":"default","site-content-layout":"","ast-site-content-layout":"default","site-content-style":"default","site-sidebar-style":"default","ast-global-header-display":"","ast-banner-title-visibility":"","ast-main-header-display":"","ast-hfb-above-header-display":"","ast-hfb-below-header-display":"","ast-hfb-mobile-header-display":"","site-post-title":"","ast-breadcrumbs-content":"","ast-featured-img":"","footer-sml-layout":"","theme-transparent-header-meta":"default","adv-header-id-meta":"","stick-header-meta":"","header-above-stick-meta":"","header-main-stick-meta":"","header-below-stick-meta":"","astra-migrate-meta-layouts":"set","ast-page-background-enabled":"default","ast-page-background-meta":{"desktop":{"background-color":"var(--ast-global-color-4)","background-image":"","background-repeat":"repeat","background-position":"center center","background-size":"auto","background-attachment":"scroll","background-type":"","background-media":"","overlay-type":"","overlay-color":"","overlay-opacity":"","overlay-gradient":""},"tablet":{"background-color":"","background-image":"","background-repeat":"repeat","background-position":"center center","background-size":"auto","background-attachment":"scroll","background-type":"","background-media":"","overlay-type":"","overlay-color":"","overlay-opacity":"","overlay-gradient":""},"mobile":{"background-color":"","background-image":"","background-repeat":"repeat","background-position":"center center","background-size":"auto","background-attachment":"scroll","background-type":"","background-media":"","overlay-type":"","overlay-color":"","overlay-opacity":"","overlay-gradient":""}},"ast-content-background-meta":{"desktop":{"background-color":"var(--ast-global-color-5)","background-image":"","background-repeat":"repeat","background-position":"center center","background-size":"auto","background-attachment":"scroll","background-type":"","background-media":"","overlay-type":"","overlay-color":"","overlay-opacity":"","overlay-gradient":""},"tablet":{"background-color":"var(--ast-global-color-5)","background-image":"","background-repeat":"repeat","background-position":"center center","background-size":"auto","background-attachment":"scroll","background-type":"","background-media":"","overlay-type":"","overlay-color":"","overlay-opacity":"","overlay-gradient":""},"mobile":{"background-color":"var(--ast-global-color-5)","background-image":"","background-repeat":"repeat","background-position":"center center","background-size":"auto","background-attachment":"scroll","background-type":"","background-media":"","overlay-type":"","overlay-color":"","overlay-opacity":"","overlay-gradient":""}},"footnotes":""},"class_list":["post-10514","page","type-page","status-publish","hentry"],"post_mailing_queue_ids":[],"_links":{"self":[{"href":"https:\/\/agora.xtec.cat\/institutescolamossencinto\/wp-json\/wp\/v2\/pages\/10514","targetHints":{"allow":["GET"]}}],"collection":[{"href":"https:\/\/agora.xtec.cat\/institutescolamossencinto\/wp-json\/wp\/v2\/pages"}],"about":[{"href":"https:\/\/agora.xtec.cat\/institutescolamossencinto\/wp-json\/wp\/v2\/types\/page"}],"author":[{"embeddable":true,"href":"https:\/\/agora.xtec.cat\/institutescolamossencinto\/wp-json\/wp\/v2\/users\/1"}],"replies":[{"embeddable":true,"href":"https:\/\/agora.xtec.cat\/institutescolamossencinto\/wp-json\/wp\/v2\/comments?post=10514"}],"version-history":[{"count":6,"href":"https:\/\/agora.xtec.cat\/institutescolamossencinto\/wp-json\/wp\/v2\/pages\/10514\/revisions"}],"predecessor-version":[{"id":11203,"href":"https:\/\/agora.xtec.cat\/institutescolamossencinto\/wp-json\/wp\/v2\/pages\/10514\/revisions\/11203"}],"up":[{"embeddable":true,"href":"https:\/\/agora.xtec.cat\/institutescolamossencinto\/wp-json\/wp\/v2\/pages\/64"}],"wp:attachment":[{"href":"https:\/\/agora.xtec.cat\/institutescolamossencinto\/wp-json\/wp\/v2\/media?parent=10514"}],"curies":[{"name":"wp","href":"https:\/\/api.w.org\/{rel}","templated":true}]}}