{"id":10495,"date":"2024-10-11T12:59:06","date_gmt":"2024-10-11T10:59:06","guid":{"rendered":"https:\/\/agora.xtec.cat\/institutescolamossencinto\/?page_id=10495"},"modified":"2024-10-11T13:12:11","modified_gmt":"2024-10-11T11:12:11","slug":"procediment-del-dret-a-manifestacio-de-lalumnat","status":"publish","type":"page","link":"https:\/\/agora.xtec.cat\/institutescolamossencinto\/secretaria-2\/procediment-del-dret-a-manifestacio-de-lalumnat\/","title":{"rendered":"Procediment pel dret a manifestaci\u00f3 de l&#8217;alumnat"},"content":{"rendered":"<p>D\u2019acord amb les pautes que fixa\u00a0<a href=\"https:\/\/drive.google.com\/file\/d\/1X0gWralvGEVSnUog6b95itEMe9MNWYSz\/view\">l\u2019article 24 del Decret d\u2019Autonomia de centres educatius 102\/2010 de 3 d\u2019agost<\/a>\u00a0i\u00a0<a href=\"https:\/\/drive.google.com\/file\/d\/1KvDGy04FF6meLEae-jddMcG3kUWM--ZX\/view?pli=1\">Decret 279\/2006, de 4 de juliol, sobre drets i deures de l\u2019alumnat i regulaci\u00f3 de la conviv\u00e8ncia en els centres educatius no universitaris de Catalunya (Article 32. Decisions sobre l\u2019assist\u00e8ncia a classe<\/a>),\u00a0 on es determina que, a partir de tercer curs d\u2019Educaci\u00f3 Secund\u00e0ria Obligat\u00f2ria, l\u2019alumnat podr\u00e0 prendre decisions col\u00b7lectives adoptades en relaci\u00f3 amb la seva assist\u00e8ncia a classe en exercici del dret de reuni\u00f3. Pr\u00e8viament comunicades a la direcci\u00f3 del centre, amb la corresponent autoritzaci\u00f3 de les fam\u00edlies i seguint, tamb\u00e9, les normes recollides a les NOFC del centre, aprovades pel Consell Escolar.<\/p>\n<p>Aquestes jornades de manifestaci\u00f3 s\u00f3n convocades pels alumnes, sense que el personal docent i no docent de l\u2019Institut hi prengui part.<\/p>\n<p>En cas de convocato\u0300ria de manifestacio\u0301 o vaga d\u2019alumnes de 3r i 4t d\u00b4ESO en horari escolar, aquests hauran de seguir les segu\u0308ents pautes:<\/p>\n<ol>\n<li>Reunio\u0301 del consell de delegats per valorar la situacio\u0301, en cas que\u0300 el consell de delegats cregui convenient fer efectiva la convocato\u0300ria, cada delegat ha de fer una votacio\u0301 d\u2019alumnes a la seva classe, aixecant acta dels vots a favor, vots en contra i abstencions.<\/li>\n<li>Cada classe debatr\u00e0 sobre l\u2019adhesi\u00f3 o no a la convocat\u00f2ria de vaga i far\u00e0 arribar a la direcci\u00f3 l\u2019acta amb la signatura dels alumnes que s\u2019adhereixen. En aquesta acta, ha de figurar: el dia i les hores de la convocat\u00f2ria de vaga, els actes previstos, els motius de la vaga i els fulls amb les signatures dels alumnes que s\u2019adhereixen a la convocat\u00f2ria.<\/li>\n<li>Cal baixar l\u2019acta a direcci\u00f3 amb 48 hores d\u2019antelacio\u0301 per tal d\u2019oficialitzar la proposta de vaga.<\/li>\n<li>La directora comunicara\u0300 als pares i professors que els alumnes han decidit fer vaga.<\/li>\n<li>Els pares o tutors legals de l&#8217;alumnat de 3r i 4t d\u2019ESO, menors d\u2019edat, hauran de signar una autoritzaci\u00f3 per TPV, per tal que el seu fill\/a es pugui absentar del centre en les condicions abans esmentades.<\/li>\n<li>Durant l\u2019exercici del dret de vaga \u00e9s responsabilitat dels pares que els han autoritzat a exercir-la el que facin els seus fills. El centre no t\u00e9 cap responsabilitat en cas d\u2019inassist\u00e8ncia de l\u2019alumnat.<\/li>\n<li>En cas que el dia de la vaga hi hagu\u00e9s algun examen o prova convocada anteriorment, s\u2019ajornar\u00e0 aquesta prova fins el proper dia de classe de l\u2019\u00e0mbit.<\/li>\n<li>Els estudiants que no vulguin fer vaga tenen dret a assistir a classe per participar amb normalitat en l\u2019activitat acade\u0300mica.<\/li>\n<li>El professorat haur\u00e0 de complir amb el seu horari habitual, passaran llista a totes les seves classes i anotaran les faltes d\u2019assist\u00e8ncia, que despr\u00e9s seran comprovades amb els justificants abans esmentats.<\/li>\n<li>La Direcci\u00f3 nom\u00e9s acceptar\u00e0 les vagues convocades oficialment des del Sindicat d\u2019Estudiants.<\/li>\n<\/ol>\n","protected":false},"excerpt":{"rendered":"<p>D\u2019acord amb les pautes que fixa\u00a0l\u2019article 24 del Decret d\u2019Autonomia de centres educatius 102\/2010 de 3 d\u2019agost\u00a0i\u00a0Decret 279\/2006, de 4 de juliol, sobre drets i deures de l\u2019alumnat i regulaci\u00f3 de la conviv\u00e8ncia en els centres educatius no universitaris de Catalunya (Article 32. Decisions sobre l\u2019assist\u00e8ncia a classe),\u00a0 on es determina que, a partir de [&hellip;]<\/p>\n","protected":false},"author":1,"featured_media":0,"parent":5274,"menu_order":0,"comment_status":"closed","ping_status":"closed","template":"","meta":{"_bbp_topic_count":0,"_bbp_reply_count":0,"_bbp_total_topic_count":0,"_bbp_total_reply_count":0,"_bbp_voice_count":0,"_bbp_anonymous_reply_count":0,"_bbp_topic_count_hidden":0,"_bbp_reply_count_hidden":0,"_bbp_forum_subforum_count":0,"site-sidebar-layout":"default","site-content-layout":"","ast-site-content-layout":"","site-content-style":"default","site-sidebar-style":"default","ast-global-header-display":"","ast-banner-title-visibility":"","ast-main-header-display":"","ast-hfb-above-header-display":"","ast-hfb-below-header-display":"","ast-hfb-mobile-header-display":"","site-post-title":"","ast-breadcrumbs-content":"","ast-featured-img":"","footer-sml-layout":"","theme-transparent-header-meta":"","adv-header-id-meta":"","stick-header-meta":"","header-above-stick-meta":"","header-main-stick-meta":"","header-below-stick-meta":"","astra-migrate-meta-layouts":"default","ast-page-background-enabled":"default","ast-page-background-meta":{"desktop":{"background-color":"var(--ast-global-color-4)","background-image":"","background-repeat":"repeat","background-position":"center center","background-size":"auto","background-attachment":"scroll","background-type":"","background-media":"","overlay-type":"","overlay-color":"","overlay-opacity":"","overlay-gradient":""},"tablet":{"background-color":"","background-image":"","background-repeat":"repeat","background-position":"center center","background-size":"auto","background-attachment":"scroll","background-type":"","background-media":"","overlay-type":"","overlay-color":"","overlay-opacity":"","overlay-gradient":""},"mobile":{"background-color":"","background-image":"","background-repeat":"repeat","background-position":"center center","background-size":"auto","background-attachment":"scroll","background-type":"","background-media":"","overlay-type":"","overlay-color":"","overlay-opacity":"","overlay-gradient":""}},"ast-content-background-meta":{"desktop":{"background-color":"var(--ast-global-color-5)","background-image":"","background-repeat":"repeat","background-position":"center center","background-size":"auto","background-attachment":"scroll","background-type":"","background-media":"","overlay-type":"","overlay-color":"","overlay-opacity":"","overlay-gradient":""},"tablet":{"background-color":"var(--ast-global-color-5)","background-image":"","background-repeat":"repeat","background-position":"center center","background-size":"auto","background-attachment":"scroll","background-type":"","background-media":"","overlay-type":"","overlay-color":"","overlay-opacity":"","overlay-gradient":""},"mobile":{"background-color":"var(--ast-global-color-5)","background-image":"","background-repeat":"repeat","background-position":"center center","background-size":"auto","background-attachment":"scroll","background-type":"","background-media":"","overlay-type":"","overlay-color":"","overlay-opacity":"","overlay-gradient":""}},"footnotes":""},"class_list":["post-10495","page","type-page","status-publish","hentry"],"post_mailing_queue_ids":[],"_links":{"self":[{"href":"https:\/\/agora.xtec.cat\/institutescolamossencinto\/wp-json\/wp\/v2\/pages\/10495","targetHints":{"allow":["GET"]}}],"collection":[{"href":"https:\/\/agora.xtec.cat\/institutescolamossencinto\/wp-json\/wp\/v2\/pages"}],"about":[{"href":"https:\/\/agora.xtec.cat\/institutescolamossencinto\/wp-json\/wp\/v2\/types\/page"}],"author":[{"embeddable":true,"href":"https:\/\/agora.xtec.cat\/institutescolamossencinto\/wp-json\/wp\/v2\/users\/1"}],"replies":[{"embeddable":true,"href":"https:\/\/agora.xtec.cat\/institutescolamossencinto\/wp-json\/wp\/v2\/comments?post=10495"}],"version-history":[{"count":2,"href":"https:\/\/agora.xtec.cat\/institutescolamossencinto\/wp-json\/wp\/v2\/pages\/10495\/revisions"}],"predecessor-version":[{"id":10497,"href":"https:\/\/agora.xtec.cat\/institutescolamossencinto\/wp-json\/wp\/v2\/pages\/10495\/revisions\/10497"}],"up":[{"embeddable":true,"href":"https:\/\/agora.xtec.cat\/institutescolamossencinto\/wp-json\/wp\/v2\/pages\/5274"}],"wp:attachment":[{"href":"https:\/\/agora.xtec.cat\/institutescolamossencinto\/wp-json\/wp\/v2\/media?parent=10495"}],"curies":[{"name":"wp","href":"https:\/\/api.w.org\/{rel}","templated":true}]}}