{"id":10075,"date":"2024-04-04T20:11:55","date_gmt":"2024-04-04T18:11:55","guid":{"rendered":"https:\/\/agora.xtec.cat\/institutescolamossencinto\/?page_id=10075"},"modified":"2025-07-01T20:00:31","modified_gmt":"2025-07-01T18:00:31","slug":"projecte-perfils","status":"publish","type":"page","link":"https:\/\/agora.xtec.cat\/institutescolamossencinto\/projecte-educatiu\/projecte-perfils\/","title":{"rendered":"PROJECTE PERFILS"},"content":{"rendered":"<p>El Projecte Perfils va sorgir a partir del projecte de documentals \u201cFes-ho Mirar\u201d, liderat pel programa de joventut de la <a href=\"https:\/\/www.mancoplana.cat\/mancomunitat\/plans-campanyes-i-programes\/167-convivencia\/projecte-perfils-apropament-al-fet-migratori.html\">Mancomunitat La Plana<\/a>, amb el que es va detectar la poca informaci\u00f3 fidedigna i l&#8217;exist\u00e8ncia de molts prejudicis envers el col\u00b7lectiu d&#8217;immigrants. Des de fa m\u00e9s de 10 anys, el contingut a transmetre es fa a partir de<strong> xerrades<\/strong>, <strong>tallers<\/strong> i <strong>entrevistes<\/strong>.<\/p>\n<div class=\"image-title-wrapper\">\n<div class=\"image-title sqs-dynamic-text\" data-width-percentage=\"41.7\"><\/div>\n<\/div>\n<div class=\"image-subtitle-wrapper\">\n<div class=\"image-subtitle sqs-dynamic-text\" data-width-percentage=\"41.7\">\n<p class=\"preFade fadeIn\">En gaireb\u00e9 totes les activitats s\u2019utilitza una <strong>metodologia participativa <\/strong>per tal de fomentar la <strong>reflexi\u00f3<\/strong>, sobretot en la fase d\u2019elaboraci\u00f3 de les entrevistes, en l\u2019execuci\u00f3 d\u2019aquestes, i als tallers.<\/p>\n<p>Aqu\u00ed us deixem els diferents v\u00eddeos del curs 24-25 que han fet els alumnes de 2n d&#8217;ESO:<\/p>\n<p><span class=\"aZo\"><a class=\"aQy aZR e aZr\" tabindex=\"0\" role=\"link\" href=\"https:\/\/www.youtube.com\/watch?v=GvbBoOeUYCE&amp;authuser=0\" target=\"_blank\" rel=\"noopener\" data-tooltip-align=\"t,c\" data-tooltip-class=\"a1V\" data-tooltip=\"Entrevista a en Manuel de Vene\u00e7uela - Perfils 2025 \u2013 Institut-Escola Moss\u00e8n Cinto de Folgueroles\"><span id=\":174\" class=\"a3I\">Vista pr\u00e8via del v\u00eddeo Entrevista a en Manuel de Vene\u00e7uela &#8211; Perfils 2025 \u2013 Institut-Escola Moss\u00e8n Cinto de Folgueroles de YouTube.<\/span><\/a><\/span><\/p>\n<p><img loading=\"lazy\" decoding=\"async\" id=\":171\" class=\"aQG aYB\" src=\"https:\/\/i.ytimg.com\/vi\/GvbBoOeUYCE\/mqdefault.jpg\" width=\"231\" height=\"130\" \/><\/p>\n<p><span class=\"aZo\"><a class=\"aQy aZR e aZr\" tabindex=\"0\" role=\"link\" href=\"https:\/\/www.youtube.com\/watch?v=twtNLV95fmU&amp;authuser=0\" target=\"_blank\" rel=\"noopener\" data-tooltip-align=\"t,c\" data-tooltip-class=\"a1V\" data-tooltip=\"Entrevista a l'Ajo de Senegal - Perfils 2025 \u2013 Institut-Escola Moss\u00e8n Cinto de Folgueroles\"><span id=\":17d\" class=\"a3I\">Vista pr\u00e8via del v\u00eddeo Entrevista a l&#8217;Ajo de Senegal &#8211; Perfils 2025 \u2013 Institut-Escola Moss\u00e8n Cinto de Folgueroles de YouTube.<\/span><\/a><\/span><\/p>\n<p><img loading=\"lazy\" decoding=\"async\" id=\":17a\" class=\"aQG aYB\" src=\"https:\/\/i.ytimg.com\/vi\/twtNLV95fmU\/mqdefault.jpg\" width=\"231\" height=\"130\" \/><\/p>\n<div aria-hidden=\"true\">\n<div class=\"aSH\">\n<div id=\":17i\" class=\"aYy\">\n<div class=\"aYA\"><a class=\"aQy aZR e aZr\" style=\"font-family: inherit; font-size: 1em;\" tabindex=\"0\" role=\"link\" href=\"https:\/\/www.youtube.com\/watch?v=B1wCfqaYmpY&amp;authuser=0\" target=\"_blank\" rel=\"noopener\" data-tooltip-align=\"t,c\" data-tooltip-class=\"a1V\" data-tooltip=\"Entrevista a la Denys de Vene\u00e7uela - Perfils 2025 \u2013 Institut-Escola Moss\u00e8n Cinto de Folgueroles\"><span id=\":17m\" class=\"a3I\">Vista pr\u00e8via del v\u00eddeo Entrevista a la Denys de Vene\u00e7uela &#8211; Perfils 2025 \u2013 Institut-Escola Moss\u00e8n Cinto de Folgueroles de YouTube.<\/span><\/a><\/div>\n<\/div>\n<\/div>\n<\/div>\n<div aria-hidden=\"true\">\n<div class=\"aVY aZn\">\n<div class=\"aZm\"><\/div>\n<\/div>\n<div class=\"aSH\"><img loading=\"lazy\" decoding=\"async\" id=\":17j\" class=\"aQG aYB\" src=\"https:\/\/i.ytimg.com\/vi\/B1wCfqaYmpY\/mqdefault.jpg\" width=\"231\" height=\"130\" \/><\/p>\n<div id=\":17r\" class=\"aYy\">\n<div><\/div>\n<div class=\"aYA\"><a class=\"aQy aZR e aZr\" style=\"font-family: inherit; font-size: 1em;\" tabindex=\"0\" role=\"link\" href=\"https:\/\/www.youtube.com\/watch?v=ztrduyRfjn0&amp;authuser=0\" target=\"_blank\" rel=\"noopener\" data-tooltip-align=\"t,c\" data-tooltip-class=\"a1V\" data-tooltip=\"Entrevista a la J\u00f3selin de Brasil - Perfils 2025 \u2013 Institut-Escola Moss\u00e8n Cinto de Folgueroles\"><span id=\":17v\" class=\"a3I\">Vista pr\u00e8via del v\u00eddeo Entrevista a la J\u00f3selin de Brasil &#8211; Perfils 2025 \u2013 Institut-Escola Moss\u00e8n Cinto de Folgueroles de YouTube.<\/span><\/a><\/div>\n<\/div>\n<\/div>\n<\/div>\n<div aria-hidden=\"true\">\n<div class=\"aVY aZn\">\n<div class=\"aZm\"><\/div>\n<\/div>\n<div class=\"aSH\"><img loading=\"lazy\" decoding=\"async\" id=\":17s\" class=\"aQG aYB\" src=\"https:\/\/i.ytimg.com\/vi\/ztrduyRfjn0\/mqdefault.jpg\" width=\"235\" height=\"132\" \/><\/p>\n<div id=\":180\" class=\"aYy\">\n<div class=\"aYA\"><\/div>\n<\/div>\n<\/div>\n<\/div>\n<p><span class=\"aZo\"><a class=\"aQy aZR e aZr\" tabindex=\"0\" role=\"link\" href=\"https:\/\/www.youtube.com\/watch?v=XDkYdTAJhNk&amp;authuser=0\" target=\"_blank\" rel=\"noopener\" data-tooltip-align=\"t,c\" data-tooltip-class=\"a1V\" data-tooltip=\"Entrevista a en Krzysztof de Pol\u00f2nia - Perfils 2025 \u2013 Institut-Escola Moss\u00e8n Cinto de Folgueroles\"><span id=\":184\" class=\"a3I\">Vista pr\u00e8via del v\u00eddeo Entrevista a en Krzysztof de Pol\u00f2nia &#8211; Perfils 2025 \u2013 Institut-Escola Moss\u00e8n Cinto de Folgueroles de YouTube.<\/span><\/a><\/span><\/p>\n<div aria-hidden=\"true\">\n<div class=\"aSH\"><img loading=\"lazy\" decoding=\"async\" id=\":181\" class=\"aQG aYB\" src=\"https:\/\/i.ytimg.com\/vi\/XDkYdTAJhNk\/mqdefault.jpg\" width=\"240\" height=\"135\" \/><\/p>\n<div id=\":189\" class=\"aYy\">\n<div class=\"aYA\"><\/div>\n<\/div>\n<\/div>\n<\/div>\n<p><span class=\"aZo aZp\"><a class=\"aQy aZR e aZr\" tabindex=\"0\" role=\"link\" href=\"https:\/\/www.youtube.com\/watch?v=6d3ZGRcHMmU&amp;authuser=0\" target=\"_blank\" rel=\"noopener\" data-tooltip-align=\"t,c\" data-tooltip-class=\"a1V\" data-tooltip=\"Entrevista a la Juliette de Fran\u00e7a - Perfils 2025 \u2013 Institut-Escola Moss\u00e8n Cinto de Folgueroles\"><span id=\":18d\" class=\"a3I\">Vista pr\u00e8via del v\u00eddeo Entrevista a la Juliette de Fran\u00e7a &#8211; Perfils 2025 \u2013 Institut-Escola Moss\u00e8n Cinto de Folgueroles de YouTube.<\/span><\/a><\/span><\/p>\n<div aria-hidden=\"true\">\n<div class=\"aSH\"><img loading=\"lazy\" decoding=\"async\" id=\":18a\" class=\"aQG aYB\" src=\"https:\/\/i.ytimg.com\/vi\/6d3ZGRcHMmU\/mqdefault.jpg\" width=\"236\" height=\"133\" \/><\/p>\n<div id=\":18i\" class=\"aYy\">\n<div class=\"aYz\">\n<div class=\"a11\"><img decoding=\"async\" class=\"aZS\" src=\"https:\/\/ssl.gstatic.com\/ui\/v1\/icons\/mail\/images\/cleardot.gif\" \/><\/div>\n<\/div>\n<\/div>\n<\/div>\n<div class=\"aSI\">\n<div id=\":18b\" class=\"aSJ\"><a class=\"aQy aZR e aZr\" style=\"font-family: inherit; font-size: 1em;\" tabindex=\"0\" role=\"link\" href=\"https:\/\/www.youtube.com\/watch?v=RUvvVLUJ1w8&amp;authuser=0\" target=\"_blank\" rel=\"noopener\" data-tooltip-align=\"t,c\" data-tooltip-class=\"a1V\" data-tooltip=\"Entrevista a en Graeme d'Irlanda - Perfils 2025 \u2013 Institut-Escola Moss\u00e8n Cinto de Folgueroles\"><span id=\":18m\" class=\"a3I\">Vista pr\u00e8via del v\u00eddeo Entrevista a en Graeme d&#8217;Irlanda &#8211; Perfils 2025 \u2013 Institut-Escola Moss\u00e8n Cinto de Folgueroles de YouTube.<\/span><\/a><\/div>\n<\/div>\n<\/div>\n<div aria-hidden=\"true\">\n<div class=\"aSG\"><\/div>\n<div class=\"aSH\"><img loading=\"lazy\" decoding=\"async\" id=\":18j\" class=\"aQG aYB\" src=\"https:\/\/i.ytimg.com\/vi\/RUvvVLUJ1w8\/mqdefault.jpg\" width=\"235\" height=\"132\" \/><\/p>\n<div id=\":18r\" class=\"aYy\">\n<div class=\"aYA\"><\/div>\n<\/div>\n<\/div>\n<\/div>\n<p><span class=\"aZo\"><a class=\"aQy aZR e aZr\" tabindex=\"0\" role=\"link\" href=\"https:\/\/www.youtube.com\/watch?v=zVzLtmSvKEc&amp;authuser=0\" target=\"_blank\" rel=\"noopener\" data-tooltip-align=\"t,c\" data-tooltip-class=\"a1V\" data-tooltip=\"Entrevista a la Jing de Xina - Perfils 2025 \u2013 Institut-Escola Moss\u00e8n Cinto de Folgueroles\"><span id=\":18v\" class=\"a3I\">Vista pr\u00e8via del v\u00eddeo Entrevista a la Jing de Xina &#8211; Perfils 2025 \u2013 Institut-Escola Moss\u00e8n Cinto de Folgueroles de YouTube.<\/span><\/a><\/span><\/p>\n<div aria-hidden=\"true\">\n<div class=\"aSH\"><img loading=\"lazy\" decoding=\"async\" id=\":18s\" class=\"aQG aYB\" src=\"https:\/\/i.ytimg.com\/vi\/zVzLtmSvKEc\/mqdefault.jpg\" width=\"236\" height=\"133\" \/><\/p>\n<div id=\":190\" class=\"aYy\">\n<div class=\"aYA\"><\/div>\n<\/div>\n<\/div>\n<\/div>\n<p><span class=\"aZo\"><a class=\"aQy aZR e aZr\" tabindex=\"0\" role=\"link\" href=\"https:\/\/www.youtube.com\/watch?v=GU94kAIsBOA&amp;authuser=0\" target=\"_blank\" rel=\"noopener\" data-tooltip-align=\"t,c\" data-tooltip-class=\"a1V\" data-tooltip=\"Entrevista a la Nicoleta de Romania - Perfils 2025 \u2013 Institut-Escola Moss\u00e8n Cinto de Folgueroles\"><span id=\":194\" class=\"a3I\">Vista pr\u00e8via del v\u00eddeo Entrevista a la Nicoleta de Romania &#8211; Perfils 2025 \u2013 Institut-Escola Moss\u00e8n Cinto de Folgueroles de YouTube.<\/span><\/a><\/span><\/p>\n<div aria-hidden=\"true\">\n<div class=\"aSH\"><img loading=\"lazy\" decoding=\"async\" id=\":191\" class=\"aQG aYB\" src=\"https:\/\/i.ytimg.com\/vi\/GU94kAIsBOA\/mqdefault.jpg\" width=\"238\" height=\"134\" \/><\/p>\n<div id=\":199\" class=\"aYy\">\n<div class=\"aYA\"><\/div>\n<\/div>\n<\/div>\n<div class=\"aSI\"><\/div>\n<\/div>\n<p>Aqu\u00ed us deixem diferents v\u00eddeos del curs 22-23.<\/p>\n<p><iframe loading=\"lazy\" src=\"\/\/www.youtube.com\/embed\/ZMpz9rJdgtk\" width=\"300\" height=\"168\" allowfullscreen=\"allowfullscreen\"><\/iframe>\u00a0 \u00a0 \u00a0<iframe loading=\"lazy\" src=\"\/\/www.youtube.com\/embed\/b9bZ1rF02WQ\" width=\"300\" height=\"168\" allowfullscreen=\"allowfullscreen\"><\/iframe><iframe loading=\"lazy\" src=\"\/\/www.youtube.com\/embed\/6ctcOE1CZyo\" width=\"300\" height=\"168\" allowfullscreen=\"allowfullscreen\"><\/iframe>\u00a0 \u00a0 \u00a0<iframe loading=\"lazy\" src=\"\/\/www.youtube.com\/embed\/w-TeRDgMv1k\" width=\"300\" height=\"168\" allowfullscreen=\"allowfullscreen\"><\/iframe><iframe loading=\"lazy\" src=\"\/\/www.youtube.com\/embed\/nqUS1mNK6Bg\" width=\"300\" height=\"168\" allowfullscreen=\"allowfullscreen\"><\/iframe>\u00a0 \u00a0 \u00a0<iframe loading=\"lazy\" src=\"\/\/www.youtube.com\/embed\/wm1QD4hcJZc\" width=\"300\" height=\"168\" allowfullscreen=\"allowfullscreen\"><\/iframe><\/p>\n<p>&nbsp;<\/p>\n<\/div>\n<\/div>\n","protected":false},"excerpt":{"rendered":"<p>El Projecte Perfils va sorgir a partir del projecte de documentals \u201cFes-ho Mirar\u201d, liderat pel programa de joventut de la Mancomunitat La Plana, amb el que es va detectar la poca informaci\u00f3 fidedigna i l&#8217;exist\u00e8ncia de molts prejudicis envers el col\u00b7lectiu d&#8217;immigrants. Des de fa m\u00e9s de 10 anys, el contingut a transmetre es fa [&hellip;]<\/p>\n","protected":false},"author":1,"featured_media":0,"parent":64,"menu_order":18,"comment_status":"closed","ping_status":"closed","template":"page-templates\/side-menu.php","meta":{"_bbp_topic_count":0,"_bbp_reply_count":0,"_bbp_total_topic_count":0,"_bbp_total_reply_count":0,"_bbp_voice_count":0,"_bbp_anonymous_reply_count":0,"_bbp_topic_count_hidden":0,"_bbp_reply_count_hidden":0,"_bbp_forum_subforum_count":0,"site-sidebar-layout":"default","site-content-layout":"","ast-site-content-layout":"","site-content-style":"default","site-sidebar-style":"default","ast-global-header-display":"","ast-banner-title-visibility":"","ast-main-header-display":"","ast-hfb-above-header-display":"","ast-hfb-below-header-display":"","ast-hfb-mobile-header-display":"","site-post-title":"","ast-breadcrumbs-content":"","ast-featured-img":"","footer-sml-layout":"","theme-transparent-header-meta":"","adv-header-id-meta":"","stick-header-meta":"","header-above-stick-meta":"","header-main-stick-meta":"","header-below-stick-meta":"","astra-migrate-meta-layouts":"default","ast-page-background-enabled":"default","ast-page-background-meta":{"desktop":{"background-color":"var(--ast-global-color-4)","background-image":"","background-repeat":"repeat","background-position":"center center","background-size":"auto","background-attachment":"scroll","background-type":"","background-media":"","overlay-type":"","overlay-color":"","overlay-opacity":"","overlay-gradient":""},"tablet":{"background-color":"","background-image":"","background-repeat":"repeat","background-position":"center center","background-size":"auto","background-attachment":"scroll","background-type":"","background-media":"","overlay-type":"","overlay-color":"","overlay-opacity":"","overlay-gradient":""},"mobile":{"background-color":"","background-image":"","background-repeat":"repeat","background-position":"center center","background-size":"auto","background-attachment":"scroll","background-type":"","background-media":"","overlay-type":"","overlay-color":"","overlay-opacity":"","overlay-gradient":""}},"ast-content-background-meta":{"desktop":{"background-color":"var(--ast-global-color-5)","background-image":"","background-repeat":"repeat","background-position":"center center","background-size":"auto","background-attachment":"scroll","background-type":"","background-media":"","overlay-type":"","overlay-color":"","overlay-opacity":"","overlay-gradient":""},"tablet":{"background-color":"var(--ast-global-color-5)","background-image":"","background-repeat":"repeat","background-position":"center center","background-size":"auto","background-attachment":"scroll","background-type":"","background-media":"","overlay-type":"","overlay-color":"","overlay-opacity":"","overlay-gradient":""},"mobile":{"background-color":"var(--ast-global-color-5)","background-image":"","background-repeat":"repeat","background-position":"center center","background-size":"auto","background-attachment":"scroll","background-type":"","background-media":"","overlay-type":"","overlay-color":"","overlay-opacity":"","overlay-gradient":""}},"footnotes":""},"class_list":["post-10075","page","type-page","status-publish","hentry"],"post_mailing_queue_ids":[],"_links":{"self":[{"href":"https:\/\/agora.xtec.cat\/institutescolamossencinto\/wp-json\/wp\/v2\/pages\/10075","targetHints":{"allow":["GET"]}}],"collection":[{"href":"https:\/\/agora.xtec.cat\/institutescolamossencinto\/wp-json\/wp\/v2\/pages"}],"about":[{"href":"https:\/\/agora.xtec.cat\/institutescolamossencinto\/wp-json\/wp\/v2\/types\/page"}],"author":[{"embeddable":true,"href":"https:\/\/agora.xtec.cat\/institutescolamossencinto\/wp-json\/wp\/v2\/users\/1"}],"replies":[{"embeddable":true,"href":"https:\/\/agora.xtec.cat\/institutescolamossencinto\/wp-json\/wp\/v2\/comments?post=10075"}],"version-history":[{"count":5,"href":"https:\/\/agora.xtec.cat\/institutescolamossencinto\/wp-json\/wp\/v2\/pages\/10075\/revisions"}],"predecessor-version":[{"id":11111,"href":"https:\/\/agora.xtec.cat\/institutescolamossencinto\/wp-json\/wp\/v2\/pages\/10075\/revisions\/11111"}],"up":[{"embeddable":true,"href":"https:\/\/agora.xtec.cat\/institutescolamossencinto\/wp-json\/wp\/v2\/pages\/64"}],"wp:attachment":[{"href":"https:\/\/agora.xtec.cat\/institutescolamossencinto\/wp-json\/wp\/v2\/media?parent=10075"}],"curies":[{"name":"wp","href":"https:\/\/api.w.org\/{rel}","templated":true}]}}