{"id":798,"date":"2019-09-11T18:07:51","date_gmt":"2019-09-11T16:07:51","guid":{"rendered":"http:\/\/agora.xtec.cat\/institutdemollerussa4\/?page_id=798"},"modified":"2025-09-24T19:41:31","modified_gmt":"2025-09-24T17:41:31","slug":"criteris-de-qualificacio-i-avaluacio-de-cada-materia","status":"publish","type":"page","link":"https:\/\/agora.xtec.cat\/institutdemollerussa4\/organitzacio-2\/criteris-de-qualificacio-i-avaluacio-de-cada-materia\/","title":{"rendered":"Criteris de qualificaci\u00f3 i avaluaci\u00f3 de cada mat\u00e8ria"},"content":{"rendered":"<ul>\n<li><a href=\"https:\/\/drive.google.com\/file\/d\/1R97GW0iffz0gsP5G-lUzLDlFIxTWwnzT\/view?usp=sharing\" target=\"_blank\" rel=\"noopener\">1r ESO<\/a><\/li>\n<li><a href=\"https:\/\/drive.google.com\/file\/d\/1CLHnwcERUA8cgdrdk5bY4Jl7wXJWkygR\/view?usp=sharing\" target=\"_blank\" rel=\"noopener\">2n ESO<\/a><\/li>\n<li><a href=\"https:\/\/drive.google.com\/file\/d\/1_UDcK6kyXXrppRghAOIx06Nb0KynjVhQ\/view?usp=sharing\" target=\"_blank\" rel=\"noopener\">3r ESO<\/a><\/li>\n<li><a href=\"https:\/\/drive.google.com\/file\/d\/1EVI4AkT6Q3hRPtc-WC_6_H3OPmsprJXu\/view?usp=sharing\" target=\"_blank\" rel=\"noopener\">4t ESO<\/a><\/li>\n<\/ul>\n","protected":false},"excerpt":{"rendered":"<ul>\n<li><a href=\"https:\/\/drive.google.com\/file\/d\/1R97GW0iffz0gsP5G-lUzLDlFIxTWwnzT\/view?usp=sharing\" target=\"_blank\" rel=\"noopener\">1r ESO<\/a><\/li>\n<li><a href=\"https:\/\/drive.google.com\/file\/d\/1CLHnwcERUA8cgdrdk5bY4Jl7wXJWkygR\/view?usp=sharing\" target=\"_blank\" rel=\"noopener\">2n ESO<\/a><\/li>\n<li><a href=\"https:\/\/drive.google.com\/file\/d\/1_UDcK6kyXXrppRghAOIx06Nb0KynjVhQ\/view?usp=sharing\" target=\"_blank\" rel=\"noopener\">3r ESO<\/a><\/li>\n<li><a href=\"https:\/\/drive.google.com\/file\/d\/1EVI4AkT6Q3hRPtc-WC_6_H3OPmsprJXu\/view?usp=sharing\" target=\"_blank\" rel=\"noopener\">4t ESO<\/a><\/li>\n<\/ul>\n","protected":false},"author":1,"featured_media":0,"parent":666,"menu_order":0,"comment_status":"closed","ping_status":"closed","template":"page-templates\/side-menu.php","meta":{"_bbp_topic_count":0,"_bbp_reply_count":0,"_bbp_total_topic_count":0,"_bbp_total_reply_count":0,"_bbp_voice_count":0,"_bbp_anonymous_reply_count":0,"_bbp_topic_count_hidden":0,"_bbp_reply_count_hidden":0,"_bbp_forum_subforum_count":0,"footnotes":""},"class_list":["post-798","page","type-page","status-publish","hentry"],"post_mailing_queue_ids":[],"_links":{"self":[{"href":"https:\/\/agora.xtec.cat\/institutdemollerussa4\/wp-json\/wp\/v2\/pages\/798","targetHints":{"allow":["GET"]}}],"collection":[{"href":"https:\/\/agora.xtec.cat\/institutdemollerussa4\/wp-json\/wp\/v2\/pages"}],"about":[{"href":"https:\/\/agora.xtec.cat\/institutdemollerussa4\/wp-json\/wp\/v2\/types\/page"}],"author":[{"embeddable":true,"href":"https:\/\/agora.xtec.cat\/institutdemollerussa4\/wp-json\/wp\/v2\/users\/1"}],"replies":[{"embeddable":true,"href":"https:\/\/agora.xtec.cat\/institutdemollerussa4\/wp-json\/wp\/v2\/comments?post=798"}],"version-history":[{"count":6,"href":"https:\/\/agora.xtec.cat\/institutdemollerussa4\/wp-json\/wp\/v2\/pages\/798\/revisions"}],"predecessor-version":[{"id":6201,"href":"https:\/\/agora.xtec.cat\/institutdemollerussa4\/wp-json\/wp\/v2\/pages\/798\/revisions\/6201"}],"up":[{"embeddable":true,"href":"https:\/\/agora.xtec.cat\/institutdemollerussa4\/wp-json\/wp\/v2\/pages\/666"}],"wp:attachment":[{"href":"https:\/\/agora.xtec.cat\/institutdemollerussa4\/wp-json\/wp\/v2\/media?parent=798"}],"curies":[{"name":"wp","href":"https:\/\/api.w.org\/{rel}","templated":true}]}}