{"id":630,"date":"2019-07-04T15:29:37","date_gmt":"2019-07-04T13:29:37","guid":{"rendered":"http:\/\/agora.xtec.cat\/institutdemollerussa4\/?page_id=630"},"modified":"2026-04-12T12:45:35","modified_gmt":"2026-04-12T10:45:35","slug":"afa","status":"publish","type":"page","link":"https:\/\/agora.xtec.cat\/institutdemollerussa4\/families\/afa\/","title":{"rendered":"AFA"},"content":{"rendered":"<ul>\n<li><span style=\"color: #800080;\"><strong>Qu\u00e8 \u00e9s l&#8217;AFA<\/strong><\/span><\/li>\n<\/ul>\n<p style=\"padding-left: 40px;\">L&#8217;Associaci\u00f3 de Fam\u00edlies d&#8217;Alumnes (AFA) \u00e9s una associaci\u00f3 volunt\u00e0ria que t\u00e9 l\u2019objectiu principal de promoure la participaci\u00f3 i la col\u00b7laboraci\u00f3 de les fam\u00edlies en les activitats educatives del centre i juntament amb l\u2019equip docent aconseguir un ensenyament de qualitat.<\/p>\n<p style=\"padding-left: 40px;\">La Junta de l\u2019AFA de l&#8217;Institut Salt del Duran est\u00e0 representada per les fam\u00edlies dels alumnes dels municipis adscrits al centre i dels municipis d&#8217;on provinguin els alumnes. Actualment la junta est\u00e0 formada per:<\/p>\n<ul>\n<li style=\"list-style-type: none;\">\n<ul>\n<li style=\"list-style-type: none;\">\n<ul>\n<li style=\"list-style-type: none;\">\n<ul>\n<li style=\"font-weight: 400;\">Presidenta: Laura D\u00edaz Acosta<\/li>\n<li style=\"font-weight: 400;\">Vicepresidenta: Susana Antequera Monz\u00f3n<\/li>\n<li style=\"font-weight: 400;\">Secret\u00e0ria: Mireia Saduany Ruiz<\/li>\n<li style=\"font-weight: 400;\">Tresorera: Jessica Nevot Gil<\/li>\n<li style=\"font-weight: 400;\">Vocals: Juanita Alzate Alvarez, Pilar Bosch Guiral, Emma Priego Llorens, Neus Rius Teres<\/li>\n<li style=\"font-weight: 400;\">Representant AFA Consell escolar: Jessica Nevot Gil<\/li>\n<\/ul>\n<\/li>\n<\/ul>\n<\/li>\n<\/ul>\n<\/li>\n<\/ul>\n<p style=\"padding-left: 40px;\">Els c\u00e0rrecs de la Junta, d\u2019acord amb els estatuts de l\u2019associaci\u00f3 es renoven cada dos anys i s\u00f3n escollits per votaci\u00f3 o consens entre els voluntaris a l\u2019Assemblea general.<\/p>\n<ul>\n<li><span style=\"color: #800080;\"><strong>Quins s\u00f3n els principals objectius de l&#8217;associaci\u00f3:<\/strong><\/span><\/li>\n<\/ul>\n<p style=\"padding-left: 40px;\">a) Donar suport i assist\u00e8ncia als membres de l&#8217;associaci\u00f3 i, en general, als pares i mares d\u2019alumnes, als tutors, professors i alumnes del centre i als seus \u00f2rgans de govern i de participaci\u00f3, en tot all\u00f2 que fa refer\u00e8ncia a l&#8217;educaci\u00f3 dels seus fills i, en general, de tots els alumnes matriculats al centre.<\/p>\n<p style=\"padding-left: 40px;\">b) Promoure la participaci\u00f3 dels pares i mares en la gesti\u00f3 del centre.<\/p>\n<p style=\"padding-left: 40px;\">c) Assistir els pares i mares en l&#8217;exercici del seu dret a intervenir en el control i la gesti\u00f3 del centre quan sigui sostingut amb fons p\u00fablics.<\/p>\n<p style=\"padding-left: 40px;\">d) Promoure la representaci\u00f3 i la participaci\u00f3 dels pares i mares en els consells escolars dels centres p\u00fablics i concertats i altres \u00f2rgans col\u00b7legiats.<\/p>\n<p style=\"padding-left: 40px;\">e) Facilitar la col\u00b7laboraci\u00f3 del centre en els \u00e0mbits social, cultural, econ\u00f2mic i laboral de l&#8217;entorn.<\/p>\n<p style=\"padding-left: 40px;\">f) Col\u00b7laborar en les activitats educatives del centre i cooperar amb el Consell Escolar en l&#8217;elaboraci\u00f3 de directrius per a la programaci\u00f3 d&#8217;activitats complement\u00e0ries, extraescolars o de serveis.<\/p>\n<p style=\"padding-left: 40px;\">g) Promoure les activitats de formaci\u00f3 dels pares i mares, tant des del vessant cultural com de l&#8217;espec\u00edfic de responsabilitzaci\u00f3 en l&#8217;educaci\u00f3 familiar.<\/p>\n<p style=\"padding-left: 40px;\">h) D&#8217;altres que, en el marc de la normativa educativa, els assignin els seus estatuts.<\/p>\n<p style=\"padding-left: 40px;\">i) Promoure i realitzar tota mena d&#8217;activitats fisicoesportives.<\/p>\n<ul>\n<li><span style=\"color: #800080;\"><strong>Qu\u00e8 fa l&#8217;AFA?<\/strong><\/span><\/li>\n<\/ul>\n<ol>\n<li style=\"list-style-type: none;\">\n<ol>\n<li>Gestionar la compra dels llibres de text directament amb les editorials i a Iddink.<\/li>\n<li>Gestionar la compra de llic\u00e8ncies digitals (Iddink).<\/li>\n<li>Subvencionar a l&#8217;alumne soci, en la mesura que sigui possible, amb l\u2019adquisici\u00f3 de material educatiu, amb les sortides o amb les altres activitats proposades des del centre.<\/li>\n<li>Organitzar confer\u00e8ncies educatives dirigides a les fam\u00edlies del centre per tractar temes que interessin per l\u2019educaci\u00f3 dels fills i filles.<\/li>\n<li>Formar part d&#8217;INTERAMPES, juntament amb la resta d&#8217;AMPES\/AFA dels centres educatius de Mollerussa, per tal d&#8217;organitzar conjuntament xerrades dirigides a tota la comunitat educativa.<\/li>\n<\/ol>\n<\/li>\n<\/ol>\n<ul>\n<li><span style=\"color: #800080;\"><strong>Com ens financem?<\/strong><\/span><\/li>\n<\/ul>\n<ol>\n<li style=\"list-style-type: none;\">\n<ol>\n<li>Som una entitat sense \u00e0nim de lucre finan\u00e7ada a trav\u00e9s de les quotes abonades pels socis (quota soci 30,00\u20ac &#8211; paq. <a href=\"https:\/\/spain.iddink.es\/\" target=\"_blank\" rel=\"noopener\">Iddink<\/a>).<\/li>\n<li>A trav\u00e9s de les possibles subvencions que com a associaci\u00f3 es poden sol\u00b7licitar a les administracions (Ensenyament, Consell Comarcal o Ajuntament).<\/li>\n<\/ol>\n<\/li>\n<\/ol>\n<ul>\n<li><span style=\"color: #800080;\"><strong>Quines avantatges t\u00e9 ser soci del AFA?<\/strong><\/span><\/li>\n<\/ul>\n<ol>\n<li style=\"list-style-type: none;\">\n<ol>\n<li>Descomptes en la compra de llibres i material did\u00e0ctic per als seus socis\/es.<\/li>\n<li>Descomptes en el material pedag\u00f2gic, les sortides o altres activitats proposades des del centre.<\/li>\n<li>Tenir un m\u00e0xim de recursos i serveis per a l&#8217;Institut dels nostres fills\/filles.<\/li>\n<li>Assistir tenint veu i vot a les assemblees de socis, participar, col\u00b7laborar, etc.<\/li>\n<li>Tenir un representant al Consell Escolar encarregat\/da de canalitzar les opinions i peticions dels pares i mares que formen part de l\u2019associaci\u00f3.<\/li>\n<\/ol>\n<\/li>\n<\/ol>\n<ul>\n<li><span style=\"color: #800080;\"><strong>Qu\u00e8 cal fer per ser soci\/a de l&#8217;AFA? <\/strong><\/span><\/li>\n<\/ul>\n<ol>\n<li style=\"list-style-type: none;\">\n<ol>\n<li>Pagar la quota de l\u2019AFA que \u00e9s de 30 euros per fam\u00edlia.<\/li>\n<li>Fer l\u2019ingr\u00e9s al compte de l\u2019AFA ES34 2100 0112 6802 0062 0498 de Caixabank indicant com a concepte <strong>quota soci + nom i cognoms de l\u2019alumne<\/strong>.<\/li>\n<\/ol>\n<p>Aquest full impr\u00e8s amb les dades emplenades s\u2019ha de retornar a l\u2019adre\u00e7a afasaltdelduran@gmail.com i adjuntar-hi el comprovant de pagament.<\/li>\n<\/ol>\n<ul>\n<li><span style=\"color: #800080;\"><strong>Documentaci\u00f3 de l&#8217;AFA<\/strong><\/span><\/li>\n<\/ul>\n<ol>\n<li style=\"list-style-type: none;\">\n<ol>\n<li><a href=\"https:\/\/agora.xtec.cat\/institutdemollerussa4\/docs\/estatuts-afa\/?bp-attachment=estatuts_AFA_INS-MOLLERUSSA-IV.pdf\">Estatuts de l&#8217;INS Salt del Duran<\/a><\/li>\n<li><a href=\"https:\/\/agora.xtec.cat\/institutdemollerussa4\/docs\/rrintern-afa\/?bp-attachment=RRintern-AFA_INS-SALT-DEL-DURAN.docx.pdf\" target=\"_blank\" rel=\"noopener\">Reglament de r\u00e8gim intern de l&#8217;INS Salt del Duran<\/a><\/li>\n<\/ol>\n<\/li>\n<\/ol>\n<ul>\n<li><span style=\"color: #800080;\"><strong>Contacte de l&#8217;AFA<\/strong><\/span><\/li>\n<\/ul>\n<p style=\"padding-left: 40px;\"><span style=\"color: #993366;\">afasaltdelduran@gmail.com \/\u00a0 Telf.: 722 660 164<\/span><\/p>\n","protected":false},"excerpt":{"rendered":"<ul>\n<li>Qu\u00e8 \u00e9s l&#8217;AFA<\/li>\n<\/ul>\n<p>L&#8217;Associaci\u00f3 de Fam\u00edlies d&#8217;Alumnes (AFA) \u00e9s una associaci\u00f3 volunt\u00e0ria que t\u00e9 l\u2019objectiu principal de promoure la participaci\u00f3 i la col\u00b7laboraci\u00f3 de les fam\u00edlies en les activitats educatives del centre i juntament amb l\u2019equip docent aconseguir un ensenyament de qualitat.<br \/>\nLa Junta de l\u2019AFA de&hellip;  <a href=\"https:\/\/agora.xtec.cat\/institutdemollerussa4\/families\/afa\/\" title=\"Read AFA\">Llegeix m\u00e9s\u00bb<\/a><\/p>\n","protected":false},"author":1,"featured_media":0,"parent":628,"menu_order":0,"comment_status":"closed","ping_status":"closed","template":"page-templates\/side-menu.php","meta":{"_bbp_topic_count":0,"_bbp_reply_count":0,"_bbp_total_topic_count":0,"_bbp_total_reply_count":0,"_bbp_voice_count":0,"_bbp_anonymous_reply_count":0,"_bbp_topic_count_hidden":0,"_bbp_reply_count_hidden":0,"_bbp_forum_subforum_count":0,"footnotes":""},"class_list":["post-630","page","type-page","status-publish","hentry"],"post_mailing_queue_ids":[],"_links":{"self":[{"href":"https:\/\/agora.xtec.cat\/institutdemollerussa4\/wp-json\/wp\/v2\/pages\/630","targetHints":{"allow":["GET"]}}],"collection":[{"href":"https:\/\/agora.xtec.cat\/institutdemollerussa4\/wp-json\/wp\/v2\/pages"}],"about":[{"href":"https:\/\/agora.xtec.cat\/institutdemollerussa4\/wp-json\/wp\/v2\/types\/page"}],"author":[{"embeddable":true,"href":"https:\/\/agora.xtec.cat\/institutdemollerussa4\/wp-json\/wp\/v2\/users\/1"}],"replies":[{"embeddable":true,"href":"https:\/\/agora.xtec.cat\/institutdemollerussa4\/wp-json\/wp\/v2\/comments?post=630"}],"version-history":[{"count":6,"href":"https:\/\/agora.xtec.cat\/institutdemollerussa4\/wp-json\/wp\/v2\/pages\/630\/revisions"}],"predecessor-version":[{"id":6322,"href":"https:\/\/agora.xtec.cat\/institutdemollerussa4\/wp-json\/wp\/v2\/pages\/630\/revisions\/6322"}],"up":[{"embeddable":true,"href":"https:\/\/agora.xtec.cat\/institutdemollerussa4\/wp-json\/wp\/v2\/pages\/628"}],"wp:attachment":[{"href":"https:\/\/agora.xtec.cat\/institutdemollerussa4\/wp-json\/wp\/v2\/media?parent=630"}],"curies":[{"name":"wp","href":"https:\/\/api.w.org\/{rel}","templated":true}]}}