{"id":615,"date":"2019-07-04T15:28:04","date_gmt":"2019-07-04T13:28:04","guid":{"rendered":"http:\/\/agora.xtec.cat\/institutdemollerussa4\/?page_id=615"},"modified":"2019-07-05T09:27:43","modified_gmt":"2019-07-05T07:27:43","slug":"organs-del-centre","status":"publish","type":"page","link":"https:\/\/agora.xtec.cat\/institutdemollerussa4\/organs-del-centre\/","title":{"rendered":"\u00d2rgans del centre"},"content":{"rendered":"<p>A continuaci\u00f3 us mostrem els diferents components dels \u00f2rgans i organitzacions que formen l&#8217;institut.<\/p>\n","protected":false},"excerpt":{"rendered":"<p>A continuaci\u00f3 us mostrem els diferents components dels \u00f2rgans i organitzacions que formen l&#8217;institut.<\/p>\n","protected":false},"author":1,"featured_media":0,"parent":0,"menu_order":0,"comment_status":"closed","ping_status":"closed","template":"page-templates\/side-menu.php","meta":{"_bbp_topic_count":0,"_bbp_reply_count":0,"_bbp_total_topic_count":0,"_bbp_total_reply_count":0,"_bbp_voice_count":0,"_bbp_anonymous_reply_count":0,"_bbp_topic_count_hidden":0,"_bbp_reply_count_hidden":0,"_bbp_forum_subforum_count":0,"footnotes":""},"class_list":["post-615","page","type-page","status-publish","hentry"],"post_mailing_queue_ids":[],"_links":{"self":[{"href":"https:\/\/agora.xtec.cat\/institutdemollerussa4\/wp-json\/wp\/v2\/pages\/615","targetHints":{"allow":["GET"]}}],"collection":[{"href":"https:\/\/agora.xtec.cat\/institutdemollerussa4\/wp-json\/wp\/v2\/pages"}],"about":[{"href":"https:\/\/agora.xtec.cat\/institutdemollerussa4\/wp-json\/wp\/v2\/types\/page"}],"author":[{"embeddable":true,"href":"https:\/\/agora.xtec.cat\/institutdemollerussa4\/wp-json\/wp\/v2\/users\/1"}],"replies":[{"embeddable":true,"href":"https:\/\/agora.xtec.cat\/institutdemollerussa4\/wp-json\/wp\/v2\/comments?post=615"}],"version-history":[{"count":2,"href":"https:\/\/agora.xtec.cat\/institutdemollerussa4\/wp-json\/wp\/v2\/pages\/615\/revisions"}],"predecessor-version":[{"id":710,"href":"https:\/\/agora.xtec.cat\/institutdemollerussa4\/wp-json\/wp\/v2\/pages\/615\/revisions\/710"}],"wp:attachment":[{"href":"https:\/\/agora.xtec.cat\/institutdemollerussa4\/wp-json\/wp\/v2\/media?parent=615"}],"curies":[{"name":"wp","href":"https:\/\/api.w.org\/{rel}","templated":true}]}}