{"id":606,"date":"2019-07-04T15:27:12","date_gmt":"2019-07-04T13:27:12","guid":{"rendered":"http:\/\/agora.xtec.cat\/institutdemollerussa4\/?page_id=606"},"modified":"2025-08-29T11:21:48","modified_gmt":"2025-08-29T09:21:48","slug":"organitzacio","status":"publish","type":"page","link":"https:\/\/agora.xtec.cat\/institutdemollerussa4\/organitzacio-2\/organitzacio\/","title":{"rendered":"ESO"},"content":{"rendered":"<h3><span style=\"color: #0000ff;\">ORGANITZACI\u00d3 MAT\u00c8RIES I CURR\u00cdCULUM<\/span><\/h3>\n<h4><a href=\"https:\/\/agora.xtec.cat\/institutdemollerussa4\/docs\/organitzacio-materies-i-curriculum-de-1r-deso\/?bp-attachment=ORGANITZACIO-MATERIES-I-CURRICULUM-DE-1r.docx.pdf\" target=\"_blank\" rel=\"noopener\"><span style=\"color: #000000;\"><strong>1r ESO<\/strong><\/span><\/a><\/h4>\n<h4><a href=\"https:\/\/agora.xtec.cat\/institutdemollerussa4\/docs\/organitzacio-materies-2n\/?bp-attachment=ORGANITZACIO-MATERIES-I-CURRICULUM-DE-2n.docx.pdf\" target=\"_blank\" rel=\"noopener\"><span style=\"color: #000000;\"><strong>2n ESO<\/strong><\/span><\/a><\/h4>\n<h4><a href=\"https:\/\/agora.xtec.cat\/institutdemollerussa4\/docs\/organitzacio-materies-i-curriculum-3r-deso\/?bp-attachment=ORGANITZACIO-MATERIES-I-CURRICULUM-DE-3r.docx.pdf\" target=\"_blank\" rel=\"noopener\"><span style=\"color: #000000;\"><strong>3r ESO<\/strong><\/span><\/a><\/h4>\n<h4><a href=\"https:\/\/agora.xtec.cat\/institutdemollerussa4\/docs\/organitzacio-materies-i-curriculum-4t-deso\/?bp-attachment=ORGANITZACIO-MATERIES-I-CURRICULUM-DE-4t.docx-1.pdf\" target=\"_blank\" rel=\"noopener\"><span style=\"color: #000000;\"><strong>4t ESO<\/strong><\/span><\/a><\/h4>\n<p>&nbsp;<\/p>\n<p>&nbsp;<\/p>\n","protected":false},"excerpt":{"rendered":"<p>ORGANITZACI\u00d3 MAT\u00c8RIES I CURR\u00cdCULUM<br \/>\n<a href=\"https:\/\/agora.xtec.cat\/institutdemollerussa4\/docs\/organitzacio-materies-i-curriculum-de-1r-deso\/?bp-attachment=ORGANITZACIO-MATERIES-I-CURRICULUM-DE-1r.docx.pdf\" target=\"_blank\" rel=\"noopener\">1r ESO<\/a><br \/>\n<a href=\"https:\/\/agora.xtec.cat\/institutdemollerussa4\/docs\/organitzacio-materies-2n\/?bp-attachment=ORGANITZACIO-MATERIES-I-CURRICULUM-DE-2n.docx.pdf\" target=\"_blank\" rel=\"noopener\">2n ESO<\/a><br \/>\n<a href=\"https:\/\/agora.xtec.cat\/institutdemollerussa4\/docs\/organitzacio-materies-i-curriculum-3r-deso\/?bp-attachment=ORGANITZACIO-MATERIES-I-CURRICULUM-DE-3r.docx.pdf\" target=\"_blank\" rel=\"noopener\">3r ESO<\/a><br \/>\n<a href=\"https:\/\/agora.xtec.cat\/institutdemollerussa4\/docs\/organitzacio-materies-i-curriculum-4t-deso\/?bp-attachment=ORGANITZACIO-MATERIES-I-CURRICULUM-DE-4t.docx-1.pdf\" target=\"_blank\" rel=\"noopener\">4t ESO<\/a><br \/>\n&nbsp;<br \/>\n&nbsp;<\/p>\n","protected":false},"author":1,"featured_media":0,"parent":666,"menu_order":0,"comment_status":"closed","ping_status":"closed","template":"page-templates\/side-menu.php","meta":{"_bbp_topic_count":0,"_bbp_reply_count":0,"_bbp_total_topic_count":0,"_bbp_total_reply_count":0,"_bbp_voice_count":0,"_bbp_anonymous_reply_count":0,"_bbp_topic_count_hidden":0,"_bbp_reply_count_hidden":0,"_bbp_forum_subforum_count":0,"footnotes":""},"class_list":["post-606","page","type-page","status-publish","hentry"],"post_mailing_queue_ids":[],"_links":{"self":[{"href":"https:\/\/agora.xtec.cat\/institutdemollerussa4\/wp-json\/wp\/v2\/pages\/606","targetHints":{"allow":["GET"]}}],"collection":[{"href":"https:\/\/agora.xtec.cat\/institutdemollerussa4\/wp-json\/wp\/v2\/pages"}],"about":[{"href":"https:\/\/agora.xtec.cat\/institutdemollerussa4\/wp-json\/wp\/v2\/types\/page"}],"author":[{"embeddable":true,"href":"https:\/\/agora.xtec.cat\/institutdemollerussa4\/wp-json\/wp\/v2\/users\/1"}],"replies":[{"embeddable":true,"href":"https:\/\/agora.xtec.cat\/institutdemollerussa4\/wp-json\/wp\/v2\/comments?post=606"}],"version-history":[{"count":6,"href":"https:\/\/agora.xtec.cat\/institutdemollerussa4\/wp-json\/wp\/v2\/pages\/606\/revisions"}],"predecessor-version":[{"id":6140,"href":"https:\/\/agora.xtec.cat\/institutdemollerussa4\/wp-json\/wp\/v2\/pages\/606\/revisions\/6140"}],"up":[{"embeddable":true,"href":"https:\/\/agora.xtec.cat\/institutdemollerussa4\/wp-json\/wp\/v2\/pages\/666"}],"wp:attachment":[{"href":"https:\/\/agora.xtec.cat\/institutdemollerussa4\/wp-json\/wp\/v2\/media?parent=606"}],"curies":[{"name":"wp","href":"https:\/\/api.w.org\/{rel}","templated":true}]}}