{"id":602,"date":"2019-07-04T15:26:49","date_gmt":"2019-07-04T13:26:49","guid":{"rendered":"http:\/\/agora.xtec.cat\/institutdemollerussa4\/?page_id=602"},"modified":"2025-10-26T12:25:14","modified_gmt":"2025-10-26T11:25:14","slug":"documents","status":"publish","type":"page","link":"https:\/\/agora.xtec.cat\/institutdemollerussa4\/secretaria-2\/documents\/","title":{"rendered":"AUTORITZACIONS\/JUSTIFICANTS"},"content":{"rendered":"<ul>\n<li><a href=\"https:\/\/agora.xtec.cat\/institutdemollerussa4\/docs\/canvi-materia-optativa\/?bp-attachment=Sollicitud-canvi-materia-optativa.pdf\" target=\"_blank\" rel=\"noopener\"><span style=\"color: #000000;\">Sol\u00b7licitud de canvi de mat\u00e8ria optativa.\u00a0<\/span><\/a><\/li>\n<li><a href=\"https:\/\/agora.xtec.cat\/institutdemollerussa4\/docs\/autoritzacio-medicacio-2\/?bp-attachment=autoritzacio-prendre-medicament1-1.pdf\" target=\"_blank\" rel=\"noopener\"><span style=\"color: #000000;\">Justificaci\u00f3 administraci\u00f3 de medicaci\u00f3.<\/span><\/a><\/li>\n<li><a href=\"https:\/\/agora.xtec.cat\/institutdemollerussa4\/docs\/justificacio-paracetamol\/?bp-attachment=Autoritzacio-paracetamol.pdf\" target=\"_blank\" rel=\"noopener\"><span style=\"color: #000000;\">Justificaci\u00f3 autoritzaci\u00f3 administraci\u00f3 paracetamol<\/span><\/a><\/li>\n<li><a href=\"https:\/\/agora.xtec.cat\/institutdemollerussa4\/docs\/retorn-autonom\/?bp-attachment=AUTORITZACIO-RETORN-AUTONOM-A-CASA_SENSE-TRANSPORT-ESCOLAR-1.pdf\" target=\"_blank\" rel=\"noopener\"><span style=\"color: #000000;\">Retorn aut\u00f2nom a casa \/ No utilitzaci\u00f3 puntual i durant un per\u00edode llarg del transport escolar<\/span><\/a><\/li>\n<li><a href=\"https:\/\/agora.xtec.cat\/institutdemollerussa4\/docs\/convalidacio\/?bp-attachment=AUTORITZACIO-RETORN-AUTONOM-A-CASA-PER-CONVALIDACIO-1.pdf\" target=\"_blank\" rel=\"noopener\"><span style=\"color: #000000;\">Sortides temporals en horari lectiu per convalidaci\u00f3.<\/span><\/a><\/li>\n<li><a href=\"https:\/\/agora.xtec.cat\/institutdemollerussa4\/docs\/cessio-de-dades\/?bp-attachment=cessio-dades.pdf\" target=\"_blank\" rel=\"noopener\"><span style=\"color: #000000;\">Autoritzaci\u00f3 de cessi\u00f3 de dades\u00a0<\/span><\/a><\/li>\n<li><a href=\"https:\/\/agora.xtec.cat\/institutdemollerussa4\/docs\/autoritzacio-relativa-dus-dimatges-publicacio-de-dades-de-caracter-personal-i-de-dades-que-selabora-menors-de-14-anys\/?bp-attachment=menors-de-14-anys-imatges-25-26.pdf\" target=\"_blank\" rel=\"noopener\"><span style=\"color: #000000;\">Autoritzaci\u00f3 relativa d&#8217;\u00fas d&#8217;imatges, publicaci\u00f3 de dades de car\u00e0cter personal i de dades que s&#8217;elabora (menors de 14 anys)\u00a0\u00a0<\/span><\/a><\/li>\n<li><a href=\"https:\/\/agora.xtec.cat\/institutdemollerussa4\/docs\/comunicacio-relativa-als-alumnes-de-mes-de-14-anys-pero-menors-dedat-us-de-serveis-i-recursos-digitals-a-internet-per-treballar-a-laula\/?bp-attachment=menors-de-14-anys-us-digital-per-laula-25-26.pdf\" target=\"_blank\" rel=\"noopener\"><span style=\"color: #000000;\">Comunicaci\u00f3 relativa als alumnes de menys de 14 anys: \u00fas de serveis i recursos digitals a Internet per treballar a l\u2019aula<\/span><\/a><\/li>\n<li><a href=\"https:\/\/agora.xtec.cat\/institutdemollerussa4\/docs\/autoritzacio-relativa-dus-dimatges-publicacio-de-dades-de-caracter-personal-i-de-dades-que-selabora-majors-de-14-anys\/?bp-attachment=majors-de-14-anys-imatges-25-26.pdf\" target=\"_blank\" rel=\"noopener\"><span style=\"color: #000000;\">Autoritzaci\u00f3 relativa d&#8217;\u00fas d&#8217;imatges, publicaci\u00f3 de dades de car\u00e0cter personal i de dades que s&#8217;elabora (majors de 14 anys)\u00a0\u00a0<\/span><\/a><\/li>\n<li><a href=\"https:\/\/agora.xtec.cat\/institutdemollerussa4\/docs\/autoritzacio-us-de-serveis-i-recursos-digitals-a-laula-majors-de-14-anys\/?bp-attachment=majors-de-14-anys-us-digital-per-laula-25-26.pdf\" target=\"_blank\" rel=\"noopener\"><span style=\"color: #000000;\">Comunicaci\u00f3 relativa als alumnes de m\u00e9s de 14 anys per\u00f2 menors d\u2019edat:\u00a0\u00fas de serveis i recursos digitals a Internet per treballar a l\u2019aula<\/span><\/a><\/li>\n<li><a href=\"https:\/\/agora.xtec.cat\/institutdemollerussa4\/docs\/autoritzacions-de-sortides\/?bp-attachment=Autoritzacio-sortides.pdf\" target=\"_blank\" rel=\"noopener\"><span style=\"color: #000000;\">Autoritzaci\u00f3 de sortides.<\/span><\/a><\/li>\n<li><a href=\"https:\/\/agora.xtec.cat\/institutdemollerussa4\/docs\/full-actualitzacio-de-dades\/?bp-attachment=Full-actualitzacio-dades.pdf\" target=\"_blank\" rel=\"noopener\"><span style=\"color: #000000;\">Full d&#8217;actualitzaci\u00f3 de dades.<\/span><\/a><\/li>\n<\/ul>\n","protected":false},"excerpt":{"rendered":"<ul>\n<li><a href=\"https:\/\/agora.xtec.cat\/institutdemollerussa4\/docs\/canvi-materia-optativa\/?bp-attachment=Sollicitud-canvi-materia-optativa.pdf\" target=\"_blank\" rel=\"noopener\">Sol\u00b7licitud de canvi de mat\u00e8ria optativa.\u00a0<\/a><\/li>\n<li><a href=\"https:\/\/agora.xtec.cat\/institutdemollerussa4\/docs\/autoritzacio-medicacio-2\/?bp-attachment=autoritzacio-prendre-medicament1-1.pdf\" target=\"_blank\" rel=\"noopener\">Justificaci\u00f3 administraci\u00f3 de medicaci\u00f3.<\/a><\/li>\n<li><a href=\"https:\/\/agora.xtec.cat\/institutdemollerussa4\/docs\/justificacio-paracetamol\/?bp-attachment=Autoritzacio-paracetamol.pdf\" target=\"_blank\" rel=\"noopener\">Justificaci\u00f3 autoritzaci\u00f3 administraci\u00f3 paracetamol<\/a><\/li>\n<li><a href=\"https:\/\/agora.xtec.cat\/institutdemollerussa4\/docs\/retorn-autonom\/?bp-attachment=AUTORITZACIO-RETORN-AUTONOM-A-CASA_SENSE-TRANSPORT-ESCOLAR-1.pdf\" target=\"_blank\" rel=\"noopener\">Retorn aut\u00f2nom a casa \/ No utilitzaci\u00f3 puntual i durant un per\u00edode llarg del transport escolar<\/a><\/li>\n<li><a href=\"https:\/\/agora.xtec.cat\/institutdemollerussa4\/docs\/convalidacio\/?bp-attachment=AUTORITZACIO-RETORN-AUTONOM-A-CASA-PER-CONVALIDACIO-1.pdf\" target=\"_blank\" rel=\"noopener\">Sortides temporals en horari&hellip;  <a href=\"https:\/\/agora.xtec.cat\/institutdemollerussa4\/secretaria-2\/documents\/\" title=\"Read AUTORITZACIONS\/JUSTIFICANTS\">Llegeix m\u00e9s\u00bb<\/a><br \/>\n","protected":false},"author":1,"featured_media":0,"parent":596,"menu_order":0,"comment_status":"closed","ping_status":"closed","template":"page-templates\/side-menu.php","meta":{"_bbp_topic_count":0,"_bbp_reply_count":0,"_bbp_total_topic_count":0,"_bbp_total_reply_count":0,"_bbp_voice_count":0,"_bbp_anonymous_reply_count":0,"_bbp_topic_count_hidden":0,"_bbp_reply_count_hidden":0,"_bbp_forum_subforum_count":0,"footnotes":""},"class_list":["post-602","page","type-page","status-publish","hentry"],"post_mailing_queue_ids":[],"_links":{"self":[{"href":"https:\/\/agora.xtec.cat\/institutdemollerussa4\/wp-json\/wp\/v2\/pages\/602","targetHints":{"allow":["GET"]}}],"collection":[{"href":"https:\/\/agora.xtec.cat\/institutdemollerussa4\/wp-json\/wp\/v2\/pages"}],"about":[{"href":"https:\/\/agora.xtec.cat\/institutdemollerussa4\/wp-json\/wp\/v2\/types\/page"}],"author":[{"embeddable":true,"href":"https:\/\/agora.xtec.cat\/institutdemollerussa4\/wp-json\/wp\/v2\/users\/1"}],"replies":[{"embeddable":true,"href":"https:\/\/agora.xtec.cat\/institutdemollerussa4\/wp-json\/wp\/v2\/comments?post=602"}],"version-history":[{"count":6,"href":"https:\/\/agora.xtec.cat\/institutdemollerussa4\/wp-json\/wp\/v2\/pages\/602\/revisions"}],"predecessor-version":[{"id":6244,"href":"https:\/\/agora.xtec.cat\/institutdemollerussa4\/wp-json\/wp\/v2\/pages\/602\/revisions\/6244"}],"up":[{"embeddable":true,"href":"https:\/\/agora.xtec.cat\/institutdemollerussa4\/wp-json\/wp\/v2\/pages\/596"}],"wp:attachment":[{"href":"https:\/\/agora.xtec.cat\/institutdemollerussa4\/wp-json\/wp\/v2\/media?parent=602"}],"curies":[{"name":"wp","href":"https:\/\/api.w.org\/{rel}","templated":true}]}}