{"id":600,"date":"2019-07-04T15:26:38","date_gmt":"2019-07-04T13:26:38","guid":{"rendered":"http:\/\/agora.xtec.cat\/institutdemollerussa4\/?page_id=600"},"modified":"2022-09-09T13:43:33","modified_gmt":"2022-09-09T11:43:33","slug":"beques","status":"publish","type":"page","link":"https:\/\/agora.xtec.cat\/institutdemollerussa4\/secretaria-2\/beques\/","title":{"rendered":"Beques"},"content":{"rendered":"<p><strong>Ajuts individualitzats convocats pel Ministerio de Educaci\u00f3n y Formaci\u00f3n Profesional per a alumnes amb necessitat espec\u00edfica de suport educatiu.\u00a0<\/strong><\/p>\n<p>L&#8217;enlla\u00e7 \u00e9s:\u00a0<a href=\"http:\/\/ensenyament.gencat.cat\/ca\/serveis-tramits\/beques\/\" data-saferedirecturl=\"https:\/\/www.google.com\/url?q=http:\/\/ensenyament.gencat.cat\/ca\/serveis-tramits\/beques\/&amp;source=gmail&amp;ust=1568301636063000&amp;usg=AFQjCNGdfyTmpuMVZgVLaIxV2U2msX0BtQ\">http:\/\/ensenyament.gencat.cat\/ca\/serveis-tramits\/beques\/<\/a><\/p>\n<ol>\n<li>Els alumnes que presenten necessitat de reeducaci\u00f3 pedag\u00f2gica o del llenguatge han de presentar:- Certificaci\u00f3 expedida per l&#8217;inspector de la zona en la qual s&#8217;acrediti la necessitat de rebre aquests tractaments per la inexist\u00e8ncia o insufici\u00e8ncia de l&#8217;atenci\u00f3 pedag\u00f2gica proporcionada pel centre en qu\u00e8 est\u00e0 escolaritzat l&#8217;alumne sol\u00b7licitant i la inviabilitat de matriculaci\u00f3 de l&#8217;alumne sol\u00b7licitant en un centre que disposi del servei de reeducaci\u00f3 requerit.\n<p>&#8211; Informe espec\u00edfic de l&#8217;equip d&#8217;orientaci\u00f3 educativa i psicopedag\u00f2gica o del departament d&#8217;orientaci\u00f3 en el qual es detalli i justifiqui l&#8217;assist\u00e8ncia educativa i les hores setmanals que es considerin necess\u00e0ries per a la seva correcci\u00f3, aix\u00ed com, si \u00e9s el cas, les prestades pel centre, la durada previsible de la mateixa i les condicions que en garanteixin la prestaci\u00f3.<\/p>\n<p>&#8211; Mem\u00f2ria expedida pel centre o reeducador que presti el servei en la qual consti informaci\u00f3 detallada de les caracter\u00edstiques del mateix, incloent-hi nombre d&#8217;hores setmanals i especialista que el presta aix\u00ed com del cost mensual.<\/p>\n<p>&#8211; Declaraci\u00f3 responsable de la persona que imparteixi la reeducaci\u00f3 pedag\u00f2gica o del llenguatge.<\/li>\n<li>Els alumnes que presenten necessitat espec\u00edfica de suport educatiu\u00a0associat a altes capacitats intel\u00b7lectuals\u00a0han de presentar:<\/li>\n<\/ol>\n<p>&#8211; Certificat o informe d&#8217;un equip d&#8217;orientaci\u00f3 educativa i psicopedag\u00f2gica o del departament d&#8217;orientaci\u00f3 depenent de l&#8217;administraci\u00f3 educativa corresponent en qu\u00e8 es detalli i justifiqui l&#8217;assist\u00e8ncia i condicions necess\u00e0ries, aix\u00ed com el nombre d&#8217;hores setmanals i la durada de l&#8217;assist\u00e8ncia.<\/p>\n<p>&#8211; Mem\u00f2ria expedida pel centre o el reeducador que presti el servei en la qual consti les caracter\u00edstiques d&#8217;aquest servei, aix\u00ed com les hores setmanals, l&#8217;especialista que el presta i el cost.<\/p>\n","protected":false},"excerpt":{"rendered":"<p>Ajuts individualitzats convocats pel Ministerio de Educaci\u00f3n y Formaci\u00f3n Profesional per a alumnes amb necessitat espec\u00edfica de suport educatiu.\u00a0<br \/>\nL&#8217;enlla\u00e7 \u00e9s:\u00a0<a href=\"http:\/\/ensenyament.gencat.cat\/ca\/serveis-tramits\/beques\/\" data-saferedirecturl=\"https:\/\/www.google.com\/url?q=http:\/\/ensenyament.gencat.cat\/ca\/serveis-tramits\/beques\/&amp;source=gmail&amp;ust=1568301636063000&amp;usg=AFQjCNGdfyTmpuMVZgVLaIxV2U2msX0BtQ\">http:\/\/ensenyament.gencat.cat\/ca\/serveis-tramits\/beques\/<\/a><\/p>\n<ol>\n<li>Els alumnes que presenten necessitat de reeducaci\u00f3 pedag\u00f2gica o del llenguatge han de presentar:- Certificaci\u00f3 expedida per l&#8217;inspector de la zona en la qual&hellip;  <a href=\"https:\/\/agora.xtec.cat\/institutdemollerussa4\/secretaria-2\/beques\/\" title=\"Read Beques\">Llegeix m\u00e9s\u00bb<\/a><br \/>\n","protected":false},"author":1,"featured_media":0,"parent":596,"menu_order":0,"comment_status":"closed","ping_status":"closed","template":"page-templates\/side-menu.php","meta":{"_bbp_topic_count":0,"_bbp_reply_count":0,"_bbp_total_topic_count":0,"_bbp_total_reply_count":0,"_bbp_voice_count":0,"_bbp_anonymous_reply_count":0,"_bbp_topic_count_hidden":0,"_bbp_reply_count_hidden":0,"_bbp_forum_subforum_count":0,"footnotes":""},"class_list":["post-600","page","type-page","status-publish","hentry"],"post_mailing_queue_ids":[],"_links":{"self":[{"href":"https:\/\/agora.xtec.cat\/institutdemollerussa4\/wp-json\/wp\/v2\/pages\/600","targetHints":{"allow":["GET"]}}],"collection":[{"href":"https:\/\/agora.xtec.cat\/institutdemollerussa4\/wp-json\/wp\/v2\/pages"}],"about":[{"href":"https:\/\/agora.xtec.cat\/institutdemollerussa4\/wp-json\/wp\/v2\/types\/page"}],"author":[{"embeddable":true,"href":"https:\/\/agora.xtec.cat\/institutdemollerussa4\/wp-json\/wp\/v2\/users\/1"}],"replies":[{"embeddable":true,"href":"https:\/\/agora.xtec.cat\/institutdemollerussa4\/wp-json\/wp\/v2\/comments?post=600"}],"version-history":[{"count":3,"href":"https:\/\/agora.xtec.cat\/institutdemollerussa4\/wp-json\/wp\/v2\/pages\/600\/revisions"}],"predecessor-version":[{"id":4371,"href":"https:\/\/agora.xtec.cat\/institutdemollerussa4\/wp-json\/wp\/v2\/pages\/600\/revisions\/4371"}],"up":[{"embeddable":true,"href":"https:\/\/agora.xtec.cat\/institutdemollerussa4\/wp-json\/wp\/v2\/pages\/596"}],"wp:attachment":[{"href":"https:\/\/agora.xtec.cat\/institutdemollerussa4\/wp-json\/wp\/v2\/media?parent=600"}],"curies":[{"name":"wp","href":"https:\/\/api.w.org\/{rel}","templated":true}]}}