{"id":596,"date":"2019-07-04T15:26:11","date_gmt":"2019-07-04T13:26:11","guid":{"rendered":"http:\/\/agora.xtec.cat\/institutdemollerussa4\/?page_id=596"},"modified":"2024-04-18T13:44:27","modified_gmt":"2024-04-18T11:44:27","slug":"secretaria-2","status":"publish","type":"page","link":"https:\/\/agora.xtec.cat\/institutdemollerussa4\/secretaria-2\/","title":{"rendered":"Secretaria"},"content":{"rendered":"<p><strong>HORARI D\u2019ATENCI\u00d3 AL P\u00daBLIC<\/strong><\/p>\n<p>L\u2019horari d\u2019atenci\u00f3 al p\u00fablic de <strong>l&#8217;institut<\/strong> \u00e9s:<\/p>\n<ul>\n<li>De dilluns a divendres de 8 a 15:00 de la tarda.<\/li>\n<li>Els dimecres de les 15:30 a les 17:30 de la tarda.<\/li>\n<\/ul>\n<p>Si necessiteu contactar amb nosaltres ho podeu fer a trav\u00e9s del tel\u00e8fon <em>973 677 893<\/em> o del correu electr\u00f2nic <em>c5010310@xtec.cat<\/em><\/p>\n<p>Si necessiteu contactar amb <strong>secretaria<\/strong> ho podeu fer a trav\u00e9s del tel\u00e8fon <em>973 677 893<\/em> o del correu electr\u00f2nic <em>secretaria@institutsdd.cat<\/em>, en horari d&#8217;atenci\u00f3 al p\u00fablic:<\/p>\n<ul>\n<li>De dilluns a divendres de 9 a 14:00 de la tarda.<\/li>\n<li>Els dimecres de les 15:30 a les 17:30 de la tarda.<\/li>\n<\/ul>\n<p>&nbsp;<\/p>\n","protected":false},"excerpt":{"rendered":"<p>HORARI D\u2019ATENCI\u00d3 AL P\u00daBLIC<br \/>\nL\u2019horari d\u2019atenci\u00f3 al p\u00fablic de l&#8217;institut \u00e9s:<\/p>\n<ul>\n<li>De dilluns a divendres de 8 a 15:00 de la tarda.<\/li>\n<li>Els dimecres de les 15:30 a les 17:30 de la tarda.<\/li>\n<\/ul>\n<p>Si necessiteu contactar amb nosaltres ho podeu fer a trav\u00e9s del tel\u00e8fon 973 677 893 o&hellip;  <a href=\"https:\/\/agora.xtec.cat\/institutdemollerussa4\/secretaria-2\/\" title=\"Read Secretaria\">Llegeix m\u00e9s\u00bb<\/a><\/p>\n","protected":false},"author":1,"featured_media":0,"parent":0,"menu_order":0,"comment_status":"closed","ping_status":"closed","template":"page-templates\/side-menu.php","meta":{"_bbp_topic_count":0,"_bbp_reply_count":0,"_bbp_total_topic_count":0,"_bbp_total_reply_count":0,"_bbp_voice_count":0,"_bbp_anonymous_reply_count":0,"_bbp_topic_count_hidden":0,"_bbp_reply_count_hidden":0,"_bbp_forum_subforum_count":0,"footnotes":""},"class_list":["post-596","page","type-page","status-publish","hentry"],"post_mailing_queue_ids":[],"_links":{"self":[{"href":"https:\/\/agora.xtec.cat\/institutdemollerussa4\/wp-json\/wp\/v2\/pages\/596","targetHints":{"allow":["GET"]}}],"collection":[{"href":"https:\/\/agora.xtec.cat\/institutdemollerussa4\/wp-json\/wp\/v2\/pages"}],"about":[{"href":"https:\/\/agora.xtec.cat\/institutdemollerussa4\/wp-json\/wp\/v2\/types\/page"}],"author":[{"embeddable":true,"href":"https:\/\/agora.xtec.cat\/institutdemollerussa4\/wp-json\/wp\/v2\/users\/1"}],"replies":[{"embeddable":true,"href":"https:\/\/agora.xtec.cat\/institutdemollerussa4\/wp-json\/wp\/v2\/comments?post=596"}],"version-history":[{"count":4,"href":"https:\/\/agora.xtec.cat\/institutdemollerussa4\/wp-json\/wp\/v2\/pages\/596\/revisions"}],"predecessor-version":[{"id":5394,"href":"https:\/\/agora.xtec.cat\/institutdemollerussa4\/wp-json\/wp\/v2\/pages\/596\/revisions\/5394"}],"wp:attachment":[{"href":"https:\/\/agora.xtec.cat\/institutdemollerussa4\/wp-json\/wp\/v2\/media?parent=596"}],"curies":[{"name":"wp","href":"https:\/\/api.w.org\/{rel}","templated":true}]}}