{"id":594,"date":"2019-07-04T15:26:01","date_gmt":"2019-07-04T13:26:01","guid":{"rendered":"http:\/\/agora.xtec.cat\/institutdemollerussa4\/?page_id=594"},"modified":"2024-12-11T15:47:05","modified_gmt":"2024-12-11T14:47:05","slug":"projecte-linguistic","status":"publish","type":"page","link":"https:\/\/agora.xtec.cat\/institutdemollerussa4\/linstitut\/projecte-linguistic\/","title":{"rendered":"Projecte ling\u00fc\u00edstic"},"content":{"rendered":"<p>D\u2019acord amb l\u2019article 14 de la Llei d\u2019educaci\u00f3, el projecte ling\u00fc\u00edstic forma part del projecte educatiu del centre. Recull, de manera organitzada, tant els criteris adoptats per a l\u2019ensenyament i l\u2019aprenentatge de les lleng\u00fces, com els criteris de comunicaci\u00f3 del centre. Es tracta, per tant, d\u2019un instrument que ajuda a desenvolupar de manera coherent i efica\u00e7 les activitats d\u2019aprenentatge ling\u00fc\u00edstic i que posa l\u2019accent en els acords de gesti\u00f3 educativa di\u00e0ria dels centres. \u00c9s, doncs, una eina pedag\u00f2gica i organitzativa flexible, que evoluciona a partir de les estrat\u00e8gies educatives fixades i de l\u2019assoliment dels objectius marcats d\u2019acord amb les especificitats pr\u00f2pies de cada centre.<\/p>\n<p><span class=\"color_21\">A partir d\u2019aquesta idea, i prenent com a base el catal\u00e0 com a llengua vehicular, en l\u2019INS Salt del Duran es fa especial incid\u00e8ncia en el tractament integral de les lleng\u00fces per afavorir el coneixent dels mecanismes ling\u00fc\u00edstics que afavoriran el coneixements de les lleng\u00fces que necessitar\u00e0 el nostre alumnat al llarg de la seva vida.<\/span><\/p>\n<p><em>Veure <span style=\"color: #008000;\">el Projecte Ling\u00fc\u00edstic de Centre<\/span>.<\/em><\/p>\n","protected":false},"excerpt":{"rendered":"<p>D\u2019acord amb l\u2019article 14 de la Llei d\u2019educaci\u00f3, el projecte ling\u00fc\u00edstic forma part del projecte educatiu del centre. Recull, de manera organitzada, tant els criteris adoptats per a l\u2019ensenyament i l\u2019aprenentatge de les lleng\u00fces, com els criteris de comunicaci\u00f3 del centre. Es tracta, per tant,&hellip;  <a href=\"https:\/\/agora.xtec.cat\/institutdemollerussa4\/linstitut\/projecte-linguistic\/\" title=\"Read Projecte ling\u00fc\u00edstic\">Llegeix m\u00e9s\u00bb<\/a><\/p>\n","protected":false},"author":1,"featured_media":0,"parent":586,"menu_order":0,"comment_status":"closed","ping_status":"closed","template":"page-templates\/side-menu.php","meta":{"_bbp_topic_count":0,"_bbp_reply_count":0,"_bbp_total_topic_count":0,"_bbp_total_reply_count":0,"_bbp_voice_count":0,"_bbp_anonymous_reply_count":0,"_bbp_topic_count_hidden":0,"_bbp_reply_count_hidden":0,"_bbp_forum_subforum_count":0,"footnotes":""},"class_list":["post-594","page","type-page","status-publish","hentry"],"post_mailing_queue_ids":[],"_links":{"self":[{"href":"https:\/\/agora.xtec.cat\/institutdemollerussa4\/wp-json\/wp\/v2\/pages\/594","targetHints":{"allow":["GET"]}}],"collection":[{"href":"https:\/\/agora.xtec.cat\/institutdemollerussa4\/wp-json\/wp\/v2\/pages"}],"about":[{"href":"https:\/\/agora.xtec.cat\/institutdemollerussa4\/wp-json\/wp\/v2\/types\/page"}],"author":[{"embeddable":true,"href":"https:\/\/agora.xtec.cat\/institutdemollerussa4\/wp-json\/wp\/v2\/users\/1"}],"replies":[{"embeddable":true,"href":"https:\/\/agora.xtec.cat\/institutdemollerussa4\/wp-json\/wp\/v2\/comments?post=594"}],"version-history":[{"count":6,"href":"https:\/\/agora.xtec.cat\/institutdemollerussa4\/wp-json\/wp\/v2\/pages\/594\/revisions"}],"predecessor-version":[{"id":5731,"href":"https:\/\/agora.xtec.cat\/institutdemollerussa4\/wp-json\/wp\/v2\/pages\/594\/revisions\/5731"}],"up":[{"embeddable":true,"href":"https:\/\/agora.xtec.cat\/institutdemollerussa4\/wp-json\/wp\/v2\/pages\/586"}],"wp:attachment":[{"href":"https:\/\/agora.xtec.cat\/institutdemollerussa4\/wp-json\/wp\/v2\/media?parent=594"}],"curies":[{"name":"wp","href":"https:\/\/api.w.org\/{rel}","templated":true}]}}