{"id":592,"date":"2019-07-04T15:25:47","date_gmt":"2019-07-04T13:25:47","guid":{"rendered":"http:\/\/agora.xtec.cat\/institutdemollerussa4\/?page_id=592"},"modified":"2025-10-10T14:08:56","modified_gmt":"2025-10-10T12:08:56","slug":"normes-dorganitzacio-i-funcionament","status":"publish","type":"page","link":"https:\/\/agora.xtec.cat\/institutdemollerussa4\/linstitut\/normes-dorganitzacio-i-funcionament\/","title":{"rendered":"Normes d&#8217;organitzaci\u00f3 i funcionament"},"content":{"rendered":"<p>En aquest document trobareu detalladament tota la <span style=\"color: #0000ff;\"><strong>normativa interna que fa refer\u00e8ncia a l\u2019estructura organitzativa i acad\u00e8mica i a les normes de conviv\u00e8ncia del nostre centre<\/strong><\/span><em> (<a href=\"https:\/\/agora.xtec.cat\/institutdemollerussa4\/docs\/nofc-25-26\/?bp-attachment=NOFC-InsSaltdelDuran_25-26.docx-2.pdf\" target=\"_blank\" rel=\"noopener\"><span style=\"color: #339966;\">Normes d\u2019Organitzaci\u00f3 i Funcionament<\/span><\/a>)<\/em><\/p>\n<p>L&#8217;INS Salt del Duran forma part de la <span style=\"color: #0000ff;\"><strong>Xarxa d&#8217;Enfocament Restauratiu Global<\/strong><\/span> la qual <strong>proporciona als centres educatius els recursos i formaci\u00f3 per promoure la necessitat de canvi cap a una comunitat educativa restaurativa tenint en compte els valors i principis de l&#8217;Enfocament Restauratiu Global,<\/strong>\u00a0les noves habilitats a aprendre per construir relacions i crear comunitat, donar resposta positiva al conflicte, reparar danys i restaurar relacions definint els elements estructurals i organitzatius dins del projecte de conviv\u00e8ncia de centre.<\/p>\n<p>Dins d&#8217;aquesta voluntat restaurativa i, amb la intenci\u00f3 d&#8217;i<span style=\"font-family: inherit; font-size: 1em;\">ncorporar procediments i estrat\u00e8gies que possibilitin la participaci\u00f3, la implicaci\u00f3 i el comprom\u00eds de la comunitat educativa per construir una conviv\u00e8ncia positiva, es pot consultar el seg\u00fcent <a href=\"https:\/\/agora.xtec.cat\/institutdemollerussa4\/?page_id=4681&amp;preview=true\" target=\"_blank\" rel=\"noopener\"><span style=\"color: #ff0000;\">enlla\u00e7 on hi trobareu diferent informaci\u00f3 i materials <\/span><\/a>que el nostre centre utilitza.\u00a0<\/span><\/p>\n<p><a href=\"https:\/\/agora.xtec.cat\/institutdemollerussa4\/wp-content\/uploads\/usu1859\/2023\/04\/ERG.png\"><img loading=\"lazy\" decoding=\"async\" class=\"size-full wp-image-4687 alignright\" src=\"https:\/\/agora.xtec.cat\/institutdemollerussa4\/wp-content\/uploads\/usu1859\/2023\/04\/ERG.png\" alt=\"\" width=\"152\" height=\"146\" \/><\/a><\/p>\n","protected":false},"excerpt":{"rendered":"<p>En aquest document trobareu detalladament tota la normativa interna que fa refer\u00e8ncia a l\u2019estructura organitzativa i acad\u00e8mica i a les normes de conviv\u00e8ncia del nostre centre (<a href=\"https:\/\/agora.xtec.cat\/institutdemollerussa4\/docs\/nofc-25-26\/?bp-attachment=NOFC-InsSaltdelDuran_25-26.docx-2.pdf\" target=\"_blank\" rel=\"noopener\">Normes d\u2019Organitzaci\u00f3 i Funcionament<\/a>)<br \/>\nL&#8217;INS Salt del Duran forma part de la Xarxa d&#8217;Enfocament Restauratiu Global la&hellip;  <a href=\"https:\/\/agora.xtec.cat\/institutdemollerussa4\/linstitut\/normes-dorganitzacio-i-funcionament\/\" title=\"Read Normes d&#8217;organitzaci\u00f3 i funcionament\">Llegeix m\u00e9s\u00bb<\/a><\/p>\n","protected":false},"author":1,"featured_media":0,"parent":586,"menu_order":0,"comment_status":"closed","ping_status":"closed","template":"page-templates\/side-menu.php","meta":{"_bbp_topic_count":0,"_bbp_reply_count":0,"_bbp_total_topic_count":0,"_bbp_total_reply_count":0,"_bbp_voice_count":0,"_bbp_anonymous_reply_count":0,"_bbp_topic_count_hidden":0,"_bbp_reply_count_hidden":0,"_bbp_forum_subforum_count":0,"footnotes":""},"class_list":["post-592","page","type-page","status-publish","hentry"],"post_mailing_queue_ids":[],"_links":{"self":[{"href":"https:\/\/agora.xtec.cat\/institutdemollerussa4\/wp-json\/wp\/v2\/pages\/592","targetHints":{"allow":["GET"]}}],"collection":[{"href":"https:\/\/agora.xtec.cat\/institutdemollerussa4\/wp-json\/wp\/v2\/pages"}],"about":[{"href":"https:\/\/agora.xtec.cat\/institutdemollerussa4\/wp-json\/wp\/v2\/types\/page"}],"author":[{"embeddable":true,"href":"https:\/\/agora.xtec.cat\/institutdemollerussa4\/wp-json\/wp\/v2\/users\/1"}],"replies":[{"embeddable":true,"href":"https:\/\/agora.xtec.cat\/institutdemollerussa4\/wp-json\/wp\/v2\/comments?post=592"}],"version-history":[{"count":6,"href":"https:\/\/agora.xtec.cat\/institutdemollerussa4\/wp-json\/wp\/v2\/pages\/592\/revisions"}],"predecessor-version":[{"id":6229,"href":"https:\/\/agora.xtec.cat\/institutdemollerussa4\/wp-json\/wp\/v2\/pages\/592\/revisions\/6229"}],"up":[{"embeddable":true,"href":"https:\/\/agora.xtec.cat\/institutdemollerussa4\/wp-json\/wp\/v2\/pages\/586"}],"wp:attachment":[{"href":"https:\/\/agora.xtec.cat\/institutdemollerussa4\/wp-json\/wp\/v2\/media?parent=592"}],"curies":[{"name":"wp","href":"https:\/\/api.w.org\/{rel}","templated":true}]}}