{"id":590,"date":"2019-07-04T15:25:31","date_gmt":"2019-07-04T13:25:31","guid":{"rendered":"http:\/\/agora.xtec.cat\/institutdemollerussa4\/?page_id=590"},"modified":"2024-12-19T18:43:31","modified_gmt":"2024-12-19T17:43:31","slug":"projecte-educatiu-de-centre","status":"publish","type":"page","link":"https:\/\/agora.xtec.cat\/institutdemollerussa4\/linstitut\/projecte-educatiu-de-centre\/","title":{"rendered":"Projecte Educatiu de Centre"},"content":{"rendered":"<p>El projecte educatiu de centre (PEC) \u00e9s un document que inclou els trets d&#8217;identitat del centre, els principis pedag\u00f2gics, els principis organitzatius i el projecte ling\u00fc\u00edstic.<\/p>\n<p>En aquest document s&#8217;especifiquen els valors, els objectius i les prioritats d&#8217;actuaci\u00f3 del centre, la concreci\u00f3 dels curr\u00edculums que s&#8217;imparteixen i el tractament transversal en les \u00e0rees, mat\u00e8ries o m\u00f2duls de l&#8217;educaci\u00f3 en valors i altres ensenyaments.<\/p>\n<p>Con\u00e8ixer el PEC \u00e9s con\u00e8ixer millor com es desenvolupa el nostre institut.<\/p>\n<p><em>Acc\u00e9s al document del <a href=\"https:\/\/agora.xtec.cat\/institutdemollerussa4\/docs\/pec-2\/?bp-attachment=PEC-INS-Salt-del-Duran.pdf\" target=\"_blank\" rel=\"noopener\">PEC .<\/a><\/em><\/p>\n<p>Acc\u00e9s al document del <a href=\"https:\/\/agora.xtec.cat\/institutdemollerussa4\/docs\/canvi-de-denominacio-de-centre\/?bp-attachment=Canvi-denominacio-centre.pdf\" target=\"_blank\" rel=\"noopener\"><em>canvi de denominaci\u00f3 de centre.\u00a0<\/em><\/a><\/p>\n","protected":false},"excerpt":{"rendered":"<p>El projecte educatiu de centre (PEC) \u00e9s un document que inclou els trets d&#8217;identitat del centre, els principis pedag\u00f2gics, els principis organitzatius i el projecte ling\u00fc\u00edstic.<br \/>\nEn aquest document s&#8217;especifiquen els valors, els objectius i les prioritats d&#8217;actuaci\u00f3 del centre, la concreci\u00f3 dels curr\u00edculums que s&#8217;imparteixen&hellip;  <a href=\"https:\/\/agora.xtec.cat\/institutdemollerussa4\/linstitut\/projecte-educatiu-de-centre\/\" title=\"Read Projecte Educatiu de Centre\">Llegeix m\u00e9s\u00bb<\/a><\/p>\n","protected":false},"author":1,"featured_media":0,"parent":586,"menu_order":0,"comment_status":"closed","ping_status":"closed","template":"page-templates\/side-menu.php","meta":{"_bbp_topic_count":0,"_bbp_reply_count":0,"_bbp_total_topic_count":0,"_bbp_total_reply_count":0,"_bbp_voice_count":0,"_bbp_anonymous_reply_count":0,"_bbp_topic_count_hidden":0,"_bbp_reply_count_hidden":0,"_bbp_forum_subforum_count":0,"footnotes":""},"class_list":["post-590","page","type-page","status-publish","hentry"],"post_mailing_queue_ids":[],"_links":{"self":[{"href":"https:\/\/agora.xtec.cat\/institutdemollerussa4\/wp-json\/wp\/v2\/pages\/590","targetHints":{"allow":["GET"]}}],"collection":[{"href":"https:\/\/agora.xtec.cat\/institutdemollerussa4\/wp-json\/wp\/v2\/pages"}],"about":[{"href":"https:\/\/agora.xtec.cat\/institutdemollerussa4\/wp-json\/wp\/v2\/types\/page"}],"author":[{"embeddable":true,"href":"https:\/\/agora.xtec.cat\/institutdemollerussa4\/wp-json\/wp\/v2\/users\/1"}],"replies":[{"embeddable":true,"href":"https:\/\/agora.xtec.cat\/institutdemollerussa4\/wp-json\/wp\/v2\/comments?post=590"}],"version-history":[{"count":5,"href":"https:\/\/agora.xtec.cat\/institutdemollerussa4\/wp-json\/wp\/v2\/pages\/590\/revisions"}],"predecessor-version":[{"id":5740,"href":"https:\/\/agora.xtec.cat\/institutdemollerussa4\/wp-json\/wp\/v2\/pages\/590\/revisions\/5740"}],"up":[{"embeddable":true,"href":"https:\/\/agora.xtec.cat\/institutdemollerussa4\/wp-json\/wp\/v2\/pages\/586"}],"wp:attachment":[{"href":"https:\/\/agora.xtec.cat\/institutdemollerussa4\/wp-json\/wp\/v2\/media?parent=590"}],"curies":[{"name":"wp","href":"https:\/\/api.w.org\/{rel}","templated":true}]}}