{"id":586,"date":"2019-07-04T15:25:08","date_gmt":"2019-07-04T13:25:08","guid":{"rendered":"http:\/\/agora.xtec.cat\/institutdemollerussa4\/?page_id=586"},"modified":"2024-12-11T15:46:21","modified_gmt":"2024-12-11T14:46:21","slug":"linstitut","status":"publish","type":"page","link":"https:\/\/agora.xtec.cat\/institutdemollerussa4\/linstitut\/","title":{"rendered":"L&#8217;institut"},"content":{"rendered":"<p class=\"western\" style=\"margin-bottom: 9.9pt; line-height: 200%;\"><span lang=\"CA\" style=\"font-size: 12.0pt; line-height: 200%;\">L&#8217;Institut Salt del Duran est\u00e0 al servei de la societat en qu\u00e8 es troba immers, com a centre p\u00fablic que \u00e9s. \u00c9s a dir, al servei de l\u2019alumnat i de les fam\u00edlies, del municipi i de la comarca, amb projecci\u00f3 a l\u2019exterior i obert al m\u00f3n, el qual procura establir sentiment de pertinen\u00e7a dins la comunitat educativa mitjan\u00e7ant el respecte i la confian\u00e7a i tamb\u00e9 procura atendre a la diversitat, a la identitat individual i treballar la coeducaci\u00f3 com una oportunitat de creixement personal i social. <\/span><\/p>\n","protected":false},"excerpt":{"rendered":"<p>L&#8217;Institut Salt del Duran est\u00e0 al servei de la societat en qu\u00e8 es troba immers, com a centre p\u00fablic que \u00e9s. \u00c9s a dir, al servei de l\u2019alumnat i de les fam\u00edlies, del municipi i de la comarca, amb projecci\u00f3 a l\u2019exterior i obert al&hellip;  <a href=\"https:\/\/agora.xtec.cat\/institutdemollerussa4\/linstitut\/\" title=\"Read L&#8217;institut\">Llegeix m\u00e9s\u00bb<\/a><\/p>\n","protected":false},"author":1,"featured_media":0,"parent":0,"menu_order":0,"comment_status":"closed","ping_status":"closed","template":"page-templates\/side-menu.php","meta":{"_bbp_topic_count":0,"_bbp_reply_count":0,"_bbp_total_topic_count":0,"_bbp_total_reply_count":0,"_bbp_voice_count":0,"_bbp_anonymous_reply_count":0,"_bbp_topic_count_hidden":0,"_bbp_reply_count_hidden":0,"_bbp_forum_subforum_count":0,"footnotes":""},"class_list":["post-586","page","type-page","status-publish","hentry"],"post_mailing_queue_ids":[],"_links":{"self":[{"href":"https:\/\/agora.xtec.cat\/institutdemollerussa4\/wp-json\/wp\/v2\/pages\/586","targetHints":{"allow":["GET"]}}],"collection":[{"href":"https:\/\/agora.xtec.cat\/institutdemollerussa4\/wp-json\/wp\/v2\/pages"}],"about":[{"href":"https:\/\/agora.xtec.cat\/institutdemollerussa4\/wp-json\/wp\/v2\/types\/page"}],"author":[{"embeddable":true,"href":"https:\/\/agora.xtec.cat\/institutdemollerussa4\/wp-json\/wp\/v2\/users\/1"}],"replies":[{"embeddable":true,"href":"https:\/\/agora.xtec.cat\/institutdemollerussa4\/wp-json\/wp\/v2\/comments?post=586"}],"version-history":[{"count":3,"href":"https:\/\/agora.xtec.cat\/institutdemollerussa4\/wp-json\/wp\/v2\/pages\/586\/revisions"}],"predecessor-version":[{"id":5730,"href":"https:\/\/agora.xtec.cat\/institutdemollerussa4\/wp-json\/wp\/v2\/pages\/586\/revisions\/5730"}],"wp:attachment":[{"href":"https:\/\/agora.xtec.cat\/institutdemollerussa4\/wp-json\/wp\/v2\/media?parent=586"}],"curies":[{"name":"wp","href":"https:\/\/api.w.org\/{rel}","templated":true}]}}