{"id":5674,"date":"2024-09-16T14:17:12","date_gmt":"2024-09-16T12:17:12","guid":{"rendered":"https:\/\/agora.xtec.cat\/institutdemollerussa4\/?page_id=5674"},"modified":"2025-09-16T14:54:54","modified_gmt":"2025-09-16T12:54:54","slug":"servei-de-lloguer-darmariets","status":"publish","type":"page","link":"https:\/\/agora.xtec.cat\/institutdemollerussa4\/secretaria-2\/servei-de-lloguer-darmariets\/","title":{"rendered":"Servei de lloguer d&#8217;armariets"},"content":{"rendered":"<p lang=\"ca-ES\" align=\"justify\"><span style=\"font-family: arial, sans-serif;\">A partir del dia 17 de setembre tornarem a oferir el servei de lloguer d&#8217;armariet amb endoll per poder guardar i carregar els ordinadors port\u00e0tils en cas de necessitat. (Continua sent obligatori dur-lo carregat de casa). La capacitat de l&#8217;armari no permet guardar motxilles, tot i qu\u00e8, hi ha espai suficient per deixar part del material escolar de petit format (regles, diccionari, llibres de lectura\u2026)<\/span><\/p>\n<p lang=\"ca-ES\" align=\"justify\"><span style=\"font-family: arial, sans-serif;\">El sistema de lloguer es far\u00e0 seguint aquests passos:<\/span><\/p>\n<ol>\n<li>\n<p lang=\"ca-ES\" align=\"left\"><span style=\"font-family: arial, sans-serif;\">Lliurament d\u2019una fian\u00e7a de 10\u20ac en efectiu i entrega del contracte signat (el trobareu al final d&#8217;aquesta informaci\u00f3). S&#8217;ha d&#8217;entregar a l&#8217;administraci\u00f3 del centre.\u00a0<\/span><\/p>\n<\/li>\n<li>\n<p lang=\"ca-ES\" align=\"left\"><span style=\"font-family: arial, sans-serif;\">Pagament\u00a0de\u00a020\u20ac\u00a0anuals\u00a0<span style=\"color: #666666;\">(Pagament<\/span><span style=\"color: #666666;\">\u00a0a trav\u00e9s de la\u00a0<a href=\"https:\/\/inssaltdelduran.com\/\" target=\"_blank\" rel=\"noopener\" data-saferedirecturl=\"https:\/\/www.google.com\/url?q=https:\/\/inssaltdelduran.com\/&amp;source=gmail&amp;ust=1726576539109000&amp;usg=AOvVaw0eRxbDw1Kdh07QbowBjZxC\">plataforma\u00a0<\/a><\/span><span style=\"color: #666666;\"><a href=\"https:\/\/inssaltdelduran.com\/\" target=\"_blank\" rel=\"noopener\" data-saferedirecturl=\"https:\/\/www.google.com\/url?q=https:\/\/inssaltdelduran.com\/&amp;source=gmail&amp;ust=1726576539109000&amp;usg=AOvVaw0eRxbDw1Kdh07QbowBjZxC\">online<\/a><\/span><span style=\"color: #666666;\">)<\/span><\/span><\/p>\n<\/li>\n<\/ol>\n<p lang=\"ca-ES\" align=\"justify\"><span style=\"font-family: arial, sans-serif;\">Aquest armariet es podr\u00e0 compartir entre un m\u00e0xim de dues persones. El contracte per\u00f2, ser\u00e0 signat i abonat \u00fanicament per una persona, la qual disposar\u00e0 de la clau fins, com a m\u00e0xim, el 19 de juny del 2026. Fer una c\u00f2pia de la clau suposa una infracci\u00f3 segons l\u2019article\u00a0\u00a0239 del Codi Penal. En cas de p\u00e8rdua caldr\u00e0 dirigir-se a secretaria del centre.<\/span><\/p>\n<p lang=\"ca-ES\" align=\"justify\"><span style=\"font-family: arial, sans-serif;\">En cas que el\/la responsable de l&#8217;armariet el tingui compartit i no assisteixi al centre,\u00a0el \u201ccollogater\u201d haur\u00e0 de sol\u00b7licitar a consergeria que li obrin la porta.<\/span><\/p>\n<p lang=\"ca-ES\" align=\"justify\"><span style=\"font-family: arial, sans-serif;\">Els llogaters, com a titulars, es faran responsables dels desperfectes ocasionats abonant la reparaci\u00f3. Els acords entre els que comparteixen armariet s\u00f3n de car\u00e0cter privat i establerts entre les mateixes fam\u00edlies de l&#8217;alumnat.<\/span><\/p>\n<p lang=\"ca-ES\" align=\"justify\"><span style=\"font-family: arial, sans-serif;\">El preu del lloguer (20\u20ac) no ser\u00e0 retornat si s\u2019interromp l\u2019\u00fas de l&#8217;armariet abans que s&#8217;acabi el curs.<\/span><\/p>\n<p lang=\"ca-ES\" align=\"justify\"><a href=\"https:\/\/agora.xtec.cat\/institutdemollerussa4\/docs\/lloguer-armariet\/?bp-attachment=Lloguer-armariets.pdf\" target=\"_blank\" rel=\"noopener\"><span style=\"color: #ff0000;\"><strong>CONTRACTE DE LLOGUER D&#8217;ARMARIETS<\/strong><\/span><\/a><\/p>\n","protected":false},"excerpt":{"rendered":"<p>A partir del dia 17 de setembre tornarem a oferir el servei de lloguer d&#8217;armariet amb endoll per poder guardar i carregar els ordinadors port\u00e0tils en cas de necessitat. (Continua sent obligatori dur-lo carregat de casa). La capacitat de l&#8217;armari no permet guardar motxilles, tot&hellip;  <a href=\"https:\/\/agora.xtec.cat\/institutdemollerussa4\/secretaria-2\/servei-de-lloguer-darmariets\/\" title=\"Read Servei de lloguer d&#8217;armariets\">Llegeix m\u00e9s\u00bb<\/a><\/p>\n","protected":false},"author":1,"featured_media":0,"parent":596,"menu_order":5,"comment_status":"closed","ping_status":"closed","template":"","meta":{"_bbp_topic_count":0,"_bbp_reply_count":0,"_bbp_total_topic_count":0,"_bbp_total_reply_count":0,"_bbp_voice_count":0,"_bbp_anonymous_reply_count":0,"_bbp_topic_count_hidden":0,"_bbp_reply_count_hidden":0,"_bbp_forum_subforum_count":0,"footnotes":""},"class_list":["post-5674","page","type-page","status-publish","hentry"],"post_mailing_queue_ids":[],"_links":{"self":[{"href":"https:\/\/agora.xtec.cat\/institutdemollerussa4\/wp-json\/wp\/v2\/pages\/5674","targetHints":{"allow":["GET"]}}],"collection":[{"href":"https:\/\/agora.xtec.cat\/institutdemollerussa4\/wp-json\/wp\/v2\/pages"}],"about":[{"href":"https:\/\/agora.xtec.cat\/institutdemollerussa4\/wp-json\/wp\/v2\/types\/page"}],"author":[{"embeddable":true,"href":"https:\/\/agora.xtec.cat\/institutdemollerussa4\/wp-json\/wp\/v2\/users\/1"}],"replies":[{"embeddable":true,"href":"https:\/\/agora.xtec.cat\/institutdemollerussa4\/wp-json\/wp\/v2\/comments?post=5674"}],"version-history":[{"count":6,"href":"https:\/\/agora.xtec.cat\/institutdemollerussa4\/wp-json\/wp\/v2\/pages\/5674\/revisions"}],"predecessor-version":[{"id":6185,"href":"https:\/\/agora.xtec.cat\/institutdemollerussa4\/wp-json\/wp\/v2\/pages\/5674\/revisions\/6185"}],"up":[{"embeddable":true,"href":"https:\/\/agora.xtec.cat\/institutdemollerussa4\/wp-json\/wp\/v2\/pages\/596"}],"wp:attachment":[{"href":"https:\/\/agora.xtec.cat\/institutdemollerussa4\/wp-json\/wp\/v2\/media?parent=5674"}],"curies":[{"name":"wp","href":"https:\/\/api.w.org\/{rel}","templated":true}]}}