{"id":5231,"date":"2024-02-16T14:13:18","date_gmt":"2024-02-16T13:13:18","guid":{"rendered":"https:\/\/agora.xtec.cat\/institutdemollerussa4\/?page_id=5231"},"modified":"2025-06-25T13:06:02","modified_gmt":"2025-06-25T11:06:02","slug":"acords-del-consell-escolar","status":"publish","type":"page","link":"https:\/\/agora.xtec.cat\/institutdemollerussa4\/acords-del-consell-escolar\/","title":{"rendered":"Acords del Consell Escolar"},"content":{"rendered":"<p><a href=\"https:\/\/agora.xtec.cat\/institutdemollerussa4\/docs\/16-07-24-acords-consell-escolar-extraodinari\/?bp-attachment=16_7_24-2.pdf\" target=\"_blank\" rel=\"noopener\">16\/07\/2024 CONSELL ESCOLAR EXTRAORDINARI<\/a><\/p>\n<p><a href=\"https:\/\/agora.xtec.cat\/institutdemollerussa4\/docs\/16-07-24-acords-consell-escolar-extraodinari\/?bp-attachment=09_10_24-CE.pdf\" target=\"_blank\" rel=\"noopener\">09\/10\/2024 CONSELL ESCOLAR INICI DE CURS<\/a><\/p>\n<p>26\/02\/2025 CONSELL ESCOLAR ORDINARI<\/p>\n<ul>\n<li dir=\"ltr\">\n<p dir=\"ltr\" role=\"presentation\">S\u2019aprova la modificaci\u00f3 de la carta de comprom\u00eds amb els punts que impliquen al centre, a la fam\u00edlia i a l\u2019alumnat.<\/p>\n<\/li>\n<li dir=\"ltr\">\n<p dir=\"ltr\" role=\"presentation\">S\u2019aprova el tancament de l\u2019exercici econ\u00f2mic 2024<\/p>\n<\/li>\n<li dir=\"ltr\">\n<p dir=\"ltr\" role=\"presentation\">S\u2019exposa l\u2019extensi\u00f3 de la PGA amb els objectius del projecte FAIG.<\/p>\n<\/li>\n<li dir=\"ltr\">\n<p dir=\"ltr\" role=\"presentation\">Al torn obert de paraules, s\u2019exposa la petici\u00f3 del programa Erasmus+ i l\u2019ajuntament mostra l\u2019agra\u00efment a la Coral per la seva participaci\u00f3 als esdeveniments.<\/p>\n<\/li>\n<\/ul>\n<p>&nbsp;<\/p>\n","protected":false},"excerpt":{"rendered":"<p><a href=\"https:\/\/agora.xtec.cat\/institutdemollerussa4\/docs\/16-07-24-acords-consell-escolar-extraodinari\/?bp-attachment=16_7_24-2.pdf\" target=\"_blank\" rel=\"noopener\">16\/07\/2024 CONSELL ESCOLAR EXTRAORDINARI<\/a><br \/>\n<a href=\"https:\/\/agora.xtec.cat\/institutdemollerussa4\/docs\/16-07-24-acords-consell-escolar-extraodinari\/?bp-attachment=09_10_24-CE.pdf\" target=\"_blank\" rel=\"noopener\">09\/10\/2024 CONSELL ESCOLAR INICI DE CURS<\/a><br \/>\n26\/02\/2025 CONSELL ESCOLAR ORDINARI<\/p>\n<ul>\n<li dir=\"ltr\">\nS\u2019aprova la modificaci\u00f3 de la carta de comprom\u00eds amb els punts que impliquen al centre, a la fam\u00edlia i a l\u2019alumnat.\n<\/li>\n<li dir=\"ltr\">\nS\u2019aprova el tancament de l\u2019exercici econ\u00f2mic&hellip;  <a href=\"https:\/\/agora.xtec.cat\/institutdemollerussa4\/acords-del-consell-escolar\/\" title=\"Read Acords del Consell Escolar\">Llegeix m\u00e9s\u00bb<\/a><\/p>\n","protected":false},"author":1,"featured_media":0,"parent":0,"menu_order":0,"comment_status":"closed","ping_status":"closed","template":"","meta":{"_bbp_topic_count":0,"_bbp_reply_count":0,"_bbp_total_topic_count":0,"_bbp_total_reply_count":0,"_bbp_voice_count":0,"_bbp_anonymous_reply_count":0,"_bbp_topic_count_hidden":0,"_bbp_reply_count_hidden":0,"_bbp_forum_subforum_count":0,"footnotes":""},"class_list":["post-5231","page","type-page","status-publish","hentry"],"post_mailing_queue_ids":[],"_links":{"self":[{"href":"https:\/\/agora.xtec.cat\/institutdemollerussa4\/wp-json\/wp\/v2\/pages\/5231","targetHints":{"allow":["GET"]}}],"collection":[{"href":"https:\/\/agora.xtec.cat\/institutdemollerussa4\/wp-json\/wp\/v2\/pages"}],"about":[{"href":"https:\/\/agora.xtec.cat\/institutdemollerussa4\/wp-json\/wp\/v2\/types\/page"}],"author":[{"embeddable":true,"href":"https:\/\/agora.xtec.cat\/institutdemollerussa4\/wp-json\/wp\/v2\/users\/1"}],"replies":[{"embeddable":true,"href":"https:\/\/agora.xtec.cat\/institutdemollerussa4\/wp-json\/wp\/v2\/comments?post=5231"}],"version-history":[{"count":7,"href":"https:\/\/agora.xtec.cat\/institutdemollerussa4\/wp-json\/wp\/v2\/pages\/5231\/revisions"}],"predecessor-version":[{"id":6076,"href":"https:\/\/agora.xtec.cat\/institutdemollerussa4\/wp-json\/wp\/v2\/pages\/5231\/revisions\/6076"}],"wp:attachment":[{"href":"https:\/\/agora.xtec.cat\/institutdemollerussa4\/wp-json\/wp\/v2\/media?parent=5231"}],"curies":[{"name":"wp","href":"https:\/\/api.w.org\/{rel}","templated":true}]}}