{"id":4681,"date":"2023-04-13T19:43:19","date_gmt":"2023-04-13T17:43:19","guid":{"rendered":"https:\/\/agora.xtec.cat\/institutdemollerussa4\/?page_id=4681"},"modified":"2023-05-03T18:35:20","modified_gmt":"2023-05-03T16:35:20","slug":"informacio-i-materials-relacionats-amb-lenfocament-restauratiu-global","status":"publish","type":"page","link":"https:\/\/agora.xtec.cat\/institutdemollerussa4\/informacio-i-materials-relacionats-amb-lenfocament-restauratiu-global\/","title":{"rendered":"Informaci\u00f3 i materials relacionats amb l&#8217;Enfocament Restauratiu Global"},"content":{"rendered":"<h4 style=\"text-align: left;\"><img loading=\"lazy\" decoding=\"async\" class=\"alignnone wp-image-4687\" src=\"https:\/\/agora.xtec.cat\/institutdemollerussa4\/wp-content\/uploads\/usu1859\/2023\/04\/ERG.png\" alt=\"\" width=\"235\" height=\"226\" \/>\u00a0 \u00a0 \u00a0 \u00a0 \u00a0 \u00a0 \u00a0 \u00a0 \u00a0 \u00a0 \u00a0 \u00a0 \u00a0 \u00a0 \u00a0 \u00a0 \u00a0 \u00a0 \u00a0 \u00a0 \u00a0 \u00a0 \u00a0 \u00a0 \u00a0 \u00a0 \u00a0 \u00a0 \u00a0 \u00a0 \u00a0 \u00a0 \u00a0 \u00a0 \u00a0 \u00a0 \u00a0 \u00a0 \u00a0 \u00a0 \u00a0 \u00a0 \u00a0 \u00a0 \u00a0 \u00a0 \u00a0 \u00a0 \u00a0 \u00a0 \u00a0 \u00a0 \u00a0 \u00a0 \u00a0 \u00a0<img loading=\"lazy\" decoding=\"async\" class=\"alignnone wp-image-4686\" src=\"https:\/\/agora.xtec.cat\/institutdemollerussa4\/wp-content\/uploads\/usu1859\/2023\/04\/puzle-ERG.png\" alt=\"\" width=\"227\" height=\"227\" srcset=\"https:\/\/agora.xtec.cat\/institutdemollerussa4\/wp-content\/uploads\/usu1859\/2023\/04\/puzle-ERG.png 332w, https:\/\/agora.xtec.cat\/institutdemollerussa4\/wp-content\/uploads\/usu1859\/2023\/04\/puzle-ERG-300x300.png 300w, https:\/\/agora.xtec.cat\/institutdemollerussa4\/wp-content\/uploads\/usu1859\/2023\/04\/puzle-ERG-150x150.png 150w\" sizes=\"auto, (max-width: 227px) 100vw, 227px\" \/><\/h4>\n<h4><span style=\"color: #0000ff;\"><strong>Materials per la restauraci\u00f3 del dia a dia a l&#8217;aula:\u00a0<\/strong><\/span><\/h4>\n<ul>\n<li><strong>5 principis _ Belinda Hopkins<\/strong><\/li>\n<\/ul>\n<p><a href=\"https:\/\/agora.xtec.cat\/institutdemollerussa4\/wp-content\/uploads\/usu1859\/bp-attachments\/4682\/infografia-principis.png\" target=\"_blank\" rel=\"noopener\"><img loading=\"lazy\" decoding=\"async\" class=\"alignnone wp-image-4683\" src=\"https:\/\/agora.xtec.cat\/institutdemollerussa4\/wp-content\/uploads\/usu1859\/bp-attachments\/4682\/infografia-principis.png\" alt=\"\" width=\"297\" height=\"416\" srcset=\"https:\/\/agora.xtec.cat\/institutdemollerussa4\/wp-content\/uploads\/usu1859\/bp-attachments\/4682\/infografia-principis.png 741w, https:\/\/agora.xtec.cat\/institutdemollerussa4\/wp-content\/uploads\/usu1859\/bp-attachments\/4682\/infografia-principis-214x300.png 214w, https:\/\/agora.xtec.cat\/institutdemollerussa4\/wp-content\/uploads\/usu1859\/bp-attachments\/4682\/infografia-principis-732x1024.png 732w\" sizes=\"auto, (max-width: 297px) 100vw, 297px\" \/><\/a><\/p>\n<h4><span style=\"color: #0000ff;\"><strong>Materials pel treball dels espais restauratius:\u00a0<\/strong><\/span><\/h4>\n<p>Full amb bastida per a treballar la gesti\u00f3 positiva dels conflictes greus<\/p>\n<p><a href=\"https:\/\/agora.xtec.cat\/institutdemollerussa4\/wp-content\/uploads\/usu1859\/2023\/04\/full-acord-faltes-greus.png\" target=\"_blank\" rel=\"noopener\"><img loading=\"lazy\" decoding=\"async\" class=\"alignnone wp-image-4688\" src=\"https:\/\/agora.xtec.cat\/institutdemollerussa4\/wp-content\/uploads\/usu1859\/2023\/04\/full-acord-faltes-greus.png\" alt=\"\" width=\"300\" height=\"424\" srcset=\"https:\/\/agora.xtec.cat\/institutdemollerussa4\/wp-content\/uploads\/usu1859\/2023\/04\/full-acord-faltes-greus.png 417w, https:\/\/agora.xtec.cat\/institutdemollerussa4\/wp-content\/uploads\/usu1859\/2023\/04\/full-acord-faltes-greus-212x300.png 212w\" sizes=\"auto, (max-width: 300px) 100vw, 300px\" \/><\/a><\/p>\n<h4><span style=\"color: #0000ff;\"><strong>Materials referents al marc normatiu i organitzaci\u00f3 de centre:\u00a0<\/strong><\/span><\/h4>\n<p><b>MODIFICACI\u00d3 DE LES NORMES D\u2019ORGANITZACI\u00d3 I FUNCIONAMENT DE CENTRE\u00a0<\/b><b>DES D\u2019UNA PERSPECTIVA RESTAURATIVA<\/b><\/p>\n<p><b>INTRODUCCI\u00d3<\/b><\/p>\n<p><span style=\"font-weight: 400;\">Proposem un enfocament de les Normes d\u2019Organitzaci\u00f3 i Funcionament de Centre (NOFC) des d\u2019una <\/span><b>\u00f2ptica no nom\u00e9s punitiva perqu\u00e8, per a millorar la conviv\u00e8ncia<\/b><span style=\"font-weight: 400;\">, prevenir i gestionar els conflictes, ens cal una aproximaci\u00f3 diferent. Triem la via d<\/span><b>el di\u00e0leg i l\u2019acord<\/b><span style=\"font-weight: 400;\"> davant d\u2019un problema lleu a l\u2019aula, l\u2019absentisme d\u2019un estudiant o b\u00e9 problemes de conviv\u00e8ncia greus. La idea \u00e9s que totes les parts puguin dir-hi la seva, les conseq\u00fc\u00e8ncies directes d\u2019un trencament de les NOFC siguin coherents amb el <\/span><i><span style=\"font-weight: 400;\">dany<\/span><\/i><span style=\"font-weight: 400;\"> (reparaci\u00f3) i que es pugui atendre de forma molt propera l\u2019alumnat i les fam\u00edlies per a prevenir nous conflictes.<\/span><\/p>\n<p><span style=\"font-weight: 400;\">La revisi\u00f3 de les NOFC es van presentar a l\u2019inici de curs al claustre, a les fam\u00edlies, ha estat revisades per la Comissi\u00f3 de conviv\u00e8ncia i s\u2019han aprovat al Consell escolar.<\/span><\/p>\n<p><b>OBJECTIUS<\/b><\/p>\n<ul>\n<li style=\"font-weight: 400;\" aria-level=\"1\"><span style=\"font-weight: 400;\">Reduir les actuacions disruptives de l\u2019alumnat.<\/span><\/li>\n<li style=\"font-weight: 400;\" aria-level=\"1\"><span style=\"font-weight: 400;\">Empoderar el professorat per a resoldre les situacions conflictives dins de l\u2019aula.<\/span><\/li>\n<li style=\"font-weight: 400;\" aria-level=\"1\"><span style=\"font-weight: 400;\">Reflexi\u00f3 profunda i restaurativa de l\u2019alumnat com a conseq\u00fc\u00e8ncia a les seves actuacions.\u00a0<\/span><\/li>\n<li style=\"font-weight: 400;\" aria-level=\"1\"><span style=\"font-weight: 400;\">Reduir les comunicacions peri\u00f2diques amb les fam\u00edlies per donar valor a les m\u00e9s significatives.\u00a0<\/span><\/li>\n<li style=\"font-weight: 400;\" aria-level=\"1\"><span style=\"font-weight: 400;\">Promoure la cultura de l\u2019acord i del di\u00e0leg dins de la comunitat educativa.<\/span><span style=\"font-weight: 400;\">\u00a0<\/span><\/li>\n<\/ul>\n<p><b>DESENVOLUPAMENT<\/b><\/p>\n<p><b>S\u2019han eliminat les faltes lleus<\/b><span style=\"font-weight: 400;\">. Aquesta categoria no existeix. En cas d\u2019un conflicte no greu a l\u2019aula, es promou la conversa restaurativa per a gestionar-lo. \u00c9s important que s\u2019estableixi un <\/span><b>acord <\/b><span style=\"font-weight: 400;\">perqu\u00e8 no es torni a repetir la falta (repetir la falta es considera una falta greu).\u00a0<\/span><\/p>\n<p><span style=\"font-weight: 400;\">Si hi ha una <\/span><b>falta greu<\/b><span style=\"font-weight: 400;\">, totes les parts implicades han de conversar i omplir conjuntament un document (concreci\u00f3 del <\/span><b>di\u00e0leg restauratiu<\/b><span style=\"font-weight: 400;\">) en el qual expliquen <\/span><b>cadasc\u00fa la seva versi\u00f3, proposen una reparaci\u00f3 del greuge i arriben a un acord<\/b><span style=\"font-weight: 400;\">.<\/span><\/p>\n<p><span style=\"font-weight: 400;\">Es crea la figura del <\/span><b>tutor\/la tutora individual<\/b><span style=\"font-weight: 400;\"> per <\/span><b>canalitzar <\/b><span style=\"font-weight: 400;\">tota informaci\u00f3 a les fam\u00edlies i fer una atenci\u00f3 m\u00e9s propera i continuada. Tot el professorat \u00e9s tutor.<\/span><\/p>\n<p><b>CONCLUSIONS<\/b><\/p>\n<p><span style=\"font-weight: 400;\">Per a abordar qualsevol incompliment de les NOFC, <\/span><b>es prioritza el di\u00e0leg i l\u2019acord<\/b><span style=\"font-weight: 400;\"> amb les fam\u00edlies, i amb altres membres de la comunitat educativa, si s\u2019escau. <\/span><b>L\u2019objectiu \u00e9s prevenir el conflicte.<\/b><\/p>\n<p><span style=\"font-weight: 400;\">Els canvis en les NOFC de l\u2019institut Mollerussa IV s\u2019han dut a terme el curs 2022-2023. Despr\u00e9s d\u2019una certa sorpresa per part del professorat i tamb\u00e9 de l\u2019alumnat \u2015ha calgut un temps d\u2019adaptaci\u00f3\u2015, valorem positivament el canvi perqu\u00e8 s\u2019ha ent\u00e8s que hi pot haver conflictes menors, que els pot tractar <\/span><i><span style=\"font-weight: 400;\">in situ<\/span><\/i><span style=\"font-weight: 400;\"> la persona responsable amb un acord, mentre que hi ha altres assumptes m\u00e9s greus que cal abordar a trav\u00e9s de l\u2019entesa i reparant els danys.<\/span><\/p>\n<h4><span style=\"color: #0000ff;\"><strong>Materials relacionats amb la comunitat educativa:\u00a0<\/strong><\/span><\/h4>\n<p>&nbsp;<\/p>\n","protected":false},"excerpt":{"rendered":"<p>\u00a0 \u00a0 \u00a0 \u00a0 \u00a0 \u00a0 \u00a0 \u00a0 \u00a0 \u00a0 \u00a0 \u00a0 \u00a0 \u00a0 \u00a0 \u00a0 \u00a0 \u00a0 \u00a0 \u00a0 \u00a0 \u00a0 \u00a0 \u00a0 \u00a0 \u00a0 \u00a0 \u00a0 \u00a0 \u00a0 \u00a0 \u00a0 \u00a0 \u00a0 \u00a0 \u00a0 \u00a0 \u00a0 \u00a0 \u00a0 \u00a0 \u00a0 \u00a0 \u00a0 \u00a0&hellip;  <a href=\"https:\/\/agora.xtec.cat\/institutdemollerussa4\/informacio-i-materials-relacionats-amb-lenfocament-restauratiu-global\/\" title=\"Read Informaci\u00f3 i materials relacionats amb l&#8217;Enfocament Restauratiu Global\">Llegeix m\u00e9s\u00bb<\/a><\/p>\n","protected":false},"author":1,"featured_media":0,"parent":0,"menu_order":0,"comment_status":"closed","ping_status":"closed","template":"","meta":{"_bbp_topic_count":0,"_bbp_reply_count":0,"_bbp_total_topic_count":0,"_bbp_total_reply_count":0,"_bbp_voice_count":0,"_bbp_anonymous_reply_count":0,"_bbp_topic_count_hidden":0,"_bbp_reply_count_hidden":0,"_bbp_forum_subforum_count":0,"footnotes":""},"class_list":["post-4681","page","type-page","status-publish","hentry"],"post_mailing_queue_ids":[],"_links":{"self":[{"href":"https:\/\/agora.xtec.cat\/institutdemollerussa4\/wp-json\/wp\/v2\/pages\/4681","targetHints":{"allow":["GET"]}}],"collection":[{"href":"https:\/\/agora.xtec.cat\/institutdemollerussa4\/wp-json\/wp\/v2\/pages"}],"about":[{"href":"https:\/\/agora.xtec.cat\/institutdemollerussa4\/wp-json\/wp\/v2\/types\/page"}],"author":[{"embeddable":true,"href":"https:\/\/agora.xtec.cat\/institutdemollerussa4\/wp-json\/wp\/v2\/users\/1"}],"replies":[{"embeddable":true,"href":"https:\/\/agora.xtec.cat\/institutdemollerussa4\/wp-json\/wp\/v2\/comments?post=4681"}],"version-history":[{"count":4,"href":"https:\/\/agora.xtec.cat\/institutdemollerussa4\/wp-json\/wp\/v2\/pages\/4681\/revisions"}],"predecessor-version":[{"id":4823,"href":"https:\/\/agora.xtec.cat\/institutdemollerussa4\/wp-json\/wp\/v2\/pages\/4681\/revisions\/4823"}],"wp:attachment":[{"href":"https:\/\/agora.xtec.cat\/institutdemollerussa4\/wp-json\/wp\/v2\/media?parent=4681"}],"curies":[{"name":"wp","href":"https:\/\/api.w.org\/{rel}","templated":true}]}}