{"id":4171,"date":"2024-02-20T12:57:30","date_gmt":"2024-02-20T11:57:30","guid":{"rendered":"https:\/\/agora.xtec.cat\/institutdemollerussa4\/?page_id=4171"},"modified":"2026-04-29T15:18:11","modified_gmt":"2026-04-29T13:18:11","slug":"preinscripcio-i-matricula","status":"publish","type":"page","link":"https:\/\/agora.xtec.cat\/institutdemollerussa4\/preinscripcio-i-matricula\/","title":{"rendered":"Preinscripci\u00f3 i Matr\u00edcula"},"content":{"rendered":"<table style=\"border-collapse: collapse; width: 62.5091%; height: 842px;\">\n<tbody>\n<tr style=\"height: 89px;\">\n<td style=\"width: 38.3991%; height: 89px;\">\n<h5><span style=\"color: #000000;\"><strong>Publicaci\u00f3 de l&#8217;oferta inicial\u00a0<\/strong><\/span><\/h5>\n<p>Accediu al seg\u00fcent <a href=\"https:\/\/agora.xtec.cat\/institutdemollerussa4\/docs\/oferta-inicial-4\/?bp-attachment=INFORME_OFERTA_OME_INFORME_OFERTA-4.pdf\" target=\"_blank\" rel=\"noopener\">enlla\u00e7<\/a> per a consultar-la.<\/td>\n<td style=\"width: 24.11%; text-align: center; height: 89px;\">\n<h5><span style=\"color: #000000;\"><strong>3 de mar\u00e7<\/strong><\/span><\/h5>\n<\/td>\n<\/tr>\n<tr style=\"height: 49px;\">\n<td style=\"width: 38.3991%; height: 49px;\">\n<h5><span style=\"color: #000000;\"><strong>Presentaci\u00f3 i\/o modificaci\u00f3 de sol\u00b7licituds ESO<\/strong><\/span><\/h5>\n<p>Accediu al seg\u00fcent <a href=\"https:\/\/aplicacions.gestioeducativa.gencat.cat\/ords\/pls\/apex\/f?p=CITA_PREVIA:4::::4:P4_TIPUS_CALENDARI,P4_DOMINI:01_Oblig,25010310\" target=\"_blank\" rel=\"noopener\">enlla\u00e7<\/a> per a demanar cita (en cas de necessitat).<\/td>\n<td style=\"width: 24.11%; text-align: center; height: 49px;\">\n<h5><span style=\"color: #000000;\"><strong>Del 6 al 18 de mar\u00e7<\/strong><\/span><\/h5>\n<\/td>\n<\/tr>\n<tr style=\"height: 49px;\">\n<td style=\"width: 38.3991%; height: 49px;\">\n<h5><span style=\"color: #000000;\"><strong>Presentaci\u00f3 de documentaci\u00f3 ESO<\/strong><\/span><\/h5>\n<\/td>\n<td style=\"width: 24.11%; text-align: center; height: 49px;\">\n<h5><span style=\"color: #000000;\"><strong>Fins al 19 de mar\u00e7<\/strong><\/span><\/h5>\n<\/td>\n<\/tr>\n<tr style=\"height: 95px;\">\n<td style=\"width: 38.3991%; height: 95px;\">\n<h5><span style=\"color: #000000;\"><strong>Publicaci\u00f3 de la llista de sol\u00b7licituds amb la puntuaci\u00f3 provisional<\/strong><\/span><\/h5>\n<p style=\"font-family: 'Helvetica Neue', Helvetica, Helvetica, Arial, sans-serif; font-size: 16px;\">Accediu al seg\u00fcent <a href=\"https:\/\/agora.xtec.cat\/institutdemollerussa4\/docs\/llistat-provisional-preinscripcio\/?bp-attachment=INFORME_BAREM_PROVISIONAL_BAREM.pdf\" target=\"_blank\" rel=\"noopener\">enlla\u00e7<\/a> per a consultar-la<\/p>\n<\/td>\n<td style=\"width: 24.11%; text-align: center; height: 95px;\">\n<h5><span style=\"color: #000000;\"><strong>15 d&#8217;abril<\/strong><\/span><\/h5>\n<\/td>\n<\/tr>\n<tr style=\"height: 71px;\">\n<td style=\"width: 38.3991%; height: 71px;\">\n<h5><span style=\"color: #000000;\"><strong>Presentaci\u00f3 de reclamacions a la llista amb la puntuaci\u00f3 provisional\u00a0<\/strong><\/span><\/h5>\n<\/td>\n<td style=\"width: 24.11%; height: 71px;\">\n<h5 style=\"text-align: center;\"><span style=\"color: #000000;\"><strong>Del 15 al 20 d&#8217;abril<\/strong><\/span><\/h5>\n<\/td>\n<\/tr>\n<tr style=\"height: 111px;\">\n<td style=\"width: 38.3991%; height: 111px;\">\n<h5><span style=\"color: #000000;\"><strong>Publicaci\u00f3 de la llista amb la puntuaci\u00f3, un cop resoltes les reclamacions\u00a0<\/strong><\/span><\/h5>\n<p>Accediu al seg\u00fcent <a href=\"https:\/\/agora.xtec.cat\/institutdemollerussa4\/docs\/llistat-amb-la-puntuacio-resolta-reclamacions\/?bp-attachment=INFORME_BAREM_RESOLTES_BAREM.pdf\" target=\"_blank\" rel=\"noopener\"><strong>enlla\u00e7<\/strong><\/a> per a consultar-la<\/td>\n<td style=\"width: 24.11%; height: 111px;\">\n<h5 style=\"text-align: center;\"><span style=\"color: #000000;\"><strong>23 d&#8217;abril<\/strong><\/span><\/h5>\n<\/td>\n<\/tr>\n<tr style=\"height: 122px;\">\n<td style=\"width: 38.3991%; height: 12px;\">\n<h5><span style=\"color: #000000;\"><strong>Sorteig\u00a0 &#8211; n\u00fam. de desempat<\/strong><\/span><\/h5>\n<h2 style=\"text-align: center;\"><span style=\"color: #ff0000;\"><strong>42.129<\/strong><\/span><\/h2>\n<\/td>\n<td style=\"width: 24.11%; text-align: center; height: 12px;\">\n<h5><span style=\"color: #000000;\"><strong>28 d&#8217;abril<\/strong><\/span><\/h5>\n<\/td>\n<\/tr>\n<tr style=\"height: 89px;\">\n<td style=\"width: 38.3991%; height: 89px;\">\n<h5><span style=\"color: #000000;\"><strong>Publicaci\u00f3 de la llista ordenada<\/strong><\/span><\/h5>\n<p>Accediu al seg\u00fcent <a href=\"https:\/\/agora.xtec.cat\/institutdemollerussa4\/docs\/llista-ordenada-3\/?bp-attachment=INFORME_BAREM_DEFINITIU_BAREM.pdf\" target=\"_blank\" rel=\"noopener\">enlla\u00e7<\/a> per a consultar-la<\/td>\n<td style=\"width: 24.11%; text-align: center; height: 89px;\">\n<h5><span style=\"color: #000000;\"><strong>29 d&#8217;abril<\/strong><\/span><\/h5>\n<\/td>\n<\/tr>\n<tr style=\"height: 89px;\">\n<td style=\"width: 38.3991%; height: 89px;\">\n<h5><span style=\"color: #000000;\"><strong>Publicaci\u00f3 de l&#8217;oferta final<\/strong><\/span><\/h5>\n<p>Accediu al seg\u00fcent <a href=\"https:\/\/agora.xtec.cat\/institutdemollerussa4\/docs\/llista-ordenada-3\/?bp-attachment=INFORME_BAREM_DEFINITIU_BAREM.pdf\" target=\"_blank\" rel=\"noopener\">enlla\u00e7<\/a> per a consultar-la<\/td>\n<td style=\"width: 24.11%; text-align: center; height: 89px;\">\n<h5><span style=\"color: #000000;\"><strong>10 de juny<\/strong><\/span><\/h5>\n<\/td>\n<\/tr>\n<tr style=\"height: 214px;\">\n<td style=\"width: 38.3991%; height: 139px;\">\n<h5><span style=\"color: #000000;\"><strong>Publicaci\u00f3 de la llista d&#8217;admesos i la llista d&#8217;espera<\/strong><\/span><\/h5>\n<p>Accediu al seg\u00fcent enlla\u00e7 per a consultar la llista<strong> d&#8217;alumnes assignats al centre amb indicaci\u00f3 de la primera petici\u00f3<\/strong><\/td>\n<td style=\"width: 24.11%; text-align: center; height: 139px;\">\n<h5><span style=\"color: #000000;\"><strong>10 de juny<\/strong><\/span><\/h5>\n<\/td>\n<\/tr>\n<tr style=\"height: 49px;\">\n<td style=\"width: 38.3991%; height: 49px;\">\n<h5><span style=\"color: #ff0000;\"><strong>Per\u00edode de matriculaci\u00f3\u00a0<\/strong><\/span><\/h5>\n<\/td>\n<td style=\"width: 24.11%; text-align: center; height: 49px;\">\n<h5><span style=\"color: #ff0000;\"><strong>Del 22 al 30 de juny<\/strong><\/span><\/h5>\n<\/td>\n<\/tr>\n<\/tbody>\n<\/table>\n","protected":false},"excerpt":{"rendered":"<p>Publicaci\u00f3 de l&#8217;oferta inicial\u00a0<br \/>\nAccediu al seg\u00fcent <a href=\"https:\/\/agora.xtec.cat\/institutdemollerussa4\/docs\/oferta-inicial-4\/?bp-attachment=INFORME_OFERTA_OME_INFORME_OFERTA-4.pdf\" target=\"_blank\" rel=\"noopener\">enlla\u00e7<\/a> per a consultar-la.<\/p>\n<p>3 de mar\u00e7<\/p>\n<p>Presentaci\u00f3 i\/o modificaci\u00f3 de sol\u00b7licituds ESO<br \/>\nAccediu al seg\u00fcent <a href=\"https:\/\/aplicacions.gestioeducativa.gencat.cat\/ords\/pls\/apex\/f?p=CITA_PREVIA:4::::4:P4_TIPUS_CALENDARI,P4_DOMINI:01_Oblig,25010310\" target=\"_blank\" rel=\"noopener\">enlla\u00e7<\/a> per a demanar cita (en cas de necessitat).<\/p>\n<p>Del 6 al 18 de mar\u00e7<\/p>\n<p>Presentaci\u00f3 de documentaci\u00f3 ESO<\/p>\n<p>Fins al 19 de&hellip;  <a href=\"https:\/\/agora.xtec.cat\/institutdemollerussa4\/preinscripcio-i-matricula\/\" title=\"Read Preinscripci\u00f3 i Matr\u00edcula\">Llegeix m\u00e9s\u00bb<\/a><\/p>\n","protected":false},"author":1,"featured_media":0,"parent":0,"menu_order":0,"comment_status":"closed","ping_status":"closed","template":"","meta":{"_bbp_topic_count":0,"_bbp_reply_count":0,"_bbp_total_topic_count":0,"_bbp_total_reply_count":0,"_bbp_voice_count":0,"_bbp_anonymous_reply_count":0,"_bbp_topic_count_hidden":0,"_bbp_reply_count_hidden":0,"_bbp_forum_subforum_count":0,"footnotes":""},"class_list":["post-4171","page","type-page","status-publish","hentry"],"post_mailing_queue_ids":[],"_links":{"self":[{"href":"https:\/\/agora.xtec.cat\/institutdemollerussa4\/wp-json\/wp\/v2\/pages\/4171","targetHints":{"allow":["GET"]}}],"collection":[{"href":"https:\/\/agora.xtec.cat\/institutdemollerussa4\/wp-json\/wp\/v2\/pages"}],"about":[{"href":"https:\/\/agora.xtec.cat\/institutdemollerussa4\/wp-json\/wp\/v2\/types\/page"}],"author":[{"embeddable":true,"href":"https:\/\/agora.xtec.cat\/institutdemollerussa4\/wp-json\/wp\/v2\/users\/1"}],"replies":[{"embeddable":true,"href":"https:\/\/agora.xtec.cat\/institutdemollerussa4\/wp-json\/wp\/v2\/comments?post=4171"}],"version-history":[{"count":6,"href":"https:\/\/agora.xtec.cat\/institutdemollerussa4\/wp-json\/wp\/v2\/pages\/4171\/revisions"}],"predecessor-version":[{"id":6355,"href":"https:\/\/agora.xtec.cat\/institutdemollerussa4\/wp-json\/wp\/v2\/pages\/4171\/revisions\/6355"}],"wp:attachment":[{"href":"https:\/\/agora.xtec.cat\/institutdemollerussa4\/wp-json\/wp\/v2\/media?parent=4171"}],"curies":[{"name":"wp","href":"https:\/\/api.w.org\/{rel}","templated":true}]}}