{"id":1087,"date":"2019-12-19T09:41:16","date_gmt":"2019-12-19T08:41:16","guid":{"rendered":"http:\/\/agora.xtec.cat\/institutdemollerussa4\/?page_id=1087"},"modified":"2025-08-28T11:57:25","modified_gmt":"2025-08-28T09:57:25","slug":"programacio-general-anual","status":"publish","type":"page","link":"https:\/\/agora.xtec.cat\/institutdemollerussa4\/linstitut\/programacio-general-anual\/","title":{"rendered":"Programaci\u00f3 General Anual"},"content":{"rendered":"<p>A trav\u00e9s d&#8217;aquest enlla\u00e7, tindreu acc\u00e9s a la <span style=\"color: #008000;\">Programaci\u00f3 General Anual <\/span>de l&#8217;INS Salt del Duran per al curs 2025-26.<\/p>\n","protected":false},"excerpt":{"rendered":"<p>A trav\u00e9s d&#8217;aquest enlla\u00e7, tindreu acc\u00e9s a la Programaci\u00f3 General Anual de l&#8217;INS Salt del Duran per al curs 2025-26.<\/p>\n","protected":false},"author":1,"featured_media":0,"parent":586,"menu_order":0,"comment_status":"closed","ping_status":"closed","template":"","meta":{"_bbp_topic_count":0,"_bbp_reply_count":0,"_bbp_total_topic_count":0,"_bbp_total_reply_count":0,"_bbp_voice_count":0,"_bbp_anonymous_reply_count":0,"_bbp_topic_count_hidden":0,"_bbp_reply_count_hidden":0,"_bbp_forum_subforum_count":0,"footnotes":""},"class_list":["post-1087","page","type-page","status-publish","hentry"],"post_mailing_queue_ids":[],"_links":{"self":[{"href":"https:\/\/agora.xtec.cat\/institutdemollerussa4\/wp-json\/wp\/v2\/pages\/1087","targetHints":{"allow":["GET"]}}],"collection":[{"href":"https:\/\/agora.xtec.cat\/institutdemollerussa4\/wp-json\/wp\/v2\/pages"}],"about":[{"href":"https:\/\/agora.xtec.cat\/institutdemollerussa4\/wp-json\/wp\/v2\/types\/page"}],"author":[{"embeddable":true,"href":"https:\/\/agora.xtec.cat\/institutdemollerussa4\/wp-json\/wp\/v2\/users\/1"}],"replies":[{"embeddable":true,"href":"https:\/\/agora.xtec.cat\/institutdemollerussa4\/wp-json\/wp\/v2\/comments?post=1087"}],"version-history":[{"count":4,"href":"https:\/\/agora.xtec.cat\/institutdemollerussa4\/wp-json\/wp\/v2\/pages\/1087\/revisions"}],"predecessor-version":[{"id":6110,"href":"https:\/\/agora.xtec.cat\/institutdemollerussa4\/wp-json\/wp\/v2\/pages\/1087\/revisions\/6110"}],"up":[{"embeddable":true,"href":"https:\/\/agora.xtec.cat\/institutdemollerussa4\/wp-json\/wp\/v2\/pages\/586"}],"wp:attachment":[{"href":"https:\/\/agora.xtec.cat\/institutdemollerussa4\/wp-json\/wp\/v2\/media?parent=1087"}],"curies":[{"name":"wp","href":"https:\/\/api.w.org\/{rel}","templated":true}]}}