{"id":1074,"date":"2019-12-19T09:03:54","date_gmt":"2019-12-19T08:03:54","guid":{"rendered":"http:\/\/agora.xtec.cat\/institutdemollerussa4\/?page_id=1074"},"modified":"2025-08-28T11:55:46","modified_gmt":"2025-08-28T09:55:46","slug":"carta-de-compromis-educatiu","status":"publish","type":"page","link":"https:\/\/agora.xtec.cat\/institutdemollerussa4\/linstitut\/carta-de-compromis-educatiu\/","title":{"rendered":"Carta de comprom\u00eds educatiu 25-26"},"content":{"rendered":"<p>En aquest enlla\u00e7 trobar\u00e0s l&#8217;<a href=\"https:\/\/agora.xtec.cat\/institutdemollerussa4\/docs\/carta-compromis-2\/?bp-attachment=CARTA-DE-COMPROMIS-EDUCATIU-25-26.pdf\" target=\"_blank\" rel=\"noopener\">acc\u00e9s a la carta de comprom\u00eds educatiu<\/a> de l&#8217;INS Salt del Duran per al curs 2025-26.<\/p>\n","protected":false},"excerpt":{"rendered":"<p>En aquest enlla\u00e7 trobar\u00e0s l&#8217;<a href=\"https:\/\/agora.xtec.cat\/institutdemollerussa4\/docs\/carta-compromis-2\/?bp-attachment=CARTA-DE-COMPROMIS-EDUCATIU-25-26.pdf\" target=\"_blank\" rel=\"noopener\">acc\u00e9s a la carta de comprom\u00eds educatiu<\/a> de l&#8217;INS Salt del Duran per al curs 2025-26.<\/p>\n","protected":false},"author":1,"featured_media":0,"parent":586,"menu_order":0,"comment_status":"closed","ping_status":"closed","template":"","meta":{"_bbp_topic_count":0,"_bbp_reply_count":0,"_bbp_total_topic_count":0,"_bbp_total_reply_count":0,"_bbp_voice_count":0,"_bbp_anonymous_reply_count":0,"_bbp_topic_count_hidden":0,"_bbp_reply_count_hidden":0,"_bbp_forum_subforum_count":0,"footnotes":""},"class_list":["post-1074","page","type-page","status-publish","hentry"],"post_mailing_queue_ids":[],"_links":{"self":[{"href":"https:\/\/agora.xtec.cat\/institutdemollerussa4\/wp-json\/wp\/v2\/pages\/1074","targetHints":{"allow":["GET"]}}],"collection":[{"href":"https:\/\/agora.xtec.cat\/institutdemollerussa4\/wp-json\/wp\/v2\/pages"}],"about":[{"href":"https:\/\/agora.xtec.cat\/institutdemollerussa4\/wp-json\/wp\/v2\/types\/page"}],"author":[{"embeddable":true,"href":"https:\/\/agora.xtec.cat\/institutdemollerussa4\/wp-json\/wp\/v2\/users\/1"}],"replies":[{"embeddable":true,"href":"https:\/\/agora.xtec.cat\/institutdemollerussa4\/wp-json\/wp\/v2\/comments?post=1074"}],"version-history":[{"count":7,"href":"https:\/\/agora.xtec.cat\/institutdemollerussa4\/wp-json\/wp\/v2\/pages\/1074\/revisions"}],"predecessor-version":[{"id":6108,"href":"https:\/\/agora.xtec.cat\/institutdemollerussa4\/wp-json\/wp\/v2\/pages\/1074\/revisions\/6108"}],"up":[{"embeddable":true,"href":"https:\/\/agora.xtec.cat\/institutdemollerussa4\/wp-json\/wp\/v2\/pages\/586"}],"wp:attachment":[{"href":"https:\/\/agora.xtec.cat\/institutdemollerussa4\/wp-json\/wp\/v2\/media?parent=1074"}],"curies":[{"name":"wp","href":"https:\/\/api.w.org\/{rel}","templated":true}]}}