{"id":66,"date":"2014-11-03T09:38:26","date_gmt":"2014-11-03T09:38:26","guid":{"rendered":"http:\/\/sicervello\/?page_id=66"},"modified":"2020-09-16T19:05:07","modified_gmt":"2020-09-16T17:05:07","slug":"contactar","status":"publish","type":"page","link":"https:\/\/agora.xtec.cat\/institutcervello\/contactar\/","title":{"rendered":"CONTACTAR"},"content":{"rendered":"<h5 style=\"text-align: center;\"><span style=\"font-size: 1.6875em;\">SECRETARIA<\/span><\/h5>\n<p style=\"text-align: center;\"><strong>(Abans de venir, demaneu cita pr\u00e8via)<\/strong><\/p>\n<h5 style=\"text-align: center;\">HORARI D&#8217;ATENCI\u00d3 PRESENCIAL AL P\u00daBLIC I D&#8217;ATENCI\u00d3 TELEF\u00d2NICA<\/h5>\n<table class=\" aligncenter\" style=\"width: 311px; height: 220px;\">\n<tbody>\n<tr style=\"height: 31px;\">\n<td style=\"width: 88px; text-align: left; height: 31px;\"><strong>Dilluns<\/strong><\/td>\n<td style=\"width: 56px; text-align: left; height: 31px;\">mat\u00ed<\/td>\n<td style=\"width: 157px; text-align: left; height: 31px;\">\u00a0 8:30 a 12.30 hores<\/td>\n<\/tr>\n<tr style=\"height: 32px;\">\n<td style=\"width: 88px; text-align: left; height: 32px;\"><strong>Dimarts<\/strong><\/td>\n<td style=\"width: 56px; text-align: left; height: 32px;\"><span style=\"font-size: 16px; background-color: #ffffff;\">mat\u00ed\u00a0<\/span><\/td>\n<td style=\"width: 157px; text-align: left; height: 32px;\">\u00a0 8:30 a 12.30 hores<\/td>\n<\/tr>\n<tr style=\"height: 31px;\">\n<td style=\"width: 88px; text-align: left; height: 31px;\"><\/td>\n<td style=\"width: 56px; text-align: left; height: 31px;\"><span style=\"background-color: #f9f9f9;\">tarda<\/span><\/td>\n<td style=\"width: 157px; text-align: left; height: 31px;\">15:15 a 17:00 hores<\/td>\n<\/tr>\n<tr style=\"height: 32px;\">\n<td style=\"width: 88px; text-align: left; height: 32px;\"><strong style=\"background-color: #ffffff;\">Dimecres<\/strong><\/td>\n<td style=\"width: 56px; text-align: left; height: 32px;\"><span style=\"font-size: 16px; background-color: #ffffff;\">mat\u00ed\u00a0<\/span><\/td>\n<td style=\"width: 157px; text-align: left; height: 32px;\">12:30 a 14:30 hores<\/td>\n<\/tr>\n<tr style=\"height: 32px;\">\n<td style=\"width: 88px; text-align: left; height: 32px;\"><strong style=\"background-color: #f9f9f9;\">Dijous<\/strong><\/td>\n<td style=\"width: 56px; text-align: left; height: 32px;\"><span style=\"font-size: 16px; background-color: #ffffff;\">mat\u00ed\u00a0<\/span><\/td>\n<td style=\"width: 157px; text-align: left; height: 32px;\">\u00a09:30 a 13:30 hores<\/td>\n<\/tr>\n<tr style=\"height: 31px;\">\n<td style=\"width: 88px; text-align: left; height: 31px;\"><strong style=\"background-color: #ffffff;\">Divendres<\/strong><\/td>\n<td style=\"width: 56px; text-align: left; height: 31px;\"><span style=\"font-size: 16px; background-color: #ffffff;\">mat\u00ed\u00a0<\/span><\/td>\n<td style=\"width: 157px; text-align: left; height: 31px;\">\u00a08:30 a 10:30 hores<\/td>\n<\/tr>\n<tr style=\"height: 31px;\">\n<td style=\"width: 88px; text-align: left; height: 31px;\"><\/td>\n<td style=\"width: 56px; text-align: left; height: 31px;\"><span style=\"font-size: 16px; background-color: #ffffff;\">mat\u00ed\u00a0<\/span><\/td>\n<td style=\"width: 157px; text-align: left; height: 31px;\">12:30 a 14:30 hores<\/td>\n<\/tr>\n<\/tbody>\n<\/table>\n<p>&nbsp;<\/p>\n<p style=\"font-weight: 400; text-align: center;\">Recordeu que sempre podeu avan\u00e7ar la vostra consulta escrivint al correu electr\u00f2nic del centre <a href=\"mailto:a8067144@xtec.cat\">a8067144@xtec.cat<\/a><\/p>\n<p>&nbsp;<\/p>\n<p><strong style=\"font-family: inherit; font-size: 1em; text-align: center;\"><br \/>\nAdre\u00e7a:<\/strong><span style=\"font-family: inherit; font-size: 1em; text-align: center;\"> Carrer del Pi, s\/n (casc urb\u00e0)<\/span><\/p>\n<p>08758 Carvell\u00f3<\/p>\n<p><strong>Tel\u00e8fon:<\/strong>\u00a093 684 29 48<\/p>\n<p><strong>Email:<\/strong> <a href=\"mailto:a8067144@xtec.cat\" target=\"_blank\" rel=\"noopener noreferrer\">a8067144@xtec.cat<\/a><\/p>\n<p>&nbsp;<\/p>\n<p>&nbsp;<\/p>\n","protected":false},"excerpt":{"rendered":"<p>SECRETARIA<br \/>\n(Abans de venir, demaneu cita pr\u00e8via)<br \/>\nHORARI D&#8217;ATENCI\u00d3 PRESENCIAL AL P\u00daBLIC I D&#8217;ATENCI\u00d3 TELEF\u00d2NICA<\/p>\n<p>Dilluns<br \/>\nmat\u00ed<br \/>\n\u00a0 8:30 a 12.30 hores<\/p>\n<p>Dimarts<br \/>\nmat\u00ed\u00a0<br \/>\n\u00a0 8:30 a 12.30 hores<\/p>\n<p>tarda<br \/>\n15:15 a 17:00 hores<\/p>\n<p>Dimecres<br \/>\nmat\u00ed\u00a0<br \/>\n12:30 a 14:30 hores<\/p>\n<p>Dijous<br \/>\nmat\u00ed\u00a0<br \/>\n\u00a09:30 a 13:30 hores<\/p>\n<p>Divendres<br \/>\nmat\u00ed\u00a0<br \/>\n\u00a08:30 a 10:30 hores<\/p>\n<p>mat\u00ed\u00a0<br \/>\n12:30 a 14:30 hores<\/p>\n<p>&nbsp;<br \/>\nRecordeu que sempre podeu avan\u00e7ar la vostra consulta escrivint al&hellip;  <a href=\"https:\/\/agora.xtec.cat\/institutcervello\/contactar\/\" title=\"Read CONTACTAR\">Llegeix m\u00e9s\u00bb<\/a><\/p>\n","protected":false},"author":1,"featured_media":0,"parent":0,"menu_order":6,"comment_status":"open","ping_status":"open","template":"","meta":{"_bbp_topic_count":0,"_bbp_reply_count":0,"_bbp_total_topic_count":0,"_bbp_total_reply_count":0,"_bbp_voice_count":0,"_bbp_anonymous_reply_count":0,"_bbp_topic_count_hidden":0,"_bbp_reply_count_hidden":0,"_bbp_forum_subforum_count":0,"footnotes":""},"class_list":["post-66","page","type-page","status-publish","hentry"],"post_mailing_queue_ids":[],"_links":{"self":[{"href":"https:\/\/agora.xtec.cat\/institutcervello\/wp-json\/wp\/v2\/pages\/66","targetHints":{"allow":["GET"]}}],"collection":[{"href":"https:\/\/agora.xtec.cat\/institutcervello\/wp-json\/wp\/v2\/pages"}],"about":[{"href":"https:\/\/agora.xtec.cat\/institutcervello\/wp-json\/wp\/v2\/types\/page"}],"author":[{"embeddable":true,"href":"https:\/\/agora.xtec.cat\/institutcervello\/wp-json\/wp\/v2\/users\/1"}],"replies":[{"embeddable":true,"href":"https:\/\/agora.xtec.cat\/institutcervello\/wp-json\/wp\/v2\/comments?post=66"}],"version-history":[{"count":4,"href":"https:\/\/agora.xtec.cat\/institutcervello\/wp-json\/wp\/v2\/pages\/66\/revisions"}],"predecessor-version":[{"id":1924,"href":"https:\/\/agora.xtec.cat\/institutcervello\/wp-json\/wp\/v2\/pages\/66\/revisions\/1924"}],"wp:attachment":[{"href":"https:\/\/agora.xtec.cat\/institutcervello\/wp-json\/wp\/v2\/media?parent=66"}],"curies":[{"name":"wp","href":"https:\/\/api.w.org\/{rel}","templated":true}]}}