{"id":2731,"date":"2023-04-27T17:35:18","date_gmt":"2023-04-27T15:35:18","guid":{"rendered":"https:\/\/agora.xtec.cat\/institutcervello\/?page_id=2731"},"modified":"2023-04-27T17:50:03","modified_gmt":"2023-04-27T15:50:03","slug":"gep","status":"publish","type":"page","link":"https:\/\/agora.xtec.cat\/institutcervello\/projecte-educatiu\/gep\/","title":{"rendered":"Programa Generaci\u00f3 Pluril\u00edng\u00fce (GEP)"},"content":{"rendered":"<p><a href=\"https:\/\/sites.google.com\/xtec.cat\/gepcervello\/\" target=\"_blank\" rel=\"noopener\"><img loading=\"lazy\" decoding=\"async\" class=\"aligncenter size-large wp-image-2763\" src=\"https:\/\/agora.xtec.cat\/institutcervello\/wp-content\/uploads\/usu972\/2023\/04\/GEPCaptura-1024x203.jpg\" alt=\"\" width=\"1024\" height=\"203\" srcset=\"https:\/\/agora.xtec.cat\/institutcervello\/wp-content\/uploads\/usu972\/2023\/04\/GEPCaptura-1024x203.jpg 1024w, https:\/\/agora.xtec.cat\/institutcervello\/wp-content\/uploads\/usu972\/2023\/04\/GEPCaptura-300x60.jpg 300w, https:\/\/agora.xtec.cat\/institutcervello\/wp-content\/uploads\/usu972\/2023\/04\/GEPCaptura-768x152.jpg 768w, https:\/\/agora.xtec.cat\/institutcervello\/wp-content\/uploads\/usu972\/2023\/04\/GEPCaptura.jpg 1305w\" sizes=\"auto, (max-width: 1024px) 100vw, 1024px\" \/><\/a><\/p>\n","protected":false},"excerpt":{"rendered":"<p><a href=\"https:\/\/sites.google.com\/xtec.cat\/gepcervello\/\" target=\"_blank\" rel=\"noopener\"><\/a><\/p>\n","protected":false},"author":1,"featured_media":0,"parent":57,"menu_order":0,"comment_status":"closed","ping_status":"closed","template":"page-templates\/side-menu.php","meta":{"_bbp_topic_count":0,"_bbp_reply_count":0,"_bbp_total_topic_count":0,"_bbp_total_reply_count":0,"_bbp_voice_count":0,"_bbp_anonymous_reply_count":0,"_bbp_topic_count_hidden":0,"_bbp_reply_count_hidden":0,"_bbp_forum_subforum_count":0,"footnotes":""},"class_list":["post-2731","page","type-page","status-publish","hentry"],"post_mailing_queue_ids":[],"_links":{"self":[{"href":"https:\/\/agora.xtec.cat\/institutcervello\/wp-json\/wp\/v2\/pages\/2731","targetHints":{"allow":["GET"]}}],"collection":[{"href":"https:\/\/agora.xtec.cat\/institutcervello\/wp-json\/wp\/v2\/pages"}],"about":[{"href":"https:\/\/agora.xtec.cat\/institutcervello\/wp-json\/wp\/v2\/types\/page"}],"author":[{"embeddable":true,"href":"https:\/\/agora.xtec.cat\/institutcervello\/wp-json\/wp\/v2\/users\/1"}],"replies":[{"embeddable":true,"href":"https:\/\/agora.xtec.cat\/institutcervello\/wp-json\/wp\/v2\/comments?post=2731"}],"version-history":[{"count":3,"href":"https:\/\/agora.xtec.cat\/institutcervello\/wp-json\/wp\/v2\/pages\/2731\/revisions"}],"predecessor-version":[{"id":2765,"href":"https:\/\/agora.xtec.cat\/institutcervello\/wp-json\/wp\/v2\/pages\/2731\/revisions\/2765"}],"up":[{"embeddable":true,"href":"https:\/\/agora.xtec.cat\/institutcervello\/wp-json\/wp\/v2\/pages\/57"}],"wp:attachment":[{"href":"https:\/\/agora.xtec.cat\/institutcervello\/wp-json\/wp\/v2\/media?parent=2731"}],"curies":[{"name":"wp","href":"https:\/\/api.w.org\/{rel}","templated":true}]}}