{"id":27,"date":"2014-09-17T16:24:03","date_gmt":"2014-09-17T16:24:03","guid":{"rendered":"http:\/\/agora.xtec.cat\/institutcervello\/?page_id=27"},"modified":"2021-07-15T11:04:07","modified_gmt":"2021-07-15T09:04:07","slug":"historia","status":"publish","type":"page","link":"https:\/\/agora.xtec.cat\/institutcervello\/linstitut\/historia\/","title":{"rendered":"Hist\u00f2ria"},"content":{"rendered":"<p><span style=\"font-weight: 400;\">L\u2019Institut de Cervell\u00f3 est\u00e0 situat al barri de Can Esteve. Va n\u00e9ixer el curs 2007-08 amb un grup de professors i professores\u00a0 provinent de l\u2019Institut Vall d\u2019Ar\u00fas de Vallirana i una cinquantena d\u2019alumnes de l\u2019escola de prim\u00e0ria Santa Maria de Cervell\u00f3.<\/span><\/p>\n<p><span style=\"font-weight: 400;\">Des del seu origen ha estat un centre \u00fanicament d\u2019ESO i amb aularis prefabricats. Per tant, est\u00e0 ubicat en un espai d\u2019equipament p\u00fablic provisional\u00a0 fins a la construcci\u00f3 de l\u2019edifici. Aquest car\u00e0cter de provisionalitat del centre fa que les caracter\u00edstiques hagin sigut canviants al llarg dels cursos. Aix\u00f2 ha implicat un continu creixement d\u2019aularis prefabricats, noves ubicacions d\u2019espais comuns i espec\u00edfiques, noves instal\u00b7lacions el\u00e8ctriques, d\u2019aigua, internet, tel\u00e8fon,&#8230; fins arribar a la situaci\u00f3 actual.<\/span><\/p>\n<p><span style=\"font-weight: 400;\">Es va iniciar el projecte amb 3 aularis, i a l\u2019actualitat en tenim 9, comportant una ampliaci\u00f3 de l\u2019espai exterior<\/span> <span style=\"font-weight: 400;\">cedit i condicionat per l\u2019Ajuntament de Cervell\u00f3.<\/span><\/p>\n<p><span style=\"font-weight: 400;\">Durant aquests anys, hi ha\u00a0 hagut 3 canvis de nom de l\u2019institut. La seva denominaci\u00f3 original va ser SES de Cervell\u00f3 (Secci\u00f3 d\u2019Educaci\u00f3 Secund\u00e0ria), i despr\u00e9s va passar al nom de Secci\u00f3 d\u2019Institut de Cervell\u00f3, fins arribar a l\u2019actual,\u00a0 Institut de Cervell\u00f3.<\/span><\/p>\n<p><span style=\"font-weight: 400;\">Aix\u00f2 significa que el nostre centre ha experimentat un creixement significatiu, al llarg de la seva exist\u00e8ncia en tots els aspectes. Augmentant el n\u00famero d\u2019alumnes, sent a l\u2019actualitat un centre de 3-3-4-4 l\u00ednies amb un total de 345 alumnes en aquest curs. A conseq\u00fc\u00e8ncia tamb\u00e9 ha augmentat la plantilla, sent un total de 39 professors-es i 3 membres del PAS en el curs 2020-2021.<\/span><\/p>\n","protected":false},"excerpt":{"rendered":"<p>L\u2019Institut de Cervell\u00f3 est\u00e0 situat al barri de Can Esteve. Va n\u00e9ixer el curs 2007-08 amb un grup de professors i professores\u00a0 provinent de l\u2019Institut Vall d\u2019Ar\u00fas de Vallirana i una cinquantena d\u2019alumnes de l\u2019escola de prim\u00e0ria Santa Maria de Cervell\u00f3.<br \/>\nDes del seu origen ha&hellip;  <a href=\"https:\/\/agora.xtec.cat\/institutcervello\/linstitut\/historia\/\" title=\"Read Hist\u00f2ria\">Llegeix m\u00e9s\u00bb<\/a><\/p>\n","protected":false},"author":1,"featured_media":0,"parent":19,"menu_order":20,"comment_status":"closed","ping_status":"closed","template":"","meta":{"_bbp_topic_count":0,"_bbp_reply_count":0,"_bbp_total_topic_count":0,"_bbp_total_reply_count":0,"_bbp_voice_count":0,"_bbp_anonymous_reply_count":0,"_bbp_topic_count_hidden":0,"_bbp_reply_count_hidden":0,"_bbp_forum_subforum_count":0,"footnotes":""},"class_list":["post-27","page","type-page","status-publish","hentry"],"post_mailing_queue_ids":[],"_links":{"self":[{"href":"https:\/\/agora.xtec.cat\/institutcervello\/wp-json\/wp\/v2\/pages\/27","targetHints":{"allow":["GET"]}}],"collection":[{"href":"https:\/\/agora.xtec.cat\/institutcervello\/wp-json\/wp\/v2\/pages"}],"about":[{"href":"https:\/\/agora.xtec.cat\/institutcervello\/wp-json\/wp\/v2\/types\/page"}],"author":[{"embeddable":true,"href":"https:\/\/agora.xtec.cat\/institutcervello\/wp-json\/wp\/v2\/users\/1"}],"replies":[{"embeddable":true,"href":"https:\/\/agora.xtec.cat\/institutcervello\/wp-json\/wp\/v2\/comments?post=27"}],"version-history":[{"count":2,"href":"https:\/\/agora.xtec.cat\/institutcervello\/wp-json\/wp\/v2\/pages\/27\/revisions"}],"predecessor-version":[{"id":2073,"href":"https:\/\/agora.xtec.cat\/institutcervello\/wp-json\/wp\/v2\/pages\/27\/revisions\/2073"}],"up":[{"embeddable":true,"href":"https:\/\/agora.xtec.cat\/institutcervello\/wp-json\/wp\/v2\/pages\/19"}],"wp:attachment":[{"href":"https:\/\/agora.xtec.cat\/institutcervello\/wp-json\/wp\/v2\/media?parent=27"}],"curies":[{"name":"wp","href":"https:\/\/api.w.org\/{rel}","templated":true}]}}