{"id":1255,"date":"2014-11-03T08:51:28","date_gmt":"2014-11-03T08:51:28","guid":{"rendered":"http:\/\/sicervello\/?page_id=19"},"modified":"2021-07-15T11:00:59","modified_gmt":"2021-07-15T09:00:59","slug":"instal%c2%b7lacions","status":"publish","type":"page","link":"https:\/\/agora.xtec.cat\/institutcervello\/el-centre\/instal%c2%b7lacions\/","title":{"rendered":"Instal\u00b7lacions"},"content":{"rendered":"<p>El centre es troba organitzat en 9 aularis prefabricats, dins dels quals es distribueixen els seg\u00fcents espais:<\/p>\n<p>\u2022\u00a0\u00a0 \u00a016 aules de grup, t<span style=\"font-weight: 400;\">otes\u00a0 compten amb una pissarra digital, can\u00f3 i equipament inform\u00e0tic, per\u00f2 tamb\u00e9 amb una\u00a0 pissarra tradicional o blanca.<\/span><br \/>\n\u2022 \u00a0 \u00a01 Biblioteca<br \/>\n\u2022\u00a0\u00a0 \u00a01 sala\u00a0polivalent-Visual i pl\u00e0stica<br \/>\n\u2022\u00a0\u00a0 \u00a01 laboratori de Ci\u00e8ncies Experimentals<br \/>\n\u2022\u00a0\u00a0 \u00a01 taller de Tecnologia<br \/>\n\u2022 \u00a0 \u00a04 sales de professorat<br \/>\n\u2022 \u00a0 \u00a02 aules tutoria<br \/>\n\u2022\u00a0\u00a0 \u00a01 Secretaria-Tutoria<br \/>\n\u2022\u00a0\u00a0 \u00a01 Consergeria<br \/>\n\u2022\u00a0\u00a0 \u00a01 despatx d&#8217;Orientaci\u00f3 Psicopedag\u00f2gica<br \/>\n\u2022\u00a0\u00a0 \u00a01 despatx de Direcci\u00f3<br \/>\n\u2022\u00a0\u00a0 \u00a01 pista esportiva i pati<br \/>\n\u2022 \u00a0 \u00a01 aula de m\u00fasica<\/p>\n<p>Gr\u00e0cies a la col\u00b7laboraci\u00f3 de l&#8217;Ajuntament, l&#8217;alumnat utilitza les intal\u00b7lacions esportives municipals per a les classes d&#8217;Educaci\u00f3 F\u00edsica i Nataci\u00f3.<\/p>\n","protected":false},"excerpt":{"rendered":"<p>El centre es troba organitzat en 9 aularis prefabricats, dins dels quals es distribueixen els seg\u00fcents espais:<br \/>\n\u2022\u00a0\u00a0 \u00a016 aules de grup, totes\u00a0 compten amb una pissarra digital, can\u00f3 i equipament inform\u00e0tic, per\u00f2 tamb\u00e9 amb una\u00a0 pissarra tradicional o blanca.<br \/>\n\u2022 \u00a0 \u00a01 Biblioteca<br \/>\n\u2022\u00a0\u00a0 \u00a01 sala\u00a0polivalent-Visual i&hellip;  <a href=\"https:\/\/agora.xtec.cat\/institutcervello\/el-centre\/instal%c2%b7lacions\/\" title=\"Read Instal\u00b7lacions\">Llegeix m\u00e9s\u00bb<\/a><\/p>\n","protected":false},"author":1,"featured_media":0,"parent":2,"menu_order":7,"comment_status":"open","ping_status":"open","template":"","meta":{"_bbp_topic_count":0,"_bbp_reply_count":0,"_bbp_total_topic_count":0,"_bbp_total_reply_count":0,"_bbp_voice_count":0,"_bbp_anonymous_reply_count":0,"_bbp_topic_count_hidden":0,"_bbp_reply_count_hidden":0,"_bbp_forum_subforum_count":0,"footnotes":""},"class_list":["post-1255","page","type-page","status-publish","hentry"],"post_mailing_queue_ids":[],"_links":{"self":[{"href":"https:\/\/agora.xtec.cat\/institutcervello\/wp-json\/wp\/v2\/pages\/1255","targetHints":{"allow":["GET"]}}],"collection":[{"href":"https:\/\/agora.xtec.cat\/institutcervello\/wp-json\/wp\/v2\/pages"}],"about":[{"href":"https:\/\/agora.xtec.cat\/institutcervello\/wp-json\/wp\/v2\/types\/page"}],"author":[{"embeddable":true,"href":"https:\/\/agora.xtec.cat\/institutcervello\/wp-json\/wp\/v2\/users\/1"}],"replies":[{"embeddable":true,"href":"https:\/\/agora.xtec.cat\/institutcervello\/wp-json\/wp\/v2\/comments?post=1255"}],"version-history":[{"count":2,"href":"https:\/\/agora.xtec.cat\/institutcervello\/wp-json\/wp\/v2\/pages\/1255\/revisions"}],"predecessor-version":[{"id":2072,"href":"https:\/\/agora.xtec.cat\/institutcervello\/wp-json\/wp\/v2\/pages\/1255\/revisions\/2072"}],"up":[{"embeddable":true,"href":"https:\/\/agora.xtec.cat\/institutcervello\/wp-json\/wp\/v2\/pages\/2"}],"wp:attachment":[{"href":"https:\/\/agora.xtec.cat\/institutcervello\/wp-json\/wp\/v2\/media?parent=1255"}],"curies":[{"name":"wp","href":"https:\/\/api.w.org\/{rel}","templated":true}]}}