{"id":7441,"date":"2025-05-09T13:23:59","date_gmt":"2025-05-09T11:23:59","guid":{"rendered":"https:\/\/agora.xtec.cat\/institutcanplanas\/?page_id=7441"},"modified":"2025-05-09T13:33:03","modified_gmt":"2025-05-09T11:33:03","slug":"material-per-a-futur-alumnat-de-batxillerat","status":"publish","type":"page","link":"https:\/\/agora.xtec.cat\/institutcanplanas\/material-per-a-futur-alumnat-de-batxillerat\/","title":{"rendered":"Material per a futur alumnat de Batxillerat"},"content":{"rendered":"<p data-pm-slice=\"1 1 []\">En els seg\u00fcents enlla\u00e7os podeu trobar material per a preparar l&#8217;inici de curs de batxillerat. Consisteixen en orientacions i exercicis per treballar els continguts m\u00ednims de cara a comen\u00e7ar el batxillerat. Tamb\u00e9 tenim preparat un dossier de matem\u00e0tiques d&#8217;estiu.<\/p>\n<p data-pm-slice=\"1 1 []\"><a href=\"https:\/\/drive.google.com\/file\/d\/11bbOCLbMWl0PEJmHCesZ56zzw2JBe7kd\/view?usp=drive_link\" target=\"_blank\" rel=\"noopener\">Continguts i coneixements m\u00ednims per a Batxillerat<\/a><\/p>\n<p data-pm-slice=\"1 1 []\"><a href=\"https:\/\/drive.google.com\/file\/d\/1Qri9DEDHAME52PsSplaOwNCwhnDXIBdz\/view?usp=drive_link\" target=\"_blank\" rel=\"noopener\">Dossier Matem\u00e0tiques Estiu<\/a><\/p>\n<p data-pm-slice=\"1 1 []\">\n<p data-pm-slice=\"1 1 []\">\n","protected":false},"excerpt":{"rendered":"<p>En els seg\u00fcents enlla\u00e7os podeu trobar material per a preparar l&#8217;inici de curs de batxillerat. Consisteixen en orientacions i exercicis per treballar els continguts m\u00ednims de cara a comen\u00e7ar el batxillerat. Tamb\u00e9 tenim preparat un dossier de matem\u00e0tiques d&#8217;estiu. Continguts i coneixements m\u00ednims per a Batxillerat Dossier Matem\u00e0tiques Estiu<\/p>\n","protected":false},"author":1,"featured_media":0,"parent":0,"menu_order":0,"comment_status":"closed","ping_status":"closed","template":"","meta":{"_bbp_topic_count":0,"_bbp_reply_count":0,"_bbp_total_topic_count":0,"_bbp_total_reply_count":0,"_bbp_voice_count":0,"_bbp_anonymous_reply_count":0,"_bbp_topic_count_hidden":0,"_bbp_reply_count_hidden":0,"_bbp_forum_subforum_count":0,"site-sidebar-layout":"default","site-content-layout":"","ast-site-content-layout":"","site-content-style":"default","site-sidebar-style":"default","ast-global-header-display":"","ast-banner-title-visibility":"","ast-main-header-display":"","ast-hfb-above-header-display":"","ast-hfb-below-header-display":"","ast-hfb-mobile-header-display":"","site-post-title":"","ast-breadcrumbs-content":"","ast-featured-img":"","footer-sml-layout":"","theme-transparent-header-meta":"","adv-header-id-meta":"","stick-header-meta":"","header-above-stick-meta":"","header-main-stick-meta":"","header-below-stick-meta":"","astra-migrate-meta-layouts":"default","ast-page-background-enabled":"default","ast-page-background-meta":{"desktop":{"background-color":"var(--ast-global-color-4)","background-image":"","background-repeat":"repeat","background-position":"center center","background-size":"auto","background-attachment":"scroll","background-type":"","background-media":"","overlay-type":"","overlay-color":"","overlay-opacity":"","overlay-gradient":""},"tablet":{"background-color":"","background-image":"","background-repeat":"repeat","background-position":"center center","background-size":"auto","background-attachment":"scroll","background-type":"","background-media":"","overlay-type":"","overlay-color":"","overlay-opacity":"","overlay-gradient":""},"mobile":{"background-color":"","background-image":"","background-repeat":"repeat","background-position":"center center","background-size":"auto","background-attachment":"scroll","background-type":"","background-media":"","overlay-type":"","overlay-color":"","overlay-opacity":"","overlay-gradient":""}},"ast-content-background-meta":{"desktop":{"background-color":"var(--ast-global-color-5)","background-image":"","background-repeat":"repeat","background-position":"center center","background-size":"auto","background-attachment":"scroll","background-type":"","background-media":"","overlay-type":"","overlay-color":"","overlay-opacity":"","overlay-gradient":""},"tablet":{"background-color":"var(--ast-global-color-5)","background-image":"","background-repeat":"repeat","background-position":"center center","background-size":"auto","background-attachment":"scroll","background-type":"","background-media":"","overlay-type":"","overlay-color":"","overlay-opacity":"","overlay-gradient":""},"mobile":{"background-color":"var(--ast-global-color-5)","background-image":"","background-repeat":"repeat","background-position":"center center","background-size":"auto","background-attachment":"scroll","background-type":"","background-media":"","overlay-type":"","overlay-color":"","overlay-opacity":"","overlay-gradient":""}},"footnotes":""},"class_list":["post-7441","page","type-page","status-publish","hentry"],"post_mailing_queue_ids":[],"_links":{"self":[{"href":"https:\/\/agora.xtec.cat\/institutcanplanas\/wp-json\/wp\/v2\/pages\/7441","targetHints":{"allow":["GET"]}}],"collection":[{"href":"https:\/\/agora.xtec.cat\/institutcanplanas\/wp-json\/wp\/v2\/pages"}],"about":[{"href":"https:\/\/agora.xtec.cat\/institutcanplanas\/wp-json\/wp\/v2\/types\/page"}],"author":[{"embeddable":true,"href":"https:\/\/agora.xtec.cat\/institutcanplanas\/wp-json\/wp\/v2\/users\/1"}],"replies":[{"embeddable":true,"href":"https:\/\/agora.xtec.cat\/institutcanplanas\/wp-json\/wp\/v2\/comments?post=7441"}],"version-history":[{"count":3,"href":"https:\/\/agora.xtec.cat\/institutcanplanas\/wp-json\/wp\/v2\/pages\/7441\/revisions"}],"predecessor-version":[{"id":7451,"href":"https:\/\/agora.xtec.cat\/institutcanplanas\/wp-json\/wp\/v2\/pages\/7441\/revisions\/7451"}],"wp:attachment":[{"href":"https:\/\/agora.xtec.cat\/institutcanplanas\/wp-json\/wp\/v2\/media?parent=7441"}],"curies":[{"name":"wp","href":"https:\/\/api.w.org\/{rel}","templated":true}]}}