{"id":7068,"date":"2022-09-12T13:33:55","date_gmt":"2022-09-12T11:33:55","guid":{"rendered":"https:\/\/agora.xtec.cat\/institutcanplanas\/?page_id=7068"},"modified":"2025-03-24T16:19:23","modified_gmt":"2025-03-24T15:19:23","slug":"raco-families","status":"publish","type":"page","link":"https:\/\/agora.xtec.cat\/institutcanplanas\/raco-families\/","title":{"rendered":"Fam\u00edlies"},"content":{"rendered":"<p><a href=\"https:\/\/drive.google.com\/file\/d\/1gIy30B5wkUurZCqAgxo5-Lkg0_MmynlF\/view?usp=drive_link\">Orientacions per a fam\u00edlies amb adolescents<\/a><\/p>\n<p><img loading=\"lazy\" decoding=\"async\" class=\" wp-image-7426 alignleft\" src=\"https:\/\/agora.xtec.cat\/institutcanplanas\/wp-content\/uploads\/usu510\/2025\/03\/images.jpg\" alt=\"\" width=\"221\" height=\"116\" srcset=\"https:\/\/agora.xtec.cat\/institutcanplanas\/wp-content\/uploads\/usu510\/2025\/03\/images.jpg 310w, https:\/\/agora.xtec.cat\/institutcanplanas\/wp-content\/uploads\/usu510\/2025\/03\/images-300x158.jpg 300w\" sizes=\"auto, (max-width: 221px) 100vw, 221px\" \/><\/p>\n<p>&nbsp;<\/p>\n<p>&nbsp;<\/p>\n<p>&nbsp;<\/p>\n<p><img loading=\"lazy\" decoding=\"async\" class=\"size-full wp-image-7097 alignleft\" src=\"https:\/\/agora.xtec.cat\/institutcanplanas\/wp-content\/uploads\/usu510\/2022\/10\/inici-de-curs.png\" alt=\"\" width=\"352\" height=\"120\" srcset=\"https:\/\/agora.xtec.cat\/institutcanplanas\/wp-content\/uploads\/usu510\/2022\/10\/inici-de-curs.png 352w, https:\/\/agora.xtec.cat\/institutcanplanas\/wp-content\/uploads\/usu510\/2022\/10\/inici-de-curs-300x102.png 300w\" sizes=\"auto, (max-width: 352px) 100vw, 352px\" \/><\/p>\n<p>&nbsp;<\/p>\n<p>&nbsp;<\/p>\n<p>&nbsp;<\/p>\n<p><a href=\"https:\/\/drive.google.com\/file\/d\/1Au_8ui5yvXyszpK0Qw9HUvdipOsbFBUA\/view?usp=sharing\">Presentaci\u00f3 Reunions Fam\u00edlies 1r Batxillerat 24-25<\/a><\/p>\n<p><a href=\"https:\/\/drive.google.com\/file\/d\/14eD1TX9PO3zI7YTzDjTrN9RehvNoKdWD\/view?usp=sharing\">Presentaci\u00f3 reuni\u00f3 de fam\u00edlies de 2n de Batxillerat 24-25<\/a><\/p>\n<p><a href=\"https:\/\/docs.google.com\/presentation\/d\/1EcyQjBiZnhAO6MKSRrUrlj8bwb5xIcuL\/edit?usp=sharing&amp;ouid=118346109845655884810&amp;rtpof=true&amp;sd=true\"><img loading=\"lazy\" decoding=\"async\" class=\"wp-image-7069 alignleft\" src=\"https:\/\/agora.xtec.cat\/institutcanplanas\/wp-content\/uploads\/usu510\/2022\/09\/IMG-4573.jpg\" alt=\"\" width=\"214\" height=\"278\" srcset=\"https:\/\/agora.xtec.cat\/institutcanplanas\/wp-content\/uploads\/usu510\/2022\/09\/IMG-4573.jpg 740w, https:\/\/agora.xtec.cat\/institutcanplanas\/wp-content\/uploads\/usu510\/2022\/09\/IMG-4573-231x300.jpg 231w\" sizes=\"auto, (max-width: 214px) 100vw, 214px\" \/><\/a><\/p>\n<p>&nbsp;<\/p>\n<p>&nbsp;<\/p>\n<p>&nbsp;<\/p>\n<p>&nbsp;<\/p>\n<p>&nbsp;<\/p>\n<p>&nbsp;<\/p>\n<p>&nbsp;<\/p>\n<p><a href=\"https:\/\/drive.google.com\/file\/d\/1Ycm1kYD6baWIvWe-Bjtsuki--guMxw2L\/view?usp=sharing\">Manual de funcionament Ac\u00e0cia<\/a><a href=\"https:\/\/docs.google.com\/presentation\/d\/1EcyQjBiZnhAO6MKSRrUrlj8bwb5xIcuL\/edit?usp=sharing&amp;ouid=118346109845655884810&amp;rtpof=true&amp;sd=true\"><\/p>\n<p><\/a><\/p>\n","protected":false},"excerpt":{"rendered":"<p>Orientacions per a fam\u00edlies amb adolescents &nbsp; &nbsp; &nbsp; &nbsp; &nbsp; &nbsp; Presentaci\u00f3 Reunions Fam\u00edlies 1r Batxillerat 24-25 Presentaci\u00f3 reuni\u00f3 de fam\u00edlies de 2n de Batxillerat 24-25 &nbsp; &nbsp; &nbsp; &nbsp; &nbsp; &nbsp; &nbsp; Manual de funcionament Ac\u00e0cia<\/p>\n","protected":false},"author":1,"featured_media":0,"parent":0,"menu_order":0,"comment_status":"closed","ping_status":"closed","template":"page-templates\/side-menu.php","meta":{"_bbp_topic_count":0,"_bbp_reply_count":0,"_bbp_total_topic_count":0,"_bbp_total_reply_count":0,"_bbp_voice_count":0,"_bbp_anonymous_reply_count":0,"_bbp_topic_count_hidden":0,"_bbp_reply_count_hidden":0,"_bbp_forum_subforum_count":0,"site-sidebar-layout":"default","site-content-layout":"","ast-site-content-layout":"","site-content-style":"default","site-sidebar-style":"default","ast-global-header-display":"","ast-banner-title-visibility":"","ast-main-header-display":"","ast-hfb-above-header-display":"","ast-hfb-below-header-display":"","ast-hfb-mobile-header-display":"","site-post-title":"","ast-breadcrumbs-content":"","ast-featured-img":"","footer-sml-layout":"","theme-transparent-header-meta":"","adv-header-id-meta":"","stick-header-meta":"","header-above-stick-meta":"","header-main-stick-meta":"","header-below-stick-meta":"","astra-migrate-meta-layouts":"default","ast-page-background-enabled":"default","ast-page-background-meta":{"desktop":{"background-color":"var(--ast-global-color-4)","background-image":"","background-repeat":"repeat","background-position":"center center","background-size":"auto","background-attachment":"scroll","background-type":"","background-media":"","overlay-type":"","overlay-color":"","overlay-opacity":"","overlay-gradient":""},"tablet":{"background-color":"","background-image":"","background-repeat":"repeat","background-position":"center center","background-size":"auto","background-attachment":"scroll","background-type":"","background-media":"","overlay-type":"","overlay-color":"","overlay-opacity":"","overlay-gradient":""},"mobile":{"background-color":"","background-image":"","background-repeat":"repeat","background-position":"center center","background-size":"auto","background-attachment":"scroll","background-type":"","background-media":"","overlay-type":"","overlay-color":"","overlay-opacity":"","overlay-gradient":""}},"ast-content-background-meta":{"desktop":{"background-color":"var(--ast-global-color-5)","background-image":"","background-repeat":"repeat","background-position":"center center","background-size":"auto","background-attachment":"scroll","background-type":"","background-media":"","overlay-type":"","overlay-color":"","overlay-opacity":"","overlay-gradient":""},"tablet":{"background-color":"var(--ast-global-color-5)","background-image":"","background-repeat":"repeat","background-position":"center center","background-size":"auto","background-attachment":"scroll","background-type":"","background-media":"","overlay-type":"","overlay-color":"","overlay-opacity":"","overlay-gradient":""},"mobile":{"background-color":"var(--ast-global-color-5)","background-image":"","background-repeat":"repeat","background-position":"center center","background-size":"auto","background-attachment":"scroll","background-type":"","background-media":"","overlay-type":"","overlay-color":"","overlay-opacity":"","overlay-gradient":""}},"footnotes":""},"class_list":["post-7068","page","type-page","status-publish","hentry"],"post_mailing_queue_ids":[],"_links":{"self":[{"href":"https:\/\/agora.xtec.cat\/institutcanplanas\/wp-json\/wp\/v2\/pages\/7068","targetHints":{"allow":["GET"]}}],"collection":[{"href":"https:\/\/agora.xtec.cat\/institutcanplanas\/wp-json\/wp\/v2\/pages"}],"about":[{"href":"https:\/\/agora.xtec.cat\/institutcanplanas\/wp-json\/wp\/v2\/types\/page"}],"author":[{"embeddable":true,"href":"https:\/\/agora.xtec.cat\/institutcanplanas\/wp-json\/wp\/v2\/users\/1"}],"replies":[{"embeddable":true,"href":"https:\/\/agora.xtec.cat\/institutcanplanas\/wp-json\/wp\/v2\/comments?post=7068"}],"version-history":[{"count":6,"href":"https:\/\/agora.xtec.cat\/institutcanplanas\/wp-json\/wp\/v2\/pages\/7068\/revisions"}],"predecessor-version":[{"id":7427,"href":"https:\/\/agora.xtec.cat\/institutcanplanas\/wp-json\/wp\/v2\/pages\/7068\/revisions\/7427"}],"wp:attachment":[{"href":"https:\/\/agora.xtec.cat\/institutcanplanas\/wp-json\/wp\/v2\/media?parent=7068"}],"curies":[{"name":"wp","href":"https:\/\/api.w.org\/{rel}","templated":true}]}}