{"id":6523,"date":"2020-09-28T15:54:03","date_gmt":"2020-09-28T13:54:03","guid":{"rendered":"http:\/\/agora.xtec.cat\/institutcanplanas\/?page_id=6523"},"modified":"2025-07-15T09:47:24","modified_gmt":"2025-07-15T07:47:24","slug":"convalidacions-de-materies-per-musica-dansa-o-esport","status":"publish","type":"page","link":"https:\/\/agora.xtec.cat\/institutcanplanas\/convalidacions-de-materies-per-musica-dansa-o-esport\/","title":{"rendered":"Convalidacions de mat\u00e8ries per m\u00fasica"},"content":{"rendered":"<h4>Procediment pel reconeixement\/convalidaci\u00f3 de mat\u00e8ries optatives de l&#8217;ESO, de la mat\u00e8ria de m\u00fasica i\/o de les mat\u00e8ries espec\u00edfiques del Batxillerat.<\/h4>\n<p><span style=\"color: #ff0000;\"><strong>1) Omplir el formulari de sol\u00b7licitud corresponent:<\/strong><\/span><\/p>\n<ul style=\"list-style-type: square;\">\n<li><a href=\"https:\/\/drive.google.com\/file\/d\/1ziGBUaSUNLI7-DOMCxidWG2Gv5LzOwt_\/view?usp=sharing\" target=\"_blank\" rel=\"noopener noreferrer\"><span style=\"color: #ff0000;\">Sol\u00b7licitud<\/span><\/a> <span style=\"color: #000000;\">de reducci\u00f3 de mat\u00e8ries de l\u2019educaci\u00f3 secund\u00e0ria obligat\u00f2ria (ESO) per als alumnes que cursen estudis de m\u00fasica en un conservatori o centre professional o en una escola de m\u00fasica autoritzada. EMU1<\/span><\/li>\n<li><a href=\"https:\/\/drive.google.com\/file\/d\/1wha3aW61rx_sQBiy_ERl4E9l6vEMRb89\/view?usp=sharing\" target=\"_blank\" rel=\"noopener noreferrer\"><span style=\"color: #ff0000;\">Sol\u00b7licitud<\/span><\/a> <span style=\"color: #000000;\">de reducci\u00f3 de mat\u00e8ries de la franja d\u2019espec\u00edfiques de batxillerat (BATX) basant-se en estudis de m\u00fasica en un conservatori o en un centre professional. BMU1<\/span><\/li>\n<li><span style=\"color: #ff0000;\"><a style=\"color: #ff0000;\" href=\"https:\/\/drive.google.com\/file\/d\/1UFox8wimJ4vcjXBA5NQ4Lb_DKnCJ8_hO\/view?usp=sharing\" target=\"_blank\" rel=\"noopener noreferrer\"><span style=\"color: #ff0000;\">Sol\u00b7licitud<\/span><\/a><\/span> <span style=\"color: #000000;\">de reducci\u00f3 de mat\u00e8ries de batxillerat (BATX) basant-se en estudis de m\u00fasica en una escola de m\u00fasica autoritzada. BMU3<\/span><\/li>\n<\/ul>\n<p><span style=\"color: #ff0000;\"><strong>2) Sol\u00b7licitar el certificat corresponent a l&#8217;Escola de M\u00fasica Autoritzada, Conservatori.<\/strong><\/span><\/p>\n<p><span style=\"color: #ff0000;\"><strong>3) Enviar la sol\u00b7licitud signada juntament amb el certificat corresponent a l&#8217;adre\u00e7a de correu <span style=\"color: #000000;\"><a style=\"color: #000000;\" href=\"mailto:institutcanplanas@xtec.cat\" target=\"_blank\" rel=\"noopener noreferrer\">institutcanplanas@xtec.ca<\/a><\/span><span style=\"color: #000000;\"><a style=\"color: #000000;\" href=\"mailto:institutcanplanas@xtec.cat\" target=\"_blank\" rel=\"noopener noreferrer\">t<\/a><\/span> indicant al cos del missatge &#8220;Sol\u00b7licitud de convalidaci\u00f3&#8221; <span style=\"text-decoration: underline;\">abans del 27 d&#8217;octubre de 2025.<\/span><\/strong><\/span><\/p>\n<p>Rebreu resposta en un termini de 7 dies h\u00e0bils.<\/p>\n<p>L&#8217;alumnat que compleixi els requisits rebr\u00e0 la resoluci\u00f3 de reconeixement\/convalidaci\u00f3 corresponent per part de la direcci\u00f3 del centre.<\/p>\n<p>En el cas de l&#8217;ESO l&#8217;alumnat podr\u00e0 entrar a les 09:00h o sortir a les 13:30h si l&#8217;horari ho permet i la fam\u00edlia ho autoritza. L&#8217;alumnat de Batxillerat podr\u00e0 sortir a qualsevol hora de les convalidades\/reconegudes amb la corresponent autoritzaci\u00f3 de la fam\u00edlia en el cas dels menors d&#8217;edat.<\/p>\n<p>En les hores reconegudes\/convalidades que es romangui en el centre, l&#8217;alumnat estar\u00e0 amb el grup classe fent\u00a0 treball individual (deures, avan\u00e7ant feines, estudiant&#8230;)\u00a0 respectant la normativa general de l&#8217;aula.<\/p>\n<h4 id=\"h21\">\u200bConvalidacions de mat\u00e8ries de batxillerat per als alumnes que compaginen els estudis de batxillerat amb la pr\u00e0ctica intensiva de l&#8217;esport.<\/h4>\n<p><span style=\"color: #ff0000;\"><strong>1) Omplir el formulari de sol\u00b7licitud corresponent:<\/strong><\/span><\/p>\n<ul>\n<li><a href=\"https:\/\/drive.google.com\/file\/d\/1Ld9sw05P2KP7lzKVKtVTC8Gmijh9D977\/view?usp=sharing\" target=\"_blank\" rel=\"noopener noreferrer\"><span style=\"color: #ff0000;\">Sol\u00b7licitud<\/span><\/a> <span style=\"color: #000000;\">de reducci\u00f3 de mat\u00e8ries de la franja d\u2019espec\u00edfiques de batxillerat (BATX) basant-se en una\u00a0dedicaci\u00f3 significativa a l&#8217;esport, avalada pel Consell Catal\u00e0 de l&#8217;Esport. BMU1<\/span><\/li>\n<\/ul>\n<p><span style=\"color: #ff0000;\"><strong>2) Sol\u00b7licitar el certificat corresponent al Consell Catal\u00e0 de l&#8217;esport. <\/strong>Els alumnes han d&#8217;obtenir aquest certificat quan figurin en el programa de tecnificaci\u00f3 (ARC) de la federaci\u00f3 catalana corresponent.<\/span><\/p>\n<p><span style=\"color: #ff0000;\"><strong>3) Enviar la sol\u00b7licitud signada juntament amb el certificat corresponent a l&#8217;adre\u00e7a de correu <span style=\"color: #000000;\"><a style=\"color: #000000;\" href=\"mailto:institutcanplanas@xtec.cat\" target=\"_blank\" rel=\"noopener noreferrer\">institutcanplanas@xtec.ca<\/a><\/span><span style=\"color: #000000;\"><a style=\"color: #000000;\" href=\"mailto:institutcanplanas@xtec.cat\" target=\"_blank\" rel=\"noopener noreferrer\">t<\/a><\/span> indicant al cos del missatge &#8220;Sol\u00b7licitud de convalidaci\u00f3&#8221; <span style=\"text-decoration: underline;\">abans del 27 d&#8217;octubre de 2025.<\/span><\/strong><\/span><\/p>\n<h3 id=\"h22\">Convalidacions de mat\u00e8ries del batxillerat per a alumnes que cursen lleng\u00fces estrangeres simult\u00e0niament en una EOI<strong>\u00a0<\/strong><\/h3>\n<p>Per poder sol\u00b7licitar el reconeixement esmentat cal complir alguna de les condicions seg\u00fcents:<\/p>\n<ul>\n<li>\u200bEs cursa a l&#8217;EOI amb el nivell B2 o superior una segona llengua estrangera que ofereix el centre.<\/li>\n<li>Es cursa a l&#8217;EOI una llengua estrangera que no ofereix el centre.<\/li>\n<\/ul>\n<p><span style=\"color: #ff0000;\"><strong>1) Omplir el formulari de sol\u00b7licitud corresponent:<\/strong><\/span><\/p>\n<p><a href=\"https:\/\/drive.google.com\/file\/d\/1aAutSRWIPF6Eln9u-ukd8sXcTn7qY8s7\/view?usp=sharing\" target=\"_blank\" rel=\"noopener\"><strong>Sol\u00b7licitud<\/strong><\/a> de convalidaci\u00f3 de mat\u00e8ries de la franja d&#8217;optatives de batxillerat basant-se en estudis cursats a l\u2019EOI\u201d (CEO1)<\/p>\n<p><span style=\"color: #ff0000;\"><strong>2) Sol\u00b7licitar el certificat corresponent a l&#8217;Escola Oficial d&#8217;Idiomes (EOI)<\/strong><\/span><\/p>\n<p><span style=\"color: #ff0000;\"><strong>3) Enviar la sol\u00b7licitud signada juntament amb el certificat corresponent a l&#8217;adre\u00e7a de correu <span style=\"color: #000000;\"><a style=\"color: #000000;\" href=\"mailto:institutcanplanas@xtec.cat\" target=\"_blank\" rel=\"noopener noreferrer\">institutcanplanas@xtec.ca<\/a><\/span><span style=\"color: #000000;\"><a style=\"color: #000000;\" href=\"mailto:institutcanplanas@xtec.cat\" target=\"_blank\" rel=\"noopener noreferrer\">t<\/a><\/span> indicant al cos del missatge &#8220;Sol\u00b7licitud de convalidaci\u00f3&#8221; <span style=\"text-decoration: underline;\">abans del 27 d&#8217;octubre de 2025.<\/span><\/strong><\/span><\/p>\n","protected":false},"excerpt":{"rendered":"<p>Procediment pel reconeixement\/convalidaci\u00f3 de mat\u00e8ries optatives de l&#8217;ESO, de la mat\u00e8ria de m\u00fasica i\/o de les mat\u00e8ries espec\u00edfiques del Batxillerat. 1) Omplir el formulari de sol\u00b7licitud corresponent: Sol\u00b7licitud de reducci\u00f3 de mat\u00e8ries de l\u2019educaci\u00f3 secund\u00e0ria obligat\u00f2ria (ESO) per als alumnes que cursen estudis de m\u00fasica en un conservatori o centre professional o en una escola [&hellip;]<\/p>\n","protected":false},"author":1,"featured_media":0,"parent":0,"menu_order":0,"comment_status":"closed","ping_status":"closed","template":"","meta":{"_bbp_topic_count":0,"_bbp_reply_count":0,"_bbp_total_topic_count":0,"_bbp_total_reply_count":0,"_bbp_voice_count":0,"_bbp_anonymous_reply_count":0,"_bbp_topic_count_hidden":0,"_bbp_reply_count_hidden":0,"_bbp_forum_subforum_count":0,"site-sidebar-layout":"default","site-content-layout":"","ast-site-content-layout":"","site-content-style":"default","site-sidebar-style":"default","ast-global-header-display":"","ast-banner-title-visibility":"","ast-main-header-display":"","ast-hfb-above-header-display":"","ast-hfb-below-header-display":"","ast-hfb-mobile-header-display":"","site-post-title":"","ast-breadcrumbs-content":"","ast-featured-img":"","footer-sml-layout":"","theme-transparent-header-meta":"","adv-header-id-meta":"","stick-header-meta":"","header-above-stick-meta":"","header-main-stick-meta":"","header-below-stick-meta":"","astra-migrate-meta-layouts":"default","ast-page-background-enabled":"default","ast-page-background-meta":{"desktop":{"background-color":"var(--ast-global-color-4)","background-image":"","background-repeat":"repeat","background-position":"center center","background-size":"auto","background-attachment":"scroll","background-type":"","background-media":"","overlay-type":"","overlay-color":"","overlay-opacity":"","overlay-gradient":""},"tablet":{"background-color":"","background-image":"","background-repeat":"repeat","background-position":"center center","background-size":"auto","background-attachment":"scroll","background-type":"","background-media":"","overlay-type":"","overlay-color":"","overlay-opacity":"","overlay-gradient":""},"mobile":{"background-color":"","background-image":"","background-repeat":"repeat","background-position":"center center","background-size":"auto","background-attachment":"scroll","background-type":"","background-media":"","overlay-type":"","overlay-color":"","overlay-opacity":"","overlay-gradient":""}},"ast-content-background-meta":{"desktop":{"background-color":"var(--ast-global-color-5)","background-image":"","background-repeat":"repeat","background-position":"center center","background-size":"auto","background-attachment":"scroll","background-type":"","background-media":"","overlay-type":"","overlay-color":"","overlay-opacity":"","overlay-gradient":""},"tablet":{"background-color":"var(--ast-global-color-5)","background-image":"","background-repeat":"repeat","background-position":"center center","background-size":"auto","background-attachment":"scroll","background-type":"","background-media":"","overlay-type":"","overlay-color":"","overlay-opacity":"","overlay-gradient":""},"mobile":{"background-color":"var(--ast-global-color-5)","background-image":"","background-repeat":"repeat","background-position":"center center","background-size":"auto","background-attachment":"scroll","background-type":"","background-media":"","overlay-type":"","overlay-color":"","overlay-opacity":"","overlay-gradient":""}},"footnotes":""},"class_list":["post-6523","page","type-page","status-publish","hentry"],"post_mailing_queue_ids":[],"_links":{"self":[{"href":"https:\/\/agora.xtec.cat\/institutcanplanas\/wp-json\/wp\/v2\/pages\/6523","targetHints":{"allow":["GET"]}}],"collection":[{"href":"https:\/\/agora.xtec.cat\/institutcanplanas\/wp-json\/wp\/v2\/pages"}],"about":[{"href":"https:\/\/agora.xtec.cat\/institutcanplanas\/wp-json\/wp\/v2\/types\/page"}],"author":[{"embeddable":true,"href":"https:\/\/agora.xtec.cat\/institutcanplanas\/wp-json\/wp\/v2\/users\/1"}],"replies":[{"embeddable":true,"href":"https:\/\/agora.xtec.cat\/institutcanplanas\/wp-json\/wp\/v2\/comments?post=6523"}],"version-history":[{"count":6,"href":"https:\/\/agora.xtec.cat\/institutcanplanas\/wp-json\/wp\/v2\/pages\/6523\/revisions"}],"predecessor-version":[{"id":7473,"href":"https:\/\/agora.xtec.cat\/institutcanplanas\/wp-json\/wp\/v2\/pages\/6523\/revisions\/7473"}],"wp:attachment":[{"href":"https:\/\/agora.xtec.cat\/institutcanplanas\/wp-json\/wp\/v2\/media?parent=6523"}],"curies":[{"name":"wp","href":"https:\/\/api.w.org\/{rel}","templated":true}]}}