{"id":557,"date":"2016-10-13T15:14:47","date_gmt":"2016-10-13T13:14:47","guid":{"rendered":"http:\/\/agora.xtec.cat\/institutcanplanas\/?page_id=557"},"modified":"2025-11-20T10:49:12","modified_gmt":"2025-11-20T09:49:12","slug":"departaments","status":"publish","type":"page","link":"https:\/\/agora.xtec.cat\/institutcanplanas\/linstitut\/departaments\/","title":{"rendered":"Departaments"},"content":{"rendered":"<p><span style=\"font-size: 1.6875em;\">Departaments did\u00e0ctics (2025-2026)<\/span><\/p>\n<table style=\"height: 1039px; width: 87.83524237406563%;\">\n<tbody>\n<tr style=\"height: 65px;\">\n<td style=\"width: 61.47972824895902%; text-align: center; border-style: double; height: 65px;\" colspan=\"3\">\n<h5><a href=\"https:\/\/sites.google.com\/institutcanplanas.cat\/departament-de-llengues\/p%C3%A0gina-principal\" target=\"_blank\" rel=\"noopener noreferrer\"><strong>Departament de lleng\u00fces<\/strong><\/a><\/h5>\n<\/td>\n<td style=\"width: 38.51720359412667%; text-align: center; border-style: double; height: 65px;\" colspan=\"2\">\n<h5><a href=\"https:\/\/sites.google.com\/institutcanplanas.cat\/can-planes-idiomes\/p%C3%A0gina-principal\" target=\"_blank\" rel=\"noopener noreferrer\"><strong>Departament de lleng\u00fces estrangeres<\/strong><\/a><\/h5>\n<\/td>\n<\/tr>\n<tr style=\"height: 47px;\">\n<td style=\"width: 22.37037037037037%; text-align: center; height: 47px;\"><strong>Llengua catalana<\/strong><\/td>\n<td style=\"width: 20.296296296296294%; text-align: center; height: 47px;\"><strong>Llengua castellana<\/strong><\/td>\n<td style=\"width: 18.813061582292352%; text-align: center; height: 47px;\"><strong>Cultura cl\u00e0ssica<\/strong><\/p>\n<h5><a href=\"https:\/\/www.instagram.com\/canplanas_classiques\/\" target=\"_blank\" rel=\"noopener noreferrer\"><img loading=\"lazy\" decoding=\"async\" class=\"alignnone wp-image-6611\" src=\"https:\/\/agora.xtec.cat\/institutcanplanas\/wp-content\/uploads\/usu510\/2021\/01\/ig-logo-email.png\" alt=\"\" width=\"40\" height=\"40\" srcset=\"https:\/\/agora.xtec.cat\/institutcanplanas\/wp-content\/uploads\/usu510\/2021\/01\/ig-logo-email.png 250w, https:\/\/agora.xtec.cat\/institutcanplanas\/wp-content\/uploads\/usu510\/2021\/01\/ig-logo-email-150x150.png 150w\" sizes=\"auto, (max-width: 40px) 100vw, 40px\" \/><\/a><\/h5>\n<\/td>\n<td style=\"width: 19.703484549638397%; text-align: center; height: 47px;\"><strong>Angl\u00e8s<\/strong><\/td>\n<td style=\"width: 18.813719044488273%; text-align: center; height: 47px;\"><strong>Franc\u00e8s<\/strong><\/td>\n<\/tr>\n<tr style=\"height: 315px;\">\n<td style=\"width: 22.37037037037037%; vertical-align: top; height: 315px; text-align: center;\">Rosa Mateu<\/p>\n<p>Laia Navas<\/p>\n<p>Sara Pelegr\u00ed<\/p>\n<p>Laura Ruana<\/p>\n<p>Sara Veiga<\/p>\n<p>&nbsp;<\/p>\n<p>&nbsp;<\/td>\n<td style=\"width: 20.296296296296294%; vertical-align: top; height: 315px; text-align: center;\">Ana Caja<\/p>\n<p>M\u00f2nica Mart\u00ednez<\/p>\n<p>Josep \u00c0. M\u00e9ndez<\/p>\n<p>N\u00faria P\u00e9rez<\/p>\n<p>M. Jos\u00e9 Pizarro<\/td>\n<td style=\"width: 18.813061582292352%; vertical-align: top; height: 315px; text-align: center;\">Isabel Fern\u00e1ndez<\/p>\n<p>Tom\u00e1s Saiz<\/td>\n<td style=\"width: 19.703484549638397%; vertical-align: top; height: 315px; text-align: center;\">Eva Gim\u00e9nez<\/p>\n<p>Laura Gonz\u00e1lez<\/p>\n<p>Laura L\u00f3pez<\/p>\n<p>Ester P\u00e9rez<\/p>\n<p>Joan Planas<\/p>\n<p>Eduardo D. Vicente<\/p>\n<p>&nbsp;<\/td>\n<td style=\"width: 18.813719044488273%; vertical-align: top; height: 315px; text-align: center;\">Eva \u00c1lvarez<\/td>\n<\/tr>\n<tr style=\"height: 32px;\">\n<td style=\"width: 61.47972824895902%; height: 32px; text-align: center; vertical-align: middle;\" colspan=\"3\">\n<h5><a href=\"https:\/\/sites.google.com\/institutcanplanas.cat\/ins-can-planas-socials\/p%C3%A0gina-principal\" target=\"_blank\" rel=\"noopener noreferrer\"><strong>Departament de ci\u00e8ncies socials<\/strong><\/a><\/h5>\n<\/td>\n<td style=\"width: 38.51720359412667%; height: 32px; text-align: center; vertical-align: middle;\" colspan=\"2\">\n<h5><a href=\"https:\/\/sites.google.com\/institutcanplanas.cat\/matemtiquescanplanas\/p%C3%A0gina-principal\" target=\"_blank\" rel=\"noopener noreferrer\"><strong>Departament de matem\u00e0tiques<\/strong><\/a><\/h5>\n<h5><a href=\"https:\/\/www.instagram.com\/matescanplanas\/\" target=\"_blank\" rel=\"noopener noreferrer\"><img loading=\"lazy\" decoding=\"async\" class=\"alignnone wp-image-6611\" src=\"https:\/\/agora.xtec.cat\/institutcanplanas\/wp-content\/uploads\/usu510\/2021\/01\/ig-logo-email.png\" alt=\"\" width=\"40\" height=\"40\" srcset=\"https:\/\/agora.xtec.cat\/institutcanplanas\/wp-content\/uploads\/usu510\/2021\/01\/ig-logo-email.png 250w, https:\/\/agora.xtec.cat\/institutcanplanas\/wp-content\/uploads\/usu510\/2021\/01\/ig-logo-email-150x150.png 150w\" sizes=\"auto, (max-width: 40px) 100vw, 40px\" \/><\/a><\/h5>\n<\/td>\n<\/tr>\n<tr style=\"height: 32px;\">\n<td style=\"width: 22.37037037037037%; height: 32px; text-align: center;\"><strong>Geografia i Hist\u00f2ria<\/strong><\/td>\n<td style=\"width: 20.296296296296294%; height: 32px; text-align: center;\"><strong>Filosofia<\/strong><\/p>\n<h5><a href=\"https:\/\/www.instagram.com\/filosofiacanplanas\/\" target=\"_blank\" rel=\"noopener noreferrer\"><img loading=\"lazy\" decoding=\"async\" class=\"alignnone wp-image-6611\" src=\"https:\/\/agora.xtec.cat\/institutcanplanas\/wp-content\/uploads\/usu510\/2021\/01\/ig-logo-email.png\" alt=\"\" width=\"40\" height=\"40\" srcset=\"https:\/\/agora.xtec.cat\/institutcanplanas\/wp-content\/uploads\/usu510\/2021\/01\/ig-logo-email.png 250w, https:\/\/agora.xtec.cat\/institutcanplanas\/wp-content\/uploads\/usu510\/2021\/01\/ig-logo-email-150x150.png 150w\" sizes=\"auto, (max-width: 40px) 100vw, 40px\" \/><\/a><\/h5>\n<\/td>\n<td style=\"width: 18.813061582292352%; height: 32px; text-align: center;\"><strong>Religi\u00f3<\/strong><\/td>\n<td style=\"width: 19.703484549638397%; height: 32px; text-align: center;\"><strong>Matem\u00e0tiques<\/strong><\/td>\n<td style=\"width: 18.813719044488273%; height: 32px; text-align: center;\"><strong>Economia<\/strong><\/td>\n<\/tr>\n<tr style=\"height: 32px;\">\n<td style=\"width: 22.37037037037037%; height: 32px; vertical-align: top; text-align: center;\">Montse Chuli\u00e0<\/p>\n<p>Antonio Hidalgo<\/p>\n<p>M. Pilar Parra<\/p>\n<p>Benja Puey<\/p>\n<p>Joaquima Salom<\/p>\n<p>Juan C. Santervas<\/p>\n<p>&nbsp;<\/p>\n<p>&nbsp;<\/td>\n<td style=\"width: 20.296296296296294%; height: 32px; vertical-align: top; text-align: center;\">Jos\u00e9 Miguel Tello<\/td>\n<td style=\"width: 18.813061582292352%; height: 32px; vertical-align: top; text-align: center;\">Ester Puigmart\u00ed<\/td>\n<td style=\"width: 19.703484549638397%; height: 32px; vertical-align: top; text-align: center;\">Ra\u00fcl Balasch<\/p>\n<p>S\u00edlvia Cantieri<\/p>\n<p>Rafa Faus<\/p>\n<p>Sandra Guerrero<\/p>\n<p>Juli Jurado<\/p>\n<p>V\u00edctor Mansanet<\/p>\n<p>Carmen Regal<\/p>\n<p>Miquel Resines<\/td>\n<td style=\"width: 18.813719044488273%; height: 32px; vertical-align: top; text-align: center;\">Manel Blesa<\/p>\n<p>Irene L\u00f3pez<\/td>\n<\/tr>\n<tr style=\"height: 47px;\">\n<td style=\"width: 42.666666666666664%; vertical-align: middle; text-align: center; height: 47px;\" colspan=\"2\">\n<h5><a href=\"https:\/\/sites.google.com\/institutcanplanas.cat\/cincies-canplanas\/ci%C3%A8ncies-can-planas\" target=\"_blank\" rel=\"noopener noreferrer\"><strong>Departament de ci\u00e8ncies<\/strong><\/a><\/h5>\n<\/td>\n<td style=\"width: 18.813061582292352%; vertical-align: middle; text-align: center; height: 81px;\" rowspan=\"2\">\n<h5><a href=\"https:\/\/sites.google.com\/institutcanplanas.cat\/departamentdetecnologia\/p%C3%A0gina-principal\" target=\"_blank\" rel=\"noopener noreferrer\"><strong>Departament de tecnologia<\/strong><\/a><\/h5>\n<\/td>\n<td style=\"width: 19.703484549638397%; vertical-align: middle; text-align: center; height: 81px;\" rowspan=\"2\">\n<h5><a href=\"https:\/\/sites.google.com\/institutcanplanas.cat\/orientaciocanplanas\/p%C3%A0gina-principal\" target=\"_blank\" rel=\"noopener noreferrer\"><strong>Departament d&#8217;orientaci\u00f3<\/strong><\/a><\/h5>\n<\/td>\n<td style=\"width: 18.813719044488273%; vertical-align: middle; text-align: center; height: 81px;\" rowspan=\"2\">\n<h5><a href=\"https:\/\/sites.google.com\/xtec.cat\/educaci-fsica-can-planas\/p%C3%A0gina-principal\" target=\"_blank\" rel=\"noopener noreferrer\"><strong>Seminari d&#8217;educaci\u00f3 f\u00edsica<\/strong><\/a><\/h5>\n<\/td>\n<\/tr>\n<tr style=\"height: 34px;\">\n<td style=\"width: 22.37037037037037%; vertical-align: middle; text-align: center; height: 34px;\"><strong>Biologia i geologia<\/strong><\/td>\n<td style=\"width: 20.296296296296294%; vertical-align: middle; text-align: center; height: 34px;\"><strong>F\u00edsica i qu\u00edmica<\/strong><\/td>\n<\/tr>\n<tr style=\"height: 196px;\">\n<td style=\"width: 22.37037037037037%; vertical-align: top; text-align: center; height: 196px;\">Joan Calder\u00f3n<\/p>\n<p>Carles de David<\/p>\n<p>M. Carmen Espunya<\/p>\n<p>M. Luisa Larramona<\/p>\n<p>H\u00e9ctor Tom\u00e1s<\/td>\n<td style=\"width: 20.296296296296294%; vertical-align: top; text-align: center; height: 196px;\">Isabel Coromina<\/p>\n<p>Laura Pont<\/p>\n<p>Ignasi Ramon<\/p>\n<p>Carme Rodr\u00edguez<\/p>\n<p>&nbsp;<\/p>\n<p>&nbsp;<\/td>\n<td style=\"width: 18.813061582292352%; vertical-align: top; text-align: center; height: 196px;\">Iv\u00e1n Casas<\/p>\n<p>Gl\u00f2ria Garc\u00eda<\/p>\n<p>Judith Massanet<\/p>\n<p>Maria Pardo<\/td>\n<td style=\"width: 19.703484549638397%; vertical-align: top; text-align: center; height: 196px;\">Noem\u00ed Carrillo<\/p>\n<p>Itziar Fuentes<\/p>\n<p>Helena Glar\u00eda<\/p>\n<p>Merc\u00e8 Guiteras<\/p>\n<p>Ana Paco<\/p>\n<p>&nbsp;<\/p>\n<p>&nbsp;<\/td>\n<td style=\"width: 18.813719044488273%; vertical-align: top; text-align: center; height: 196px;\">Ismael Alca\u00f1iz<\/p>\n<p>C\u00e9sar Sanmart\u00edn<\/p>\n<p>Manuel Torres<\/p>\n<p>I\u00f1aki Uriz<\/p>\n<p>&nbsp;<\/td>\n<\/tr>\n<tr style=\"height: 65px;\">\n<td style=\"width: 22.37037037037037%; vertical-align: middle; text-align: center; height: 65px;\">\n<h5><a href=\"https:\/\/sites.google.com\/institutcanplanas.cat\/seminarivip\/p%C3%A0gina-principal\" target=\"_blank\" rel=\"noopener noreferrer\"><strong>Seminari de visual i pl\u00e0stica<\/strong><\/a><\/h5>\n<h5><a href=\"https:\/\/www.instagram.com\/artscanplanas\/\" target=\"_blank\" rel=\"noopener noreferrer\"><img loading=\"lazy\" decoding=\"async\" class=\"alignnone wp-image-6611\" src=\"https:\/\/agora.xtec.cat\/institutcanplanas\/wp-content\/uploads\/usu510\/2021\/01\/ig-logo-email.png\" alt=\"\" width=\"40\" height=\"40\" srcset=\"https:\/\/agora.xtec.cat\/institutcanplanas\/wp-content\/uploads\/usu510\/2021\/01\/ig-logo-email.png 250w, https:\/\/agora.xtec.cat\/institutcanplanas\/wp-content\/uploads\/usu510\/2021\/01\/ig-logo-email-150x150.png 150w\" sizes=\"auto, (max-width: 40px) 100vw, 40px\" \/> <\/a><a href=\"https:\/\/drive.google.com\/file\/d\/1xzFSI3qcR2nSwNDEfF-QRKb0ti-ShDi5\/view?usp=sharing\" target=\"_blank\" rel=\"noopener noreferrer\"><img loading=\"lazy\" decoding=\"async\" class=\"wp-image-6707 aligncenter\" src=\"https:\/\/agora.xtec.cat\/institutcanplanas\/wp-content\/uploads\/usu510\/2021\/03\/Batxillerat-Art\u00edstic-Can-Planas.jpg\" alt=\"\" width=\"76\" height=\"107\" srcset=\"https:\/\/agora.xtec.cat\/institutcanplanas\/wp-content\/uploads\/usu510\/2021\/03\/Batxillerat-Art\u00edstic-Can-Planas.jpg 1191w, https:\/\/agora.xtec.cat\/institutcanplanas\/wp-content\/uploads\/usu510\/2021\/03\/Batxillerat-Art\u00edstic-Can-Planas-212x300.jpg 212w, https:\/\/agora.xtec.cat\/institutcanplanas\/wp-content\/uploads\/usu510\/2021\/03\/Batxillerat-Art\u00edstic-Can-Planas-768x1086.jpg 768w, https:\/\/agora.xtec.cat\/institutcanplanas\/wp-content\/uploads\/usu510\/2021\/03\/Batxillerat-Art\u00edstic-Can-Planas-724x1024.jpg 724w\" sizes=\"auto, (max-width: 76px) 100vw, 76px\" \/><\/a><\/h5>\n<\/td>\n<td style=\"width: 20.296296296296294%; vertical-align: middle; text-align: center; height: 65px;\">\n<h5><\/h5>\n<h5><a href=\"https:\/\/sites.google.com\/institutcanplanas.cat\/musicacanplanas\/p%C3%A0gina-principal\" target=\"_blank\" rel=\"noopener noreferrer\"><strong>Seminari de m\u00fasica<\/strong><\/a><\/h5>\n<\/td>\n<td style=\"width: 57.330265176419026%; vertical-align: top; text-align: center; border-style: solid; height: 239px;\" colspan=\"3\" rowspan=\"2\"><\/td>\n<\/tr>\n<tr style=\"height: 174px;\">\n<td style=\"width: 22.37037037037037%; vertical-align: top; text-align: center; height: 174px;\">Teresa Bertral<\/p>\n<p>Lorena Bravo<\/p>\n<p>Alba Garcia<\/p>\n<p>Jordi Seluy<\/p>\n<p>&nbsp;<\/td>\n<td style=\"width: 20.296296296296294%; vertical-align: top; text-align: center; height: 174px;\">Estela \u00c1ngel<\/p>\n<p>M. Carme Ferr\u00e9<\/p>\n<p>&nbsp;<\/td>\n<\/tr>\n<\/tbody>\n<\/table>\n<p>&nbsp;<\/p>\n<p>&nbsp;<\/p>\n","protected":false},"excerpt":{"rendered":"<p>Departaments did\u00e0ctics (2025-2026) Departament de lleng\u00fces Departament de lleng\u00fces estrangeres Llengua catalana Llengua castellana Cultura cl\u00e0ssica Angl\u00e8s Franc\u00e8s Rosa Mateu Laia Navas Sara Pelegr\u00ed Laura Ruana Sara Veiga &nbsp; &nbsp; Ana Caja M\u00f2nica Mart\u00ednez Josep \u00c0. M\u00e9ndez N\u00faria P\u00e9rez M. Jos\u00e9 Pizarro Isabel Fern\u00e1ndez Tom\u00e1s Saiz Eva Gim\u00e9nez Laura Gonz\u00e1lez Laura L\u00f3pez Ester P\u00e9rez Joan [&hellip;]<\/p>\n","protected":false},"author":1,"featured_media":0,"parent":19,"menu_order":6,"comment_status":"closed","ping_status":"closed","template":"page-templates\/side-menu.php","meta":{"_bbp_topic_count":0,"_bbp_reply_count":0,"_bbp_total_topic_count":0,"_bbp_total_reply_count":0,"_bbp_voice_count":0,"_bbp_anonymous_reply_count":0,"_bbp_topic_count_hidden":0,"_bbp_reply_count_hidden":0,"_bbp_forum_subforum_count":0,"site-sidebar-layout":"default","site-content-layout":"","ast-site-content-layout":"","site-content-style":"default","site-sidebar-style":"default","ast-global-header-display":"","ast-banner-title-visibility":"","ast-main-header-display":"","ast-hfb-above-header-display":"","ast-hfb-below-header-display":"","ast-hfb-mobile-header-display":"","site-post-title":"","ast-breadcrumbs-content":"","ast-featured-img":"","footer-sml-layout":"","theme-transparent-header-meta":"","adv-header-id-meta":"","stick-header-meta":"","header-above-stick-meta":"","header-main-stick-meta":"","header-below-stick-meta":"","astra-migrate-meta-layouts":"default","ast-page-background-enabled":"default","ast-page-background-meta":{"desktop":{"background-color":"var(--ast-global-color-4)","background-image":"","background-repeat":"repeat","background-position":"center center","background-size":"auto","background-attachment":"scroll","background-type":"","background-media":"","overlay-type":"","overlay-color":"","overlay-opacity":"","overlay-gradient":""},"tablet":{"background-color":"","background-image":"","background-repeat":"repeat","background-position":"center center","background-size":"auto","background-attachment":"scroll","background-type":"","background-media":"","overlay-type":"","overlay-color":"","overlay-opacity":"","overlay-gradient":""},"mobile":{"background-color":"","background-image":"","background-repeat":"repeat","background-position":"center center","background-size":"auto","background-attachment":"scroll","background-type":"","background-media":"","overlay-type":"","overlay-color":"","overlay-opacity":"","overlay-gradient":""}},"ast-content-background-meta":{"desktop":{"background-color":"var(--ast-global-color-5)","background-image":"","background-repeat":"repeat","background-position":"center center","background-size":"auto","background-attachment":"scroll","background-type":"","background-media":"","overlay-type":"","overlay-color":"","overlay-opacity":"","overlay-gradient":""},"tablet":{"background-color":"var(--ast-global-color-5)","background-image":"","background-repeat":"repeat","background-position":"center center","background-size":"auto","background-attachment":"scroll","background-type":"","background-media":"","overlay-type":"","overlay-color":"","overlay-opacity":"","overlay-gradient":""},"mobile":{"background-color":"var(--ast-global-color-5)","background-image":"","background-repeat":"repeat","background-position":"center center","background-size":"auto","background-attachment":"scroll","background-type":"","background-media":"","overlay-type":"","overlay-color":"","overlay-opacity":"","overlay-gradient":""}},"footnotes":""},"class_list":["post-557","page","type-page","status-publish","hentry"],"post_mailing_queue_ids":[],"_links":{"self":[{"href":"https:\/\/agora.xtec.cat\/institutcanplanas\/wp-json\/wp\/v2\/pages\/557","targetHints":{"allow":["GET"]}}],"collection":[{"href":"https:\/\/agora.xtec.cat\/institutcanplanas\/wp-json\/wp\/v2\/pages"}],"about":[{"href":"https:\/\/agora.xtec.cat\/institutcanplanas\/wp-json\/wp\/v2\/types\/page"}],"author":[{"embeddable":true,"href":"https:\/\/agora.xtec.cat\/institutcanplanas\/wp-json\/wp\/v2\/users\/1"}],"replies":[{"embeddable":true,"href":"https:\/\/agora.xtec.cat\/institutcanplanas\/wp-json\/wp\/v2\/comments?post=557"}],"version-history":[{"count":6,"href":"https:\/\/agora.xtec.cat\/institutcanplanas\/wp-json\/wp\/v2\/pages\/557\/revisions"}],"predecessor-version":[{"id":7504,"href":"https:\/\/agora.xtec.cat\/institutcanplanas\/wp-json\/wp\/v2\/pages\/557\/revisions\/7504"}],"up":[{"embeddable":true,"href":"https:\/\/agora.xtec.cat\/institutcanplanas\/wp-json\/wp\/v2\/pages\/19"}],"wp:attachment":[{"href":"https:\/\/agora.xtec.cat\/institutcanplanas\/wp-json\/wp\/v2\/media?parent=557"}],"curies":[{"name":"wp","href":"https:\/\/api.w.org\/{rel}","templated":true}]}}