{"id":49,"date":"2014-09-17T16:55:55","date_gmt":"2014-09-17T14:55:55","guid":{"rendered":"http:\/\/agora.xtec.cat\/institutcanplanas\/?page_id=49"},"modified":"2025-07-15T09:41:49","modified_gmt":"2025-07-15T07:41:49","slug":"normes-dorganitzacio-i-funcionament","status":"publish","type":"page","link":"https:\/\/agora.xtec.cat\/institutcanplanas\/linstitut\/normes-dorganitzacio-i-funcionament\/","title":{"rendered":"Normes d&#8217;organitzaci\u00f3 i funcionament"},"content":{"rendered":"<div style=\"text-align: center;\">\n<ol>\n<li style=\"text-align: left;\"><a href=\"https:\/\/drive.google.com\/file\/d\/1lqAynvZ1kRVgH-0j2yeQG1LzATE-CQ2p\/view?usp=drive_link\">Normes d&#8217;organitzaci\u00f3 i Funcionament de centre (versi\u00f3 19.12.2023)<\/a><\/li>\n<\/ol>\n<p align=\"justify\">Les Normes d\u2019Organitzaci\u00f3 i Funcionament del Centre (NOFC) \u00e9s el document que recull de manera ordenada la normativa que regeix la nostra organitzaci\u00f3 i les interrelacions de la vida escolar: explicita l\u2019estructura; defineix els vincles; recull les funcions, els drets i els deures dels diferents sectors que formen l\u2019escola; fixa els procediments; adapta la normativa general a la nostra realitat i estableix l\u2019espec\u00edfica pel nostre centre educatiu.<\/p>\n<p align=\"justify\">Les normes d\u2019organitzaci\u00f3 i funcionament del centre \u00e9s un document viu amb constant renovaci\u00f3 a proposta de tots els sectors, per a la millora i compliment de la seva funci\u00f3 i s\u00f3n aprovades pel Claustre i presentades en Consell Escolar.<\/p>\n<p align=\"justify\"><a style=\"text-align: left;\" href=\"https:\/\/sites.google.com\/xtec.cat\/normativaalumnatcurs2023-2024\/p%C3%A0gina-principal\">2. Normativa Alumnat curs 2025-2026<\/a><\/p>\n<p align=\"justify\">Recull de normes b\u00e0siques per a la bona conviv\u00e8ncia i organitzaci\u00f3 del centre.<\/p>\n<\/div>\n","protected":false},"excerpt":{"rendered":"<p>Normes d&#8217;organitzaci\u00f3 i Funcionament de centre (versi\u00f3 19.12.2023) Les Normes d\u2019Organitzaci\u00f3 i Funcionament del Centre (NOFC) \u00e9s el document que recull de manera ordenada la normativa que regeix la nostra organitzaci\u00f3 i les interrelacions de la vida escolar: explicita l\u2019estructura; defineix els vincles; recull les funcions, els drets i els deures dels diferents sectors que [&hellip;]<\/p>\n","protected":false},"author":1,"featured_media":0,"parent":19,"menu_order":4,"comment_status":"closed","ping_status":"closed","template":"page-templates\/side-menu.php","meta":{"_bbp_topic_count":0,"_bbp_reply_count":0,"_bbp_total_topic_count":0,"_bbp_total_reply_count":0,"_bbp_voice_count":0,"_bbp_anonymous_reply_count":0,"_bbp_topic_count_hidden":0,"_bbp_reply_count_hidden":0,"_bbp_forum_subforum_count":0,"site-sidebar-layout":"default","site-content-layout":"","ast-site-content-layout":"","site-content-style":"default","site-sidebar-style":"default","ast-global-header-display":"","ast-banner-title-visibility":"","ast-main-header-display":"","ast-hfb-above-header-display":"","ast-hfb-below-header-display":"","ast-hfb-mobile-header-display":"","site-post-title":"","ast-breadcrumbs-content":"","ast-featured-img":"","footer-sml-layout":"","theme-transparent-header-meta":"","adv-header-id-meta":"","stick-header-meta":"","header-above-stick-meta":"","header-main-stick-meta":"","header-below-stick-meta":"","astra-migrate-meta-layouts":"default","ast-page-background-enabled":"default","ast-page-background-meta":{"desktop":{"background-color":"var(--ast-global-color-4)","background-image":"","background-repeat":"repeat","background-position":"center center","background-size":"auto","background-attachment":"scroll","background-type":"","background-media":"","overlay-type":"","overlay-color":"","overlay-opacity":"","overlay-gradient":""},"tablet":{"background-color":"","background-image":"","background-repeat":"repeat","background-position":"center center","background-size":"auto","background-attachment":"scroll","background-type":"","background-media":"","overlay-type":"","overlay-color":"","overlay-opacity":"","overlay-gradient":""},"mobile":{"background-color":"","background-image":"","background-repeat":"repeat","background-position":"center center","background-size":"auto","background-attachment":"scroll","background-type":"","background-media":"","overlay-type":"","overlay-color":"","overlay-opacity":"","overlay-gradient":""}},"ast-content-background-meta":{"desktop":{"background-color":"var(--ast-global-color-5)","background-image":"","background-repeat":"repeat","background-position":"center center","background-size":"auto","background-attachment":"scroll","background-type":"","background-media":"","overlay-type":"","overlay-color":"","overlay-opacity":"","overlay-gradient":""},"tablet":{"background-color":"var(--ast-global-color-5)","background-image":"","background-repeat":"repeat","background-position":"center center","background-size":"auto","background-attachment":"scroll","background-type":"","background-media":"","overlay-type":"","overlay-color":"","overlay-opacity":"","overlay-gradient":""},"mobile":{"background-color":"var(--ast-global-color-5)","background-image":"","background-repeat":"repeat","background-position":"center center","background-size":"auto","background-attachment":"scroll","background-type":"","background-media":"","overlay-type":"","overlay-color":"","overlay-opacity":"","overlay-gradient":""}},"footnotes":""},"class_list":["post-49","page","type-page","status-publish","hentry"],"post_mailing_queue_ids":[],"_links":{"self":[{"href":"https:\/\/agora.xtec.cat\/institutcanplanas\/wp-json\/wp\/v2\/pages\/49","targetHints":{"allow":["GET"]}}],"collection":[{"href":"https:\/\/agora.xtec.cat\/institutcanplanas\/wp-json\/wp\/v2\/pages"}],"about":[{"href":"https:\/\/agora.xtec.cat\/institutcanplanas\/wp-json\/wp\/v2\/types\/page"}],"author":[{"embeddable":true,"href":"https:\/\/agora.xtec.cat\/institutcanplanas\/wp-json\/wp\/v2\/users\/1"}],"replies":[{"embeddable":true,"href":"https:\/\/agora.xtec.cat\/institutcanplanas\/wp-json\/wp\/v2\/comments?post=49"}],"version-history":[{"count":7,"href":"https:\/\/agora.xtec.cat\/institutcanplanas\/wp-json\/wp\/v2\/pages\/49\/revisions"}],"predecessor-version":[{"id":7471,"href":"https:\/\/agora.xtec.cat\/institutcanplanas\/wp-json\/wp\/v2\/pages\/49\/revisions\/7471"}],"up":[{"embeddable":true,"href":"https:\/\/agora.xtec.cat\/institutcanplanas\/wp-json\/wp\/v2\/pages\/19"}],"wp:attachment":[{"href":"https:\/\/agora.xtec.cat\/institutcanplanas\/wp-json\/wp\/v2\/media?parent=49"}],"curies":[{"name":"wp","href":"https:\/\/api.w.org\/{rel}","templated":true}]}}