{"id":46,"date":"2014-09-17T16:53:45","date_gmt":"2014-09-17T14:53:45","guid":{"rendered":"http:\/\/agora.xtec.cat\/institutcanplanas\/?page_id=46"},"modified":"2025-11-20T10:33:37","modified_gmt":"2025-11-20T09:33:37","slug":"organigrama","status":"publish","type":"page","link":"https:\/\/agora.xtec.cat\/institutcanplanas\/linstitut\/organigrama\/","title":{"rendered":"Organigrama"},"content":{"rendered":"<h3>Equip directiu<\/h3>\n<table border=\"0\">\n<tbody>\n<tr>\n<td width=\"300\">Directora:<\/td>\n<td width=\"300\">Merc\u00e8 Guiteras i Font<\/p>\n<p>Professora d&#8217;Orientaci\u00f3 Educativa, llicenciada en Psicologia i Mestra de Catal\u00e0, 39 anys a Educaci\u00f3.<\/td>\n<\/tr>\n<tr>\n<td width=\"300\">Cap d\u2019estudis:<\/td>\n<td width=\"300\">Rafael Faus Garc\u00eda<\/p>\n<p>Professor de Matem\u00e0tiques, llicenciat en F\u00edsica i Economia, 25 anys a Educaci\u00f3.<\/td>\n<\/tr>\n<tr>\n<td width=\"300\">Coordinador Pedag\u00f2gic:<\/td>\n<td width=\"300\">Miquel Resines Conill<\/p>\n<p>Professor de Matem\u00e0tiques, llicenciat en Arquitectura, 10 anys a Educaci\u00f3.<\/td>\n<\/tr>\n<tr>\n<td width=\"300\">Secret\u00e0ria<\/td>\n<td width=\"300\">M. Carmen Notari Casta\u00f1o<\/p>\n<p>Professora de Geografia i Hist\u00f2ria,\u00a0 llicenciada en Humanitats, 8 anys a Educaci\u00f3.<\/td>\n<\/tr>\n<\/tbody>\n<\/table>\n<h3>C\u00e0rrecs de Coordinaci\u00f3 (2025-2026)<\/h3>\n<h5>Coordinacions de centre<\/h5>\n<table border=\"0\">\n<tbody>\n<tr>\n<td width=\"300\">Coordinaci\u00f3 de riscos laborals:<\/td>\n<td width=\"300\">Ra\u00fcl Balasch<\/td>\n<\/tr>\n<tr>\n<td width=\"300\">Coordinaci\u00f3 d\u2019activitats escolars:<\/td>\n<td width=\"300\">&#8211;<\/td>\n<\/tr>\n<tr>\n<td width=\"300\">Coordinaci\u00f3 de viatges i sortides:<\/td>\n<td width=\"300\">Montse Chuli\u00e0<\/td>\n<\/tr>\n<tr>\n<td width=\"300\">Coordinaci\u00f3 TAC:<\/td>\n<td width=\"300\">Judith Massanet i Ra\u00fcl Balasch<\/td>\n<\/tr>\n<tr>\n<td width=\"300\">Coordinadora de Conviv\u00e8ncia, Coeducaci\u00f3 i Benestar:<\/td>\n<td width=\"300\">M. Jos\u00e9 Pizarro<\/td>\n<\/tr>\n<tr>\n<td width=\"300\">Coordinador servei comunitari:<\/td>\n<td width=\"300\">Ester Puigmart\u00ed<\/td>\n<\/tr>\n<tr>\n<td width=\"300\">Coordinadors i coordinadores de projectes<\/td>\n<td width=\"300\">Jordi Seluy, Montserrat Blanch, Maria Pardo, Cristina Montenegro<\/td>\n<\/tr>\n<tr>\n<td width=\"300\">Responsable correus i classroom<\/td>\n<td width=\"300\">Isabel Fern\u00e1ndez<\/td>\n<\/tr>\n<tr>\n<td>Responsables institut sostenible<\/td>\n<td>Manel Blesa<\/td>\n<\/tr>\n<\/tbody>\n<\/table>\n<h5>Coordinacions d\u2019ESO i Batxillerat<\/h5>\n<table border=\"0\">\n<tbody>\n<tr>\n<td width=\"300\">Coordinaci\u00f3 1r ESO:<\/td>\n<td width=\"300\">Laura L\u00f3pez<\/td>\n<\/tr>\n<tr>\n<td width=\"300\">Coordinaci\u00f3 2n ESO:<\/td>\n<td width=\"300\">Sandra Guerrero<\/td>\n<\/tr>\n<tr>\n<td width=\"300\">Coordinaci\u00f3 3r ESO:<\/td>\n<td width=\"300\">Ismael Alca\u00f1iz<\/td>\n<\/tr>\n<tr>\n<td width=\"300\">Coordinaci\u00f3 4t ESO:<\/td>\n<td width=\"300\">I\u00f1aki Uriz<\/td>\n<\/tr>\n<tr>\n<td width=\"300\">Coordinaci\u00f3 Batxillerat:<\/td>\n<td width=\"300\">Silvia Cantieri<\/td>\n<\/tr>\n<\/tbody>\n<\/table>\n<h3>Caps de departament i Seminaris (2025-2026)<\/h3>\n<table style=\"width: 81.9269%; height: 320px;\" border=\"0\">\n<tbody>\n<tr style=\"height: 32px;\">\n<td style=\"height: 32px;\" width=\"300\">Seminari de Llengua Castellana<\/td>\n<td style=\"height: 32px;\" width=\"300\">Ana Caja<\/td>\n<\/tr>\n<tr>\n<td>Seminari de Llengua Catalana<\/td>\n<td>Sara Veiga<\/td>\n<\/tr>\n<tr style=\"height: 32px;\">\n<td style=\"height: 32px;\" width=\"300\">Departament de Matem\u00e0tiques:<\/td>\n<td style=\"height: 32px;\" width=\"300\">V\u00edctor Mansanet<\/td>\n<\/tr>\n<tr style=\"height: 32px;\">\n<td style=\"height: 32px;\" width=\"300\">Departament de Ci\u00e8ncies socials:<\/td>\n<td style=\"height: 32px;\" width=\"300\">Juan Carlos Santervas<\/td>\n<\/tr>\n<tr style=\"height: 32px;\">\n<td style=\"height: 32px;\" width=\"300\">Seminari de M\u00fasica<\/td>\n<td style=\"height: 32px;\" width=\"300\">Estela \u00c1ngel<\/td>\n<\/tr>\n<tr style=\"height: 32px;\">\n<td style=\"height: 32px;\" width=\"300\">Seminari d&#8217;Educaci\u00f3 f\u00edsica:<\/td>\n<td style=\"height: 32px;\" width=\"300\">Manuel Torres<\/td>\n<\/tr>\n<tr style=\"height: 32px;\">\n<td style=\"height: 32px;\" width=\"300\">Departament Orientaci\u00f3:<\/td>\n<td style=\"height: 32px;\" width=\"300\">Ana Paco<\/td>\n<\/tr>\n<tr style=\"height: 32px;\">\n<td style=\"height: 32px;\" width=\"300\">Departament de Ci\u00e8ncies de la naturalesa:<\/td>\n<td style=\"height: 32px;\" width=\"300\">Carme Rodr\u00edguez<\/td>\n<\/tr>\n<tr style=\"height: 32px;\">\n<td style=\"height: 32px;\" width=\"300\">Departament de Tecnologia:<\/td>\n<td style=\"height: 32px;\" width=\"300\">Gloria Garc\u00eda<\/td>\n<\/tr>\n<tr style=\"height: 32px;\">\n<td style=\"height: 32px;\" width=\"300\">Departament de Lleng\u00fces estrangeres:<\/td>\n<td style=\"height: 32px;\" width=\"300\">Ester P\u00e9rez<\/td>\n<\/tr>\n<tr style=\"height: 32px;\">\n<td style=\"height: 32px;\" width=\"300\">Seminari de Visual i pl\u00e0stica:<\/td>\n<td style=\"height: 32px;\" width=\"300\">Jordi Seluy<\/td>\n<\/tr>\n<\/tbody>\n<\/table>\n<h3>Personal d&#8217;administraci\u00f3 i serveis<\/h3>\n<table border=\"0\">\n<tbody>\n<tr>\n<td width=\"300\">Auxiliars administratius:<\/td>\n<td width=\"300\">Bego\u00f1a Garc\u00eda, M. Isabel V\u00edlchez<\/td>\n<\/tr>\n<tr>\n<td width=\"300\">Conserges:<\/td>\n<td width=\"300\">Xavi Arriaza, Joan Poblet<\/td>\n<\/tr>\n<\/tbody>\n<\/table>\n","protected":false},"excerpt":{"rendered":"<p>Equip directiu Directora: Merc\u00e8 Guiteras i Font Professora d&#8217;Orientaci\u00f3 Educativa, llicenciada en Psicologia i Mestra de Catal\u00e0, 39 anys a Educaci\u00f3. Cap d\u2019estudis: Rafael Faus Garc\u00eda Professor de Matem\u00e0tiques, llicenciat en F\u00edsica i Economia, 25 anys a Educaci\u00f3. Coordinador Pedag\u00f2gic: Miquel Resines Conill Professor de Matem\u00e0tiques, llicenciat en Arquitectura, 10 anys a Educaci\u00f3. Secret\u00e0ria M. [&hellip;]<\/p>\n","protected":false},"author":1,"featured_media":0,"parent":19,"menu_order":3,"comment_status":"closed","ping_status":"closed","template":"page-templates\/side-menu.php","meta":{"_bbp_topic_count":0,"_bbp_reply_count":0,"_bbp_total_topic_count":0,"_bbp_total_reply_count":0,"_bbp_voice_count":0,"_bbp_anonymous_reply_count":0,"_bbp_topic_count_hidden":0,"_bbp_reply_count_hidden":0,"_bbp_forum_subforum_count":0,"site-sidebar-layout":"default","site-content-layout":"","ast-site-content-layout":"","site-content-style":"default","site-sidebar-style":"default","ast-global-header-display":"","ast-banner-title-visibility":"","ast-main-header-display":"","ast-hfb-above-header-display":"","ast-hfb-below-header-display":"","ast-hfb-mobile-header-display":"","site-post-title":"","ast-breadcrumbs-content":"","ast-featured-img":"","footer-sml-layout":"","theme-transparent-header-meta":"","adv-header-id-meta":"","stick-header-meta":"","header-above-stick-meta":"","header-main-stick-meta":"","header-below-stick-meta":"","astra-migrate-meta-layouts":"default","ast-page-background-enabled":"default","ast-page-background-meta":{"desktop":{"background-color":"var(--ast-global-color-4)","background-image":"","background-repeat":"repeat","background-position":"center center","background-size":"auto","background-attachment":"scroll","background-type":"","background-media":"","overlay-type":"","overlay-color":"","overlay-opacity":"","overlay-gradient":""},"tablet":{"background-color":"","background-image":"","background-repeat":"repeat","background-position":"center center","background-size":"auto","background-attachment":"scroll","background-type":"","background-media":"","overlay-type":"","overlay-color":"","overlay-opacity":"","overlay-gradient":""},"mobile":{"background-color":"","background-image":"","background-repeat":"repeat","background-position":"center center","background-size":"auto","background-attachment":"scroll","background-type":"","background-media":"","overlay-type":"","overlay-color":"","overlay-opacity":"","overlay-gradient":""}},"ast-content-background-meta":{"desktop":{"background-color":"var(--ast-global-color-5)","background-image":"","background-repeat":"repeat","background-position":"center center","background-size":"auto","background-attachment":"scroll","background-type":"","background-media":"","overlay-type":"","overlay-color":"","overlay-opacity":"","overlay-gradient":""},"tablet":{"background-color":"var(--ast-global-color-5)","background-image":"","background-repeat":"repeat","background-position":"center center","background-size":"auto","background-attachment":"scroll","background-type":"","background-media":"","overlay-type":"","overlay-color":"","overlay-opacity":"","overlay-gradient":""},"mobile":{"background-color":"var(--ast-global-color-5)","background-image":"","background-repeat":"repeat","background-position":"center center","background-size":"auto","background-attachment":"scroll","background-type":"","background-media":"","overlay-type":"","overlay-color":"","overlay-opacity":"","overlay-gradient":""}},"footnotes":""},"class_list":["post-46","page","type-page","status-publish","hentry"],"post_mailing_queue_ids":[],"_links":{"self":[{"href":"https:\/\/agora.xtec.cat\/institutcanplanas\/wp-json\/wp\/v2\/pages\/46","targetHints":{"allow":["GET"]}}],"collection":[{"href":"https:\/\/agora.xtec.cat\/institutcanplanas\/wp-json\/wp\/v2\/pages"}],"about":[{"href":"https:\/\/agora.xtec.cat\/institutcanplanas\/wp-json\/wp\/v2\/types\/page"}],"author":[{"embeddable":true,"href":"https:\/\/agora.xtec.cat\/institutcanplanas\/wp-json\/wp\/v2\/users\/1"}],"replies":[{"embeddable":true,"href":"https:\/\/agora.xtec.cat\/institutcanplanas\/wp-json\/wp\/v2\/comments?post=46"}],"version-history":[{"count":6,"href":"https:\/\/agora.xtec.cat\/institutcanplanas\/wp-json\/wp\/v2\/pages\/46\/revisions"}],"predecessor-version":[{"id":7503,"href":"https:\/\/agora.xtec.cat\/institutcanplanas\/wp-json\/wp\/v2\/pages\/46\/revisions\/7503"}],"up":[{"embeddable":true,"href":"https:\/\/agora.xtec.cat\/institutcanplanas\/wp-json\/wp\/v2\/pages\/19"}],"wp:attachment":[{"href":"https:\/\/agora.xtec.cat\/institutcanplanas\/wp-json\/wp\/v2\/media?parent=46"}],"curies":[{"name":"wp","href":"https:\/\/api.w.org\/{rel}","templated":true}]}}