{"id":43,"date":"2014-09-17T16:45:07","date_gmt":"2014-09-17T16:45:07","guid":{"rendered":"http:\/\/agora.xtec.cat\/institutcanplanas\/?page_id=43"},"modified":"2025-11-20T11:00:19","modified_gmt":"2025-11-20T10:00:19","slug":"consell-escolar","status":"publish","type":"page","link":"https:\/\/agora.xtec.cat\/institutcanplanas\/linstitut\/consell-escolar\/","title":{"rendered":"Consell escolar"},"content":{"rendered":"<p>El consell escolar \u00e9s l&#8217;\u00f2rgan col\u00b7legiat de participaci\u00f3 de la comunitat escolar en el govern del centre.<\/p>\n<p>La comunitat escolar est\u00e0 integrada pels alumnes, mares, pares o tutors, personal docent, altres professionals d&#8217;atenci\u00f3 educativa que intervenen en el proc\u00e9s d&#8217;ensenyament en el centre, personal d&#8217;administraci\u00f3 i serveis del centre i la representaci\u00f3 municipal.<\/p>\n<p>L&#8217;\u00faltima renovaci\u00f3 del consell escolar es va fer el <strong>30 de novembre de 2023<\/strong>.<\/p>\n<h3>Composici\u00f3 Consell Escolar<\/h3>\n<h5>Equip directiu<\/h5>\n<table border=\"0\">\n<tbody>\n<tr>\n<td width=\"300\">Merc\u00e8 Guiteras Font (Presidenta)<\/td>\n<\/tr>\n<tr>\n<td width=\"300\">Rafa Faus (Cap d&#8217;estudis)<\/td>\n<\/tr>\n<tr>\n<td width=\"300\">M. Carmen Notari (Secret\u00e0ria)<\/td>\n<\/tr>\n<\/tbody>\n<\/table>\n<h5>Representants del professorat<\/h5>\n<table style=\"height: 156px; width: 38.63539413927336%;\" border=\"0\">\n<tbody>\n<tr style=\"height: 31px;\">\n<td style=\"height: 31px; width: 300px;\">Manel Blesa Izquierdo<\/td>\n<\/tr>\n<tr style=\"height: 31px;\">\n<td style=\"height: 32px; width: 300px;\">S\u00edlvia Cantieri Huguet<\/td>\n<\/tr>\n<tr>\n<td style=\"width: 300px;\">Laura Gonz\u00e1lez Bitri\u00e1n<\/td>\n<\/tr>\n<tr style=\"height: 31px;\">\n<td style=\"height: 31px; width: 300px;\">Cristina Montenegro Nicol\u00e1s<\/td>\n<\/tr>\n<tr style=\"height: 31px;\">\n<td style=\"height: 31px; width: 300px;\">M. Jos\u00e9 Pizarro Mart\u00ednez<\/td>\n<\/tr>\n<tr style=\"height: 31px;\">\n<td style=\"height: 31px; width: 300px;\">Juan Carlos Santervas Garc\u00eda<\/td>\n<\/tr>\n<\/tbody>\n<\/table>\n<h5>Representants de l&#8217;alumnat<\/h5>\n<table border=\"0\">\n<tbody>\n<tr>\n<td width=\"300\">Oriol Alonso Caravaca<\/td>\n<\/tr>\n<tr>\n<td width=\"300\">Pablo Calder\u00f3n Baena<\/td>\n<\/tr>\n<tr>\n<td width=\"300\"><\/td>\n<\/tr>\n<tr>\n<td width=\"300\"><span style=\"background-color: #ffffff;\">Emma Velarde Mu\u00f1oz<\/span><\/td>\n<\/tr>\n<\/tbody>\n<\/table>\n<h5>Representants de\u00a0pares i mares<\/h5>\n<table border=\"0\">\n<tbody>\n<tr>\n<td width=\"300\">Montserrat Monta\u00f1\u00e9s Navarro<\/td>\n<\/tr>\n<tr>\n<td width=\"300\">Alicia Mu\u00f1oz Campo<\/td>\n<\/tr>\n<tr>\n<td width=\"300\">Maria Luisa Sandamil Bargados<\/td>\n<\/tr>\n<tr>\n<td width=\"300\"><em>&#8211; Vacant <\/em>(Representant de l&#8217;AMPA)<\/td>\n<\/tr>\n<\/tbody>\n<\/table>\n<h5>Representant del personal d&#8217;administraci\u00f3 i serveis<\/h5>\n<table border=\"0\">\n<tbody>\n<tr>\n<td width=\"300\">M. Isabel V\u00edlchez i Gallardo<\/td>\n<\/tr>\n<\/tbody>\n<\/table>\n<h5>Representant de l&#8217;Ajuntament<\/h5>\n<table border=\"0\">\n<tbody>\n<tr>\n<td width=\"300\">Daniel Gonz\u00e1lez Cabrera<\/td>\n<\/tr>\n<\/tbody>\n<\/table>\n","protected":false},"excerpt":{"rendered":"<p>El consell escolar \u00e9s l&#8217;\u00f2rgan col\u00b7legiat de participaci\u00f3 de la comunitat escolar en el govern del centre. La comunitat escolar est\u00e0 integrada pels alumnes, mares, pares o tutors, personal docent, altres professionals d&#8217;atenci\u00f3 educativa que intervenen en el proc\u00e9s d&#8217;ensenyament en el centre, personal d&#8217;administraci\u00f3 i serveis del centre i la representaci\u00f3 municipal. L&#8217;\u00faltima renovaci\u00f3 [&hellip;]<\/p>\n","protected":false},"author":1,"featured_media":0,"parent":19,"menu_order":70,"comment_status":"closed","ping_status":"closed","template":"page-templates\/side-menu.php","meta":{"_bbp_topic_count":0,"_bbp_reply_count":0,"_bbp_total_topic_count":0,"_bbp_total_reply_count":0,"_bbp_voice_count":0,"_bbp_anonymous_reply_count":0,"_bbp_topic_count_hidden":0,"_bbp_reply_count_hidden":0,"_bbp_forum_subforum_count":0,"site-sidebar-layout":"default","site-content-layout":"","ast-site-content-layout":"","site-content-style":"default","site-sidebar-style":"default","ast-global-header-display":"","ast-banner-title-visibility":"","ast-main-header-display":"","ast-hfb-above-header-display":"","ast-hfb-below-header-display":"","ast-hfb-mobile-header-display":"","site-post-title":"","ast-breadcrumbs-content":"","ast-featured-img":"","footer-sml-layout":"","theme-transparent-header-meta":"","adv-header-id-meta":"","stick-header-meta":"","header-above-stick-meta":"","header-main-stick-meta":"","header-below-stick-meta":"","astra-migrate-meta-layouts":"default","ast-page-background-enabled":"default","ast-page-background-meta":{"desktop":{"background-color":"var(--ast-global-color-4)","background-image":"","background-repeat":"repeat","background-position":"center center","background-size":"auto","background-attachment":"scroll","background-type":"","background-media":"","overlay-type":"","overlay-color":"","overlay-opacity":"","overlay-gradient":""},"tablet":{"background-color":"","background-image":"","background-repeat":"repeat","background-position":"center center","background-size":"auto","background-attachment":"scroll","background-type":"","background-media":"","overlay-type":"","overlay-color":"","overlay-opacity":"","overlay-gradient":""},"mobile":{"background-color":"","background-image":"","background-repeat":"repeat","background-position":"center center","background-size":"auto","background-attachment":"scroll","background-type":"","background-media":"","overlay-type":"","overlay-color":"","overlay-opacity":"","overlay-gradient":""}},"ast-content-background-meta":{"desktop":{"background-color":"var(--ast-global-color-5)","background-image":"","background-repeat":"repeat","background-position":"center center","background-size":"auto","background-attachment":"scroll","background-type":"","background-media":"","overlay-type":"","overlay-color":"","overlay-opacity":"","overlay-gradient":""},"tablet":{"background-color":"var(--ast-global-color-5)","background-image":"","background-repeat":"repeat","background-position":"center center","background-size":"auto","background-attachment":"scroll","background-type":"","background-media":"","overlay-type":"","overlay-color":"","overlay-opacity":"","overlay-gradient":""},"mobile":{"background-color":"var(--ast-global-color-5)","background-image":"","background-repeat":"repeat","background-position":"center center","background-size":"auto","background-attachment":"scroll","background-type":"","background-media":"","overlay-type":"","overlay-color":"","overlay-opacity":"","overlay-gradient":""}},"footnotes":""},"class_list":["post-43","page","type-page","status-publish","hentry"],"post_mailing_queue_ids":[],"_links":{"self":[{"href":"https:\/\/agora.xtec.cat\/institutcanplanas\/wp-json\/wp\/v2\/pages\/43","targetHints":{"allow":["GET"]}}],"collection":[{"href":"https:\/\/agora.xtec.cat\/institutcanplanas\/wp-json\/wp\/v2\/pages"}],"about":[{"href":"https:\/\/agora.xtec.cat\/institutcanplanas\/wp-json\/wp\/v2\/types\/page"}],"author":[{"embeddable":true,"href":"https:\/\/agora.xtec.cat\/institutcanplanas\/wp-json\/wp\/v2\/users\/1"}],"replies":[{"embeddable":true,"href":"https:\/\/agora.xtec.cat\/institutcanplanas\/wp-json\/wp\/v2\/comments?post=43"}],"version-history":[{"count":7,"href":"https:\/\/agora.xtec.cat\/institutcanplanas\/wp-json\/wp\/v2\/pages\/43\/revisions"}],"predecessor-version":[{"id":7505,"href":"https:\/\/agora.xtec.cat\/institutcanplanas\/wp-json\/wp\/v2\/pages\/43\/revisions\/7505"}],"up":[{"embeddable":true,"href":"https:\/\/agora.xtec.cat\/institutcanplanas\/wp-json\/wp\/v2\/pages\/19"}],"wp:attachment":[{"href":"https:\/\/agora.xtec.cat\/institutcanplanas\/wp-json\/wp\/v2\/media?parent=43"}],"curies":[{"name":"wp","href":"https:\/\/api.w.org\/{rel}","templated":true}]}}