{"id":2043,"date":"2016-10-26T18:31:04","date_gmt":"2016-10-26T16:31:04","guid":{"rendered":"http:\/\/agora.xtec.cat\/institutcanplanas\/?page_id=2043"},"modified":"2016-11-23T17:27:13","modified_gmt":"2016-11-23T16:27:13","slug":"galeria","status":"publish","type":"page","link":"https:\/\/agora.xtec.cat\/institutcanplanas\/linstitut\/galeria\/","title":{"rendered":"Galeria"},"content":{"rendered":"<p><span lang=\"ca\">A aquesta secci\u00f3 trobareu informaci\u00f3 sobre activitats diverses fetes al centre. <\/span><\/p>\n<p>Podeu veure-les fent clic als seg\u00fcents aspectes.<\/p>\n<ul>\n<li><a href=\"http:\/\/agora.xtec.cat\/institutcanplanas\/tag\/viatge-estudis\/\"><strong>Viatges d&#8217;estudis<\/strong><\/a>.<\/li>\n<li><a href=\"http:\/\/agora.xtec.cat\/institutcanplanas\/tag\/sortides\/\"><strong>Sortides<\/strong><\/a>.<\/li>\n<li><a href=\"http:\/\/agora.xtec.cat\/institutcanplanas\/tag\/teatre\/\"><strong>Teatre<\/strong><\/a>.<\/li>\n<li><a href=\"http:\/\/agora.xtec.cat\/institutcanplanas\/tag\/xerrades\/\"><strong>Xerrades<\/strong><\/a>.<\/li>\n<li><strong><a href=\"http:\/\/agora.xtec.cat\/institutcanplanas\/tag\/graduacio\/\">Graduacions<\/a><\/strong>.<\/li>\n<li><a href=\"http:\/\/agora.xtec.cat\/institutcanplanas\/tag\/nadal\/\"><strong>Nadal<\/strong><\/a>.<\/li>\n<li><strong><a href=\"http:\/\/agora.xtec.cat\/institutcanplanas\/tag\/carnestoltes\/\">Carnestoltes<\/a><\/strong>.<\/li>\n<li><a href=\"http:\/\/agora.xtec.cat\/institutcanplanas\/tag\/centre\/\"><strong>Centre<\/strong><\/a>.<\/li>\n<li><a href=\"http:\/\/agora.xtec.cat\/institutcanplanas\/tag\/drets-humans\/\"><strong>Drets humans<\/strong><\/a>.<\/li>\n<li><a href=\"http:\/\/agora.xtec.cat\/institutcanplanas\/tag\/sant-jordi\/\"><strong>Sant Jordi<\/strong><\/a>.<\/li>\n<li><a href=\"http:\/\/agora.xtec.cat\/institutcanplanas\/tag\/castanyada\/\"><strong>Castanyada<\/strong><\/a>.<\/li>\n<li><a href=\"http:\/\/agora.xtec.cat\/institutcanplanas\/tag\/llibres\/\"><strong>Llibres<\/strong><\/a>.<\/li>\n<li><a href=\"http:\/\/agora.xtec.cat\/institutcanplanas\/tag\/medi-ambient\/\"><strong>Medi ambient<\/strong><\/a>.<\/li>\n<li><a href=\"http:\/\/agora.xtec.cat\/institutcanplanas\/tag\/noticies\/\"><strong>Not\u00edcies<\/strong><\/a>.<\/li>\n<li><a href=\"http:\/\/agora.xtec.cat\/institutcanplanas\/tag\/premis-i-concursos\/\"><strong>Premis i concursos<\/strong><\/a>.<\/li>\n<li><a href=\"http:\/\/agora.xtec.cat\/institutcanplanas\/tag\/c-experimentals\/\"><strong>Ci\u00e8ncies experimentals<\/strong><\/a>.<\/li>\n<li><a href=\"http:\/\/agora.xtec.cat\/institutcanplanas\/tag\/c-socials\/\"><strong>Ci\u00e8ncies socials<\/strong><\/a>.<\/li>\n<li><a href=\"http:\/\/agora.xtec.cat\/institutcanplanas\/tag\/classiques\/\"><strong>Cl\u00e0ssiques<\/strong><\/a>.<\/li>\n<li><a href=\"http:\/\/agora.xtec.cat\/institutcanplanas\/tag\/e-fisica\/\"><strong>Educaci\u00f3 f\u00edsica<\/strong><\/a>.<\/li>\n<li><a href=\"http:\/\/agora.xtec.cat\/institutcanplanas\/tag\/idiomes\/\"><strong>Idiomes<\/strong><\/a>.<\/li>\n<li><a href=\"http:\/\/agora.xtec.cat\/institutcanplanas\/tag\/llengues\/\"><strong>Lleng\u00fces<\/strong><\/a>.<\/li>\n<li><a href=\"http:\/\/agora.xtec.cat\/institutcanplanas\/tag\/matematiques\/\"><strong>Matem\u00e0tiques<\/strong><\/a>.<\/li>\n<li><a href=\"http:\/\/agora.xtec.cat\/institutcanplanas\/tag\/mediacio\/\"><strong>Mediaci\u00f3<\/strong><\/a>.<\/li>\n<li><a href=\"http:\/\/agora.xtec.cat\/institutcanplanas\/tag\/musica\/\"><strong>M\u00fasica<\/strong><\/a>.<\/li>\n<li><a href=\"http:\/\/agora.xtec.cat\/institutcanplanas\/tag\/orientacio\/\"><strong>Orientaci\u00f3<\/strong><\/a>.<\/li>\n<li><a href=\"http:\/\/agora.xtec.cat\/institutcanplanas\/tag\/solidaritat\/\"><strong>Solidaritat<\/strong><\/a>.<\/li>\n<li><a href=\"http:\/\/agora.xtec.cat\/institutcanplanas\/tag\/tecnologia\/\"><strong>Tecnologia<\/strong><\/a>.<\/li>\n<li><a href=\"http:\/\/agora.xtec.cat\/institutcanplanas\/tag\/visual-plastica\/\"><strong>Visual i pl\u00e0stica<\/strong><\/a>.<\/li>\n<li><a href=\"http:\/\/agora.xtec.cat\/institutcanplanas\/tag\/salut\/\"><strong>Salut<\/strong><\/a>.<\/li>\n<li><a href=\"http:\/\/agora.xtec.cat\/institutcanplanas\/categoria\/ampa\/\"><strong>AMPA<\/strong><\/a>.<\/li>\n<li><a href=\"http:\/\/agora.xtec.cat\/institutcanplanas\/categoria\/batxillerat\/\"><strong>Batxillerat<\/strong><\/a>.<\/li>\n<li><a href=\"http:\/\/agora.xtec.cat\/institutcanplanas\/categoria\/eso\/eso-1\/\"><strong>1r ESO<\/strong><\/a>.<\/li>\n<li><a href=\"http:\/\/agora.xtec.cat\/institutcanplanas\/categoria\/eso\/eso-2\/\"><strong>2n ESO<\/strong><\/a>.<\/li>\n<li><a href=\"http:\/\/agora.xtec.cat\/institutcanplanas\/categoria\/eso\/eso-3\/\"><strong>3r ESO<\/strong><\/a>.<\/li>\n<li><a href=\"http:\/\/agora.xtec.cat\/institutcanplanas\/categoria\/eso\/eso-4\/\"><strong>4t ESO<\/strong><\/a>.<\/li>\n<\/ul>\n<p><img decoding=\"async\" src=\"https:\/\/lh3.googleusercontent.com\/L_3U18J_JtEM44_3o6oVRmUU0H5a_lk5bJD-KdebzbUxay3yXl04mYC7YNhg3Yj8M48yKv5XYtaYuGwvKGItar_6csXcwxB4y-Ph2o4nbjL51rN7f20Z-gQMc-X3CYBkbSpxrIdos9Ui9MAf535-hrsy-ipsekZwsyqFzzxqq-Nmv2BkbJupNuoJF1j-Ql2HEPwM0vNTrHKFO9ErnfRW_Y5911FjCKxGRLnQWKiNx3wo-NVFrAbS_eM0YcAtL2RkUMyw5_ks_wu3sZAYo-i0A7Q-JKl1i_CrqYRm_8pH-nYqkMRSXewFLQvSEPmqotMs2LnTvhpTewE32jPKWMqqV9qTmgatuFWkmq2tipMUnUCDM8VcrzTZfK4HBFmZIYby895fIyEfu4j00tZvIm21vWgsEbRckSjD28AvE3rIj4wP9rEvZU86A_V25_52qJ_K4eI1sOJjZxXHsWrVvUAaJSIujbIWvcJRLC7sdg-fVcXx1KhBS1-Qaa9IZUJVSPzMdFAlb0RC3S9JSiRneIV5ENuLGFJH1sNK54CPv-AF2kkW79b-rPo2FVEpRgk9sJoKiv2J7pFZPYnRMkV8eWhz_xp1nLgRBJo823YvK353J7dYTAwy=w354-h397-no\" \/><\/p>\n<p><span lang=\"ca\">La <a href=\"http:\/\/www.xtec.cat\/institutcanplanas\/galeria\/\" target=\"_blank\"><strong>galeria d\u2019imatges<\/strong><\/a> cont\u00e9 tot un seguit de fotografies de tota mena d\u2019activitats fetes al centre. L\u2019arxiu d\u2019imatges est\u00e0 estructurat en apartats. Aquests apartats s\u00f3n:<strong> <a href=\"https:\/\/agora.xtec.cat\/institutcanplanas\/portada\/viatges\/\">Viatges<\/a><\/strong>, <strong><a href=\"https:\/\/agora.xtec.cat\/institutcanplanas\/general\/sortides\/\">Sortides<\/a><\/strong><\/span>, <strong><a href=\"http:\/\/agora.xtec.cat\/institutcanplanas\/portada\/activitats-de-la-diada-de-sant-jordi\/\">Sant Jordi<\/a><\/strong>, <strong><a href=\"https:\/\/agora.xtec.cat\/institutcanplanas\/portada\/castanyada-2\/\">Castanyada<\/a><\/strong>,\u00a0<strong><a href=\"https:\/\/agora.xtec.cat\/institutcanplanas\/portada\/carnestoltes\/\">Carnestoltes<\/a><\/strong>\u00a0i <strong><a href=\"https:\/\/agora.xtec.cat\/institutcanplanas\/portada\/natura-a-linstitut\/\" target=\"_blank\">Natura<\/a><\/strong>.<\/p>\n","protected":false},"excerpt":{"rendered":"<p>A aquesta secci\u00f3 trobareu informaci\u00f3 sobre activitats diverses fetes al centre. Podeu veure-les fent clic als seg\u00fcents aspectes. Viatges d&#8217;estudis. Sortides. Teatre. Xerrades. Graduacions. Nadal. Carnestoltes. Centre. Drets humans. Sant Jordi. Castanyada. Llibres. Medi ambient. Not\u00edcies. Premis i concursos. Ci\u00e8ncies experimentals. Ci\u00e8ncies socials. Cl\u00e0ssiques. Educaci\u00f3 f\u00edsica. Idiomes. Lleng\u00fces. Matem\u00e0tiques. Mediaci\u00f3. M\u00fasica. Orientaci\u00f3. Solidaritat. Tecnologia. Visual [&hellip;]<\/p>\n","protected":false},"author":1,"featured_media":0,"parent":19,"menu_order":40,"comment_status":"closed","ping_status":"closed","template":"page-templates\/side-menu.php","meta":{"_bbp_topic_count":0,"_bbp_reply_count":0,"_bbp_total_topic_count":0,"_bbp_total_reply_count":0,"_bbp_voice_count":0,"_bbp_anonymous_reply_count":0,"_bbp_topic_count_hidden":0,"_bbp_reply_count_hidden":0,"_bbp_forum_subforum_count":0,"site-sidebar-layout":"default","site-content-layout":"","ast-site-content-layout":"","site-content-style":"default","site-sidebar-style":"default","ast-global-header-display":"","ast-banner-title-visibility":"","ast-main-header-display":"","ast-hfb-above-header-display":"","ast-hfb-below-header-display":"","ast-hfb-mobile-header-display":"","site-post-title":"","ast-breadcrumbs-content":"","ast-featured-img":"","footer-sml-layout":"","theme-transparent-header-meta":"","adv-header-id-meta":"","stick-header-meta":"","header-above-stick-meta":"","header-main-stick-meta":"","header-below-stick-meta":"","astra-migrate-meta-layouts":"default","ast-page-background-enabled":"default","ast-page-background-meta":{"desktop":{"background-color":"var(--ast-global-color-4)","background-image":"","background-repeat":"repeat","background-position":"center center","background-size":"auto","background-attachment":"scroll","background-type":"","background-media":"","overlay-type":"","overlay-color":"","overlay-opacity":"","overlay-gradient":""},"tablet":{"background-color":"","background-image":"","background-repeat":"repeat","background-position":"center center","background-size":"auto","background-attachment":"scroll","background-type":"","background-media":"","overlay-type":"","overlay-color":"","overlay-opacity":"","overlay-gradient":""},"mobile":{"background-color":"","background-image":"","background-repeat":"repeat","background-position":"center center","background-size":"auto","background-attachment":"scroll","background-type":"","background-media":"","overlay-type":"","overlay-color":"","overlay-opacity":"","overlay-gradient":""}},"ast-content-background-meta":{"desktop":{"background-color":"var(--ast-global-color-5)","background-image":"","background-repeat":"repeat","background-position":"center center","background-size":"auto","background-attachment":"scroll","background-type":"","background-media":"","overlay-type":"","overlay-color":"","overlay-opacity":"","overlay-gradient":""},"tablet":{"background-color":"var(--ast-global-color-5)","background-image":"","background-repeat":"repeat","background-position":"center center","background-size":"auto","background-attachment":"scroll","background-type":"","background-media":"","overlay-type":"","overlay-color":"","overlay-opacity":"","overlay-gradient":""},"mobile":{"background-color":"var(--ast-global-color-5)","background-image":"","background-repeat":"repeat","background-position":"center center","background-size":"auto","background-attachment":"scroll","background-type":"","background-media":"","overlay-type":"","overlay-color":"","overlay-opacity":"","overlay-gradient":""}},"footnotes":""},"class_list":["post-2043","page","type-page","status-publish","hentry"],"post_mailing_queue_ids":[],"_links":{"self":[{"href":"https:\/\/agora.xtec.cat\/institutcanplanas\/wp-json\/wp\/v2\/pages\/2043","targetHints":{"allow":["GET"]}}],"collection":[{"href":"https:\/\/agora.xtec.cat\/institutcanplanas\/wp-json\/wp\/v2\/pages"}],"about":[{"href":"https:\/\/agora.xtec.cat\/institutcanplanas\/wp-json\/wp\/v2\/types\/page"}],"author":[{"embeddable":true,"href":"https:\/\/agora.xtec.cat\/institutcanplanas\/wp-json\/wp\/v2\/users\/1"}],"replies":[{"embeddable":true,"href":"https:\/\/agora.xtec.cat\/institutcanplanas\/wp-json\/wp\/v2\/comments?post=2043"}],"version-history":[{"count":3,"href":"https:\/\/agora.xtec.cat\/institutcanplanas\/wp-json\/wp\/v2\/pages\/2043\/revisions"}],"predecessor-version":[{"id":2811,"href":"https:\/\/agora.xtec.cat\/institutcanplanas\/wp-json\/wp\/v2\/pages\/2043\/revisions\/2811"}],"up":[{"embeddable":true,"href":"https:\/\/agora.xtec.cat\/institutcanplanas\/wp-json\/wp\/v2\/pages\/19"}],"wp:attachment":[{"href":"https:\/\/agora.xtec.cat\/institutcanplanas\/wp-json\/wp\/v2\/media?parent=2043"}],"curies":[{"name":"wp","href":"https:\/\/api.w.org\/{rel}","templated":true}]}}