{"id":39,"date":"2014-09-17T16:36:44","date_gmt":"2014-09-17T16:36:44","guid":{"rendered":"http:\/\/agora.xtec.cat\/institutbisbesivilla\/?page_id=39"},"modified":"2020-07-08T00:59:37","modified_gmt":"2020-07-07T22:59:37","slug":"instal%c2%b7lacions","status":"publish","type":"page","link":"https:\/\/agora.xtec.cat\/institutbisbesivilla\/linstitut\/instal%c2%b7lacions\/","title":{"rendered":"El nostre centre"},"content":{"rendered":"<p>L&#8217;institut disposa de biblioteca, laboratoris de biologia, geologia, f\u00edsica i qu\u00edmica, 2 tallers de tecnologia, 5 aules d&#8217;inform\u00e0tica, 2 gimnasos, aula de m\u00fasica, aula d&#8217;educaci\u00f3 visual i pl\u00e0stica, sala d&#8217;actes i aula d&#8217;acollida.<\/p>\n<p>Les aules ordin\u00e0ries disposen de sistemes audiovisuals (PDI o projector).<\/p>\n","protected":false},"excerpt":{"rendered":"<p>L&#8217;institut disposa de biblioteca, laboratoris de biologia, geologia, f\u00edsica i qu\u00edmica, 2 tallers de tecnologia, 5 aules d&#8217;inform\u00e0tica, 2 gimnasos, aula de m\u00fasica, aula d&#8217;educaci\u00f3 visual i pl\u00e0stica, sala d&#8217;actes i aula d&#8217;acollida.<br \/>\nLes aules ordin\u00e0ries disposen de sistemes audiovisuals (PDI o projector).<\/p>\n","protected":false},"author":1,"featured_media":0,"parent":19,"menu_order":30,"comment_status":"closed","ping_status":"closed","template":"page-templates\/side-menu.php","meta":{"_bbp_topic_count":0,"_bbp_reply_count":0,"_bbp_total_topic_count":0,"_bbp_total_reply_count":0,"_bbp_voice_count":0,"_bbp_anonymous_reply_count":0,"_bbp_topic_count_hidden":0,"_bbp_reply_count_hidden":0,"_bbp_forum_subforum_count":0,"footnotes":""},"class_list":["post-39","page","type-page","status-publish","hentry"],"post_mailing_queue_ids":[],"_links":{"self":[{"href":"https:\/\/agora.xtec.cat\/institutbisbesivilla\/wp-json\/wp\/v2\/pages\/39","targetHints":{"allow":["GET"]}}],"collection":[{"href":"https:\/\/agora.xtec.cat\/institutbisbesivilla\/wp-json\/wp\/v2\/pages"}],"about":[{"href":"https:\/\/agora.xtec.cat\/institutbisbesivilla\/wp-json\/wp\/v2\/types\/page"}],"author":[{"embeddable":true,"href":"https:\/\/agora.xtec.cat\/institutbisbesivilla\/wp-json\/wp\/v2\/users\/1"}],"replies":[{"embeddable":true,"href":"https:\/\/agora.xtec.cat\/institutbisbesivilla\/wp-json\/wp\/v2\/comments?post=39"}],"version-history":[{"count":3,"href":"https:\/\/agora.xtec.cat\/institutbisbesivilla\/wp-json\/wp\/v2\/pages\/39\/revisions"}],"predecessor-version":[{"id":2790,"href":"https:\/\/agora.xtec.cat\/institutbisbesivilla\/wp-json\/wp\/v2\/pages\/39\/revisions\/2790"}],"up":[{"embeddable":true,"href":"https:\/\/agora.xtec.cat\/institutbisbesivilla\/wp-json\/wp\/v2\/pages\/19"}],"wp:attachment":[{"href":"https:\/\/agora.xtec.cat\/institutbisbesivilla\/wp-json\/wp\/v2\/media?parent=39"}],"curies":[{"name":"wp","href":"https:\/\/api.w.org\/{rel}","templated":true}]}}