{"id":3873,"date":"2023-05-04T11:10:27","date_gmt":"2023-05-04T09:10:27","guid":{"rendered":"https:\/\/agora.xtec.cat\/institutbisbesivilla\/?page_id=3873"},"modified":"2024-05-29T11:04:43","modified_gmt":"2024-05-29T09:04:43","slug":"comunicacio","status":"publish","type":"page","link":"https:\/\/agora.xtec.cat\/institutbisbesivilla\/edc\/cultura-digital\/comunicacio\/","title":{"rendered":"Comunicaci\u00f3"},"content":{"rendered":"<p>El centre disposa d\u2019un web amb la informaci\u00f3 p\u00fablica. S\u2019hi poden trobar informacions est\u00e0tiques,<img loading=\"lazy\" decoding=\"async\" class=\"alignright size-medium wp-image-9488\" src=\"https:\/\/projectes.xtec.cat\/edc-suport\/wp-content\/uploads\/usu2435\/2021\/12\/nodes-300x173.png\" sizes=\"auto, (max-width: 300px) 100vw, 300px\" srcset=\"https:\/\/projectes.xtec.cat\/edc-suport\/wp-content\/uploads\/usu2435\/2021\/12\/nodes-300x173.png 300w, https:\/\/projectes.xtec.cat\/edc-suport\/wp-content\/uploads\/usu2435\/2021\/12\/nodes.png 580w\" alt=\"\" width=\"300\" height=\"173\" \/>\u00a0que es revisen\u00a0peri\u00f2dicament (documentaci\u00f3, claustre, dates del curs, etc.) i articles din\u00e0mics sobre el que va succeint al centre dia a dia.<\/p>\n<p>Aquest web est\u00e0 realitzat aprofitant el servei nodes que ofereix el Departament d\u2019Educaci\u00f3.<\/p>\n<p>Per m\u00e9s informaci\u00f3, podeu fer clic al seg\u00fcent enlla\u00e7:<\/p>\n<p style=\"text-align: center;\"><a href=\"https:\/\/agora.xtec.cat\/institutbisbesivilla\/\"><strong>WEB DEL CENTRE<\/strong><\/a><\/p>\n<p>Tamb\u00e9 es disposa d&#8217;un perfil actiu a <em>Instagram<\/em>, on de manera m\u00e9s din\u00e0mica es comparteixen imatges i fotos dels esdeveniments m\u00e9s representatius del dia a dia del centre. Per a m\u00e9s informaci\u00f3:<\/p>\n<p style=\"text-align: center;\"><a href=\"https:\/\/www.instagram.com\/institutbisbesivilla\/\"><strong>PERFIL D&#8217;INTAGRAM<\/strong><\/a><\/p>\n","protected":false},"excerpt":{"rendered":"<p>El centre disposa d\u2019un web amb la informaci\u00f3 p\u00fablica. S\u2019hi poden trobar informacions est\u00e0tiques,\u00a0que es revisen\u00a0peri\u00f2dicament (documentaci\u00f3, claustre, dates del curs, etc.) i articles din\u00e0mics sobre el que va succeint al centre dia a dia.<br \/>\nAquest web est\u00e0 realitzat aprofitant el servei nodes que ofereix el&hellip;  <a href=\"https:\/\/agora.xtec.cat\/institutbisbesivilla\/edc\/cultura-digital\/comunicacio\/\" title=\"Read Comunicaci\u00f3\">Llegeix m\u00e9s\u00bb<\/a><\/p>\n","protected":false},"author":93,"featured_media":0,"parent":3853,"menu_order":2,"comment_status":"closed","ping_status":"closed","template":"","meta":{"_bbp_topic_count":0,"_bbp_reply_count":0,"_bbp_total_topic_count":0,"_bbp_total_reply_count":0,"_bbp_voice_count":0,"_bbp_anonymous_reply_count":0,"_bbp_topic_count_hidden":0,"_bbp_reply_count_hidden":0,"_bbp_forum_subforum_count":0,"footnotes":""},"class_list":["post-3873","page","type-page","status-publish","hentry"],"post_mailing_queue_ids":[],"_links":{"self":[{"href":"https:\/\/agora.xtec.cat\/institutbisbesivilla\/wp-json\/wp\/v2\/pages\/3873","targetHints":{"allow":["GET"]}}],"collection":[{"href":"https:\/\/agora.xtec.cat\/institutbisbesivilla\/wp-json\/wp\/v2\/pages"}],"about":[{"href":"https:\/\/agora.xtec.cat\/institutbisbesivilla\/wp-json\/wp\/v2\/types\/page"}],"author":[{"embeddable":true,"href":"https:\/\/agora.xtec.cat\/institutbisbesivilla\/wp-json\/wp\/v2\/users\/93"}],"replies":[{"embeddable":true,"href":"https:\/\/agora.xtec.cat\/institutbisbesivilla\/wp-json\/wp\/v2\/comments?post=3873"}],"version-history":[{"count":3,"href":"https:\/\/agora.xtec.cat\/institutbisbesivilla\/wp-json\/wp\/v2\/pages\/3873\/revisions"}],"predecessor-version":[{"id":4111,"href":"https:\/\/agora.xtec.cat\/institutbisbesivilla\/wp-json\/wp\/v2\/pages\/3873\/revisions\/4111"}],"up":[{"embeddable":true,"href":"https:\/\/agora.xtec.cat\/institutbisbesivilla\/wp-json\/wp\/v2\/pages\/3853"}],"wp:attachment":[{"href":"https:\/\/agora.xtec.cat\/institutbisbesivilla\/wp-json\/wp\/v2\/media?parent=3873"}],"curies":[{"name":"wp","href":"https:\/\/api.w.org\/{rel}","templated":true}]}}