{"id":3871,"date":"2023-05-04T11:10:11","date_gmt":"2023-05-04T09:10:11","guid":{"rendered":"https:\/\/agora.xtec.cat\/institutbisbesivilla\/?page_id=3871"},"modified":"2023-05-18T11:23:13","modified_gmt":"2023-05-18T09:23:13","slug":"usuaris-de-centre","status":"publish","type":"page","link":"https:\/\/agora.xtec.cat\/institutbisbesivilla\/edc\/cultura-digital\/usuaris-de-centre\/","title":{"rendered":"Usuaris de centre"},"content":{"rendered":"<p>Tipus d&#8217;usuaris:<\/p>\n<p>Usuaris de Google Suite:<\/p>\n<ul>\n<li>Professors i PAS:<\/li>\n<\/ul>\n<p>Nom.Cognom@institutbisbesivilla.cat<\/p>\n<p>Exemple: tomas.sivilla@institutbisbesivilla.cat<\/p>\n<ul>\n<li>Alumnes:<\/li>\n<\/ul>\n<p><strong>yy<\/strong>: Els \u00faltims dos d\u00edgits de l&#8217;any en que l&#8217;alumne comen\u00e7a 1r ESO.<\/p>\n<p>yyNom.Cognom@institutbisbesivilla.cat<\/p>\n<p>Exemple: 23tomas.sivilla@institutbisbesivilla.cat<\/p>\n<p>Usuaris de Moodle: Acc\u00e9s amb el compte de correu de gmail.<\/p>\n<p>&nbsp;<\/p>\n","protected":false},"excerpt":{"rendered":"<p>Tipus d&#8217;usuaris:<br \/>\nUsuaris de Google Suite:<\/p>\n<ul>\n<li>Professors i PAS:<\/li>\n<\/ul>\n<p>Nom.Cognom@institutbisbesivilla.cat<br \/>\nExemple: tomas.sivilla@institutbisbesivilla.cat<\/p>\n<ul>\n<li>Alumnes:<\/li>\n<\/ul>\n<p>yy: Els \u00faltims dos d\u00edgits de l&#8217;any en que l&#8217;alumne comen\u00e7a 1r ESO.<br \/>\nyyNom.Cognom@institutbisbesivilla.cat<br \/>\nExemple: 23tomas.sivilla@institutbisbesivilla.cat<br \/>\nUsuaris de Moodle: Acc\u00e9s amb el compte de correu de gmail.<br \/>\n&nbsp;<\/p>\n","protected":false},"author":93,"featured_media":0,"parent":3853,"menu_order":1,"comment_status":"closed","ping_status":"closed","template":"","meta":{"_bbp_topic_count":0,"_bbp_reply_count":0,"_bbp_total_topic_count":0,"_bbp_total_reply_count":0,"_bbp_voice_count":0,"_bbp_anonymous_reply_count":0,"_bbp_topic_count_hidden":0,"_bbp_reply_count_hidden":0,"_bbp_forum_subforum_count":0,"footnotes":""},"class_list":["post-3871","page","type-page","status-publish","hentry"],"post_mailing_queue_ids":[],"_links":{"self":[{"href":"https:\/\/agora.xtec.cat\/institutbisbesivilla\/wp-json\/wp\/v2\/pages\/3871","targetHints":{"allow":["GET"]}}],"collection":[{"href":"https:\/\/agora.xtec.cat\/institutbisbesivilla\/wp-json\/wp\/v2\/pages"}],"about":[{"href":"https:\/\/agora.xtec.cat\/institutbisbesivilla\/wp-json\/wp\/v2\/types\/page"}],"author":[{"embeddable":true,"href":"https:\/\/agora.xtec.cat\/institutbisbesivilla\/wp-json\/wp\/v2\/users\/93"}],"replies":[{"embeddable":true,"href":"https:\/\/agora.xtec.cat\/institutbisbesivilla\/wp-json\/wp\/v2\/comments?post=3871"}],"version-history":[{"count":4,"href":"https:\/\/agora.xtec.cat\/institutbisbesivilla\/wp-json\/wp\/v2\/pages\/3871\/revisions"}],"predecessor-version":[{"id":3921,"href":"https:\/\/agora.xtec.cat\/institutbisbesivilla\/wp-json\/wp\/v2\/pages\/3871\/revisions\/3921"}],"up":[{"embeddable":true,"href":"https:\/\/agora.xtec.cat\/institutbisbesivilla\/wp-json\/wp\/v2\/pages\/3853"}],"wp:attachment":[{"href":"https:\/\/agora.xtec.cat\/institutbisbesivilla\/wp-json\/wp\/v2\/media?parent=3871"}],"curies":[{"name":"wp","href":"https:\/\/api.w.org\/{rel}","templated":true}]}}