{"id":3859,"date":"2023-05-04T11:06:57","date_gmt":"2023-05-04T09:06:57","guid":{"rendered":"https:\/\/agora.xtec.cat\/institutbisbesivilla\/?page_id=3859"},"modified":"2024-02-21T11:02:43","modified_gmt":"2024-02-21T10:02:43","slug":"objectius","status":"publish","type":"page","link":"https:\/\/agora.xtec.cat\/institutbisbesivilla\/edc\/part-estrategica\/objectius\/","title":{"rendered":"Objectius"},"content":{"rendered":"<p>El punt 5 de l&#8217;apartat <em>3. Objectius, prioritats i plantejaments educatius<\/em> del <strong>Projecte educatiu de centre<\/strong> (PEC) fa refer\u00e8ncia a l&#8217;\u00fas de les tecnologies de la informaci\u00f3 i la comunicaci\u00f3 (TIC), tal i com es mostra a continuaci\u00f3:<\/p>\n<p><em>L&#8217;\u00fas de les tecnologies de la informaci\u00f3 i la comunicaci\u00f3 (TIC) i dels nous recursos digitals ha d&#8217;afavorir la millora dels processos d&#8217;ensenyament i aprenentatge i dels resultats escolars en totes les etapes de la secund\u00e0ria i la FP, aix\u00ed com donar suport a l&#8217;atenci\u00f3 a les necessitats educatives espec\u00edfiques i a la diversitat d&#8217;alumnat. Els nostres alumnes han de desenvolupar la compet\u00e8ncia digital en tots els nivells educatius.<\/em><\/p>\n<p>D&#8217;altra banda, a l&#8217;apartat 5. NOFC II: drets i deures dels membres de la comunitat educativa i carta de comprom\u00eds educatiu, en el punt 5.5. Carta de comprom\u00eds educatiu corresponent a la part de la fam\u00edlia i\/o alumne\/a es regula l&#8217;\u00fas dels dispositius electr\u00f2nics al centre:<\/p>\n<p><em>L&#8217;\u00fas de les tecnologies de la informaci\u00f3 i la comunicaci\u00f3 (TIC) i dels nous recursos digitals ha d&#8217;afavorir la millora dels processos d&#8217;ensenyament i aprenentatge i dels resultats escolars en totes les etapes de la secund\u00e0ria i la FP, aix\u00ed com donar suport a l&#8217;atenci\u00f3 a les necessitats educatives espec\u00edfiques i a la diversitat d&#8217;alumnat. Els nostres alumnes han de desenvolupar la compet\u00e8ncia digital en tots els nivells educatius.<\/em><\/p>\n<p>A partir d\u2019aquesta visi\u00f3 de centre, dels objectius del PEC i de la diagnosi que s\u2019ha realitzat s\u2019han establert diferents objectius.<\/p>\n","protected":false},"excerpt":{"rendered":"<p>El punt 5 de l&#8217;apartat 3. Objectius, prioritats i plantejaments educatius del Projecte educatiu de centre (PEC) fa refer\u00e8ncia a l&#8217;\u00fas de les tecnologies de la informaci\u00f3 i la comunicaci\u00f3 (TIC), tal i com es mostra a continuaci\u00f3:<br \/>\nL&#8217;\u00fas de les tecnologies de la informaci\u00f3 i&hellip;  <a href=\"https:\/\/agora.xtec.cat\/institutbisbesivilla\/edc\/part-estrategica\/objectius\/\" title=\"Read Objectius\">Llegeix m\u00e9s\u00bb<\/a><\/p>\n","protected":false},"author":93,"featured_media":0,"parent":3851,"menu_order":1,"comment_status":"closed","ping_status":"closed","template":"","meta":{"_bbp_topic_count":0,"_bbp_reply_count":0,"_bbp_total_topic_count":0,"_bbp_total_reply_count":0,"_bbp_voice_count":0,"_bbp_anonymous_reply_count":0,"_bbp_topic_count_hidden":0,"_bbp_reply_count_hidden":0,"_bbp_forum_subforum_count":0,"footnotes":""},"class_list":["post-3859","page","type-page","status-publish","hentry"],"post_mailing_queue_ids":[],"_links":{"self":[{"href":"https:\/\/agora.xtec.cat\/institutbisbesivilla\/wp-json\/wp\/v2\/pages\/3859","targetHints":{"allow":["GET"]}}],"collection":[{"href":"https:\/\/agora.xtec.cat\/institutbisbesivilla\/wp-json\/wp\/v2\/pages"}],"about":[{"href":"https:\/\/agora.xtec.cat\/institutbisbesivilla\/wp-json\/wp\/v2\/types\/page"}],"author":[{"embeddable":true,"href":"https:\/\/agora.xtec.cat\/institutbisbesivilla\/wp-json\/wp\/v2\/users\/93"}],"replies":[{"embeddable":true,"href":"https:\/\/agora.xtec.cat\/institutbisbesivilla\/wp-json\/wp\/v2\/comments?post=3859"}],"version-history":[{"count":6,"href":"https:\/\/agora.xtec.cat\/institutbisbesivilla\/wp-json\/wp\/v2\/pages\/3859\/revisions"}],"predecessor-version":[{"id":4044,"href":"https:\/\/agora.xtec.cat\/institutbisbesivilla\/wp-json\/wp\/v2\/pages\/3859\/revisions\/4044"}],"up":[{"embeddable":true,"href":"https:\/\/agora.xtec.cat\/institutbisbesivilla\/wp-json\/wp\/v2\/pages\/3851"}],"wp:attachment":[{"href":"https:\/\/agora.xtec.cat\/institutbisbesivilla\/wp-json\/wp\/v2\/media?parent=3859"}],"curies":[{"name":"wp","href":"https:\/\/api.w.org\/{rel}","templated":true}]}}