{"id":3853,"date":"2023-05-04T10:57:34","date_gmt":"2023-05-04T08:57:34","guid":{"rendered":"https:\/\/agora.xtec.cat\/institutbisbesivilla\/?page_id=3853"},"modified":"2024-05-29T11:19:33","modified_gmt":"2024-05-29T09:19:33","slug":"cultura-digital","status":"publish","type":"page","link":"https:\/\/agora.xtec.cat\/institutbisbesivilla\/edc\/cultura-digital\/","title":{"rendered":"Cultura digital"},"content":{"rendered":"<header class=\"entry-header\">\n<h1 class=\"entry-title\">Cultura digital<\/h1>\n<\/header>\n<div class=\"entry-content\">\n<p>En aquest apartat es recullen tots els documents del centre que fan refer\u00e8ncia a aspectes de la cultura digital. D\u2019aquesta manera, es pot tenir una visi\u00f3 completa de l\u2019assoliment d\u2019aquesta cultura pel que fa a centre.<\/p>\n<div>\n<p>Plataforma digital<\/p>\n<\/div>\n<p>El centre disposa d\u2019un domini G Suite for Education propi. D\u2019aquesta manera, alumnat, professorat, personal d\u2019administraci\u00f3 i fam\u00edlies disposen d\u2019un usuari @insdelcami.cat.<\/p>\n<p><img loading=\"lazy\" decoding=\"async\" class=\"size-medium wp-image-9410 aligncenter\" src=\"https:\/\/projectes.xtec.cat\/edc-suport\/wp-content\/uploads\/usu2435\/2021\/12\/workspace-300x123.png\" sizes=\"auto, (max-width: 300px) 100vw, 300px\" srcset=\"https:\/\/projectes.xtec.cat\/edc-suport\/wp-content\/uploads\/usu2435\/2021\/12\/workspace-300x123.png 300w, https:\/\/projectes.xtec.cat\/edc-suport\/wp-content\/uploads\/usu2435\/2021\/12\/workspace-1024x421.png 1024w, https:\/\/projectes.xtec.cat\/edc-suport\/wp-content\/uploads\/usu2435\/2021\/12\/workspace-768x316.png 768w, https:\/\/projectes.xtec.cat\/edc-suport\/wp-content\/uploads\/usu2435\/2021\/12\/workspace.png 1280w\" alt=\"\" width=\"300\" height=\"123\" \/><\/p>\n<p>&nbsp;<\/p>\n<div>\n<p>Seguiment de l\u2019alumnat<\/p>\n<\/div>\n<p>Tot el seguiment de l&#8217;assist\u00e8ncia de l&#8217;alumnat es fa a trav\u00e9s de fulls de c\u00e0lcul que el centre ha creat i que t\u00e9 organitzat en unitats compartides. En el cas del control de les avaluacions i qualificacions, hi han diferents opcions i programaris que el professorat fa servir indiferentment.<\/p>\n<p><img loading=\"lazy\" decoding=\"async\" class=\"aligncenter\" src=\"https:\/\/upload.wikimedia.org\/wikipedia\/commons\/thumb\/7\/73\/Microsoft_Excel_2013-2019_logo.svg\/1200px-Microsoft_Excel_2013-2019_logo.svg.png\" alt=\"Archivo:Microsoft Excel 2013-2019 logo.svg - Wikipedia, la ...\" width=\"114\" height=\"107\" \/><\/p>\n<\/div>\n<div class=\"entry-content\">\n<div>\n<p>Documentaci\u00f3<\/p>\n<\/div>\n<p><img loading=\"lazy\" decoding=\"async\" class=\"alignright size-medium wp-image-9418\" src=\"https:\/\/projectes.xtec.cat\/edc-suport\/wp-content\/uploads\/usu2435\/2021\/12\/drive-300x277.png\" sizes=\"auto, (max-width: 300px) 100vw, 300px\" srcset=\"https:\/\/projectes.xtec.cat\/edc-suport\/wp-content\/uploads\/usu2435\/2021\/12\/drive-300x277.png 300w, https:\/\/projectes.xtec.cat\/edc-suport\/wp-content\/uploads\/usu2435\/2021\/12\/drive.png 523w\" alt=\"\" width=\"300\" height=\"277\" \/><\/p>\n<p>El centre organitza tota la documentaci\u00f3 en unitats compartides. Aquestes unitats es comparteixen exclusivament amb\u00a0grups, de tal manera que en tot moment es controla qui t\u00e9 acc\u00e9s a la informaci\u00f3.<\/p>\n<p>A m\u00e9s dels fulls anteriors, en aquestes carpetes hi ha tota la resta d\u2019informaci\u00f3 que necessita el centre. Des de la documentaci\u00f3 oficial (PEC, NOFC, projecte de direcci\u00f3, etc), passant per llistes d\u2019alumnes, el PAT, fins als informes d\u2019avaluaci\u00f3 de cada un dels alumnes durant tots els cursos que est\u00e0 al centre.<\/p>\n<\/div>\n","protected":false},"excerpt":{"rendered":"<p>Cultura digital<\/p>\n<p>En aquest apartat es recullen tots els documents del centre que fan refer\u00e8ncia a aspectes de la cultura digital. D\u2019aquesta manera, es pot tenir una visi\u00f3 completa de l\u2019assoliment d\u2019aquesta cultura pel que fa a centre.<\/p>\n<p>Plataforma digital<\/p>\n<p>El centre disposa d\u2019un domini G Suite for&hellip;  <a href=\"https:\/\/agora.xtec.cat\/institutbisbesivilla\/edc\/cultura-digital\/\" title=\"Read Cultura digital\">Llegeix m\u00e9s\u00bb<\/a><\/p>\n","protected":false},"author":93,"featured_media":0,"parent":3677,"menu_order":1,"comment_status":"closed","ping_status":"closed","template":"","meta":{"_bbp_topic_count":0,"_bbp_reply_count":0,"_bbp_total_topic_count":0,"_bbp_total_reply_count":0,"_bbp_voice_count":0,"_bbp_anonymous_reply_count":0,"_bbp_topic_count_hidden":0,"_bbp_reply_count_hidden":0,"_bbp_forum_subforum_count":0,"footnotes":""},"class_list":["post-3853","page","type-page","status-publish","hentry"],"post_mailing_queue_ids":[],"_links":{"self":[{"href":"https:\/\/agora.xtec.cat\/institutbisbesivilla\/wp-json\/wp\/v2\/pages\/3853","targetHints":{"allow":["GET"]}}],"collection":[{"href":"https:\/\/agora.xtec.cat\/institutbisbesivilla\/wp-json\/wp\/v2\/pages"}],"about":[{"href":"https:\/\/agora.xtec.cat\/institutbisbesivilla\/wp-json\/wp\/v2\/types\/page"}],"author":[{"embeddable":true,"href":"https:\/\/agora.xtec.cat\/institutbisbesivilla\/wp-json\/wp\/v2\/users\/93"}],"replies":[{"embeddable":true,"href":"https:\/\/agora.xtec.cat\/institutbisbesivilla\/wp-json\/wp\/v2\/comments?post=3853"}],"version-history":[{"count":3,"href":"https:\/\/agora.xtec.cat\/institutbisbesivilla\/wp-json\/wp\/v2\/pages\/3853\/revisions"}],"predecessor-version":[{"id":4115,"href":"https:\/\/agora.xtec.cat\/institutbisbesivilla\/wp-json\/wp\/v2\/pages\/3853\/revisions\/4115"}],"up":[{"embeddable":true,"href":"https:\/\/agora.xtec.cat\/institutbisbesivilla\/wp-json\/wp\/v2\/pages\/3677"}],"wp:attachment":[{"href":"https:\/\/agora.xtec.cat\/institutbisbesivilla\/wp-json\/wp\/v2\/media?parent=3853"}],"curies":[{"name":"wp","href":"https:\/\/api.w.org\/{rel}","templated":true}]}}