{"id":3677,"date":"2022-09-29T10:49:23","date_gmt":"2022-09-29T08:49:23","guid":{"rendered":"https:\/\/agora.xtec.cat\/institutbisbesivilla\/?page_id=3677"},"modified":"2024-05-15T10:52:15","modified_gmt":"2024-05-15T08:52:15","slug":"edc","status":"publish","type":"page","link":"https:\/\/agora.xtec.cat\/institutbisbesivilla\/edc\/","title":{"rendered":"EDC"},"content":{"rendered":"<p><strong>Estrat\u00e8gia Digital de Centre<\/strong><\/p>\n<p>En el Projecte Educatiu de Centre (PEC) es detallen les dades de<a href=\"https:\/\/drive.google.com\/file\/d\/1OVEe8f5Jre1F6988pEoE-bUt3hP0iTEW\/view\" target=\"_blank\" rel=\"noopener\"><img loading=\"lazy\" decoding=\"async\" class=\"alignright wp-image-3910\" src=\"https:\/\/agora.xtec.cat\/institutbisbesivilla\/wp-content\/uploads\/usu869\/2023\/05\/PEC.jpg\" alt=\"\" width=\"210\" height=\"299\" srcset=\"https:\/\/agora.xtec.cat\/institutbisbesivilla\/wp-content\/uploads\/usu869\/2023\/05\/PEC.jpg 626w, https:\/\/agora.xtec.cat\/institutbisbesivilla\/wp-content\/uploads\/usu869\/2023\/05\/PEC-211x300.jpg 211w\" sizes=\"auto, (max-width: 210px) 100vw, 210px\" \/><\/a> contextualitzaci\u00f3 general del nostre centre. Pel que fa als aspectes sobre tecnologia digital, cal tenir en compte que el centre des del curs 2020-21 ha fet una clara aposta per la digitalitzaci\u00f3 del centre. Aix\u00ed, tot l\u2019alumnat i professorat disposa d\u2019un usuari de centre que els permet tenir serveis com s\u00f3n el correu electr\u00f2nic o l\u2019emmagatzematge al n\u00favol. Amb aquests usuaris es realitza tota la comunicaci\u00f3 del centre entre el professorat, l&#8217;alumnat i les fam\u00edlies.<\/p>\n<p>El centre disposa de 5 aules d&#8217;inform\u00e0tica. Tanmateix, quan el Departament d&#8217;Educaci\u00f3 va engegar el Projecte d&#8217;Acceleraci\u00f3 Digital al curs 2020-21, es van proporcionar ordinador port\u00e0tils a l&#8217;alumnat de 3r i 4t d&#8217;ESO, batxillerat i cicles formatius de grau mitj\u00e0, aix\u00ed com al professorat. Cal dir que tot aquest maquinari \u00e9s propietat del centre.<\/p>\n<p>Podeu accedir a tota la informaci\u00f3 sobre la nostra Estrat\u00e8gia Digital de Centre mitjan\u00e7ant el men\u00fa de navegaci\u00f3 de l\u2019esquerra.<\/p>\n","protected":false},"excerpt":{"rendered":"<p>Estrat\u00e8gia Digital de Centre<br \/>\nEn el Projecte Educatiu de Centre (PEC) es detallen les dades de<a href=\"https:\/\/drive.google.com\/file\/d\/1OVEe8f5Jre1F6988pEoE-bUt3hP0iTEW\/view\" target=\"_blank\" rel=\"noopener\"><\/a> contextualitzaci\u00f3 general del nostre centre. Pel que fa als aspectes sobre tecnologia digital, cal tenir en compte que el centre des del curs 2020-21 ha fet una&hellip;  <a href=\"https:\/\/agora.xtec.cat\/institutbisbesivilla\/edc\/\" title=\"Read EDC\">Llegeix m\u00e9s\u00bb<\/a><\/p>\n","protected":false},"author":93,"featured_media":0,"parent":0,"menu_order":0,"comment_status":"closed","ping_status":"closed","template":"","meta":{"_bbp_topic_count":0,"_bbp_reply_count":0,"_bbp_total_topic_count":0,"_bbp_total_reply_count":0,"_bbp_voice_count":0,"_bbp_anonymous_reply_count":0,"_bbp_topic_count_hidden":0,"_bbp_reply_count_hidden":0,"_bbp_forum_subforum_count":0,"footnotes":""},"class_list":["post-3677","page","type-page","status-publish","hentry"],"post_mailing_queue_ids":[],"_links":{"self":[{"href":"https:\/\/agora.xtec.cat\/institutbisbesivilla\/wp-json\/wp\/v2\/pages\/3677","targetHints":{"allow":["GET"]}}],"collection":[{"href":"https:\/\/agora.xtec.cat\/institutbisbesivilla\/wp-json\/wp\/v2\/pages"}],"about":[{"href":"https:\/\/agora.xtec.cat\/institutbisbesivilla\/wp-json\/wp\/v2\/types\/page"}],"author":[{"embeddable":true,"href":"https:\/\/agora.xtec.cat\/institutbisbesivilla\/wp-json\/wp\/v2\/users\/93"}],"replies":[{"embeddable":true,"href":"https:\/\/agora.xtec.cat\/institutbisbesivilla\/wp-json\/wp\/v2\/comments?post=3677"}],"version-history":[{"count":4,"href":"https:\/\/agora.xtec.cat\/institutbisbesivilla\/wp-json\/wp\/v2\/pages\/3677\/revisions"}],"predecessor-version":[{"id":3903,"href":"https:\/\/agora.xtec.cat\/institutbisbesivilla\/wp-json\/wp\/v2\/pages\/3677\/revisions\/3903"}],"wp:attachment":[{"href":"https:\/\/agora.xtec.cat\/institutbisbesivilla\/wp-json\/wp\/v2\/media?parent=3677"}],"curies":[{"name":"wp","href":"https:\/\/api.w.org\/{rel}","templated":true}]}}