{"id":2986,"date":"2020-07-16T01:12:29","date_gmt":"2020-07-15T23:12:29","guid":{"rendered":"http:\/\/agora.xtec.cat\/institutbisbesivilla\/?page_id=2986"},"modified":"2025-09-01T19:55:16","modified_gmt":"2025-09-01T17:55:16","slug":"documents-de-centre","status":"publish","type":"page","link":"https:\/\/agora.xtec.cat\/institutbisbesivilla\/documents-2\/documents-de-centre\/","title":{"rendered":"Documents de centre"},"content":{"rendered":"<ul>\n<li><a href=\"https:\/\/drive.google.com\/file\/d\/16OFGNQzQG01kO3LGb2c6mOOWIIrTUONm\/view?usp=sharing\">Projecte Educatiu de Centre<\/a><\/li>\n<li><a href=\"https:\/\/agora.xtec.cat\/institutbisbesivilla\/wp-content\/uploads\/usu869\/2021\/09\/Normativa_annex_NOFC_21_22.pdf\" target=\"_blank\" rel=\"noopener\">Annex de les NOFC referent a la seguretat i higiene<\/a><\/li>\n<li><a href=\"https:\/\/drive.google.com\/file\/d\/1tJh27ndi2lEJONNddy7_Q6I-pXVblzuA\/view?usp=sharing\">Guia de disciplina<\/a><\/li>\n<li><a href=\"https:\/\/docs.google.com\/document\/d\/16SAunJDnx8_nZx6vERHXeqBYBNpWpLkE\/edit?usp=sharing&amp;ouid=117754764221986288645&amp;rtpof=true&amp;sd=true\">Normativa de m\u00f2bils<\/a><\/li>\n<li>Pla d\u2019emerg\u00e8ncia i d\u2019evacuaci\u00f3 de centre<\/li>\n<li><a href=\"https:\/\/agora.xtec.cat\/institutbisbesivilla\/wp-content\/uploads\/usu869\/2021\/09\/expressio_escrita_21_22.pdf\" target=\"_blank\" rel=\"noopener\">Expressi\u00f3 escrita<\/a><\/li>\n<li><a href=\"https:\/\/drive.google.com\/file\/d\/0B71Lz_9zG5MrTFd3NkdQUnJLWkk\/view?usp=sharing&amp;resourcekey=0-xJbYGtc6sUHK2siP4p8TCQ\">Projecte ling\u00fc\u00edstic (pendent de revisi\u00f3)<\/a><\/li>\n<li><a href=\"https:\/\/drive.google.com\/file\/d\/1dwfBlsb7HgjWyAHFAv-29zf-mNnnAeoo\/view?usp=share_link\">Projecte de conviv\u00e8ncia<\/a><\/li>\n<\/ul>\n","protected":false},"excerpt":{"rendered":"<ul>\n<li><a href=\"https:\/\/drive.google.com\/file\/d\/16OFGNQzQG01kO3LGb2c6mOOWIIrTUONm\/view?usp=sharing\">Projecte Educatiu de Centre<\/a><\/li>\n<li><a href=\"https:\/\/agora.xtec.cat\/institutbisbesivilla\/wp-content\/uploads\/usu869\/2021\/09\/Normativa_annex_NOFC_21_22.pdf\" target=\"_blank\" rel=\"noopener\">Annex de les NOFC referent a la seguretat i higiene<\/a><\/li>\n<li><a href=\"https:\/\/drive.google.com\/file\/d\/1tJh27ndi2lEJONNddy7_Q6I-pXVblzuA\/view?usp=sharing\">Guia de disciplina<\/a><\/li>\n<li><a href=\"https:\/\/docs.google.com\/document\/d\/16SAunJDnx8_nZx6vERHXeqBYBNpWpLkE\/edit?usp=sharing&amp;ouid=117754764221986288645&amp;rtpof=true&amp;sd=true\">Normativa de m\u00f2bils<\/a><\/li>\n<li>Pla d\u2019emerg\u00e8ncia i d\u2019evacuaci\u00f3 de centre<\/li>\n<li><a href=\"https:\/\/agora.xtec.cat\/institutbisbesivilla\/wp-content\/uploads\/usu869\/2021\/09\/expressio_escrita_21_22.pdf\" target=\"_blank\" rel=\"noopener\">Expressi\u00f3 escrita<\/a><\/li>\n<li><a href=\"https:\/\/drive.google.com\/file\/d\/0B71Lz_9zG5MrTFd3NkdQUnJLWkk\/view?usp=sharing&amp;resourcekey=0-xJbYGtc6sUHK2siP4p8TCQ\">Projecte ling\u00fc\u00edstic (pendent de revisi\u00f3)<\/a><\/li>\n<li><a href=\"https:\/\/drive.google.com\/file\/d\/1dwfBlsb7HgjWyAHFAv-29zf-mNnnAeoo\/view?usp=share_link\">Projecte de conviv\u00e8ncia<\/a><\/li>\n<\/ul>\n","protected":false},"author":93,"featured_media":0,"parent":2840,"menu_order":10,"comment_status":"closed","ping_status":"closed","template":"page-templates\/side-menu.php","meta":{"_bbp_topic_count":0,"_bbp_reply_count":0,"_bbp_total_topic_count":0,"_bbp_total_reply_count":0,"_bbp_voice_count":0,"_bbp_anonymous_reply_count":0,"_bbp_topic_count_hidden":0,"_bbp_reply_count_hidden":0,"_bbp_forum_subforum_count":0,"footnotes":""},"class_list":["post-2986","page","type-page","status-publish","hentry"],"post_mailing_queue_ids":[],"_links":{"self":[{"href":"https:\/\/agora.xtec.cat\/institutbisbesivilla\/wp-json\/wp\/v2\/pages\/2986","targetHints":{"allow":["GET"]}}],"collection":[{"href":"https:\/\/agora.xtec.cat\/institutbisbesivilla\/wp-json\/wp\/v2\/pages"}],"about":[{"href":"https:\/\/agora.xtec.cat\/institutbisbesivilla\/wp-json\/wp\/v2\/types\/page"}],"author":[{"embeddable":true,"href":"https:\/\/agora.xtec.cat\/institutbisbesivilla\/wp-json\/wp\/v2\/users\/93"}],"replies":[{"embeddable":true,"href":"https:\/\/agora.xtec.cat\/institutbisbesivilla\/wp-json\/wp\/v2\/comments?post=2986"}],"version-history":[{"count":7,"href":"https:\/\/agora.xtec.cat\/institutbisbesivilla\/wp-json\/wp\/v2\/pages\/2986\/revisions"}],"predecessor-version":[{"id":4284,"href":"https:\/\/agora.xtec.cat\/institutbisbesivilla\/wp-json\/wp\/v2\/pages\/2986\/revisions\/4284"}],"up":[{"embeddable":true,"href":"https:\/\/agora.xtec.cat\/institutbisbesivilla\/wp-json\/wp\/v2\/pages\/2840"}],"wp:attachment":[{"href":"https:\/\/agora.xtec.cat\/institutbisbesivilla\/wp-json\/wp\/v2\/media?parent=2986"}],"curies":[{"name":"wp","href":"https:\/\/api.w.org\/{rel}","templated":true}]}}