{"id":2840,"date":"2020-07-10T01:34:49","date_gmt":"2020-07-09T23:34:49","guid":{"rendered":"http:\/\/agora.xtec.cat\/institutbisbesivilla\/?page_id=2840"},"modified":"2020-07-22T13:15:51","modified_gmt":"2020-07-22T11:15:51","slug":"documents-2","status":"publish","type":"page","link":"https:\/\/agora.xtec.cat\/institutbisbesivilla\/documents-2\/","title":{"rendered":"Documents"},"content":{"rendered":"<p>En aquesta secci\u00f3 podeu trobar la seg\u00fcent documentaci\u00f3:<\/p>\n<ul>\n<li>Documents de centre<\/li>\n<li>Documents per al professorat<\/li>\n<li>Documents per a tutors\/es<\/li>\n<li>Documents per a l&#8217;alumnat d&#8217;ESO i batxillerat<\/li>\n<li>Documents per a l&#8217;alumnat de cicles formatius<\/li>\n<\/ul>\n","protected":false},"excerpt":{"rendered":"<p>En aquesta secci\u00f3 podeu trobar la seg\u00fcent documentaci\u00f3:<\/p>\n<ul>\n<li>Documents de centre<\/li>\n<li>Documents per al professorat<\/li>\n<li>Documents per a tutors\/es<\/li>\n<li>Documents per a l&#8217;alumnat d&#8217;ESO i batxillerat<\/li>\n<li>Documents per a l&#8217;alumnat de cicles formatius<\/li>\n<\/ul>\n","protected":false},"author":93,"featured_media":0,"parent":0,"menu_order":0,"comment_status":"closed","ping_status":"closed","template":"page-templates\/side-menu.php","meta":{"_bbp_topic_count":0,"_bbp_reply_count":0,"_bbp_total_topic_count":0,"_bbp_total_reply_count":0,"_bbp_voice_count":0,"_bbp_anonymous_reply_count":0,"_bbp_topic_count_hidden":0,"_bbp_reply_count_hidden":0,"_bbp_forum_subforum_count":0,"footnotes":""},"class_list":["post-2840","page","type-page","status-publish","hentry"],"post_mailing_queue_ids":[],"_links":{"self":[{"href":"https:\/\/agora.xtec.cat\/institutbisbesivilla\/wp-json\/wp\/v2\/pages\/2840","targetHints":{"allow":["GET"]}}],"collection":[{"href":"https:\/\/agora.xtec.cat\/institutbisbesivilla\/wp-json\/wp\/v2\/pages"}],"about":[{"href":"https:\/\/agora.xtec.cat\/institutbisbesivilla\/wp-json\/wp\/v2\/types\/page"}],"author":[{"embeddable":true,"href":"https:\/\/agora.xtec.cat\/institutbisbesivilla\/wp-json\/wp\/v2\/users\/93"}],"replies":[{"embeddable":true,"href":"https:\/\/agora.xtec.cat\/institutbisbesivilla\/wp-json\/wp\/v2\/comments?post=2840"}],"version-history":[{"count":3,"href":"https:\/\/agora.xtec.cat\/institutbisbesivilla\/wp-json\/wp\/v2\/pages\/2840\/revisions"}],"predecessor-version":[{"id":3057,"href":"https:\/\/agora.xtec.cat\/institutbisbesivilla\/wp-json\/wp\/v2\/pages\/2840\/revisions\/3057"}],"wp:attachment":[{"href":"https:\/\/agora.xtec.cat\/institutbisbesivilla\/wp-json\/wp\/v2\/media?parent=2840"}],"curies":[{"name":"wp","href":"https:\/\/api.w.org\/{rel}","templated":true}]}}