{"id":2765,"date":"2020-07-07T23:35:16","date_gmt":"2020-07-07T21:35:16","guid":{"rendered":"http:\/\/agora.xtec.cat\/institutbisbesivilla\/?page_id=2765"},"modified":"2020-07-14T03:23:59","modified_gmt":"2020-07-14T01:23:59","slug":"projectes-de-centre","status":"publish","type":"page","link":"https:\/\/agora.xtec.cat\/institutbisbesivilla\/projectes-de-centre\/","title":{"rendered":"Projectes de centre"},"content":{"rendered":"<h5><strong>Descripci\u00f3<\/strong><\/h5>\n<p>Projectes de centre.<\/p>\n<h5><strong>Som un centre que promou la innovaci\u00f3 pedag\u00f2gica<\/strong><\/h5>\n<p>El <strong>Departament d&#8217;Educaci\u00f3<\/strong> ha elaborat un <a href=\"https:\/\/innovacio.xtec.gencat.cat\/#\/\" target=\"_blank\" rel=\"noopener noreferrer\"><strong>mapa de la innovaci\u00f3 pedag\u00f2gica de Catalunya<\/strong><\/a> per tal de situar i visibilitzar totes les iniciatives vinculades a la innovaci\u00f3 i a la recerca educativa des de l&#8217;any 2015.<\/p>\n<p>El nostre centre, l&#8217;<strong>institut Bisbe Sivilla<\/strong>, hi \u00e9s present amb la participaci\u00f3 a diversos programes:<\/p>\n<ul>\n<li style=\"list-style-type: none;\">\n<ul>\n<li><a href=\"https:\/\/innovacio.xtec.gencat.cat\/programa\/62\" target=\"_blank\" rel=\"noopener noreferrer\"><strong>#aquiproubullying<\/strong><\/a>: programa per a la prevenci\u00f3 de les situacions d&#8217;assetjament escolar.<\/li>\n<li><a href=\"https:\/\/innovacio.xtec.gencat.cat\/programa\/9\" target=\"_blank\" rel=\"noopener noreferrer\"><strong>Campionat de Catalunya de l&#8217;FP i proves t\u00e8cniques de les Olimp\u00edades d&#8217;FP &#8211; SKILLS<\/strong><\/a>: programa que promou l\u2019excel\u00b7l\u00e8ncia en l\u2019exercici de les compet\u00e8ncies professionals.<\/li>\n<li><a href=\"https:\/\/innovacio.xtec.gencat.cat\/programa\/20\" target=\"_blank\" rel=\"noopener noreferrer\"><strong>Generaci\u00f3 pluriling\u00fce (GEP)<\/strong><\/a>: projecte ling\u00fc\u00edstic pluriling\u00fce.<\/li>\n<li><a href=\"https:\/\/innovacio.xtec.gencat.cat\/programa\/38\" target=\"_blank\" rel=\"noopener noreferrer\"><strong>Programa de formaci\u00f3 en alternan\u00e7a en els ensenyaments de formaci\u00f3 professional inicial<\/strong><\/a>: programa de formaci\u00f3 professional dual.<\/li>\n<li><a href=\"https:\/\/innovacio.xtec.gencat.cat\/programa\/53\" target=\"_blank\" rel=\"noopener noreferrer\"><strong>Xarxa de compet\u00e8ncies b\u00e0siques<\/strong><\/a>: programa que promou el desenvolupament docent i la transformaci\u00f3 dels centres per millorar els aprenentatges dels alumnes.<\/li>\n<\/ul>\n<\/li>\n<\/ul>\n<p>A m\u00e9s a m\u00e9s, el centre tamb\u00e9 participa en el <a href=\"http:\/\/programatei.com\/\" target=\"_blank\" rel=\"noopener noreferrer\"><strong>Programa TEI &#8211; tutoria entre iguals<\/strong><\/a>, el qual est\u00e0 incl\u00f2s dins de les <strong>Bones Pr\u00e0ctiques Educatives<\/strong> del Departament d&#8217;Educaci\u00f3.<\/p>\n<p>En resum, l&#8217;Institut Bisbe Sivilla aposta per la innovaci\u00f3 pedag\u00f2gica per a una <strong>educaci\u00f3 p\u00fablica de qualitat<\/strong>.<\/p>\n","protected":false},"excerpt":{"rendered":"<p>Descripci\u00f3<br \/>\nProjectes de centre.<br \/>\nSom un centre que promou la innovaci\u00f3 pedag\u00f2gica<br \/>\nEl Departament d&#8217;Educaci\u00f3 ha elaborat un <a href=\"https:\/\/innovacio.xtec.gencat.cat\/#\/\" target=\"_blank\" rel=\"noopener noreferrer\">mapa de la innovaci\u00f3 pedag\u00f2gica de Catalunya<\/a> per tal de situar i visibilitzar totes les iniciatives vinculades a la innovaci\u00f3 i a la recerca educativa des&hellip;  <a href=\"https:\/\/agora.xtec.cat\/institutbisbesivilla\/projectes-de-centre\/\" title=\"Read Projectes de centre\">Llegeix m\u00e9s\u00bb<\/a><\/p>\n","protected":false},"author":93,"featured_media":0,"parent":0,"menu_order":0,"comment_status":"closed","ping_status":"closed","template":"","meta":{"_bbp_topic_count":0,"_bbp_reply_count":0,"_bbp_total_topic_count":0,"_bbp_total_reply_count":0,"_bbp_voice_count":0,"_bbp_anonymous_reply_count":0,"_bbp_topic_count_hidden":0,"_bbp_reply_count_hidden":0,"_bbp_forum_subforum_count":0,"footnotes":""},"class_list":["post-2765","page","type-page","status-publish","hentry"],"post_mailing_queue_ids":[],"_links":{"self":[{"href":"https:\/\/agora.xtec.cat\/institutbisbesivilla\/wp-json\/wp\/v2\/pages\/2765","targetHints":{"allow":["GET"]}}],"collection":[{"href":"https:\/\/agora.xtec.cat\/institutbisbesivilla\/wp-json\/wp\/v2\/pages"}],"about":[{"href":"https:\/\/agora.xtec.cat\/institutbisbesivilla\/wp-json\/wp\/v2\/types\/page"}],"author":[{"embeddable":true,"href":"https:\/\/agora.xtec.cat\/institutbisbesivilla\/wp-json\/wp\/v2\/users\/93"}],"replies":[{"embeddable":true,"href":"https:\/\/agora.xtec.cat\/institutbisbesivilla\/wp-json\/wp\/v2\/comments?post=2765"}],"version-history":[{"count":3,"href":"https:\/\/agora.xtec.cat\/institutbisbesivilla\/wp-json\/wp\/v2\/pages\/2765\/revisions"}],"predecessor-version":[{"id":2980,"href":"https:\/\/agora.xtec.cat\/institutbisbesivilla\/wp-json\/wp\/v2\/pages\/2765\/revisions\/2980"}],"wp:attachment":[{"href":"https:\/\/agora.xtec.cat\/institutbisbesivilla\/wp-json\/wp\/v2\/media?parent=2765"}],"curies":[{"name":"wp","href":"https:\/\/api.w.org\/{rel}","templated":true}]}}